{"id":9896,"date":"2022-05-25T10:57:40","date_gmt":"2022-05-25T08:57:40","guid":{"rendered":"https:\/\/latatoueuse.paris\/?post_type=product&#038;p=9896"},"modified":"2026-03-10T23:58:54","modified_gmt":"2026-03-10T22:58:54","slug":"creole-double-trefle","status":"publish","type":"product","link":"https:\/\/latatoueuse.paris\/index.php\/produit\/creole-double-trefle\/","title":{"rendered":"CREOLE DOUBLE ACCROCHE TREFLE"},"content":{"rendered":"<p>CREOLES DOUBLES AVEC TREFLE EMAILLE<\/p>\n<p>Le Bijoux Tattoo!<\/p>\n<p><a href=\"https:\/\/www.tattoome.com\/blog\/styles-et-tendances\/tendances\/tatouage-trefle\/\">La signification du tr\u00e8fle<\/a> : Le tr\u00e8fle \u00e0 quatre feuilles est le symbole universel de la chance. C\u2019est sa raret\u00e9 qui lui attribue son r\u00f4le de porte bonheur. Effectivement, savez-vous qu\u2019il existe un tr\u00e8fle \u00e0 quatre feuilles pour dix-mille tr\u00e8fles \u00e0 trois feuilles ? En effet, d&#8217;apr\u00e8s la l\u00e9gende, chacune de ses feuilles apporterait r\u00e9ussite dans un domaine particulier : richesse, renomm\u00e9e, amour et sant\u00e9.<\/p>\n<p>La Chanceuse est une femme pleine de vie qui aime se sentir rassur\u00e9e avec ses grigris porte-bonheur. C&#8217;est ainsi qu&#8217;\u00e0 la recherche de nouvelles aventures, elle doit sa chance \u00e0 sa fa\u00e7on d\u2019aborder la vie, positive et joyeuse.<\/p>\n<p>La Tatoueuse Bijoux propose une large gamme de bijoux personnalisables et raffin\u00e9s, inspir\u00e9e de l\u2019iconographie du tatouage Old School. R\u00e9alis\u00e9s en acier chirurgical pour une tenue irr\u00e9prochable, les bijoux sont tremp\u00e9s dans un bain d\u2019or fin ou d\u2019argent. Ils sont waterproof, water-r\u00e9sistants et vous dureront toute votre vie !<\/p>\n<p>C&#8217;est pourquoi, la marque s\u2019adresse \u00e0 toutes les ind\u00e9cises du tatouage qui repoussent inlassablement le jour o\u00f9 elles mettront les pieds dans un salon de tatouage. Mais aussi \u00e0 celles, d\u00e9j\u00e0 tatou\u00e9es, qui souhaitent agr\u00e9menter leurs tatouages par une symbolique suppl\u00e9mentaire. Et enfin, celles, plus novices en la mati\u00e8re, qui se d\u00e9couvriront un nouvel int\u00e9r\u00eat pour la signification des symboles figuratifs du tatouage.<\/p>\n<p>Si vous aimez la bague tr\u00e8fle dor\u00e9e, d\u00e9couvrez l&#8217;ensemble des bijoux tr\u00e8fle et oeil dans la collection<a href=\"https:\/\/latatoueuse.paris\/index.php\/la-reveuse-or\/\"> La Chanceus<\/a>e<\/p>\n","protected":false},"excerpt":{"rendered":"<p>Mini cr\u00e9oles avec pendentif tr\u00e8fle, reli\u00e9es par une cha\u00eene argent\u00e9e ou dor\u00e9. Boucle d\u2019oreille vendue \u00e0 l\u2019unit\u00e9.<\/p>\n<ul>\n<li>Diam\u00e8tre 1 cm<\/li>\n<li>Charm 0,9 cm<\/li>\n<li>cha\u00eene 5cm<\/li>\n<li>Composition acier chirurgical<\/li>\n<\/ul>\n","protected":false},"featured_media":13823,"template":"","meta":{"inline_featured_image":false},"product_cat":[77,32,39,142,92],"product_tag":[],"yoast_head":"<!-- This site is optimized with the Yoast SEO plugin v19.8 - https:\/\/yoast.com\/wordpress\/plugins\/seo\/ -->\n<title>CREOLE DOUBLE ACCROCHE TREFLE - LA TATOUEUSE<\/title>\n<meta name=\"robots\" content=\"index, follow, max-snippet:-1, max-image-preview:large, max-video-preview:-1\" \/>\n<link rel=\"canonical\" href=\"https:\/\/latatoueuse.paris\/index.php\/produit\/creole-double-trefle\/\" \/>\n<meta property=\"og:locale\" content=\"fr_FR\" \/>\n<meta property=\"og:type\" content=\"article\" \/>\n<meta property=\"og:title\" content=\"CREOLE DOUBLE ACCROCHE TREFLE - LA TATOUEUSE\" \/>\n<meta property=\"og:description\" content=\"Mini cr\u00e9oles avec pendentif tr\u00e8fle, reli\u00e9es par une cha\u00eene argent\u00e9e ou dor\u00e9. Boucle d\u2019oreille vendue \u00e0 l\u2019unit\u00e9.   Diam\u00e8tre 1 cm  Charm 0,9 cm  cha\u00eene 5cm  Composition acier chirurgical\" \/>\n<meta property=\"og:url\" content=\"https:\/\/latatoueuse.paris\/index.php\/produit\/creole-double-trefle\/\" \/>\n<meta property=\"og:site_name\" content=\"LA TATOUEUSE\" \/>\n<meta property=\"article:publisher\" content=\"https:\/\/www.facebook.com\/LaTatoueuseBijoux\" \/>\n<meta property=\"article:modified_time\" content=\"2026-03-10T22:58:54+00:00\" \/>\n<meta property=\"og:image\" content=\"https:\/\/latatoueuse.paris\/wp-content\/uploads\/2022\/05\/IMG_2507.jpeg\" \/>\n\t<meta property=\"og:image:width\" content=\"1154\" \/>\n\t<meta property=\"og:image:height\" content=\"1669\" \/>\n\t<meta property=\"og:image:type\" content=\"image\/jpeg\" \/>\n<meta name=\"twitter:card\" content=\"summary_large_image\" \/>\n<meta name=\"twitter:label1\" content=\"Dur\u00e9e de lecture estim\u00e9e\" \/>\n\t<meta name=\"twitter:data1\" content=\"2 minutes\" \/>\n<script type=\"application\/ld+json\" class=\"yoast-schema-graph\">{\"@context\":\"https:\/\/schema.org\",\"@graph\":[{\"@type\":\"WebPage\",\"@id\":\"https:\/\/latatoueuse.paris\/index.php\/produit\/creole-double-trefle\/\",\"url\":\"https:\/\/latatoueuse.paris\/index.php\/produit\/creole-double-trefle\/\",\"name\":\"CREOLE DOUBLE ACCROCHE TREFLE - LA TATOUEUSE\",\"isPartOf\":{\"@id\":\"https:\/\/latatoueuse.paris\/#website\"},\"datePublished\":\"2022-05-25T08:57:40+00:00\",\"dateModified\":\"2026-03-10T22:58:54+00:00\",\"breadcrumb\":{\"@id\":\"https:\/\/latatoueuse.paris\/index.php\/produit\/creole-double-trefle\/#breadcrumb\"},\"inLanguage\":\"fr-FR\",\"potentialAction\":[{\"@type\":\"ReadAction\",\"target\":[\"https:\/\/latatoueuse.paris\/index.php\/produit\/creole-double-trefle\/\"]}]},{\"@type\":\"BreadcrumbList\",\"@id\":\"https:\/\/latatoueuse.paris\/index.php\/produit\/creole-double-trefle\/#breadcrumb\",\"itemListElement\":[{\"@type\":\"ListItem\",\"position\":1,\"name\":\"Accueil\",\"item\":\"https:\/\/latatoueuse.paris\/\"},{\"@type\":\"ListItem\",\"position\":2,\"name\":\"Nos Bijoux\",\"item\":\"https:\/\/latatoueuse.paris\/index.php\/nos-bijoux\/\"},{\"@type\":\"ListItem\",\"position\":3,\"name\":\"CREOLE DOUBLE ACCROCHE TREFLE\"}]},{\"@type\":\"WebSite\",\"@id\":\"https:\/\/latatoueuse.paris\/#website\",\"url\":\"https:\/\/latatoueuse.paris\/\",\"name\":\"LA TATOUEUSE.PARIS\",\"description\":\"BIJOUX ACIER INOXYDABLE\",\"publisher\":{\"@id\":\"https:\/\/latatoueuse.paris\/#organization\"},\"potentialAction\":[{\"@type\":\"SearchAction\",\"target\":{\"@type\":\"EntryPoint\",\"urlTemplate\":\"https:\/\/latatoueuse.paris\/?s={search_term_string}\"},\"query-input\":\"required name=search_term_string\"}],\"inLanguage\":\"fr-FR\"},{\"@type\":\"Organization\",\"@id\":\"https:\/\/latatoueuse.paris\/#organization\",\"name\":\"LA TATOUEUSE BIJOUX\",\"url\":\"https:\/\/latatoueuse.paris\/\",\"sameAs\":[\"https:\/\/www.instagram.com\/latatoueusebijoux\/\",\"https:\/\/www.facebook.com\/LaTatoueuseBijoux\"],\"logo\":{\"@type\":\"ImageObject\",\"inLanguage\":\"fr-FR\",\"@id\":\"https:\/\/latatoueuse.paris\/#\/schema\/logo\/image\/\",\"url\":\"https:\/\/latatoueuse.paris\/wp-content\/uploads\/2021\/06\/coeur-rouge-_by-CA_-noir.png\",\"contentUrl\":\"https:\/\/latatoueuse.paris\/wp-content\/uploads\/2021\/06\/coeur-rouge-_by-CA_-noir.png\",\"width\":1417,\"height\":1417,\"caption\":\"LA TATOUEUSE BIJOUX\"},\"image\":{\"@id\":\"https:\/\/latatoueuse.paris\/#\/schema\/logo\/image\/\"}}]}<\/script>\n<!-- \/ Yoast SEO plugin. -->","yoast_head_json":{"title":"CREOLE DOUBLE ACCROCHE TREFLE - LA TATOUEUSE","robots":{"index":"index","follow":"follow","max-snippet":"max-snippet:-1","max-image-preview":"max-image-preview:large","max-video-preview":"max-video-preview:-1"},"canonical":"https:\/\/latatoueuse.paris\/index.php\/produit\/creole-double-trefle\/","og_locale":"fr_FR","og_type":"article","og_title":"CREOLE DOUBLE ACCROCHE TREFLE - LA TATOUEUSE","og_description":"Mini cr\u00e9oles avec pendentif tr\u00e8fle, reli\u00e9es par une cha\u00eene argent\u00e9e ou dor\u00e9. Boucle d\u2019oreille vendue \u00e0 l\u2019unit\u00e9.   Diam\u00e8tre 1 cm  Charm 0,9 cm  cha\u00eene 5cm  Composition acier chirurgical","og_url":"https:\/\/latatoueuse.paris\/index.php\/produit\/creole-double-trefle\/","og_site_name":"LA TATOUEUSE","article_publisher":"https:\/\/www.facebook.com\/LaTatoueuseBijoux","article_modified_time":"2026-03-10T22:58:54+00:00","og_image":[{"width":1154,"height":1669,"url":"https:\/\/latatoueuse.paris\/wp-content\/uploads\/2022\/05\/IMG_2507.jpeg","type":"image\/jpeg"}],"twitter_card":"summary_large_image","twitter_misc":{"Dur\u00e9e de lecture estim\u00e9e":"2 minutes"},"schema":{"@context":"https:\/\/schema.org","@graph":[{"@type":"WebPage","@id":"https:\/\/latatoueuse.paris\/index.php\/produit\/creole-double-trefle\/","url":"https:\/\/latatoueuse.paris\/index.php\/produit\/creole-double-trefle\/","name":"CREOLE DOUBLE ACCROCHE TREFLE - LA TATOUEUSE","isPartOf":{"@id":"https:\/\/latatoueuse.paris\/#website"},"datePublished":"2022-05-25T08:57:40+00:00","dateModified":"2026-03-10T22:58:54+00:00","breadcrumb":{"@id":"https:\/\/latatoueuse.paris\/index.php\/produit\/creole-double-trefle\/#breadcrumb"},"inLanguage":"fr-FR","potentialAction":[{"@type":"ReadAction","target":["https:\/\/latatoueuse.paris\/index.php\/produit\/creole-double-trefle\/"]}]},{"@type":"BreadcrumbList","@id":"https:\/\/latatoueuse.paris\/index.php\/produit\/creole-double-trefle\/#breadcrumb","itemListElement":[{"@type":"ListItem","position":1,"name":"Accueil","item":"https:\/\/latatoueuse.paris\/"},{"@type":"ListItem","position":2,"name":"Nos Bijoux","item":"https:\/\/latatoueuse.paris\/index.php\/nos-bijoux\/"},{"@type":"ListItem","position":3,"name":"CREOLE DOUBLE ACCROCHE TREFLE"}]},{"@type":"WebSite","@id":"https:\/\/latatoueuse.paris\/#website","url":"https:\/\/latatoueuse.paris\/","name":"LA TATOUEUSE.PARIS","description":"BIJOUX ACIER INOXYDABLE","publisher":{"@id":"https:\/\/latatoueuse.paris\/#organization"},"potentialAction":[{"@type":"SearchAction","target":{"@type":"EntryPoint","urlTemplate":"https:\/\/latatoueuse.paris\/?s={search_term_string}"},"query-input":"required name=search_term_string"}],"inLanguage":"fr-FR"},{"@type":"Organization","@id":"https:\/\/latatoueuse.paris\/#organization","name":"LA TATOUEUSE BIJOUX","url":"https:\/\/latatoueuse.paris\/","sameAs":["https:\/\/www.instagram.com\/latatoueusebijoux\/","https:\/\/www.facebook.com\/LaTatoueuseBijoux"],"logo":{"@type":"ImageObject","inLanguage":"fr-FR","@id":"https:\/\/latatoueuse.paris\/#\/schema\/logo\/image\/","url":"https:\/\/latatoueuse.paris\/wp-content\/uploads\/2021\/06\/coeur-rouge-_by-CA_-noir.png","contentUrl":"https:\/\/latatoueuse.paris\/wp-content\/uploads\/2021\/06\/coeur-rouge-_by-CA_-noir.png","width":1417,"height":1417,"caption":"LA TATOUEUSE BIJOUX"},"image":{"@id":"https:\/\/latatoueuse.paris\/#\/schema\/logo\/image\/"}}]}},"_links":{"self":[{"href":"https:\/\/latatoueuse.paris\/index.php\/wp-json\/wp\/v2\/product\/9896"}],"collection":[{"href":"https:\/\/latatoueuse.paris\/index.php\/wp-json\/wp\/v2\/product"}],"about":[{"href":"https:\/\/latatoueuse.paris\/index.php\/wp-json\/wp\/v2\/types\/product"}],"wp:featuredmedia":[{"embeddable":true,"href":"https:\/\/latatoueuse.paris\/index.php\/wp-json\/wp\/v2\/media\/13823"}],"wp:attachment":[{"href":"https:\/\/latatoueuse.paris\/index.php\/wp-json\/wp\/v2\/media?parent=9896"}],"wp:term":[{"taxonomy":"product_cat","embeddable":true,"href":"https:\/\/latatoueuse.paris\/index.php\/wp-json\/wp\/v2\/product_cat?post=9896"},{"taxonomy":"product_tag","embeddable":true,"href":"https:\/\/latatoueuse.paris\/index.php\/wp-json\/wp\/v2\/product_tag?post=9896"}],"curies":[{"name":"wp","href":"https:\/\/api.w.org\/{rel}","templated":true}]}}