{"id":8708,"date":"2021-10-05T10:51:57","date_gmt":"2021-10-05T08:51:57","guid":{"rendered":"https:\/\/latatoueuse.paris\/?post_type=product&#038;p=8708"},"modified":"2026-03-04T00:00:30","modified_gmt":"2026-03-03T23:00:30","slug":"chevaliere-unisexe-tigre","status":"publish","type":"product","link":"https:\/\/latatoueuse.paris\/index.php\/produit\/chevaliere-unisexe-tigre\/","title":{"rendered":"CHEVALIERE TIGRE UNISEXE"},"content":{"rendered":"<p>Chevali\u00e8re unisexe tigre.<\/p>\n<p><a href=\"https:\/\/www.tattoome.com\/blog\/styles-et-tendances\/tatouage-tigre-pour-rugir-de-plaisir\/\">La signification du tigre :<\/a> Le Tigre est le symbole de la combativit\u00e9, de la pers\u00e9v\u00e9rance, de l\u2019action et finalement du charisme.\u00a0L\u2019Energie Positive du Tigre r\u00e9side en sa force naturelle, instinctive et extr\u00eamement puissante. Le Tigre ne recule devant aucun obstacle, il ne se laisse jamais abattre. Il va de l\u2019avant, c\u2019est un aventurier n\u00e9, curieux m\u00eame. Il adore l\u2019action, les d\u00e9fis. Dot\u00e9 d\u2019un physique puissant, il conna\u00eet sa force. Quiconque le croise le respecte ou change de direction. Cela en fait un animal embl\u00e9matique et presque fascinant.<\/p>\n<p>La Tatoueuse Bijoux propose une large gamme de bijoux personnalisables et raffin\u00e9s, inspir\u00e9e de l\u2019iconographie du tatouage Old School. Nos bijoux sont r\u00e9alis\u00e9s en acier chirurgical pour une tenue irr\u00e9prochable, puis tremp\u00e9s dans un bain d\u2019or fin ou d\u2019argent. Ils sont waterproof, water-r\u00e9sistants et\u00a0 vous accompagneront longtemps !<\/p>\n<p>C\u2019est pourquoi, la marque s\u2019adresse \u00e0 toutes les ind\u00e9cises du tatouage qui repoussent inlassablement le jour o\u00f9 elles mettront les pieds dans un salon de tatouage. Mais aussi \u00e0 celles, d\u00e9j\u00e0 tatou\u00e9es, qui souhaitent agr\u00e9menter leurs tatouages par une symbolique suppl\u00e9mentaire. Et enfin, celles, plus novices en la mati\u00e8re, qui se d\u00e9couvriront un nouvel int\u00e9r\u00eat pour la signification des symboles figuratifs du tatouage.<\/p>\n<p>Si vous aimez notre chevali\u00e8re unisexe tigre, d\u00e9couvrez nos bijoux dans la collection <a href=\"https:\/\/latatoueuse.paris\/index.php\/collection-l-audacieuse\/\">L&#8217;Audacieuse<\/a>.<\/p>\n","protected":false},"excerpt":{"rendered":"<p>Chevali\u00e8re unisexe Tigre en acier \u00e9maill\u00e9 dor\u00e9 ou argent\u00e9.<\/p>\n<ul>\n<li>Plusieurs tailles disponibles<\/li>\n<li>M=59<\/li>\n<li>L=61<\/li>\n<li>XL=64<\/li>\n<li>Composition acier chirurgical<\/li>\n<\/ul>\n","protected":false},"featured_media":8724,"template":"","meta":{"inline_featured_image":false},"product_cat":[30,78,37,146],"product_tag":[116],"yoast_head":"<!-- This site is optimized with the Yoast SEO plugin v19.8 - https:\/\/yoast.com\/wordpress\/plugins\/seo\/ -->\n<title>Chevali\u00e8re unisexe tigre en acier inoxydable 4 tailles disponibles<\/title>\n<meta name=\"description\" content=\"Chevali\u00e8re unisexe tigre. Le Tigre est le symbole de la combativit\u00e9, de la pers\u00e9v\u00e9rance, de l\u2019action et finalement du charisme.\u00a0\" \/>\n<meta name=\"robots\" content=\"index, follow, max-snippet:-1, max-image-preview:large, max-video-preview:-1\" \/>\n<link rel=\"canonical\" href=\"https:\/\/latatoueuse.paris\/index.php\/produit\/chevaliere-unisexe-tigre\/\" \/>\n<meta property=\"og:locale\" content=\"fr_FR\" \/>\n<meta property=\"og:type\" content=\"article\" \/>\n<meta property=\"og:title\" content=\"Chevali\u00e8re unisexe tigre en acier inoxydable 4 tailles disponibles\" \/>\n<meta property=\"og:description\" content=\"Chevali\u00e8re unisexe tigre. Le Tigre est le symbole de la combativit\u00e9, de la pers\u00e9v\u00e9rance, de l\u2019action et finalement du charisme.\u00a0\" \/>\n<meta property=\"og:url\" content=\"https:\/\/latatoueuse.paris\/index.php\/produit\/chevaliere-unisexe-tigre\/\" \/>\n<meta property=\"og:site_name\" content=\"LA TATOUEUSE\" \/>\n<meta property=\"article:publisher\" content=\"https:\/\/www.facebook.com\/LaTatoueuseBijoux\" \/>\n<meta property=\"article:modified_time\" content=\"2026-03-03T23:00:30+00:00\" \/>\n<meta property=\"og:image\" content=\"https:\/\/latatoueuse.paris\/wp-content\/uploads\/2021\/09\/site-web-chevaliere.jpg\" \/>\n\t<meta property=\"og:image:width\" content=\"1250\" \/>\n\t<meta property=\"og:image:height\" content=\"1668\" \/>\n\t<meta property=\"og:image:type\" content=\"image\/jpeg\" \/>\n<meta name=\"twitter:card\" content=\"summary_large_image\" \/>\n<meta name=\"twitter:label1\" content=\"Dur\u00e9e de lecture estim\u00e9e\" \/>\n\t<meta name=\"twitter:data1\" content=\"2 minutes\" \/>\n<script type=\"application\/ld+json\" class=\"yoast-schema-graph\">{\"@context\":\"https:\/\/schema.org\",\"@graph\":[{\"@type\":\"WebPage\",\"@id\":\"https:\/\/latatoueuse.paris\/index.php\/produit\/chevaliere-unisexe-tigre\/\",\"url\":\"https:\/\/latatoueuse.paris\/index.php\/produit\/chevaliere-unisexe-tigre\/\",\"name\":\"Chevali\u00e8re unisexe tigre en acier inoxydable 4 tailles disponibles\",\"isPartOf\":{\"@id\":\"https:\/\/latatoueuse.paris\/#website\"},\"datePublished\":\"2021-10-05T08:51:57+00:00\",\"dateModified\":\"2026-03-03T23:00:30+00:00\",\"description\":\"Chevali\u00e8re unisexe tigre. Le Tigre est le symbole de la combativit\u00e9, de la pers\u00e9v\u00e9rance, de l\u2019action et finalement du charisme.\u00a0\",\"breadcrumb\":{\"@id\":\"https:\/\/latatoueuse.paris\/index.php\/produit\/chevaliere-unisexe-tigre\/#breadcrumb\"},\"inLanguage\":\"fr-FR\",\"potentialAction\":[{\"@type\":\"ReadAction\",\"target\":[\"https:\/\/latatoueuse.paris\/index.php\/produit\/chevaliere-unisexe-tigre\/\"]}]},{\"@type\":\"BreadcrumbList\",\"@id\":\"https:\/\/latatoueuse.paris\/index.php\/produit\/chevaliere-unisexe-tigre\/#breadcrumb\",\"itemListElement\":[{\"@type\":\"ListItem\",\"position\":1,\"name\":\"Accueil\",\"item\":\"https:\/\/latatoueuse.paris\/\"},{\"@type\":\"ListItem\",\"position\":2,\"name\":\"Nos Bijoux\",\"item\":\"https:\/\/latatoueuse.paris\/index.php\/nos-bijoux\/\"},{\"@type\":\"ListItem\",\"position\":3,\"name\":\"CHEVALIERE TIGRE UNISEXE\"}]},{\"@type\":\"WebSite\",\"@id\":\"https:\/\/latatoueuse.paris\/#website\",\"url\":\"https:\/\/latatoueuse.paris\/\",\"name\":\"LA TATOUEUSE.PARIS\",\"description\":\"BIJOUX ACIER INOXYDABLE\",\"publisher\":{\"@id\":\"https:\/\/latatoueuse.paris\/#organization\"},\"potentialAction\":[{\"@type\":\"SearchAction\",\"target\":{\"@type\":\"EntryPoint\",\"urlTemplate\":\"https:\/\/latatoueuse.paris\/?s={search_term_string}\"},\"query-input\":\"required name=search_term_string\"}],\"inLanguage\":\"fr-FR\"},{\"@type\":\"Organization\",\"@id\":\"https:\/\/latatoueuse.paris\/#organization\",\"name\":\"LA TATOUEUSE BIJOUX\",\"url\":\"https:\/\/latatoueuse.paris\/\",\"sameAs\":[\"https:\/\/www.instagram.com\/latatoueusebijoux\/\",\"https:\/\/www.facebook.com\/LaTatoueuseBijoux\"],\"logo\":{\"@type\":\"ImageObject\",\"inLanguage\":\"fr-FR\",\"@id\":\"https:\/\/latatoueuse.paris\/#\/schema\/logo\/image\/\",\"url\":\"https:\/\/latatoueuse.paris\/wp-content\/uploads\/2021\/06\/coeur-rouge-_by-CA_-noir.png\",\"contentUrl\":\"https:\/\/latatoueuse.paris\/wp-content\/uploads\/2021\/06\/coeur-rouge-_by-CA_-noir.png\",\"width\":1417,\"height\":1417,\"caption\":\"LA TATOUEUSE BIJOUX\"},\"image\":{\"@id\":\"https:\/\/latatoueuse.paris\/#\/schema\/logo\/image\/\"}}]}<\/script>\n<!-- \/ Yoast SEO plugin. -->","yoast_head_json":{"title":"Chevali\u00e8re unisexe tigre en acier inoxydable 4 tailles disponibles","description":"Chevali\u00e8re unisexe tigre. Le Tigre est le symbole de la combativit\u00e9, de la pers\u00e9v\u00e9rance, de l\u2019action et finalement du charisme.\u00a0","robots":{"index":"index","follow":"follow","max-snippet":"max-snippet:-1","max-image-preview":"max-image-preview:large","max-video-preview":"max-video-preview:-1"},"canonical":"https:\/\/latatoueuse.paris\/index.php\/produit\/chevaliere-unisexe-tigre\/","og_locale":"fr_FR","og_type":"article","og_title":"Chevali\u00e8re unisexe tigre en acier inoxydable 4 tailles disponibles","og_description":"Chevali\u00e8re unisexe tigre. Le Tigre est le symbole de la combativit\u00e9, de la pers\u00e9v\u00e9rance, de l\u2019action et finalement du charisme.\u00a0","og_url":"https:\/\/latatoueuse.paris\/index.php\/produit\/chevaliere-unisexe-tigre\/","og_site_name":"LA TATOUEUSE","article_publisher":"https:\/\/www.facebook.com\/LaTatoueuseBijoux","article_modified_time":"2026-03-03T23:00:30+00:00","og_image":[{"width":1250,"height":1668,"url":"https:\/\/latatoueuse.paris\/wp-content\/uploads\/2021\/09\/site-web-chevaliere.jpg","type":"image\/jpeg"}],"twitter_card":"summary_large_image","twitter_misc":{"Dur\u00e9e de lecture estim\u00e9e":"2 minutes"},"schema":{"@context":"https:\/\/schema.org","@graph":[{"@type":"WebPage","@id":"https:\/\/latatoueuse.paris\/index.php\/produit\/chevaliere-unisexe-tigre\/","url":"https:\/\/latatoueuse.paris\/index.php\/produit\/chevaliere-unisexe-tigre\/","name":"Chevali\u00e8re unisexe tigre en acier inoxydable 4 tailles disponibles","isPartOf":{"@id":"https:\/\/latatoueuse.paris\/#website"},"datePublished":"2021-10-05T08:51:57+00:00","dateModified":"2026-03-03T23:00:30+00:00","description":"Chevali\u00e8re unisexe tigre. Le Tigre est le symbole de la combativit\u00e9, de la pers\u00e9v\u00e9rance, de l\u2019action et finalement du charisme.\u00a0","breadcrumb":{"@id":"https:\/\/latatoueuse.paris\/index.php\/produit\/chevaliere-unisexe-tigre\/#breadcrumb"},"inLanguage":"fr-FR","potentialAction":[{"@type":"ReadAction","target":["https:\/\/latatoueuse.paris\/index.php\/produit\/chevaliere-unisexe-tigre\/"]}]},{"@type":"BreadcrumbList","@id":"https:\/\/latatoueuse.paris\/index.php\/produit\/chevaliere-unisexe-tigre\/#breadcrumb","itemListElement":[{"@type":"ListItem","position":1,"name":"Accueil","item":"https:\/\/latatoueuse.paris\/"},{"@type":"ListItem","position":2,"name":"Nos Bijoux","item":"https:\/\/latatoueuse.paris\/index.php\/nos-bijoux\/"},{"@type":"ListItem","position":3,"name":"CHEVALIERE TIGRE UNISEXE"}]},{"@type":"WebSite","@id":"https:\/\/latatoueuse.paris\/#website","url":"https:\/\/latatoueuse.paris\/","name":"LA TATOUEUSE.PARIS","description":"BIJOUX ACIER INOXYDABLE","publisher":{"@id":"https:\/\/latatoueuse.paris\/#organization"},"potentialAction":[{"@type":"SearchAction","target":{"@type":"EntryPoint","urlTemplate":"https:\/\/latatoueuse.paris\/?s={search_term_string}"},"query-input":"required name=search_term_string"}],"inLanguage":"fr-FR"},{"@type":"Organization","@id":"https:\/\/latatoueuse.paris\/#organization","name":"LA TATOUEUSE BIJOUX","url":"https:\/\/latatoueuse.paris\/","sameAs":["https:\/\/www.instagram.com\/latatoueusebijoux\/","https:\/\/www.facebook.com\/LaTatoueuseBijoux"],"logo":{"@type":"ImageObject","inLanguage":"fr-FR","@id":"https:\/\/latatoueuse.paris\/#\/schema\/logo\/image\/","url":"https:\/\/latatoueuse.paris\/wp-content\/uploads\/2021\/06\/coeur-rouge-_by-CA_-noir.png","contentUrl":"https:\/\/latatoueuse.paris\/wp-content\/uploads\/2021\/06\/coeur-rouge-_by-CA_-noir.png","width":1417,"height":1417,"caption":"LA TATOUEUSE BIJOUX"},"image":{"@id":"https:\/\/latatoueuse.paris\/#\/schema\/logo\/image\/"}}]}},"_links":{"self":[{"href":"https:\/\/latatoueuse.paris\/index.php\/wp-json\/wp\/v2\/product\/8708"}],"collection":[{"href":"https:\/\/latatoueuse.paris\/index.php\/wp-json\/wp\/v2\/product"}],"about":[{"href":"https:\/\/latatoueuse.paris\/index.php\/wp-json\/wp\/v2\/types\/product"}],"wp:featuredmedia":[{"embeddable":true,"href":"https:\/\/latatoueuse.paris\/index.php\/wp-json\/wp\/v2\/media\/8724"}],"wp:attachment":[{"href":"https:\/\/latatoueuse.paris\/index.php\/wp-json\/wp\/v2\/media?parent=8708"}],"wp:term":[{"taxonomy":"product_cat","embeddable":true,"href":"https:\/\/latatoueuse.paris\/index.php\/wp-json\/wp\/v2\/product_cat?post=8708"},{"taxonomy":"product_tag","embeddable":true,"href":"https:\/\/latatoueuse.paris\/index.php\/wp-json\/wp\/v2\/product_tag?post=8708"}],"curies":[{"name":"wp","href":"https:\/\/api.w.org\/{rel}","templated":true}]}}