{"id":7737,"date":"2020-06-26T13:04:12","date_gmt":"2020-06-26T11:04:12","guid":{"rendered":"https:\/\/latatoueuse.paris\/index.php\/produit\/boucles-doreilles-longues-calavera-doree\/"},"modified":"2024-06-28T17:01:56","modified_gmt":"2024-06-28T15:01:56","slug":"boucles-doreilles-longues-calavera-doree","status":"publish","type":"product","link":"https:\/\/latatoueuse.paris\/index.php\/produit\/boucles-doreilles-longues-calavera-doree\/","title":{"rendered":"BOUCLES D&#8217;OREILLES LONGUES CALAVERA"},"content":{"rendered":"<p>Boucles d&#8217;oreilles longues calavera en acier \u00e9maill\u00e9.<\/p>\n<p>Le symbole de la t\u00eate de mort,ou Calavera : La Calavera est la figure embl\u00e9matique de la f\u00eate des morts au Mexique. Ces joyeuses f\u00eates familiales sont organis\u00e9es pour c\u00e9l\u00e9brer la vie. La Calavera est ainsi le symbole d\u2019une aube nouvelle et de bonheur.<\/p>\n<p><span style=\"font-weight: 400;\">La Majestueuse est une collection pour une femme puissante et bienveillante, guidant son entourage vers une aube nouvelle et positive. La Majestueuse est toujours l\u00e0 pour aider ses amis. Elle propage autour d\u2019elle amour, joie, chance et compassion.<\/span><\/p>\n<p><span style=\"font-weight: 400;\">La Tatoueuse Bijoux propose une large gamme de bijoux personnalisables et raffin\u00e9s, inspir\u00e9e de l\u2019iconographie du tatouage Old School. Nos bijoux sont r\u00e9alis\u00e9s en acier chirurgical pour une tenue irr\u00e9prochable, puis tremp\u00e9s dans un bain d\u2019or fin ou d\u2019argent. Ils sont waterproof, water-r\u00e9sistants et\u00a0 vous accompagneront longtemps !<\/span><\/p>\n<p><span style=\"font-weight: 400;\">C&#8217;est pourquoi, la marque s\u2019adresse \u00e0 toutes les ind\u00e9cises du tatouage qui repoussent inlassablement le jour o\u00f9 elles mettront les pieds dans un salon de tatouage. Mais aussi \u00e0 celles, d\u00e9j\u00e0 tatou\u00e9es, qui souhaitent agr\u00e9menter leurs tatouages par une symbolique suppl\u00e9mentaire. Et enfin, celles, plus novices en la mati\u00e8re, qui se d\u00e9couvriront un nouvel int\u00e9r\u00eat pour la signification des symboles figuratifs du tatouage.<\/span><\/p>\n<p><span style=\"font-weight: 400;\">Si vous aimez les boucles d&#8217;oreilles longues Calavera, d\u00e9couvrez l&#8217;ensemble des bijoux Calavera dans la collection<\/span><a href=\"https:\/\/latatoueuse.paris\/index.php\/la-majestueuse-or\/\"><span style=\"font-weight: 400;\"> La Majestueuse<\/span><\/a><\/p>\n","protected":false},"excerpt":{"rendered":"<p>Boucles d&#8217;oreilles pendantes longues, avec une chaine en acier inoxydable.<\/p>\n<ul>\n<li>composition : acier chirurgical<\/li>\n<li>charm : 0.9cm<\/li>\n<li>longueur : 4.5cm<\/li>\n<\/ul>\n<p>&nbsp;<\/p>\n","protected":false},"featured_media":12215,"template":"","meta":{"inline_featured_image":false},"product_cat":[77,32,144,122,78,40,123,119,92],"product_tag":[],"yoast_head":"<!-- This site is optimized with the Yoast SEO plugin v19.8 - https:\/\/yoast.com\/wordpress\/plugins\/seo\/ -->\n<title>BOUCLES D&#039;OREILLES LONGUES CALAVERA - LA TATOUEUSE<\/title>\n<meta name=\"description\" content=\"Boucles d&#039;oreilles longues calavera en acier chirurgical. Nos bijoux sont inspir\u00e9s du tatouage Old School. Ils r\u00e9sistent \u00e0 l&#039;eau et au temps\" \/>\n<meta name=\"robots\" content=\"index, follow, max-snippet:-1, max-image-preview:large, max-video-preview:-1\" \/>\n<link rel=\"canonical\" href=\"https:\/\/latatoueuse.paris\/index.php\/produit\/boucles-doreilles-longues-calavera-doree\/\" \/>\n<meta property=\"og:locale\" content=\"fr_FR\" \/>\n<meta property=\"og:type\" content=\"article\" \/>\n<meta property=\"og:title\" content=\"BOUCLES D&#039;OREILLES LONGUES CALAVERA - LA TATOUEUSE\" \/>\n<meta property=\"og:description\" content=\"Boucles d&#039;oreilles longues calavera en acier chirurgical. Nos bijoux sont inspir\u00e9s du tatouage Old School. Ils r\u00e9sistent \u00e0 l&#039;eau et au temps\" \/>\n<meta property=\"og:url\" content=\"https:\/\/latatoueuse.paris\/index.php\/produit\/boucles-doreilles-longues-calavera-doree\/\" \/>\n<meta property=\"og:site_name\" content=\"LA TATOUEUSE\" \/>\n<meta property=\"article:publisher\" content=\"https:\/\/www.facebook.com\/LaTatoueuseBijoux\" \/>\n<meta property=\"article:modified_time\" content=\"2024-06-28T15:01:56+00:00\" \/>\n<meta property=\"og:image\" content=\"https:\/\/latatoueuse.paris\/wp-content\/uploads\/2020\/06\/Boucles-doreilles-longues-acier-dore-calavera.jpg\" \/>\n\t<meta property=\"og:image:width\" content=\"747\" \/>\n\t<meta property=\"og:image:height\" content=\"1015\" \/>\n\t<meta property=\"og:image:type\" content=\"image\/jpeg\" \/>\n<meta name=\"twitter:card\" content=\"summary_large_image\" \/>\n<meta name=\"twitter:label1\" content=\"Dur\u00e9e de lecture estim\u00e9e\" \/>\n\t<meta name=\"twitter:data1\" content=\"2 minutes\" \/>\n<script type=\"application\/ld+json\" class=\"yoast-schema-graph\">{\"@context\":\"https:\/\/schema.org\",\"@graph\":[{\"@type\":\"WebPage\",\"@id\":\"https:\/\/latatoueuse.paris\/index.php\/produit\/boucles-doreilles-longues-calavera-doree\/\",\"url\":\"https:\/\/latatoueuse.paris\/index.php\/produit\/boucles-doreilles-longues-calavera-doree\/\",\"name\":\"BOUCLES D'OREILLES LONGUES CALAVERA - LA TATOUEUSE\",\"isPartOf\":{\"@id\":\"https:\/\/latatoueuse.paris\/#website\"},\"datePublished\":\"2020-06-26T11:04:12+00:00\",\"dateModified\":\"2024-06-28T15:01:56+00:00\",\"description\":\"Boucles d'oreilles longues calavera en acier chirurgical. Nos bijoux sont inspir\u00e9s du tatouage Old School. Ils r\u00e9sistent \u00e0 l'eau et au temps\",\"breadcrumb\":{\"@id\":\"https:\/\/latatoueuse.paris\/index.php\/produit\/boucles-doreilles-longues-calavera-doree\/#breadcrumb\"},\"inLanguage\":\"fr-FR\",\"potentialAction\":[{\"@type\":\"ReadAction\",\"target\":[\"https:\/\/latatoueuse.paris\/index.php\/produit\/boucles-doreilles-longues-calavera-doree\/\"]}]},{\"@type\":\"BreadcrumbList\",\"@id\":\"https:\/\/latatoueuse.paris\/index.php\/produit\/boucles-doreilles-longues-calavera-doree\/#breadcrumb\",\"itemListElement\":[{\"@type\":\"ListItem\",\"position\":1,\"name\":\"Accueil\",\"item\":\"https:\/\/latatoueuse.paris\/\"},{\"@type\":\"ListItem\",\"position\":2,\"name\":\"Nos Bijoux\",\"item\":\"https:\/\/latatoueuse.paris\/index.php\/nos-bijoux\/\"},{\"@type\":\"ListItem\",\"position\":3,\"name\":\"BOUCLES D&#8217;OREILLES LONGUES CALAVERA\"}]},{\"@type\":\"WebSite\",\"@id\":\"https:\/\/latatoueuse.paris\/#website\",\"url\":\"https:\/\/latatoueuse.paris\/\",\"name\":\"LA TATOUEUSE.PARIS\",\"description\":\"BIJOUX ACIER INOXYDABLE\",\"publisher\":{\"@id\":\"https:\/\/latatoueuse.paris\/#organization\"},\"potentialAction\":[{\"@type\":\"SearchAction\",\"target\":{\"@type\":\"EntryPoint\",\"urlTemplate\":\"https:\/\/latatoueuse.paris\/?s={search_term_string}\"},\"query-input\":\"required name=search_term_string\"}],\"inLanguage\":\"fr-FR\"},{\"@type\":\"Organization\",\"@id\":\"https:\/\/latatoueuse.paris\/#organization\",\"name\":\"LA TATOUEUSE BIJOUX\",\"url\":\"https:\/\/latatoueuse.paris\/\",\"sameAs\":[\"https:\/\/www.instagram.com\/latatoueusebijoux\/\",\"https:\/\/www.facebook.com\/LaTatoueuseBijoux\"],\"logo\":{\"@type\":\"ImageObject\",\"inLanguage\":\"fr-FR\",\"@id\":\"https:\/\/latatoueuse.paris\/#\/schema\/logo\/image\/\",\"url\":\"https:\/\/latatoueuse.paris\/wp-content\/uploads\/2021\/06\/coeur-rouge-_by-CA_-noir.png\",\"contentUrl\":\"https:\/\/latatoueuse.paris\/wp-content\/uploads\/2021\/06\/coeur-rouge-_by-CA_-noir.png\",\"width\":1417,\"height\":1417,\"caption\":\"LA TATOUEUSE BIJOUX\"},\"image\":{\"@id\":\"https:\/\/latatoueuse.paris\/#\/schema\/logo\/image\/\"}}]}<\/script>\n<!-- \/ Yoast SEO plugin. -->","yoast_head_json":{"title":"BOUCLES D'OREILLES LONGUES CALAVERA - LA TATOUEUSE","description":"Boucles d'oreilles longues calavera en acier chirurgical. Nos bijoux sont inspir\u00e9s du tatouage Old School. Ils r\u00e9sistent \u00e0 l'eau et au temps","robots":{"index":"index","follow":"follow","max-snippet":"max-snippet:-1","max-image-preview":"max-image-preview:large","max-video-preview":"max-video-preview:-1"},"canonical":"https:\/\/latatoueuse.paris\/index.php\/produit\/boucles-doreilles-longues-calavera-doree\/","og_locale":"fr_FR","og_type":"article","og_title":"BOUCLES D'OREILLES LONGUES CALAVERA - LA TATOUEUSE","og_description":"Boucles d'oreilles longues calavera en acier chirurgical. Nos bijoux sont inspir\u00e9s du tatouage Old School. Ils r\u00e9sistent \u00e0 l'eau et au temps","og_url":"https:\/\/latatoueuse.paris\/index.php\/produit\/boucles-doreilles-longues-calavera-doree\/","og_site_name":"LA TATOUEUSE","article_publisher":"https:\/\/www.facebook.com\/LaTatoueuseBijoux","article_modified_time":"2024-06-28T15:01:56+00:00","og_image":[{"width":747,"height":1015,"url":"https:\/\/latatoueuse.paris\/wp-content\/uploads\/2020\/06\/Boucles-doreilles-longues-acier-dore-calavera.jpg","type":"image\/jpeg"}],"twitter_card":"summary_large_image","twitter_misc":{"Dur\u00e9e de lecture estim\u00e9e":"2 minutes"},"schema":{"@context":"https:\/\/schema.org","@graph":[{"@type":"WebPage","@id":"https:\/\/latatoueuse.paris\/index.php\/produit\/boucles-doreilles-longues-calavera-doree\/","url":"https:\/\/latatoueuse.paris\/index.php\/produit\/boucles-doreilles-longues-calavera-doree\/","name":"BOUCLES D'OREILLES LONGUES CALAVERA - LA TATOUEUSE","isPartOf":{"@id":"https:\/\/latatoueuse.paris\/#website"},"datePublished":"2020-06-26T11:04:12+00:00","dateModified":"2024-06-28T15:01:56+00:00","description":"Boucles d'oreilles longues calavera en acier chirurgical. Nos bijoux sont inspir\u00e9s du tatouage Old School. Ils r\u00e9sistent \u00e0 l'eau et au temps","breadcrumb":{"@id":"https:\/\/latatoueuse.paris\/index.php\/produit\/boucles-doreilles-longues-calavera-doree\/#breadcrumb"},"inLanguage":"fr-FR","potentialAction":[{"@type":"ReadAction","target":["https:\/\/latatoueuse.paris\/index.php\/produit\/boucles-doreilles-longues-calavera-doree\/"]}]},{"@type":"BreadcrumbList","@id":"https:\/\/latatoueuse.paris\/index.php\/produit\/boucles-doreilles-longues-calavera-doree\/#breadcrumb","itemListElement":[{"@type":"ListItem","position":1,"name":"Accueil","item":"https:\/\/latatoueuse.paris\/"},{"@type":"ListItem","position":2,"name":"Nos Bijoux","item":"https:\/\/latatoueuse.paris\/index.php\/nos-bijoux\/"},{"@type":"ListItem","position":3,"name":"BOUCLES D&#8217;OREILLES LONGUES CALAVERA"}]},{"@type":"WebSite","@id":"https:\/\/latatoueuse.paris\/#website","url":"https:\/\/latatoueuse.paris\/","name":"LA TATOUEUSE.PARIS","description":"BIJOUX ACIER INOXYDABLE","publisher":{"@id":"https:\/\/latatoueuse.paris\/#organization"},"potentialAction":[{"@type":"SearchAction","target":{"@type":"EntryPoint","urlTemplate":"https:\/\/latatoueuse.paris\/?s={search_term_string}"},"query-input":"required name=search_term_string"}],"inLanguage":"fr-FR"},{"@type":"Organization","@id":"https:\/\/latatoueuse.paris\/#organization","name":"LA TATOUEUSE BIJOUX","url":"https:\/\/latatoueuse.paris\/","sameAs":["https:\/\/www.instagram.com\/latatoueusebijoux\/","https:\/\/www.facebook.com\/LaTatoueuseBijoux"],"logo":{"@type":"ImageObject","inLanguage":"fr-FR","@id":"https:\/\/latatoueuse.paris\/#\/schema\/logo\/image\/","url":"https:\/\/latatoueuse.paris\/wp-content\/uploads\/2021\/06\/coeur-rouge-_by-CA_-noir.png","contentUrl":"https:\/\/latatoueuse.paris\/wp-content\/uploads\/2021\/06\/coeur-rouge-_by-CA_-noir.png","width":1417,"height":1417,"caption":"LA TATOUEUSE BIJOUX"},"image":{"@id":"https:\/\/latatoueuse.paris\/#\/schema\/logo\/image\/"}}]}},"_links":{"self":[{"href":"https:\/\/latatoueuse.paris\/index.php\/wp-json\/wp\/v2\/product\/7737"}],"collection":[{"href":"https:\/\/latatoueuse.paris\/index.php\/wp-json\/wp\/v2\/product"}],"about":[{"href":"https:\/\/latatoueuse.paris\/index.php\/wp-json\/wp\/v2\/types\/product"}],"wp:featuredmedia":[{"embeddable":true,"href":"https:\/\/latatoueuse.paris\/index.php\/wp-json\/wp\/v2\/media\/12215"}],"wp:attachment":[{"href":"https:\/\/latatoueuse.paris\/index.php\/wp-json\/wp\/v2\/media?parent=7737"}],"wp:term":[{"taxonomy":"product_cat","embeddable":true,"href":"https:\/\/latatoueuse.paris\/index.php\/wp-json\/wp\/v2\/product_cat?post=7737"},{"taxonomy":"product_tag","embeddable":true,"href":"https:\/\/latatoueuse.paris\/index.php\/wp-json\/wp\/v2\/product_tag?post=7737"}],"curies":[{"name":"wp","href":"https:\/\/api.w.org\/{rel}","templated":true}]}}