{"id":7471,"date":"2021-05-06T10:44:03","date_gmt":"2021-05-06T08:44:03","guid":{"rendered":"https:\/\/latatoueuse.paris\/?post_type=product&#038;p=7471"},"modified":"2022-06-10T14:04:07","modified_gmt":"2022-06-10T12:04:07","slug":"mini-creoles-gun-argent","status":"publish","type":"product","link":"https:\/\/latatoueuse.paris\/index.php\/produit\/mini-creoles-gun-argent\/","title":{"rendered":"MINI CR\u00c9OLES GUN ARGENT"},"content":{"rendered":"<p>Mini cr\u00e9oles gun argent en acier chirurgical.<\/p>\n<p><a href=\"https:\/\/www.tattoome.com\/blog\/non-classe\/tatouage-pistolet-arme-feu-peau\/\"><span style=\"font-weight: 400;\">La signification du gun<\/span><\/a><span style=\"font-weight: 400;\"> : Le gun symbolise la force mais surtout l&#8217;ind\u00e9pendance et l&#8217;audace. Il repr\u00e9sente la capacit\u00e9 \u00e0 r\u00e9agir rapidement face aux dangers. Mais aussi \u00e0 s&#8217;\u00e9manciper de la peur qu&#8217;ils occasionnent en les combattant. Les personnes adeptes du tatouage et ayant v\u00e9cu de lourdes \u00e9preuves arborent souvent ce tatouage. Cela montre leur habilit\u00e9 \u00e0 faire face \u00e0 n&#8217;importe quel probl\u00e8me et \u00e0 s&#8217;en relever encore plus fort.<\/span><\/p>\n<p><span style=\"font-weight: 400;\">L\u2019audacieuse est une collection pour une femme d\u00e9termin\u00e9e et forte, pr\u00eate \u00e0 lutter pour d\u00e9fendre ses id\u00e9aux et ses valeurs. Son ind\u00e9pendance et sa force de volont\u00e9 sont ses plus grands atouts.\u00a0 Intr\u00e9pide et surprenante, elle est signe de grands changements pour tous ceux qui croiseront sa route.<\/span><\/p>\n<p><span style=\"font-weight: 400;\">La Tatoueuse Bijoux propose une large gamme de bijoux personnalisables et raffin\u00e9s, inspir\u00e9e de l\u2019iconographie du tatouage Old School. Nos bijoux sont r\u00e9alis\u00e9s en acier chirurgical pour une tenue irr\u00e9prochable, puis tremp\u00e9s dans un bain d\u2019or fin ou d\u2019argent. Ils sont waterproof, water-r\u00e9sistants et vous accompagnerons longtemps !<\/span><\/p>\n<p><span style=\"font-weight: 400;\">C&#8217;est pourquoi, la marque s\u2019adresse \u00e0 toutes les ind\u00e9cises du tatouage qui repoussent inlassablement le jour o\u00f9 elles mettront les pieds dans un salon de tatouage. Mais aussi \u00e0 celles, d\u00e9j\u00e0 tatou\u00e9es, qui souhaitent agr\u00e9menter leurs tatouages par une symbolique suppl\u00e9mentaire. Et enfin, celles, plus novices en la mati\u00e8re, qui se d\u00e9couvriront un nouvel int\u00e9r\u00eat pour la signification des symboles figuratifs du tatouage.<\/span><\/p>\n<p><span style=\"font-weight: 400;\">Si vous aimez les mini cr\u00e9oles gun argent, d\u00e9couvrez l&#8217;ensemble des bijoux gun dans la collection<\/span><a href=\"https:\/\/latatoueuse.paris\/index.php\/laudacieuse-or\/\"> <span style=\"font-weight: 400;\">L&#8217;Audacieuse<\/span><\/a><\/p>\n","protected":false},"excerpt":{"rendered":"<p>Mini cr\u00e9oles argent\u00e9es \u00e0 pendentif gun.<\/p>\n<ul>\n<li>Diam\u00e8tre 1 cm<\/li>\n<li>Charms 0,9 cm<\/li>\n<li>Composition acier chirurgical<\/li>\n<\/ul>\n","protected":false},"featured_media":7477,"template":"","meta":{"inline_featured_image":false},"product_cat":[77,32,78,37,118,120,92],"product_tag":[81],"yoast_head":"<!-- This site is optimized with the Yoast SEO plugin v19.8 - https:\/\/yoast.com\/wordpress\/plugins\/seo\/ -->\n<title>MINI CR\u00c9OLES GUN ARGENT - LA TATOUEUSE BIJOUX<\/title>\n<meta name=\"description\" content=\"Mini cr\u00e9oles gun argent, bijoux en acier chirurgical. Nos bijoux sont inspir\u00e9s du tatouage Old School. Ils r\u00e9sistent \u00e0 l&#039;eau et au temps!\" \/>\n<meta name=\"robots\" content=\"index, follow, max-snippet:-1, max-image-preview:large, max-video-preview:-1\" \/>\n<link rel=\"canonical\" href=\"https:\/\/latatoueuse.paris\/index.php\/produit\/mini-creoles-gun-argent\/\" \/>\n<meta property=\"og:locale\" content=\"fr_FR\" \/>\n<meta property=\"og:type\" content=\"article\" \/>\n<meta property=\"og:title\" content=\"MINI CR\u00c9OLES GUN ARGENT - LA TATOUEUSE BIJOUX\" \/>\n<meta property=\"og:description\" content=\"Mini cr\u00e9oles gun argent, bijoux en acier chirurgical. Nos bijoux sont inspir\u00e9s du tatouage Old School. Ils r\u00e9sistent \u00e0 l&#039;eau et au temps!\" \/>\n<meta property=\"og:url\" content=\"https:\/\/latatoueuse.paris\/index.php\/produit\/mini-creoles-gun-argent\/\" \/>\n<meta property=\"og:site_name\" content=\"LA TATOUEUSE\" \/>\n<meta property=\"article:publisher\" content=\"https:\/\/www.facebook.com\/LaTatoueuseBijoux\" \/>\n<meta property=\"article:modified_time\" content=\"2022-06-10T12:04:07+00:00\" \/>\n<meta property=\"og:image\" content=\"https:\/\/latatoueuse.paris\/wp-content\/uploads\/2021\/05\/la-tatoueuse-0405jpg26.jpg\" \/>\n\t<meta property=\"og:image:width\" content=\"600\" \/>\n\t<meta property=\"og:image:height\" content=\"800\" \/>\n\t<meta property=\"og:image:type\" content=\"image\/jpeg\" \/>\n<meta name=\"twitter:card\" content=\"summary_large_image\" \/>\n<meta name=\"twitter:label1\" content=\"Dur\u00e9e de lecture estim\u00e9e\" \/>\n\t<meta name=\"twitter:data1\" content=\"2 minutes\" \/>\n<script type=\"application\/ld+json\" class=\"yoast-schema-graph\">{\"@context\":\"https:\/\/schema.org\",\"@graph\":[{\"@type\":\"WebPage\",\"@id\":\"https:\/\/latatoueuse.paris\/index.php\/produit\/mini-creoles-gun-argent\/\",\"url\":\"https:\/\/latatoueuse.paris\/index.php\/produit\/mini-creoles-gun-argent\/\",\"name\":\"MINI CR\u00c9OLES GUN ARGENT - LA TATOUEUSE BIJOUX\",\"isPartOf\":{\"@id\":\"https:\/\/latatoueuse.paris\/#website\"},\"datePublished\":\"2021-05-06T08:44:03+00:00\",\"dateModified\":\"2022-06-10T12:04:07+00:00\",\"description\":\"Mini cr\u00e9oles gun argent, bijoux en acier chirurgical. Nos bijoux sont inspir\u00e9s du tatouage Old School. Ils r\u00e9sistent \u00e0 l'eau et au temps!\",\"breadcrumb\":{\"@id\":\"https:\/\/latatoueuse.paris\/index.php\/produit\/mini-creoles-gun-argent\/#breadcrumb\"},\"inLanguage\":\"fr-FR\",\"potentialAction\":[{\"@type\":\"ReadAction\",\"target\":[\"https:\/\/latatoueuse.paris\/index.php\/produit\/mini-creoles-gun-argent\/\"]}]},{\"@type\":\"BreadcrumbList\",\"@id\":\"https:\/\/latatoueuse.paris\/index.php\/produit\/mini-creoles-gun-argent\/#breadcrumb\",\"itemListElement\":[{\"@type\":\"ListItem\",\"position\":1,\"name\":\"Accueil\",\"item\":\"https:\/\/latatoueuse.paris\/\"},{\"@type\":\"ListItem\",\"position\":2,\"name\":\"Nos Bijoux\",\"item\":\"https:\/\/latatoueuse.paris\/index.php\/nos-bijoux\/\"},{\"@type\":\"ListItem\",\"position\":3,\"name\":\"MINI CR\u00c9OLES GUN ARGENT\"}]},{\"@type\":\"WebSite\",\"@id\":\"https:\/\/latatoueuse.paris\/#website\",\"url\":\"https:\/\/latatoueuse.paris\/\",\"name\":\"LA TATOUEUSE.PARIS\",\"description\":\"BIJOUX ACIER INOXYDABLE\",\"publisher\":{\"@id\":\"https:\/\/latatoueuse.paris\/#organization\"},\"potentialAction\":[{\"@type\":\"SearchAction\",\"target\":{\"@type\":\"EntryPoint\",\"urlTemplate\":\"https:\/\/latatoueuse.paris\/?s={search_term_string}\"},\"query-input\":\"required name=search_term_string\"}],\"inLanguage\":\"fr-FR\"},{\"@type\":\"Organization\",\"@id\":\"https:\/\/latatoueuse.paris\/#organization\",\"name\":\"LA TATOUEUSE BIJOUX\",\"url\":\"https:\/\/latatoueuse.paris\/\",\"sameAs\":[\"https:\/\/www.instagram.com\/latatoueusebijoux\/\",\"https:\/\/www.facebook.com\/LaTatoueuseBijoux\"],\"logo\":{\"@type\":\"ImageObject\",\"inLanguage\":\"fr-FR\",\"@id\":\"https:\/\/latatoueuse.paris\/#\/schema\/logo\/image\/\",\"url\":\"https:\/\/latatoueuse.paris\/wp-content\/uploads\/2021\/06\/coeur-rouge-_by-CA_-noir.png\",\"contentUrl\":\"https:\/\/latatoueuse.paris\/wp-content\/uploads\/2021\/06\/coeur-rouge-_by-CA_-noir.png\",\"width\":1417,\"height\":1417,\"caption\":\"LA TATOUEUSE BIJOUX\"},\"image\":{\"@id\":\"https:\/\/latatoueuse.paris\/#\/schema\/logo\/image\/\"}}]}<\/script>\n<!-- \/ Yoast SEO plugin. -->","yoast_head_json":{"title":"MINI CR\u00c9OLES GUN ARGENT - LA TATOUEUSE BIJOUX","description":"Mini cr\u00e9oles gun argent, bijoux en acier chirurgical. Nos bijoux sont inspir\u00e9s du tatouage Old School. Ils r\u00e9sistent \u00e0 l'eau et au temps!","robots":{"index":"index","follow":"follow","max-snippet":"max-snippet:-1","max-image-preview":"max-image-preview:large","max-video-preview":"max-video-preview:-1"},"canonical":"https:\/\/latatoueuse.paris\/index.php\/produit\/mini-creoles-gun-argent\/","og_locale":"fr_FR","og_type":"article","og_title":"MINI CR\u00c9OLES GUN ARGENT - LA TATOUEUSE BIJOUX","og_description":"Mini cr\u00e9oles gun argent, bijoux en acier chirurgical. Nos bijoux sont inspir\u00e9s du tatouage Old School. Ils r\u00e9sistent \u00e0 l'eau et au temps!","og_url":"https:\/\/latatoueuse.paris\/index.php\/produit\/mini-creoles-gun-argent\/","og_site_name":"LA TATOUEUSE","article_publisher":"https:\/\/www.facebook.com\/LaTatoueuseBijoux","article_modified_time":"2022-06-10T12:04:07+00:00","og_image":[{"width":600,"height":800,"url":"https:\/\/latatoueuse.paris\/wp-content\/uploads\/2021\/05\/la-tatoueuse-0405jpg26.jpg","type":"image\/jpeg"}],"twitter_card":"summary_large_image","twitter_misc":{"Dur\u00e9e de lecture estim\u00e9e":"2 minutes"},"schema":{"@context":"https:\/\/schema.org","@graph":[{"@type":"WebPage","@id":"https:\/\/latatoueuse.paris\/index.php\/produit\/mini-creoles-gun-argent\/","url":"https:\/\/latatoueuse.paris\/index.php\/produit\/mini-creoles-gun-argent\/","name":"MINI CR\u00c9OLES GUN ARGENT - LA TATOUEUSE BIJOUX","isPartOf":{"@id":"https:\/\/latatoueuse.paris\/#website"},"datePublished":"2021-05-06T08:44:03+00:00","dateModified":"2022-06-10T12:04:07+00:00","description":"Mini cr\u00e9oles gun argent, bijoux en acier chirurgical. Nos bijoux sont inspir\u00e9s du tatouage Old School. Ils r\u00e9sistent \u00e0 l'eau et au temps!","breadcrumb":{"@id":"https:\/\/latatoueuse.paris\/index.php\/produit\/mini-creoles-gun-argent\/#breadcrumb"},"inLanguage":"fr-FR","potentialAction":[{"@type":"ReadAction","target":["https:\/\/latatoueuse.paris\/index.php\/produit\/mini-creoles-gun-argent\/"]}]},{"@type":"BreadcrumbList","@id":"https:\/\/latatoueuse.paris\/index.php\/produit\/mini-creoles-gun-argent\/#breadcrumb","itemListElement":[{"@type":"ListItem","position":1,"name":"Accueil","item":"https:\/\/latatoueuse.paris\/"},{"@type":"ListItem","position":2,"name":"Nos Bijoux","item":"https:\/\/latatoueuse.paris\/index.php\/nos-bijoux\/"},{"@type":"ListItem","position":3,"name":"MINI CR\u00c9OLES GUN ARGENT"}]},{"@type":"WebSite","@id":"https:\/\/latatoueuse.paris\/#website","url":"https:\/\/latatoueuse.paris\/","name":"LA TATOUEUSE.PARIS","description":"BIJOUX ACIER INOXYDABLE","publisher":{"@id":"https:\/\/latatoueuse.paris\/#organization"},"potentialAction":[{"@type":"SearchAction","target":{"@type":"EntryPoint","urlTemplate":"https:\/\/latatoueuse.paris\/?s={search_term_string}"},"query-input":"required name=search_term_string"}],"inLanguage":"fr-FR"},{"@type":"Organization","@id":"https:\/\/latatoueuse.paris\/#organization","name":"LA TATOUEUSE BIJOUX","url":"https:\/\/latatoueuse.paris\/","sameAs":["https:\/\/www.instagram.com\/latatoueusebijoux\/","https:\/\/www.facebook.com\/LaTatoueuseBijoux"],"logo":{"@type":"ImageObject","inLanguage":"fr-FR","@id":"https:\/\/latatoueuse.paris\/#\/schema\/logo\/image\/","url":"https:\/\/latatoueuse.paris\/wp-content\/uploads\/2021\/06\/coeur-rouge-_by-CA_-noir.png","contentUrl":"https:\/\/latatoueuse.paris\/wp-content\/uploads\/2021\/06\/coeur-rouge-_by-CA_-noir.png","width":1417,"height":1417,"caption":"LA TATOUEUSE BIJOUX"},"image":{"@id":"https:\/\/latatoueuse.paris\/#\/schema\/logo\/image\/"}}]}},"_links":{"self":[{"href":"https:\/\/latatoueuse.paris\/index.php\/wp-json\/wp\/v2\/product\/7471"}],"collection":[{"href":"https:\/\/latatoueuse.paris\/index.php\/wp-json\/wp\/v2\/product"}],"about":[{"href":"https:\/\/latatoueuse.paris\/index.php\/wp-json\/wp\/v2\/types\/product"}],"wp:featuredmedia":[{"embeddable":true,"href":"https:\/\/latatoueuse.paris\/index.php\/wp-json\/wp\/v2\/media\/7477"}],"wp:attachment":[{"href":"https:\/\/latatoueuse.paris\/index.php\/wp-json\/wp\/v2\/media?parent=7471"}],"wp:term":[{"taxonomy":"product_cat","embeddable":true,"href":"https:\/\/latatoueuse.paris\/index.php\/wp-json\/wp\/v2\/product_cat?post=7471"},{"taxonomy":"product_tag","embeddable":true,"href":"https:\/\/latatoueuse.paris\/index.php\/wp-json\/wp\/v2\/product_tag?post=7471"}],"curies":[{"name":"wp","href":"https:\/\/api.w.org\/{rel}","templated":true}]}}