{"id":495,"date":"2018-09-19T17:19:27","date_gmt":"2018-09-19T15:19:27","guid":{"rendered":"http:\/\/latatoueuse.paris\/?post_type=product&#038;p=495"},"modified":"2023-09-23T18:13:01","modified_gmt":"2023-09-23T16:13:01","slug":"bracelet-3-symboles-l-audacieuse","status":"publish","type":"product","link":"https:\/\/latatoueuse.paris\/index.php\/produit\/bracelet-3-symboles-l-audacieuse\/","title":{"rendered":"BRACELET 3 SYMBOLES L&#8217;AUDACIEUSE"},"content":{"rendered":"<p>Bracelet 3 symboles L&#8217;Audacieuse en acier \u00e9maill\u00e9.<\/p>\n<p><a href=\"https:\/\/www.tattoome.com\/blog\/non-classe\/tatouage-pistolet-arme-feu-peau\/\"><span style=\"font-weight: 400;\">La signification du gun<\/span><\/a><span style=\"font-weight: 400;\"> : Le gun symbolise la force mais surtout l&#8217;ind\u00e9pendance et l&#8217;audace. Il repr\u00e9sente la capacit\u00e9 \u00e0 r\u00e9agir rapidement face aux dangers. Mais aussi \u00e0 s&#8217;\u00e9manciper de la peur qu&#8217;ils occasionnent en les combattant. Les personnes adeptes du tatouage et ayant v\u00e9cu de lourdes \u00e9preuves arborent souvent ce tatouage. Cela montre leur habilit\u00e9 \u00e0 faire face \u00e0 n&#8217;importe quel probl\u00e8me et \u00e0 s&#8217;en relever encore plus fort.<\/span><\/p>\n<p><a href=\"http:\/\/www.cointatouage.com\/motif-de-tatouage\/le-noeud-sa-signification.html\"><span style=\"font-weight: 400;\">La signification du n\u0153ud<\/span><\/a><span style=\"font-weight: 400;\"> : Les liens entrelac\u00e9s du n\u0153ud repr\u00e9sentent l\u2019affection entre deux personnes qui, tels deux rubans nou\u00e9s, ne forment plus qu\u2019une seule et m\u00eame entit\u00e9. Une l\u00e9gende japonaise veut que deux amoureux se fassent chacun tatouer un n\u0153ud sur leurs doigts. Ces n\u0153uds repr\u00e9sentent les extr\u00e9mit\u00e9s d\u2019un fil rouge invisible qui les lie l\u2019un \u00e0 l\u2019autre, tel le destin.\u00a0<\/span><\/p>\n<p><a href=\"https:\/\/www.lefrontal.com\/signification-tatouage-dague\"><span style=\"font-weight: 400;\">La signification du poignard<\/span><\/a><span style=\"font-weight: 400;\"> : Le poignard symbolise la protection envers ceux que vous aimez ainsi que les sacrifices que vous seriez pr\u00eat \u00e0 faire pour eux.\u00a0 De plus, c&#8217;\u00e9tait un outil utilis\u00e9 pour les offrandes aux dieux.\u00a0 Effectivement, saviez-vous que c&#8217;est l\u2019arme qu\u2019utilise Juliette pour se tuer apr\u00e8s avoir appris la mort de son Rom\u00e9o?<\/span><\/p>\n<p><span style=\"font-weight: 400;\">L\u2019audacieuse est une collection pour une femme d\u00e9termin\u00e9e et forte, pr\u00eate \u00e0 lutter pour d\u00e9fendre ses id\u00e9aux et ses valeurs. Son ind\u00e9pendance et sa force de volont\u00e9 sont ses plus grands atouts.\u00a0 Intr\u00e9pide et surprenante, elle est signe de grands changements pour tous ceux qui croiseront sa route.<\/span><\/p>\n<p><span style=\"font-weight: 400;\">La Tatoueuse Bijoux propose une large gamme de bijoux personnalisables et raffin\u00e9s, inspir\u00e9e de l\u2019iconographie du tatouage Old School. Nos bijoux sont r\u00e9alis\u00e9s en acier chirurgical pour une tenue irr\u00e9prochable, puis tremp\u00e9s dans un bain d\u2019or fin ou d\u2019argent. Ils sont waterproof, water-r\u00e9sistants et vous accompagneront longtemps !<\/span><\/p>\n<p><span style=\"font-weight: 400;\">C&#8217;est pourquoi, la marque s\u2019adresse \u00e0 toutes les ind\u00e9cises du tatouage qui repoussent inlassablement le jour o\u00f9 elles mettront les pieds dans un salon de tatouage. Mais aussi \u00e0 celles, d\u00e9j\u00e0 tatou\u00e9es, qui souhaitent agr\u00e9menter leurs tatouages par une symbolique suppl\u00e9mentaire. Et enfin, celles, plus novices en la mati\u00e8re, qui se d\u00e9couvriront un nouvel int\u00e9r\u00eat pour la signification des symboles figuratifs du tatouage.<\/span><\/p>\n<p><span style=\"font-weight: 400;\">Si vous aimez le bracelet 3 symboles L&#8217;Audacieuse, d\u00e9couvrez l&#8217;ensemble des bijoux gun, n\u0153ud et poignard dans la collection<\/span><a href=\"https:\/\/latatoueuse.paris\/index.php\/laudacieuse-or\/\"><span style=\"font-weight: 400;\"> L&#8217;Audacieuse<\/span><\/a><\/p>\n","protected":false},"excerpt":{"rendered":"<p>Bracelet cha\u00eene dor\u00e9e en acier \u00e9maill\u00e9.<\/p>\n<ul>\n<li>Longueur cha\u00eene 16 cm<\/li>\n<li>Longueur cha\u00eene fermoir 4 cm<\/li>\n<li>Fermoir 0.9 cm<\/li>\n<li>Charm 1 cm<\/li>\n<li>Composition acier chirurgical<\/li>\n<\/ul>\n","protected":false},"featured_media":6337,"template":"","meta":{"inline_featured_image":false},"product_cat":[77,29,78,37,118,120,92],"product_tag":[81,80],"yoast_head":"<!-- This site is optimized with the Yoast SEO plugin v19.8 - https:\/\/yoast.com\/wordpress\/plugins\/seo\/ -->\n<title>BRACELET 3 SYMBOLES L&#039;AUDACIEUSE - LA TATOUEUSE<\/title>\n<meta name=\"description\" content=\"Bracelet 3 symboles L&#039;Audacieuse en acier chirurgical. Nos bijoux sont inspir\u00e9s du tatouage Old School. Ils r\u00e9sistent \u00e0 l&#039;eau et au temps!\" \/>\n<meta name=\"robots\" content=\"index, follow, max-snippet:-1, max-image-preview:large, max-video-preview:-1\" \/>\n<link rel=\"canonical\" href=\"https:\/\/latatoueuse.paris\/index.php\/produit\/bracelet-3-symboles-l-audacieuse\/\" \/>\n<meta property=\"og:locale\" content=\"fr_FR\" \/>\n<meta property=\"og:type\" content=\"article\" \/>\n<meta property=\"og:title\" content=\"BRACELET 3 SYMBOLES L&#039;AUDACIEUSE - LA TATOUEUSE\" \/>\n<meta property=\"og:description\" content=\"Bracelet 3 symboles L&#039;Audacieuse en acier chirurgical. Nos bijoux sont inspir\u00e9s du tatouage Old School. Ils r\u00e9sistent \u00e0 l&#039;eau et au temps!\" \/>\n<meta property=\"og:url\" content=\"https:\/\/latatoueuse.paris\/index.php\/produit\/bracelet-3-symboles-l-audacieuse\/\" \/>\n<meta property=\"og:site_name\" content=\"LA TATOUEUSE\" \/>\n<meta property=\"article:publisher\" content=\"https:\/\/www.facebook.com\/LaTatoueuseBijoux\" \/>\n<meta property=\"article:modified_time\" content=\"2023-09-23T16:13:01+00:00\" \/>\n<meta property=\"og:image\" content=\"https:\/\/latatoueuse.paris\/wp-content\/uploads\/2018\/09\/LHJVKL-e1623663836885.png\" \/>\n\t<meta property=\"og:image:width\" content=\"600\" \/>\n\t<meta property=\"og:image:height\" content=\"600\" \/>\n\t<meta property=\"og:image:type\" content=\"image\/png\" \/>\n<meta name=\"twitter:card\" content=\"summary_large_image\" \/>\n<meta name=\"twitter:label1\" content=\"Dur\u00e9e de lecture estim\u00e9e\" \/>\n\t<meta name=\"twitter:data1\" content=\"2 minutes\" \/>\n<script type=\"application\/ld+json\" class=\"yoast-schema-graph\">{\"@context\":\"https:\/\/schema.org\",\"@graph\":[{\"@type\":\"WebPage\",\"@id\":\"https:\/\/latatoueuse.paris\/index.php\/produit\/bracelet-3-symboles-l-audacieuse\/\",\"url\":\"https:\/\/latatoueuse.paris\/index.php\/produit\/bracelet-3-symboles-l-audacieuse\/\",\"name\":\"BRACELET 3 SYMBOLES L'AUDACIEUSE - LA TATOUEUSE\",\"isPartOf\":{\"@id\":\"https:\/\/latatoueuse.paris\/#website\"},\"datePublished\":\"2018-09-19T15:19:27+00:00\",\"dateModified\":\"2023-09-23T16:13:01+00:00\",\"description\":\"Bracelet 3 symboles L'Audacieuse en acier chirurgical. Nos bijoux sont inspir\u00e9s du tatouage Old School. Ils r\u00e9sistent \u00e0 l'eau et au temps!\",\"breadcrumb\":{\"@id\":\"https:\/\/latatoueuse.paris\/index.php\/produit\/bracelet-3-symboles-l-audacieuse\/#breadcrumb\"},\"inLanguage\":\"fr-FR\",\"potentialAction\":[{\"@type\":\"ReadAction\",\"target\":[\"https:\/\/latatoueuse.paris\/index.php\/produit\/bracelet-3-symboles-l-audacieuse\/\"]}]},{\"@type\":\"BreadcrumbList\",\"@id\":\"https:\/\/latatoueuse.paris\/index.php\/produit\/bracelet-3-symboles-l-audacieuse\/#breadcrumb\",\"itemListElement\":[{\"@type\":\"ListItem\",\"position\":1,\"name\":\"Accueil\",\"item\":\"https:\/\/latatoueuse.paris\/\"},{\"@type\":\"ListItem\",\"position\":2,\"name\":\"Nos Bijoux\",\"item\":\"https:\/\/latatoueuse.paris\/index.php\/nos-bijoux\/\"},{\"@type\":\"ListItem\",\"position\":3,\"name\":\"BRACELET 3 SYMBOLES L&#8217;AUDACIEUSE\"}]},{\"@type\":\"WebSite\",\"@id\":\"https:\/\/latatoueuse.paris\/#website\",\"url\":\"https:\/\/latatoueuse.paris\/\",\"name\":\"LA TATOUEUSE.PARIS\",\"description\":\"BIJOUX ACIER INOXYDABLE\",\"publisher\":{\"@id\":\"https:\/\/latatoueuse.paris\/#organization\"},\"potentialAction\":[{\"@type\":\"SearchAction\",\"target\":{\"@type\":\"EntryPoint\",\"urlTemplate\":\"https:\/\/latatoueuse.paris\/?s={search_term_string}\"},\"query-input\":\"required name=search_term_string\"}],\"inLanguage\":\"fr-FR\"},{\"@type\":\"Organization\",\"@id\":\"https:\/\/latatoueuse.paris\/#organization\",\"name\":\"LA TATOUEUSE BIJOUX\",\"url\":\"https:\/\/latatoueuse.paris\/\",\"sameAs\":[\"https:\/\/www.instagram.com\/latatoueusebijoux\/\",\"https:\/\/www.facebook.com\/LaTatoueuseBijoux\"],\"logo\":{\"@type\":\"ImageObject\",\"inLanguage\":\"fr-FR\",\"@id\":\"https:\/\/latatoueuse.paris\/#\/schema\/logo\/image\/\",\"url\":\"https:\/\/latatoueuse.paris\/wp-content\/uploads\/2021\/06\/coeur-rouge-_by-CA_-noir.png\",\"contentUrl\":\"https:\/\/latatoueuse.paris\/wp-content\/uploads\/2021\/06\/coeur-rouge-_by-CA_-noir.png\",\"width\":1417,\"height\":1417,\"caption\":\"LA TATOUEUSE BIJOUX\"},\"image\":{\"@id\":\"https:\/\/latatoueuse.paris\/#\/schema\/logo\/image\/\"}}]}<\/script>\n<!-- \/ Yoast SEO plugin. -->","yoast_head_json":{"title":"BRACELET 3 SYMBOLES L'AUDACIEUSE - LA TATOUEUSE","description":"Bracelet 3 symboles L'Audacieuse en acier chirurgical. Nos bijoux sont inspir\u00e9s du tatouage Old School. Ils r\u00e9sistent \u00e0 l'eau et au temps!","robots":{"index":"index","follow":"follow","max-snippet":"max-snippet:-1","max-image-preview":"max-image-preview:large","max-video-preview":"max-video-preview:-1"},"canonical":"https:\/\/latatoueuse.paris\/index.php\/produit\/bracelet-3-symboles-l-audacieuse\/","og_locale":"fr_FR","og_type":"article","og_title":"BRACELET 3 SYMBOLES L'AUDACIEUSE - LA TATOUEUSE","og_description":"Bracelet 3 symboles L'Audacieuse en acier chirurgical. Nos bijoux sont inspir\u00e9s du tatouage Old School. Ils r\u00e9sistent \u00e0 l'eau et au temps!","og_url":"https:\/\/latatoueuse.paris\/index.php\/produit\/bracelet-3-symboles-l-audacieuse\/","og_site_name":"LA TATOUEUSE","article_publisher":"https:\/\/www.facebook.com\/LaTatoueuseBijoux","article_modified_time":"2023-09-23T16:13:01+00:00","og_image":[{"width":600,"height":600,"url":"https:\/\/latatoueuse.paris\/wp-content\/uploads\/2018\/09\/LHJVKL-e1623663836885.png","type":"image\/png"}],"twitter_card":"summary_large_image","twitter_misc":{"Dur\u00e9e de lecture estim\u00e9e":"2 minutes"},"schema":{"@context":"https:\/\/schema.org","@graph":[{"@type":"WebPage","@id":"https:\/\/latatoueuse.paris\/index.php\/produit\/bracelet-3-symboles-l-audacieuse\/","url":"https:\/\/latatoueuse.paris\/index.php\/produit\/bracelet-3-symboles-l-audacieuse\/","name":"BRACELET 3 SYMBOLES L'AUDACIEUSE - LA TATOUEUSE","isPartOf":{"@id":"https:\/\/latatoueuse.paris\/#website"},"datePublished":"2018-09-19T15:19:27+00:00","dateModified":"2023-09-23T16:13:01+00:00","description":"Bracelet 3 symboles L'Audacieuse en acier chirurgical. Nos bijoux sont inspir\u00e9s du tatouage Old School. Ils r\u00e9sistent \u00e0 l'eau et au temps!","breadcrumb":{"@id":"https:\/\/latatoueuse.paris\/index.php\/produit\/bracelet-3-symboles-l-audacieuse\/#breadcrumb"},"inLanguage":"fr-FR","potentialAction":[{"@type":"ReadAction","target":["https:\/\/latatoueuse.paris\/index.php\/produit\/bracelet-3-symboles-l-audacieuse\/"]}]},{"@type":"BreadcrumbList","@id":"https:\/\/latatoueuse.paris\/index.php\/produit\/bracelet-3-symboles-l-audacieuse\/#breadcrumb","itemListElement":[{"@type":"ListItem","position":1,"name":"Accueil","item":"https:\/\/latatoueuse.paris\/"},{"@type":"ListItem","position":2,"name":"Nos Bijoux","item":"https:\/\/latatoueuse.paris\/index.php\/nos-bijoux\/"},{"@type":"ListItem","position":3,"name":"BRACELET 3 SYMBOLES L&#8217;AUDACIEUSE"}]},{"@type":"WebSite","@id":"https:\/\/latatoueuse.paris\/#website","url":"https:\/\/latatoueuse.paris\/","name":"LA TATOUEUSE.PARIS","description":"BIJOUX ACIER INOXYDABLE","publisher":{"@id":"https:\/\/latatoueuse.paris\/#organization"},"potentialAction":[{"@type":"SearchAction","target":{"@type":"EntryPoint","urlTemplate":"https:\/\/latatoueuse.paris\/?s={search_term_string}"},"query-input":"required name=search_term_string"}],"inLanguage":"fr-FR"},{"@type":"Organization","@id":"https:\/\/latatoueuse.paris\/#organization","name":"LA TATOUEUSE BIJOUX","url":"https:\/\/latatoueuse.paris\/","sameAs":["https:\/\/www.instagram.com\/latatoueusebijoux\/","https:\/\/www.facebook.com\/LaTatoueuseBijoux"],"logo":{"@type":"ImageObject","inLanguage":"fr-FR","@id":"https:\/\/latatoueuse.paris\/#\/schema\/logo\/image\/","url":"https:\/\/latatoueuse.paris\/wp-content\/uploads\/2021\/06\/coeur-rouge-_by-CA_-noir.png","contentUrl":"https:\/\/latatoueuse.paris\/wp-content\/uploads\/2021\/06\/coeur-rouge-_by-CA_-noir.png","width":1417,"height":1417,"caption":"LA TATOUEUSE BIJOUX"},"image":{"@id":"https:\/\/latatoueuse.paris\/#\/schema\/logo\/image\/"}}]}},"_links":{"self":[{"href":"https:\/\/latatoueuse.paris\/index.php\/wp-json\/wp\/v2\/product\/495"}],"collection":[{"href":"https:\/\/latatoueuse.paris\/index.php\/wp-json\/wp\/v2\/product"}],"about":[{"href":"https:\/\/latatoueuse.paris\/index.php\/wp-json\/wp\/v2\/types\/product"}],"wp:featuredmedia":[{"embeddable":true,"href":"https:\/\/latatoueuse.paris\/index.php\/wp-json\/wp\/v2\/media\/6337"}],"wp:attachment":[{"href":"https:\/\/latatoueuse.paris\/index.php\/wp-json\/wp\/v2\/media?parent=495"}],"wp:term":[{"taxonomy":"product_cat","embeddable":true,"href":"https:\/\/latatoueuse.paris\/index.php\/wp-json\/wp\/v2\/product_cat?post=495"},{"taxonomy":"product_tag","embeddable":true,"href":"https:\/\/latatoueuse.paris\/index.php\/wp-json\/wp\/v2\/product_tag?post=495"}],"curies":[{"name":"wp","href":"https:\/\/api.w.org\/{rel}","templated":true}]}}