{"id":4494,"date":"2020-06-26T12:45:05","date_gmt":"2020-06-26T10:45:05","guid":{"rendered":"https:\/\/latatoueuse.paris\/?post_type=product&#038;p=4494"},"modified":"2025-10-19T18:27:10","modified_gmt":"2025-10-19T16:27:10","slug":"boucles-doreilles-longues-trefle","status":"publish","type":"product","link":"https:\/\/latatoueuse.paris\/index.php\/produit\/boucles-doreilles-longues-trefle\/","title":{"rendered":"BOUCLES D&#8217;OREILLES LONGUES TR\u00c8FLE"},"content":{"rendered":"<p>Boucles d&#8217;oreilles longues tr\u00e8fle en acier \u00e9maill\u00e9<\/p>\n<p><a href=\"https:\/\/www.tattoome.com\/blog\/styles-et-tendances\/tendances\/tatouage-trefle\/\"><span style=\"font-weight: 400;\">La signification du tr\u00e8fle<\/span><\/a><span style=\"font-weight: 400;\"> : Le tr\u00e8fle \u00e0 quatre feuilles est le symbole universel de la chance. C\u2019est sa raret\u00e9 qui lui attribue son r\u00f4le de porte bonheur. Effectivement, savez-vous qu\u2019il existe un tr\u00e8fle \u00e0 quatre feuilles pour dix-mille tr\u00e8fles \u00e0 trois feuilles ? En effet, d&#8217;apr\u00e8s la l\u00e9gende, chacune de ses feuilles apporterait r\u00e9ussite dans un domaine particulier : richesse, renomm\u00e9e, amour et sant\u00e9.<\/span><\/p>\n<p><span style=\"font-weight: 400;\">La Chanceuse est une femme pleine de vie qui aime se sentir rassur\u00e9e avec ses grigris porte-bonheur. C&#8217;est ainsi qu&#8217;\u00e0 la recherche de nouvelles aventures, elle doit sa chance \u00e0 sa fa\u00e7on d\u2019aborder la vie, positive et joyeuse.<\/span><\/p>\n<p><span style=\"font-weight: 400;\">La Tatoueuse Bijoux propose une large gamme de bijoux personnalisables et raffin\u00e9s, inspir\u00e9e de l\u2019iconographie du tatouage Old School. R\u00e9alis\u00e9s en acier chirurgical pour une tenue irr\u00e9prochable, les bijoux sont tremp\u00e9s dans un bain d\u2019or fin ou d\u2019argent. Ils sont waterproof, water-r\u00e9sistants et vous dureront toute votre vie !<\/span><\/p>\n<p><span style=\"font-weight: 400;\">C&#8217;est pourquoi, la marque s\u2019adresse \u00e0 toutes les ind\u00e9cises du tatouage qui repoussent inlassablement le jour o\u00f9 elles mettront les pieds dans un salon de tatouage. Mais aussi \u00e0 celles, d\u00e9j\u00e0 tatou\u00e9es, qui souhaitent agr\u00e9menter leurs tatouages par une symbolique suppl\u00e9mentaire. Et enfin, celles, plus novices en la mati\u00e8re, qui se d\u00e9couvriront un nouvel int\u00e9r\u00eat pour la signification des symboles figuratifs du tatouage.<\/span><\/p>\n<p><span style=\"font-weight: 400;\">Si vous aimez les boucles d&#8217;oreilles longues tr\u00e8fle dor\u00e9es, d\u00e9couvrez l&#8217;ensemble des bijoux tr\u00e8fle et oeil dans la collection<\/span><a href=\"https:\/\/latatoueuse.paris\/index.php\/la-reveuse-or\/\"> <span style=\"font-weight: 400;\">La Chanceus<\/span><\/a><span style=\"font-weight: 400;\">e<\/span><\/p>\n","protected":false},"excerpt":{"rendered":"<p>Boucles d\u2019oreilles pendantes longues, avec une cha\u00eene en acier inoxydable.<\/p>\n<ul>\n<li>composition : acier chirurgical<\/li>\n<li>charme : 0.9cm<\/li>\n<li>longueur : 4.5cm<\/li>\n<\/ul>\n","protected":false},"featured_media":12199,"template":"","meta":{"inline_featured_image":false},"product_cat":[77,32,39,142],"product_tag":[],"yoast_head":"<!-- This site is optimized with the Yoast SEO plugin v19.8 - https:\/\/yoast.com\/wordpress\/plugins\/seo\/ -->\n<title>BOUCLES D&#039;OREILLES LONGUES TR\u00c8FLE - LA TATOUEUSE<\/title>\n<meta name=\"description\" content=\"Boucles d&#039;oreilles longues tr\u00e8fle en acier chirurgical. Nos bijoux sont inspir\u00e9s du tatouage Old School. Ils r\u00e9sistent \u00e0 l&#039;eau et au temps!\" \/>\n<meta name=\"robots\" content=\"index, follow, max-snippet:-1, max-image-preview:large, max-video-preview:-1\" \/>\n<link rel=\"canonical\" href=\"https:\/\/latatoueuse.paris\/index.php\/produit\/boucles-doreilles-longues-trefle\/\" \/>\n<meta property=\"og:locale\" content=\"fr_FR\" \/>\n<meta property=\"og:type\" content=\"article\" \/>\n<meta property=\"og:title\" content=\"BOUCLES D&#039;OREILLES LONGUES TR\u00c8FLE - LA TATOUEUSE\" \/>\n<meta property=\"og:description\" content=\"Boucles d&#039;oreilles longues tr\u00e8fle en acier chirurgical. Nos bijoux sont inspir\u00e9s du tatouage Old School. Ils r\u00e9sistent \u00e0 l&#039;eau et au temps!\" \/>\n<meta property=\"og:url\" content=\"https:\/\/latatoueuse.paris\/index.php\/produit\/boucles-doreilles-longues-trefle\/\" \/>\n<meta property=\"og:site_name\" content=\"LA TATOUEUSE\" \/>\n<meta property=\"article:publisher\" content=\"https:\/\/www.facebook.com\/LaTatoueuseBijoux\" \/>\n<meta property=\"article:modified_time\" content=\"2025-10-19T16:27:10+00:00\" \/>\n<meta property=\"og:image\" content=\"https:\/\/latatoueuse.paris\/wp-content\/uploads\/2022\/02\/Boucles-doreilles-longues-acier-argente-trefle.jpg\" \/>\n\t<meta property=\"og:image:width\" content=\"747\" \/>\n\t<meta property=\"og:image:height\" content=\"1015\" \/>\n\t<meta property=\"og:image:type\" content=\"image\/jpeg\" \/>\n<meta name=\"twitter:card\" content=\"summary_large_image\" \/>\n<meta name=\"twitter:label1\" content=\"Dur\u00e9e de lecture estim\u00e9e\" \/>\n\t<meta name=\"twitter:data1\" content=\"2 minutes\" \/>\n<script type=\"application\/ld+json\" class=\"yoast-schema-graph\">{\"@context\":\"https:\/\/schema.org\",\"@graph\":[{\"@type\":\"WebPage\",\"@id\":\"https:\/\/latatoueuse.paris\/index.php\/produit\/boucles-doreilles-longues-trefle\/\",\"url\":\"https:\/\/latatoueuse.paris\/index.php\/produit\/boucles-doreilles-longues-trefle\/\",\"name\":\"BOUCLES D'OREILLES LONGUES TR\u00c8FLE - LA TATOUEUSE\",\"isPartOf\":{\"@id\":\"https:\/\/latatoueuse.paris\/#website\"},\"datePublished\":\"2020-06-26T10:45:05+00:00\",\"dateModified\":\"2025-10-19T16:27:10+00:00\",\"description\":\"Boucles d'oreilles longues tr\u00e8fle en acier chirurgical. Nos bijoux sont inspir\u00e9s du tatouage Old School. Ils r\u00e9sistent \u00e0 l'eau et au temps!\",\"breadcrumb\":{\"@id\":\"https:\/\/latatoueuse.paris\/index.php\/produit\/boucles-doreilles-longues-trefle\/#breadcrumb\"},\"inLanguage\":\"fr-FR\",\"potentialAction\":[{\"@type\":\"ReadAction\",\"target\":[\"https:\/\/latatoueuse.paris\/index.php\/produit\/boucles-doreilles-longues-trefle\/\"]}]},{\"@type\":\"BreadcrumbList\",\"@id\":\"https:\/\/latatoueuse.paris\/index.php\/produit\/boucles-doreilles-longues-trefle\/#breadcrumb\",\"itemListElement\":[{\"@type\":\"ListItem\",\"position\":1,\"name\":\"Accueil\",\"item\":\"https:\/\/latatoueuse.paris\/\"},{\"@type\":\"ListItem\",\"position\":2,\"name\":\"Nos Bijoux\",\"item\":\"https:\/\/latatoueuse.paris\/index.php\/nos-bijoux\/\"},{\"@type\":\"ListItem\",\"position\":3,\"name\":\"BOUCLES D&#8217;OREILLES LONGUES TR\u00c8FLE\"}]},{\"@type\":\"WebSite\",\"@id\":\"https:\/\/latatoueuse.paris\/#website\",\"url\":\"https:\/\/latatoueuse.paris\/\",\"name\":\"LA TATOUEUSE.PARIS\",\"description\":\"BIJOUX ACIER INOXYDABLE\",\"publisher\":{\"@id\":\"https:\/\/latatoueuse.paris\/#organization\"},\"potentialAction\":[{\"@type\":\"SearchAction\",\"target\":{\"@type\":\"EntryPoint\",\"urlTemplate\":\"https:\/\/latatoueuse.paris\/?s={search_term_string}\"},\"query-input\":\"required name=search_term_string\"}],\"inLanguage\":\"fr-FR\"},{\"@type\":\"Organization\",\"@id\":\"https:\/\/latatoueuse.paris\/#organization\",\"name\":\"LA TATOUEUSE BIJOUX\",\"url\":\"https:\/\/latatoueuse.paris\/\",\"sameAs\":[\"https:\/\/www.instagram.com\/latatoueusebijoux\/\",\"https:\/\/www.facebook.com\/LaTatoueuseBijoux\"],\"logo\":{\"@type\":\"ImageObject\",\"inLanguage\":\"fr-FR\",\"@id\":\"https:\/\/latatoueuse.paris\/#\/schema\/logo\/image\/\",\"url\":\"https:\/\/latatoueuse.paris\/wp-content\/uploads\/2021\/06\/coeur-rouge-_by-CA_-noir.png\",\"contentUrl\":\"https:\/\/latatoueuse.paris\/wp-content\/uploads\/2021\/06\/coeur-rouge-_by-CA_-noir.png\",\"width\":1417,\"height\":1417,\"caption\":\"LA TATOUEUSE BIJOUX\"},\"image\":{\"@id\":\"https:\/\/latatoueuse.paris\/#\/schema\/logo\/image\/\"}}]}<\/script>\n<!-- \/ Yoast SEO plugin. -->","yoast_head_json":{"title":"BOUCLES D'OREILLES LONGUES TR\u00c8FLE - LA TATOUEUSE","description":"Boucles d'oreilles longues tr\u00e8fle en acier chirurgical. Nos bijoux sont inspir\u00e9s du tatouage Old School. Ils r\u00e9sistent \u00e0 l'eau et au temps!","robots":{"index":"index","follow":"follow","max-snippet":"max-snippet:-1","max-image-preview":"max-image-preview:large","max-video-preview":"max-video-preview:-1"},"canonical":"https:\/\/latatoueuse.paris\/index.php\/produit\/boucles-doreilles-longues-trefle\/","og_locale":"fr_FR","og_type":"article","og_title":"BOUCLES D'OREILLES LONGUES TR\u00c8FLE - LA TATOUEUSE","og_description":"Boucles d'oreilles longues tr\u00e8fle en acier chirurgical. Nos bijoux sont inspir\u00e9s du tatouage Old School. Ils r\u00e9sistent \u00e0 l'eau et au temps!","og_url":"https:\/\/latatoueuse.paris\/index.php\/produit\/boucles-doreilles-longues-trefle\/","og_site_name":"LA TATOUEUSE","article_publisher":"https:\/\/www.facebook.com\/LaTatoueuseBijoux","article_modified_time":"2025-10-19T16:27:10+00:00","og_image":[{"width":747,"height":1015,"url":"https:\/\/latatoueuse.paris\/wp-content\/uploads\/2022\/02\/Boucles-doreilles-longues-acier-argente-trefle.jpg","type":"image\/jpeg"}],"twitter_card":"summary_large_image","twitter_misc":{"Dur\u00e9e de lecture estim\u00e9e":"2 minutes"},"schema":{"@context":"https:\/\/schema.org","@graph":[{"@type":"WebPage","@id":"https:\/\/latatoueuse.paris\/index.php\/produit\/boucles-doreilles-longues-trefle\/","url":"https:\/\/latatoueuse.paris\/index.php\/produit\/boucles-doreilles-longues-trefle\/","name":"BOUCLES D'OREILLES LONGUES TR\u00c8FLE - LA TATOUEUSE","isPartOf":{"@id":"https:\/\/latatoueuse.paris\/#website"},"datePublished":"2020-06-26T10:45:05+00:00","dateModified":"2025-10-19T16:27:10+00:00","description":"Boucles d'oreilles longues tr\u00e8fle en acier chirurgical. Nos bijoux sont inspir\u00e9s du tatouage Old School. Ils r\u00e9sistent \u00e0 l'eau et au temps!","breadcrumb":{"@id":"https:\/\/latatoueuse.paris\/index.php\/produit\/boucles-doreilles-longues-trefle\/#breadcrumb"},"inLanguage":"fr-FR","potentialAction":[{"@type":"ReadAction","target":["https:\/\/latatoueuse.paris\/index.php\/produit\/boucles-doreilles-longues-trefle\/"]}]},{"@type":"BreadcrumbList","@id":"https:\/\/latatoueuse.paris\/index.php\/produit\/boucles-doreilles-longues-trefle\/#breadcrumb","itemListElement":[{"@type":"ListItem","position":1,"name":"Accueil","item":"https:\/\/latatoueuse.paris\/"},{"@type":"ListItem","position":2,"name":"Nos Bijoux","item":"https:\/\/latatoueuse.paris\/index.php\/nos-bijoux\/"},{"@type":"ListItem","position":3,"name":"BOUCLES D&#8217;OREILLES LONGUES TR\u00c8FLE"}]},{"@type":"WebSite","@id":"https:\/\/latatoueuse.paris\/#website","url":"https:\/\/latatoueuse.paris\/","name":"LA TATOUEUSE.PARIS","description":"BIJOUX ACIER INOXYDABLE","publisher":{"@id":"https:\/\/latatoueuse.paris\/#organization"},"potentialAction":[{"@type":"SearchAction","target":{"@type":"EntryPoint","urlTemplate":"https:\/\/latatoueuse.paris\/?s={search_term_string}"},"query-input":"required name=search_term_string"}],"inLanguage":"fr-FR"},{"@type":"Organization","@id":"https:\/\/latatoueuse.paris\/#organization","name":"LA TATOUEUSE BIJOUX","url":"https:\/\/latatoueuse.paris\/","sameAs":["https:\/\/www.instagram.com\/latatoueusebijoux\/","https:\/\/www.facebook.com\/LaTatoueuseBijoux"],"logo":{"@type":"ImageObject","inLanguage":"fr-FR","@id":"https:\/\/latatoueuse.paris\/#\/schema\/logo\/image\/","url":"https:\/\/latatoueuse.paris\/wp-content\/uploads\/2021\/06\/coeur-rouge-_by-CA_-noir.png","contentUrl":"https:\/\/latatoueuse.paris\/wp-content\/uploads\/2021\/06\/coeur-rouge-_by-CA_-noir.png","width":1417,"height":1417,"caption":"LA TATOUEUSE BIJOUX"},"image":{"@id":"https:\/\/latatoueuse.paris\/#\/schema\/logo\/image\/"}}]}},"_links":{"self":[{"href":"https:\/\/latatoueuse.paris\/index.php\/wp-json\/wp\/v2\/product\/4494"}],"collection":[{"href":"https:\/\/latatoueuse.paris\/index.php\/wp-json\/wp\/v2\/product"}],"about":[{"href":"https:\/\/latatoueuse.paris\/index.php\/wp-json\/wp\/v2\/types\/product"}],"wp:featuredmedia":[{"embeddable":true,"href":"https:\/\/latatoueuse.paris\/index.php\/wp-json\/wp\/v2\/media\/12199"}],"wp:attachment":[{"href":"https:\/\/latatoueuse.paris\/index.php\/wp-json\/wp\/v2\/media?parent=4494"}],"wp:term":[{"taxonomy":"product_cat","embeddable":true,"href":"https:\/\/latatoueuse.paris\/index.php\/wp-json\/wp\/v2\/product_cat?post=4494"},{"taxonomy":"product_tag","embeddable":true,"href":"https:\/\/latatoueuse.paris\/index.php\/wp-json\/wp\/v2\/product_tag?post=4494"}],"curies":[{"name":"wp","href":"https:\/\/api.w.org\/{rel}","templated":true}]}}