{"id":4486,"date":"2020-06-26T13:03:05","date_gmt":"2020-06-26T11:03:05","guid":{"rendered":"https:\/\/latatoueuse.paris\/?post_type=product&#038;p=4486"},"modified":"2025-10-07T10:39:43","modified_gmt":"2025-10-07T08:39:43","slug":"boucles-doreilles-longues-hirondelle","status":"publish","type":"product","link":"https:\/\/latatoueuse.paris\/index.php\/produit\/boucles-doreilles-longues-hirondelle\/","title":{"rendered":"BOUCLES D&#8217;OREILLES LONGUES HIRONDELLE"},"content":{"rendered":"<p>Boucles d&#8217;oreilles longues hirondelle en acier \u00e9maill\u00e9<\/p>\n<p><a href=\"https:\/\/www.google.fr\/url?sa=t&amp;rct=j&amp;q=&amp;esrc=s&amp;source=web&amp;cd=&amp;cad=rja&amp;uact=8&amp;ved=2ahUKEwjd78eX24_xAhUE8xQKHaiSCksQFjACegQIBRAD&amp;url=https%3A%2F%2Fwww.journaldesfemmes.fr%2Fbeaute%2Fconseils-tatouage-et-piercing%2F2613345-tatouage-ancre-marine-signification-prix%2F%23%3A~%3Atext%3DCar%2520sa%2520signification%2520va%2520plus%2Cmanque%2520peut%252D%25C3%25AAtre%2520un%2520peu.&amp;usg=AOvVaw1r5UxwVdj--MtogbX1Y4Vk\"><span style=\"font-weight: 400;\">La signification de l\u2019ancre<\/span><\/a><span style=\"font-weight: 400;\"> : L\u2019ancre, est le symbole ultime du marin voyageur. Comme pour le bateau, l\u2019ancre conf\u00e8re stabilit\u00e9, calme et solidit\u00e9 \u00e0 celui qui se la tatoue sur la peau. Elle symbolise le d\u00e9sir des navigateurs de retourner au port sains et saufs. De plus, elle r\u00e9v\u00e8le d&#8217;une grande attache sentimentale envers un lieu ou une personne.<\/span><\/p>\n<p><span style=\"font-weight: 400;\">La Voyageuse est collection pour une femme ind\u00e9pendante qui n\u2019attend qu\u2019une chose, prendre son envol.\u00a0 Cette soif de libert\u00e9 l\u2019entra\u00eene sans cesse \u00e0 relever de nouveaux d\u00e9fis. Telle une hirondelle, elle parcourt le monde mais reste fid\u00e8le \u00e0 ses origines, revenant toujours aupr\u00e8s des siens.<\/span><\/p>\n<p><span style=\"font-weight: 400;\">La Tatoueuse Bijoux propose une large gamme de bijoux personnalisables et raffin\u00e9s, inspir\u00e9e de l\u2019iconographie du tatouage Old School. Nos bijoux sont r\u00e9alis\u00e9s en acier chirurgical pour une tenue irr\u00e9prochable, puis tremp\u00e9s dans un bain d\u2019or fin ou d\u2019argent. Ils sont waterproof, water-r\u00e9sistants et\u00a0 vous accompagneront longtemps !<\/span><\/p>\n<p><span style=\"font-weight: 400;\">C&#8217;est pourquoi, la marque s\u2019adresse \u00e0 toutes les ind\u00e9cises du tatouage qui repoussent inlassablement le jour o\u00f9 elles mettront les pieds dans un salon de tatouage. Mais aussi \u00e0 celles, d\u00e9j\u00e0 tatou\u00e9es, qui souhaitent agr\u00e9menter leurs tatouages par une symbolique suppl\u00e9mentaire. Et enfin, celles, plus novices en la mati\u00e8re, qui se d\u00e9couvriront un nouvel int\u00e9r\u00eat pour la signification des symboles figuratifs du tatouage.<\/span><\/p>\n<p><span style=\"font-weight: 400;\">Si vous aimez les boucles d&#8217;oreilles longues hirondelle, d\u00e9couvrez l&#8217;ensemble des bijoux hirondelle dans la collection La Voyageuse<\/span><\/p>\n","protected":false},"excerpt":{"rendered":"<p>Boucles d\u2019oreilles pendantes longues, \u00e9maill\u00e9es dor\u00e9, avec une cha\u00eene en acier inoxydable.<\/p>\n<ul>\n<li>composition : acier chirurgical<\/li>\n<li>charme : 0.9cm<\/li>\n<li>longueur : 4.5cm<\/li>\n<\/ul>\n","protected":false},"featured_media":14880,"template":"","meta":{"inline_featured_image":false},"product_cat":[32,78,140,41,92],"product_tag":[81,80],"yoast_head":"<!-- This site is optimized with the Yoast SEO plugin v19.8 - https:\/\/yoast.com\/wordpress\/plugins\/seo\/ -->\n<title>BOUCLES D&#039;OREILLES LONGUES HIRONDELLE - LA TATOUEUSE<\/title>\n<meta name=\"description\" content=\"Boucles d&#039;oreilles longues hirondelle en acier chirurgical.Nos bijoux sont inspir\u00e9s du tatouage Old School.Ils r\u00e9sistent \u00e0 l&#039;eau et au temps\" \/>\n<meta name=\"robots\" content=\"index, follow, max-snippet:-1, max-image-preview:large, max-video-preview:-1\" \/>\n<link rel=\"canonical\" href=\"https:\/\/latatoueuse.paris\/index.php\/produit\/boucles-doreilles-longues-hirondelle\/\" \/>\n<meta property=\"og:locale\" content=\"fr_FR\" \/>\n<meta property=\"og:type\" content=\"article\" \/>\n<meta property=\"og:title\" content=\"BOUCLES D&#039;OREILLES LONGUES HIRONDELLE - LA TATOUEUSE\" \/>\n<meta property=\"og:description\" content=\"Boucles d&#039;oreilles longues hirondelle en acier chirurgical.Nos bijoux sont inspir\u00e9s du tatouage Old School.Ils r\u00e9sistent \u00e0 l&#039;eau et au temps\" \/>\n<meta property=\"og:url\" content=\"https:\/\/latatoueuse.paris\/index.php\/produit\/boucles-doreilles-longues-hirondelle\/\" \/>\n<meta property=\"og:site_name\" content=\"LA TATOUEUSE\" \/>\n<meta property=\"article:publisher\" content=\"https:\/\/www.facebook.com\/LaTatoueuseBijoux\" \/>\n<meta property=\"article:modified_time\" content=\"2025-10-07T08:39:43+00:00\" \/>\n<meta property=\"og:image\" content=\"https:\/\/latatoueuse.paris\/wp-content\/uploads\/2020\/06\/Boucles-doreilles-longues-acier-dore-hirondelle.jpg\" \/>\n\t<meta property=\"og:image:width\" content=\"747\" \/>\n\t<meta property=\"og:image:height\" content=\"1014\" \/>\n\t<meta property=\"og:image:type\" content=\"image\/jpeg\" \/>\n<meta name=\"twitter:card\" content=\"summary_large_image\" \/>\n<meta name=\"twitter:label1\" content=\"Dur\u00e9e de lecture estim\u00e9e\" \/>\n\t<meta name=\"twitter:data1\" content=\"2 minutes\" \/>\n<script type=\"application\/ld+json\" class=\"yoast-schema-graph\">{\"@context\":\"https:\/\/schema.org\",\"@graph\":[{\"@type\":\"WebPage\",\"@id\":\"https:\/\/latatoueuse.paris\/index.php\/produit\/boucles-doreilles-longues-hirondelle\/\",\"url\":\"https:\/\/latatoueuse.paris\/index.php\/produit\/boucles-doreilles-longues-hirondelle\/\",\"name\":\"BOUCLES D'OREILLES LONGUES HIRONDELLE - LA TATOUEUSE\",\"isPartOf\":{\"@id\":\"https:\/\/latatoueuse.paris\/#website\"},\"datePublished\":\"2020-06-26T11:03:05+00:00\",\"dateModified\":\"2025-10-07T08:39:43+00:00\",\"description\":\"Boucles d'oreilles longues hirondelle en acier chirurgical.Nos bijoux sont inspir\u00e9s du tatouage Old School.Ils r\u00e9sistent \u00e0 l'eau et au temps\",\"breadcrumb\":{\"@id\":\"https:\/\/latatoueuse.paris\/index.php\/produit\/boucles-doreilles-longues-hirondelle\/#breadcrumb\"},\"inLanguage\":\"fr-FR\",\"potentialAction\":[{\"@type\":\"ReadAction\",\"target\":[\"https:\/\/latatoueuse.paris\/index.php\/produit\/boucles-doreilles-longues-hirondelle\/\"]}]},{\"@type\":\"BreadcrumbList\",\"@id\":\"https:\/\/latatoueuse.paris\/index.php\/produit\/boucles-doreilles-longues-hirondelle\/#breadcrumb\",\"itemListElement\":[{\"@type\":\"ListItem\",\"position\":1,\"name\":\"Accueil\",\"item\":\"https:\/\/latatoueuse.paris\/\"},{\"@type\":\"ListItem\",\"position\":2,\"name\":\"Nos Bijoux\",\"item\":\"https:\/\/latatoueuse.paris\/index.php\/nos-bijoux\/\"},{\"@type\":\"ListItem\",\"position\":3,\"name\":\"BOUCLES D&#8217;OREILLES LONGUES HIRONDELLE\"}]},{\"@type\":\"WebSite\",\"@id\":\"https:\/\/latatoueuse.paris\/#website\",\"url\":\"https:\/\/latatoueuse.paris\/\",\"name\":\"LA TATOUEUSE.PARIS\",\"description\":\"BIJOUX ACIER INOXYDABLE\",\"publisher\":{\"@id\":\"https:\/\/latatoueuse.paris\/#organization\"},\"potentialAction\":[{\"@type\":\"SearchAction\",\"target\":{\"@type\":\"EntryPoint\",\"urlTemplate\":\"https:\/\/latatoueuse.paris\/?s={search_term_string}\"},\"query-input\":\"required name=search_term_string\"}],\"inLanguage\":\"fr-FR\"},{\"@type\":\"Organization\",\"@id\":\"https:\/\/latatoueuse.paris\/#organization\",\"name\":\"LA TATOUEUSE BIJOUX\",\"url\":\"https:\/\/latatoueuse.paris\/\",\"sameAs\":[\"https:\/\/www.instagram.com\/latatoueusebijoux\/\",\"https:\/\/www.facebook.com\/LaTatoueuseBijoux\"],\"logo\":{\"@type\":\"ImageObject\",\"inLanguage\":\"fr-FR\",\"@id\":\"https:\/\/latatoueuse.paris\/#\/schema\/logo\/image\/\",\"url\":\"https:\/\/latatoueuse.paris\/wp-content\/uploads\/2021\/06\/coeur-rouge-_by-CA_-noir.png\",\"contentUrl\":\"https:\/\/latatoueuse.paris\/wp-content\/uploads\/2021\/06\/coeur-rouge-_by-CA_-noir.png\",\"width\":1417,\"height\":1417,\"caption\":\"LA TATOUEUSE BIJOUX\"},\"image\":{\"@id\":\"https:\/\/latatoueuse.paris\/#\/schema\/logo\/image\/\"}}]}<\/script>\n<!-- \/ Yoast SEO plugin. -->","yoast_head_json":{"title":"BOUCLES D'OREILLES LONGUES HIRONDELLE - LA TATOUEUSE","description":"Boucles d'oreilles longues hirondelle en acier chirurgical.Nos bijoux sont inspir\u00e9s du tatouage Old School.Ils r\u00e9sistent \u00e0 l'eau et au temps","robots":{"index":"index","follow":"follow","max-snippet":"max-snippet:-1","max-image-preview":"max-image-preview:large","max-video-preview":"max-video-preview:-1"},"canonical":"https:\/\/latatoueuse.paris\/index.php\/produit\/boucles-doreilles-longues-hirondelle\/","og_locale":"fr_FR","og_type":"article","og_title":"BOUCLES D'OREILLES LONGUES HIRONDELLE - LA TATOUEUSE","og_description":"Boucles d'oreilles longues hirondelle en acier chirurgical.Nos bijoux sont inspir\u00e9s du tatouage Old School.Ils r\u00e9sistent \u00e0 l'eau et au temps","og_url":"https:\/\/latatoueuse.paris\/index.php\/produit\/boucles-doreilles-longues-hirondelle\/","og_site_name":"LA TATOUEUSE","article_publisher":"https:\/\/www.facebook.com\/LaTatoueuseBijoux","article_modified_time":"2025-10-07T08:39:43+00:00","og_image":[{"width":747,"height":1014,"url":"https:\/\/latatoueuse.paris\/wp-content\/uploads\/2020\/06\/Boucles-doreilles-longues-acier-dore-hirondelle.jpg","type":"image\/jpeg"}],"twitter_card":"summary_large_image","twitter_misc":{"Dur\u00e9e de lecture estim\u00e9e":"2 minutes"},"schema":{"@context":"https:\/\/schema.org","@graph":[{"@type":"WebPage","@id":"https:\/\/latatoueuse.paris\/index.php\/produit\/boucles-doreilles-longues-hirondelle\/","url":"https:\/\/latatoueuse.paris\/index.php\/produit\/boucles-doreilles-longues-hirondelle\/","name":"BOUCLES D'OREILLES LONGUES HIRONDELLE - LA TATOUEUSE","isPartOf":{"@id":"https:\/\/latatoueuse.paris\/#website"},"datePublished":"2020-06-26T11:03:05+00:00","dateModified":"2025-10-07T08:39:43+00:00","description":"Boucles d'oreilles longues hirondelle en acier chirurgical.Nos bijoux sont inspir\u00e9s du tatouage Old School.Ils r\u00e9sistent \u00e0 l'eau et au temps","breadcrumb":{"@id":"https:\/\/latatoueuse.paris\/index.php\/produit\/boucles-doreilles-longues-hirondelle\/#breadcrumb"},"inLanguage":"fr-FR","potentialAction":[{"@type":"ReadAction","target":["https:\/\/latatoueuse.paris\/index.php\/produit\/boucles-doreilles-longues-hirondelle\/"]}]},{"@type":"BreadcrumbList","@id":"https:\/\/latatoueuse.paris\/index.php\/produit\/boucles-doreilles-longues-hirondelle\/#breadcrumb","itemListElement":[{"@type":"ListItem","position":1,"name":"Accueil","item":"https:\/\/latatoueuse.paris\/"},{"@type":"ListItem","position":2,"name":"Nos Bijoux","item":"https:\/\/latatoueuse.paris\/index.php\/nos-bijoux\/"},{"@type":"ListItem","position":3,"name":"BOUCLES D&#8217;OREILLES LONGUES HIRONDELLE"}]},{"@type":"WebSite","@id":"https:\/\/latatoueuse.paris\/#website","url":"https:\/\/latatoueuse.paris\/","name":"LA TATOUEUSE.PARIS","description":"BIJOUX ACIER INOXYDABLE","publisher":{"@id":"https:\/\/latatoueuse.paris\/#organization"},"potentialAction":[{"@type":"SearchAction","target":{"@type":"EntryPoint","urlTemplate":"https:\/\/latatoueuse.paris\/?s={search_term_string}"},"query-input":"required name=search_term_string"}],"inLanguage":"fr-FR"},{"@type":"Organization","@id":"https:\/\/latatoueuse.paris\/#organization","name":"LA TATOUEUSE BIJOUX","url":"https:\/\/latatoueuse.paris\/","sameAs":["https:\/\/www.instagram.com\/latatoueusebijoux\/","https:\/\/www.facebook.com\/LaTatoueuseBijoux"],"logo":{"@type":"ImageObject","inLanguage":"fr-FR","@id":"https:\/\/latatoueuse.paris\/#\/schema\/logo\/image\/","url":"https:\/\/latatoueuse.paris\/wp-content\/uploads\/2021\/06\/coeur-rouge-_by-CA_-noir.png","contentUrl":"https:\/\/latatoueuse.paris\/wp-content\/uploads\/2021\/06\/coeur-rouge-_by-CA_-noir.png","width":1417,"height":1417,"caption":"LA TATOUEUSE BIJOUX"},"image":{"@id":"https:\/\/latatoueuse.paris\/#\/schema\/logo\/image\/"}}]}},"_links":{"self":[{"href":"https:\/\/latatoueuse.paris\/index.php\/wp-json\/wp\/v2\/product\/4486"}],"collection":[{"href":"https:\/\/latatoueuse.paris\/index.php\/wp-json\/wp\/v2\/product"}],"about":[{"href":"https:\/\/latatoueuse.paris\/index.php\/wp-json\/wp\/v2\/types\/product"}],"wp:featuredmedia":[{"embeddable":true,"href":"https:\/\/latatoueuse.paris\/index.php\/wp-json\/wp\/v2\/media\/14880"}],"wp:attachment":[{"href":"https:\/\/latatoueuse.paris\/index.php\/wp-json\/wp\/v2\/media?parent=4486"}],"wp:term":[{"taxonomy":"product_cat","embeddable":true,"href":"https:\/\/latatoueuse.paris\/index.php\/wp-json\/wp\/v2\/product_cat?post=4486"},{"taxonomy":"product_tag","embeddable":true,"href":"https:\/\/latatoueuse.paris\/index.php\/wp-json\/wp\/v2\/product_tag?post=4486"}],"curies":[{"name":"wp","href":"https:\/\/api.w.org\/{rel}","templated":true}]}}