{"id":367,"date":"2018-09-19T16:12:22","date_gmt":"2018-09-19T14:12:22","guid":{"rendered":"http:\/\/latatoueuse.paris\/?post_type=product&#038;p=367"},"modified":"2025-10-09T15:08:02","modified_gmt":"2025-10-09T13:08:02","slug":"creoles-la-voyageuse","status":"publish","type":"product","link":"https:\/\/latatoueuse.paris\/index.php\/produit\/creoles-la-voyageuse\/","title":{"rendered":"CR\u00c9OLES LA VOYAGEUSE"},"content":{"rendered":"<p>Cr\u00e9oles La Voyageuse en acier \u00e9maill\u00e9<\/p>\n<p><a href=\"https:\/\/www.google.fr\/url?sa=t&amp;rct=j&amp;q=&amp;esrc=s&amp;source=web&amp;cd=&amp;cad=rja&amp;uact=8&amp;ved=2ahUKEwjowsbH24_xAhWnD2MBHRa9AeIQFjAIegQIAhAD&amp;url=https%3A%2F%2Fautourdelafrance.com%2Fsignification-tatouage-hirondelle%2F&amp;usg=AOvVaw0ftLTuWrR4PVyWxCaCTbcw\"><span style=\"font-weight: 400;\">La signification de l\u2019hirondelle<\/span><\/a><span style=\"font-weight: 400;\"> : Ce fut les marins qui arboraient en premier ce symbole. Ils se faisaient tatouer une hirondelle apr\u00e8s chaque long et p\u00e9rilleux voyage. Cet oiseau \u00e9tait annonciateur du retour et symbole d\u2019espoir. Egalement, ce tatouage a \u00e9t\u00e9 repris par les anciens prisonniers, repr\u00e9sentant leur libert\u00e9.<\/span><\/p>\n<p><a href=\"https:\/\/www.tattoome.com\/blog\/styles-et-tendances\/tatouage-oeil\/\"><span style=\"font-weight: 400;\">La signification de l&#8217;\u0153il<\/span><\/a><span style=\"font-weight: 400;\"> : Chez les Hindous, le dieu Shiva poss\u00e8de trois yeux. Celui qu&#8217;il porte au milieu du front symbolise la connaissance spirituelle et la protection contre le mal et l&#8217;ignorance. L&#8217;\u0153il retrouve \u00e9galement cette fonction de talisman porte bonheur dans de nombreux pays m\u00e9diterran\u00e9ens. Ces peuples ont pour habitude de porter de petites amulettes en forme d\u2019\u0153il afin d\u2019\u00e9loigner le mauvais sort.<\/span><\/p>\n<p><a href=\"https:\/\/www.google.fr\/url?sa=t&amp;rct=j&amp;q=&amp;esrc=s&amp;source=web&amp;cd=&amp;cad=rja&amp;uact=8&amp;ved=2ahUKEwjd78eX24_xAhUE8xQKHaiSCksQFjACegQIBRAD&amp;url=https%3A%2F%2Fwww.journaldesfemmes.fr%2Fbeaute%2Fconseils-tatouage-et-piercing%2F2613345-tatouage-ancre-marine-signification-prix%2F%23%3A~%3Atext%3DCar%2520sa%2520signification%2520va%2520plus%2Cmanque%2520peut%252D%25C3%25AAtre%2520un%2520peu.&amp;usg=AOvVaw1r5UxwVdj--MtogbX1Y4Vk\"><span style=\"font-weight: 400;\">La signification de l\u2019ancre<\/span><\/a><span style=\"font-weight: 400;\"> : L\u2019ancre, est le symbole ultime du marin voyageur. Comme pour le bateau, l\u2019ancre conf\u00e8re stabilit\u00e9, calme et solidit\u00e9 \u00e0 celui qui se la tatoue sur la peau. Elle symbolise le d\u00e9sir des navigateurs de retourner au port sains et saufs. De plus, elle r\u00e9v\u00e8le d&#8217;une grande attache sentimentale envers un lieu ou une personne.<\/span><\/p>\n<p><span style=\"font-weight: 400;\">La Voyageuse est collection pour une femme ind\u00e9pendante qui n\u2019attend qu\u2019une chose, prendre son envol.\u00a0 Cette soif de libert\u00e9 l\u2019entra\u00eene sans cesse \u00e0 relever de nouveaux d\u00e9fis. Telle une hirondelle, elle parcourt le monde mais reste fid\u00e8le \u00e0 ses origines, revenant toujours aupr\u00e8s des siens.<\/span><\/p>\n<p><span style=\"font-weight: 400;\">La Tatoueuse Bijoux propose une large gamme de bijoux personnalisables et raffin\u00e9s, inspir\u00e9e de l\u2019iconographie du tatouage Old School. Nos bijoux sont r\u00e9alis\u00e9s en acier chirurgical pour une tenue irr\u00e9prochable, puis tremp\u00e9s dans un bain d\u2019or fin ou d\u2019argent. Ils sont waterproof, water-r\u00e9sistants et\u00a0 vous accompagneront longtemps !<\/span><\/p>\n<p><span style=\"font-weight: 400;\">C&#8217;est pourquoi, la marque s\u2019adresse \u00e0 toutes les ind\u00e9cises du tatouage qui repoussent inlassablement le jour o\u00f9 elles mettront les pieds dans un salon de tatouage. Mais aussi \u00e0 celles, d\u00e9j\u00e0 tatou\u00e9es, qui souhaitent agr\u00e9menter leurs tatouages par une symbolique suppl\u00e9mentaire. Et enfin, celles, plus novices en la mati\u00e8re, qui se d\u00e9couvriront un nouvel int\u00e9r\u00eat pour la signification des symboles figuratifs du tatouage.<\/span><\/p>\n<p><span style=\"font-weight: 400;\">Si vous aimez les cr\u00e9oles La Voyageuse, d\u00e9couvrez l&#8217;ensemble des bijoux hirondelle, ancre et oeil dans la collection La Voyageuse<\/span><\/p>\n","protected":false},"excerpt":{"rendered":"<p>Cr\u00e9oles 3 symboles en acier \u00e9maill\u00e9<\/p>\n<ul>\n<li>Diam\u00e8tre 4.5 cm<\/li>\n<li>Charms 1 cm<\/li>\n<li>Composition acier chirurgical<\/li>\n<\/ul>\n","protected":false},"featured_media":6397,"template":"","meta":{"inline_featured_image":false},"product_cat":[77,32,41,92],"product_tag":[81,80],"yoast_head":"<!-- This site is optimized with the Yoast SEO plugin v19.8 - https:\/\/yoast.com\/wordpress\/plugins\/seo\/ -->\n<title>CR\u00c9OLES LA VOYAGEUSE - LA TATOUEUSE BIJOUX<\/title>\n<meta name=\"description\" content=\"Cr\u00e9oles La Voyageuse en acier chirurgical. Nos bijoux sont inspir\u00e9s du tatouage Old School. Ils r\u00e9sistent \u00e0 l&#039;eau et au temps!\" \/>\n<meta name=\"robots\" content=\"index, follow, max-snippet:-1, max-image-preview:large, max-video-preview:-1\" \/>\n<link rel=\"canonical\" href=\"https:\/\/latatoueuse.paris\/index.php\/produit\/creoles-la-voyageuse\/\" \/>\n<meta property=\"og:locale\" content=\"fr_FR\" \/>\n<meta property=\"og:type\" content=\"article\" \/>\n<meta property=\"og:title\" content=\"CR\u00c9OLES LA VOYAGEUSE - LA TATOUEUSE BIJOUX\" \/>\n<meta property=\"og:description\" content=\"Cr\u00e9oles La Voyageuse en acier chirurgical. Nos bijoux sont inspir\u00e9s du tatouage Old School. Ils r\u00e9sistent \u00e0 l&#039;eau et au temps!\" \/>\n<meta property=\"og:url\" content=\"https:\/\/latatoueuse.paris\/index.php\/produit\/creoles-la-voyageuse\/\" \/>\n<meta property=\"og:site_name\" content=\"LA TATOUEUSE\" \/>\n<meta property=\"article:publisher\" content=\"https:\/\/www.facebook.com\/LaTatoueuseBijoux\" \/>\n<meta property=\"article:modified_time\" content=\"2025-10-09T13:08:02+00:00\" \/>\n<meta property=\"og:image\" content=\"https:\/\/latatoueuse.paris\/wp-content\/uploads\/2018\/09\/anneaux-la-chanceuse-or.jpg\" \/>\n\t<meta property=\"og:image:width\" content=\"600\" \/>\n\t<meta property=\"og:image:height\" content=\"800\" \/>\n\t<meta property=\"og:image:type\" content=\"image\/jpeg\" \/>\n<meta name=\"twitter:card\" content=\"summary_large_image\" \/>\n<meta name=\"twitter:label1\" content=\"Dur\u00e9e de lecture estim\u00e9e\" \/>\n\t<meta name=\"twitter:data1\" content=\"2 minutes\" \/>\n<script type=\"application\/ld+json\" class=\"yoast-schema-graph\">{\"@context\":\"https:\/\/schema.org\",\"@graph\":[{\"@type\":\"WebPage\",\"@id\":\"https:\/\/latatoueuse.paris\/index.php\/produit\/creoles-la-voyageuse\/\",\"url\":\"https:\/\/latatoueuse.paris\/index.php\/produit\/creoles-la-voyageuse\/\",\"name\":\"CR\u00c9OLES LA VOYAGEUSE - LA TATOUEUSE BIJOUX\",\"isPartOf\":{\"@id\":\"https:\/\/latatoueuse.paris\/#website\"},\"datePublished\":\"2018-09-19T14:12:22+00:00\",\"dateModified\":\"2025-10-09T13:08:02+00:00\",\"description\":\"Cr\u00e9oles La Voyageuse en acier chirurgical. Nos bijoux sont inspir\u00e9s du tatouage Old School. Ils r\u00e9sistent \u00e0 l'eau et au temps!\",\"breadcrumb\":{\"@id\":\"https:\/\/latatoueuse.paris\/index.php\/produit\/creoles-la-voyageuse\/#breadcrumb\"},\"inLanguage\":\"fr-FR\",\"potentialAction\":[{\"@type\":\"ReadAction\",\"target\":[\"https:\/\/latatoueuse.paris\/index.php\/produit\/creoles-la-voyageuse\/\"]}]},{\"@type\":\"BreadcrumbList\",\"@id\":\"https:\/\/latatoueuse.paris\/index.php\/produit\/creoles-la-voyageuse\/#breadcrumb\",\"itemListElement\":[{\"@type\":\"ListItem\",\"position\":1,\"name\":\"Accueil\",\"item\":\"https:\/\/latatoueuse.paris\/\"},{\"@type\":\"ListItem\",\"position\":2,\"name\":\"Nos Bijoux\",\"item\":\"https:\/\/latatoueuse.paris\/index.php\/nos-bijoux\/\"},{\"@type\":\"ListItem\",\"position\":3,\"name\":\"CR\u00c9OLES LA VOYAGEUSE\"}]},{\"@type\":\"WebSite\",\"@id\":\"https:\/\/latatoueuse.paris\/#website\",\"url\":\"https:\/\/latatoueuse.paris\/\",\"name\":\"LA TATOUEUSE.PARIS\",\"description\":\"BIJOUX ACIER INOXYDABLE\",\"publisher\":{\"@id\":\"https:\/\/latatoueuse.paris\/#organization\"},\"potentialAction\":[{\"@type\":\"SearchAction\",\"target\":{\"@type\":\"EntryPoint\",\"urlTemplate\":\"https:\/\/latatoueuse.paris\/?s={search_term_string}\"},\"query-input\":\"required name=search_term_string\"}],\"inLanguage\":\"fr-FR\"},{\"@type\":\"Organization\",\"@id\":\"https:\/\/latatoueuse.paris\/#organization\",\"name\":\"LA TATOUEUSE BIJOUX\",\"url\":\"https:\/\/latatoueuse.paris\/\",\"sameAs\":[\"https:\/\/www.instagram.com\/latatoueusebijoux\/\",\"https:\/\/www.facebook.com\/LaTatoueuseBijoux\"],\"logo\":{\"@type\":\"ImageObject\",\"inLanguage\":\"fr-FR\",\"@id\":\"https:\/\/latatoueuse.paris\/#\/schema\/logo\/image\/\",\"url\":\"https:\/\/latatoueuse.paris\/wp-content\/uploads\/2021\/06\/coeur-rouge-_by-CA_-noir.png\",\"contentUrl\":\"https:\/\/latatoueuse.paris\/wp-content\/uploads\/2021\/06\/coeur-rouge-_by-CA_-noir.png\",\"width\":1417,\"height\":1417,\"caption\":\"LA TATOUEUSE BIJOUX\"},\"image\":{\"@id\":\"https:\/\/latatoueuse.paris\/#\/schema\/logo\/image\/\"}}]}<\/script>\n<!-- \/ Yoast SEO plugin. -->","yoast_head_json":{"title":"CR\u00c9OLES LA VOYAGEUSE - LA TATOUEUSE BIJOUX","description":"Cr\u00e9oles La Voyageuse en acier chirurgical. Nos bijoux sont inspir\u00e9s du tatouage Old School. Ils r\u00e9sistent \u00e0 l'eau et au temps!","robots":{"index":"index","follow":"follow","max-snippet":"max-snippet:-1","max-image-preview":"max-image-preview:large","max-video-preview":"max-video-preview:-1"},"canonical":"https:\/\/latatoueuse.paris\/index.php\/produit\/creoles-la-voyageuse\/","og_locale":"fr_FR","og_type":"article","og_title":"CR\u00c9OLES LA VOYAGEUSE - LA TATOUEUSE BIJOUX","og_description":"Cr\u00e9oles La Voyageuse en acier chirurgical. Nos bijoux sont inspir\u00e9s du tatouage Old School. Ils r\u00e9sistent \u00e0 l'eau et au temps!","og_url":"https:\/\/latatoueuse.paris\/index.php\/produit\/creoles-la-voyageuse\/","og_site_name":"LA TATOUEUSE","article_publisher":"https:\/\/www.facebook.com\/LaTatoueuseBijoux","article_modified_time":"2025-10-09T13:08:02+00:00","og_image":[{"width":600,"height":800,"url":"https:\/\/latatoueuse.paris\/wp-content\/uploads\/2018\/09\/anneaux-la-chanceuse-or.jpg","type":"image\/jpeg"}],"twitter_card":"summary_large_image","twitter_misc":{"Dur\u00e9e de lecture estim\u00e9e":"2 minutes"},"schema":{"@context":"https:\/\/schema.org","@graph":[{"@type":"WebPage","@id":"https:\/\/latatoueuse.paris\/index.php\/produit\/creoles-la-voyageuse\/","url":"https:\/\/latatoueuse.paris\/index.php\/produit\/creoles-la-voyageuse\/","name":"CR\u00c9OLES LA VOYAGEUSE - LA TATOUEUSE BIJOUX","isPartOf":{"@id":"https:\/\/latatoueuse.paris\/#website"},"datePublished":"2018-09-19T14:12:22+00:00","dateModified":"2025-10-09T13:08:02+00:00","description":"Cr\u00e9oles La Voyageuse en acier chirurgical. Nos bijoux sont inspir\u00e9s du tatouage Old School. Ils r\u00e9sistent \u00e0 l'eau et au temps!","breadcrumb":{"@id":"https:\/\/latatoueuse.paris\/index.php\/produit\/creoles-la-voyageuse\/#breadcrumb"},"inLanguage":"fr-FR","potentialAction":[{"@type":"ReadAction","target":["https:\/\/latatoueuse.paris\/index.php\/produit\/creoles-la-voyageuse\/"]}]},{"@type":"BreadcrumbList","@id":"https:\/\/latatoueuse.paris\/index.php\/produit\/creoles-la-voyageuse\/#breadcrumb","itemListElement":[{"@type":"ListItem","position":1,"name":"Accueil","item":"https:\/\/latatoueuse.paris\/"},{"@type":"ListItem","position":2,"name":"Nos Bijoux","item":"https:\/\/latatoueuse.paris\/index.php\/nos-bijoux\/"},{"@type":"ListItem","position":3,"name":"CR\u00c9OLES LA VOYAGEUSE"}]},{"@type":"WebSite","@id":"https:\/\/latatoueuse.paris\/#website","url":"https:\/\/latatoueuse.paris\/","name":"LA TATOUEUSE.PARIS","description":"BIJOUX ACIER INOXYDABLE","publisher":{"@id":"https:\/\/latatoueuse.paris\/#organization"},"potentialAction":[{"@type":"SearchAction","target":{"@type":"EntryPoint","urlTemplate":"https:\/\/latatoueuse.paris\/?s={search_term_string}"},"query-input":"required name=search_term_string"}],"inLanguage":"fr-FR"},{"@type":"Organization","@id":"https:\/\/latatoueuse.paris\/#organization","name":"LA TATOUEUSE BIJOUX","url":"https:\/\/latatoueuse.paris\/","sameAs":["https:\/\/www.instagram.com\/latatoueusebijoux\/","https:\/\/www.facebook.com\/LaTatoueuseBijoux"],"logo":{"@type":"ImageObject","inLanguage":"fr-FR","@id":"https:\/\/latatoueuse.paris\/#\/schema\/logo\/image\/","url":"https:\/\/latatoueuse.paris\/wp-content\/uploads\/2021\/06\/coeur-rouge-_by-CA_-noir.png","contentUrl":"https:\/\/latatoueuse.paris\/wp-content\/uploads\/2021\/06\/coeur-rouge-_by-CA_-noir.png","width":1417,"height":1417,"caption":"LA TATOUEUSE BIJOUX"},"image":{"@id":"https:\/\/latatoueuse.paris\/#\/schema\/logo\/image\/"}}]}},"_links":{"self":[{"href":"https:\/\/latatoueuse.paris\/index.php\/wp-json\/wp\/v2\/product\/367"}],"collection":[{"href":"https:\/\/latatoueuse.paris\/index.php\/wp-json\/wp\/v2\/product"}],"about":[{"href":"https:\/\/latatoueuse.paris\/index.php\/wp-json\/wp\/v2\/types\/product"}],"wp:featuredmedia":[{"embeddable":true,"href":"https:\/\/latatoueuse.paris\/index.php\/wp-json\/wp\/v2\/media\/6397"}],"wp:attachment":[{"href":"https:\/\/latatoueuse.paris\/index.php\/wp-json\/wp\/v2\/media?parent=367"}],"wp:term":[{"taxonomy":"product_cat","embeddable":true,"href":"https:\/\/latatoueuse.paris\/index.php\/wp-json\/wp\/v2\/product_cat?post=367"},{"taxonomy":"product_tag","embeddable":true,"href":"https:\/\/latatoueuse.paris\/index.php\/wp-json\/wp\/v2\/product_tag?post=367"}],"curies":[{"name":"wp","href":"https:\/\/api.w.org\/{rel}","templated":true}]}}