{"id":1927,"date":"2018-12-20T13:42:31","date_gmt":"2018-12-20T12:42:31","guid":{"rendered":"https:\/\/latatoueuse.paris\/?post_type=product&#038;p=1927"},"modified":"2023-09-23T18:12:02","modified_gmt":"2023-09-23T16:12:02","slug":"bracelet-3-symboles-la-majestueuse","status":"publish","type":"product","link":"https:\/\/latatoueuse.paris\/index.php\/produit\/bracelet-3-symboles-la-majestueuse\/","title":{"rendered":"BRACELET 3 SYMBOLES LA MAJESTUEUSE"},"content":{"rendered":"<p>Bracelet 3 symboles La Majestueuse en acier \u00e9maill\u00e9<\/p>\n<p><a href=\"https:\/\/www.google.fr\/url?sa=t&amp;rct=j&amp;q=&amp;esrc=s&amp;source=web&amp;cd=&amp;cad=rja&amp;uact=8&amp;ved=2ahUKEwjh-9Od3Y_xAhVnDGMBHVMhCEsQFjAGegQIAxAD&amp;url=https%3A%2F%2Fsignification-tatouage.fr%2Fsignification-tatouage-coeur%2F&amp;usg=AOvVaw0q6zwogC6fkr_kU2b0O0wb\"><span style=\"font-weight: 400;\">La signification du c\u0153ur<\/span><\/a><span style=\"font-weight: 400;\"> : Ce sont les soldats am\u00e9ricains qui ont import\u00e9 ce symbole typique de l\u2019iconographie Old School. Ils se faisaient tatouer leur nom sur une banni\u00e8re orn\u00e9e d\u2019un c\u0153ur. Le caract\u00e8re ind\u00e9l\u00e9bile du tatouage refl\u00e8te un amour infini pour la personne dont le pr\u00e9nom est inscrit.<\/span><\/p>\n<p><a href=\"https:\/\/www.google.fr\/url?sa=t&amp;rct=j&amp;q=&amp;esrc=s&amp;source=web&amp;cd=&amp;cad=rja&amp;uact=8&amp;ved=2ahUKEwjv7sqx3o_xAhVV8OAKHYoMD-IQFjAIegQIAxAD&amp;url=https%3A%2F%2Fwww.mademoiselle-web.fr%2Ftatouage-couronne.html&amp;usg=AOvVaw2L_GUEZakK9pj3ASOp7mra\"><span style=\"font-weight: 400;\">La signification de la couronne<\/span><\/a><span style=\"font-weight: 400;\"> : La couronne est signe de pouvoir. Egalement, elle repr\u00e9sente le besoin de contr\u00f4le sur sa propre vie. La couronne exprime ce besoin de devenir ma\u00eetre de ses propres d\u00e9cisions. Cette qu\u00eate d\u2019ind\u00e9pendance vous entrainera \u00e0 vous d\u00e9passer et vous poussera vers la victoire.<\/span><\/p>\n<p><span style=\"font-weight: 400;\">La Majestueuse est une collection pour une femme puissante et bienveillante, guidant son entourage vers une aube nouvelle et positive. La Majestueuse est toujours l\u00e0 pour aider ses amis. Elle propage autour d\u2019elle amour, joie, chance et compassion.<\/span><\/p>\n<p><span style=\"font-weight: 400;\">La Tatoueuse Bijoux propose une large gamme de bijoux personnalisables et raffin\u00e9s, inspir\u00e9e de l\u2019iconographie du tatouage Old School. Nos bijoux sont r\u00e9alis\u00e9s en acier chirurgical pour une tenue irr\u00e9prochable, puis tremp\u00e9s dans un bain d\u2019or fin ou d\u2019argent. Ils sont waterproof, water-r\u00e9sistants et\u00a0 vous accompagneront longtemps !<\/span><\/p>\n<p><span style=\"font-weight: 400;\">C&#8217;est pourquoi, la marque s\u2019adresse \u00e0 toutes les ind\u00e9cises du tatouage qui repoussent inlassablement le jour o\u00f9 elles mettront les pieds dans un salon de tatouage. Mais aussi \u00e0 celles, d\u00e9j\u00e0 tatou\u00e9es, qui souhaitent agr\u00e9menter leurs tatouages par une symbolique suppl\u00e9mentaire. Et enfin, celles, plus novices en la mati\u00e8re, qui se d\u00e9couvriront un nouvel int\u00e9r\u00eat pour la signification des symboles figuratifs du tatouage.<\/span><\/p>\n<p><span style=\"font-weight: 400;\">Si vous aimez le bracelet 3 symboles La Majestueuse, d\u00e9couvrez l&#8217;ensemble des bijoux dans la collection<\/span><a href=\"https:\/\/latatoueuse.paris\/index.php\/la-majestueuse-or\/\"><span style=\"font-weight: 400;\"> La Majestueuse<\/span><\/a><\/p>\n","protected":false},"excerpt":{"rendered":"<p>Bracelet cha\u00eene dor\u00e9e en acier \u00e9maill\u00e9.<\/p>\n<ul>\n<li>Longueur cha\u00eene 16 cm<\/li>\n<li>Longueur cha\u00eene fermoir 4 cm<\/li>\n<li>Fermoir 0.9 cm<\/li>\n<li>Charm 1 cm<\/li>\n<li>Composition acier chirurgical<\/li>\n<\/ul>\n","protected":false},"featured_media":6305,"template":"","meta":{"inline_featured_image":false},"product_cat":[29,78,40],"product_tag":[80],"yoast_head":"<!-- This site is optimized with the Yoast SEO plugin v19.8 - https:\/\/yoast.com\/wordpress\/plugins\/seo\/ -->\n<title>BRACELET 3 SYMBOLES LA MAJESTUEUSE - LA TATOUEUSE<\/title>\n<meta name=\"description\" content=\"Bracelet 3 symboles La Majestueuse en acier chirurgical. Nos bijoux sont inspir\u00e9s du tatouage Old School. Ils r\u00e9sistent \u00e0 l&#039;eau et au temps!\" \/>\n<meta name=\"robots\" content=\"index, follow, max-snippet:-1, max-image-preview:large, max-video-preview:-1\" \/>\n<link rel=\"canonical\" href=\"https:\/\/latatoueuse.paris\/index.php\/produit\/bracelet-3-symboles-la-majestueuse\/\" \/>\n<meta property=\"og:locale\" content=\"fr_FR\" \/>\n<meta property=\"og:type\" content=\"article\" \/>\n<meta property=\"og:title\" content=\"BRACELET 3 SYMBOLES LA MAJESTUEUSE - LA TATOUEUSE\" \/>\n<meta property=\"og:description\" content=\"Bracelet 3 symboles La Majestueuse en acier chirurgical. Nos bijoux sont inspir\u00e9s du tatouage Old School. Ils r\u00e9sistent \u00e0 l&#039;eau et au temps!\" \/>\n<meta property=\"og:url\" content=\"https:\/\/latatoueuse.paris\/index.php\/produit\/bracelet-3-symboles-la-majestueuse\/\" \/>\n<meta property=\"og:site_name\" content=\"LA TATOUEUSE\" \/>\n<meta property=\"article:publisher\" content=\"https:\/\/www.facebook.com\/LaTatoueuseBijoux\" \/>\n<meta property=\"article:modified_time\" content=\"2023-09-23T16:12:02+00:00\" \/>\n<meta property=\"og:image\" content=\"https:\/\/latatoueuse.paris\/wp-content\/uploads\/2018\/12\/hjgdoc-e1623663646771.png\" \/>\n\t<meta property=\"og:image:width\" content=\"600\" \/>\n\t<meta property=\"og:image:height\" content=\"600\" \/>\n\t<meta property=\"og:image:type\" content=\"image\/png\" \/>\n<meta name=\"twitter:card\" content=\"summary_large_image\" \/>\n<meta name=\"twitter:label1\" content=\"Dur\u00e9e de lecture estim\u00e9e\" \/>\n\t<meta name=\"twitter:data1\" content=\"2 minutes\" \/>\n<script type=\"application\/ld+json\" class=\"yoast-schema-graph\">{\"@context\":\"https:\/\/schema.org\",\"@graph\":[{\"@type\":\"WebPage\",\"@id\":\"https:\/\/latatoueuse.paris\/index.php\/produit\/bracelet-3-symboles-la-majestueuse\/\",\"url\":\"https:\/\/latatoueuse.paris\/index.php\/produit\/bracelet-3-symboles-la-majestueuse\/\",\"name\":\"BRACELET 3 SYMBOLES LA MAJESTUEUSE - LA TATOUEUSE\",\"isPartOf\":{\"@id\":\"https:\/\/latatoueuse.paris\/#website\"},\"datePublished\":\"2018-12-20T12:42:31+00:00\",\"dateModified\":\"2023-09-23T16:12:02+00:00\",\"description\":\"Bracelet 3 symboles La Majestueuse en acier chirurgical. Nos bijoux sont inspir\u00e9s du tatouage Old School. Ils r\u00e9sistent \u00e0 l'eau et au temps!\",\"breadcrumb\":{\"@id\":\"https:\/\/latatoueuse.paris\/index.php\/produit\/bracelet-3-symboles-la-majestueuse\/#breadcrumb\"},\"inLanguage\":\"fr-FR\",\"potentialAction\":[{\"@type\":\"ReadAction\",\"target\":[\"https:\/\/latatoueuse.paris\/index.php\/produit\/bracelet-3-symboles-la-majestueuse\/\"]}]},{\"@type\":\"BreadcrumbList\",\"@id\":\"https:\/\/latatoueuse.paris\/index.php\/produit\/bracelet-3-symboles-la-majestueuse\/#breadcrumb\",\"itemListElement\":[{\"@type\":\"ListItem\",\"position\":1,\"name\":\"Accueil\",\"item\":\"https:\/\/latatoueuse.paris\/\"},{\"@type\":\"ListItem\",\"position\":2,\"name\":\"Nos Bijoux\",\"item\":\"https:\/\/latatoueuse.paris\/index.php\/nos-bijoux\/\"},{\"@type\":\"ListItem\",\"position\":3,\"name\":\"BRACELET 3 SYMBOLES LA MAJESTUEUSE\"}]},{\"@type\":\"WebSite\",\"@id\":\"https:\/\/latatoueuse.paris\/#website\",\"url\":\"https:\/\/latatoueuse.paris\/\",\"name\":\"LA TATOUEUSE.PARIS\",\"description\":\"BIJOUX ACIER INOXYDABLE\",\"publisher\":{\"@id\":\"https:\/\/latatoueuse.paris\/#organization\"},\"potentialAction\":[{\"@type\":\"SearchAction\",\"target\":{\"@type\":\"EntryPoint\",\"urlTemplate\":\"https:\/\/latatoueuse.paris\/?s={search_term_string}\"},\"query-input\":\"required name=search_term_string\"}],\"inLanguage\":\"fr-FR\"},{\"@type\":\"Organization\",\"@id\":\"https:\/\/latatoueuse.paris\/#organization\",\"name\":\"LA TATOUEUSE BIJOUX\",\"url\":\"https:\/\/latatoueuse.paris\/\",\"sameAs\":[\"https:\/\/www.instagram.com\/latatoueusebijoux\/\",\"https:\/\/www.facebook.com\/LaTatoueuseBijoux\"],\"logo\":{\"@type\":\"ImageObject\",\"inLanguage\":\"fr-FR\",\"@id\":\"https:\/\/latatoueuse.paris\/#\/schema\/logo\/image\/\",\"url\":\"https:\/\/latatoueuse.paris\/wp-content\/uploads\/2021\/06\/coeur-rouge-_by-CA_-noir.png\",\"contentUrl\":\"https:\/\/latatoueuse.paris\/wp-content\/uploads\/2021\/06\/coeur-rouge-_by-CA_-noir.png\",\"width\":1417,\"height\":1417,\"caption\":\"LA TATOUEUSE BIJOUX\"},\"image\":{\"@id\":\"https:\/\/latatoueuse.paris\/#\/schema\/logo\/image\/\"}}]}<\/script>\n<!-- \/ Yoast SEO plugin. -->","yoast_head_json":{"title":"BRACELET 3 SYMBOLES LA MAJESTUEUSE - LA TATOUEUSE","description":"Bracelet 3 symboles La Majestueuse en acier chirurgical. Nos bijoux sont inspir\u00e9s du tatouage Old School. Ils r\u00e9sistent \u00e0 l'eau et au temps!","robots":{"index":"index","follow":"follow","max-snippet":"max-snippet:-1","max-image-preview":"max-image-preview:large","max-video-preview":"max-video-preview:-1"},"canonical":"https:\/\/latatoueuse.paris\/index.php\/produit\/bracelet-3-symboles-la-majestueuse\/","og_locale":"fr_FR","og_type":"article","og_title":"BRACELET 3 SYMBOLES LA MAJESTUEUSE - LA TATOUEUSE","og_description":"Bracelet 3 symboles La Majestueuse en acier chirurgical. Nos bijoux sont inspir\u00e9s du tatouage Old School. Ils r\u00e9sistent \u00e0 l'eau et au temps!","og_url":"https:\/\/latatoueuse.paris\/index.php\/produit\/bracelet-3-symboles-la-majestueuse\/","og_site_name":"LA TATOUEUSE","article_publisher":"https:\/\/www.facebook.com\/LaTatoueuseBijoux","article_modified_time":"2023-09-23T16:12:02+00:00","og_image":[{"width":600,"height":600,"url":"https:\/\/latatoueuse.paris\/wp-content\/uploads\/2018\/12\/hjgdoc-e1623663646771.png","type":"image\/png"}],"twitter_card":"summary_large_image","twitter_misc":{"Dur\u00e9e de lecture estim\u00e9e":"2 minutes"},"schema":{"@context":"https:\/\/schema.org","@graph":[{"@type":"WebPage","@id":"https:\/\/latatoueuse.paris\/index.php\/produit\/bracelet-3-symboles-la-majestueuse\/","url":"https:\/\/latatoueuse.paris\/index.php\/produit\/bracelet-3-symboles-la-majestueuse\/","name":"BRACELET 3 SYMBOLES LA MAJESTUEUSE - LA TATOUEUSE","isPartOf":{"@id":"https:\/\/latatoueuse.paris\/#website"},"datePublished":"2018-12-20T12:42:31+00:00","dateModified":"2023-09-23T16:12:02+00:00","description":"Bracelet 3 symboles La Majestueuse en acier chirurgical. Nos bijoux sont inspir\u00e9s du tatouage Old School. Ils r\u00e9sistent \u00e0 l'eau et au temps!","breadcrumb":{"@id":"https:\/\/latatoueuse.paris\/index.php\/produit\/bracelet-3-symboles-la-majestueuse\/#breadcrumb"},"inLanguage":"fr-FR","potentialAction":[{"@type":"ReadAction","target":["https:\/\/latatoueuse.paris\/index.php\/produit\/bracelet-3-symboles-la-majestueuse\/"]}]},{"@type":"BreadcrumbList","@id":"https:\/\/latatoueuse.paris\/index.php\/produit\/bracelet-3-symboles-la-majestueuse\/#breadcrumb","itemListElement":[{"@type":"ListItem","position":1,"name":"Accueil","item":"https:\/\/latatoueuse.paris\/"},{"@type":"ListItem","position":2,"name":"Nos Bijoux","item":"https:\/\/latatoueuse.paris\/index.php\/nos-bijoux\/"},{"@type":"ListItem","position":3,"name":"BRACELET 3 SYMBOLES LA MAJESTUEUSE"}]},{"@type":"WebSite","@id":"https:\/\/latatoueuse.paris\/#website","url":"https:\/\/latatoueuse.paris\/","name":"LA TATOUEUSE.PARIS","description":"BIJOUX ACIER INOXYDABLE","publisher":{"@id":"https:\/\/latatoueuse.paris\/#organization"},"potentialAction":[{"@type":"SearchAction","target":{"@type":"EntryPoint","urlTemplate":"https:\/\/latatoueuse.paris\/?s={search_term_string}"},"query-input":"required name=search_term_string"}],"inLanguage":"fr-FR"},{"@type":"Organization","@id":"https:\/\/latatoueuse.paris\/#organization","name":"LA TATOUEUSE BIJOUX","url":"https:\/\/latatoueuse.paris\/","sameAs":["https:\/\/www.instagram.com\/latatoueusebijoux\/","https:\/\/www.facebook.com\/LaTatoueuseBijoux"],"logo":{"@type":"ImageObject","inLanguage":"fr-FR","@id":"https:\/\/latatoueuse.paris\/#\/schema\/logo\/image\/","url":"https:\/\/latatoueuse.paris\/wp-content\/uploads\/2021\/06\/coeur-rouge-_by-CA_-noir.png","contentUrl":"https:\/\/latatoueuse.paris\/wp-content\/uploads\/2021\/06\/coeur-rouge-_by-CA_-noir.png","width":1417,"height":1417,"caption":"LA TATOUEUSE BIJOUX"},"image":{"@id":"https:\/\/latatoueuse.paris\/#\/schema\/logo\/image\/"}}]}},"_links":{"self":[{"href":"https:\/\/latatoueuse.paris\/index.php\/wp-json\/wp\/v2\/product\/1927"}],"collection":[{"href":"https:\/\/latatoueuse.paris\/index.php\/wp-json\/wp\/v2\/product"}],"about":[{"href":"https:\/\/latatoueuse.paris\/index.php\/wp-json\/wp\/v2\/types\/product"}],"wp:featuredmedia":[{"embeddable":true,"href":"https:\/\/latatoueuse.paris\/index.php\/wp-json\/wp\/v2\/media\/6305"}],"wp:attachment":[{"href":"https:\/\/latatoueuse.paris\/index.php\/wp-json\/wp\/v2\/media?parent=1927"}],"wp:term":[{"taxonomy":"product_cat","embeddable":true,"href":"https:\/\/latatoueuse.paris\/index.php\/wp-json\/wp\/v2\/product_cat?post=1927"},{"taxonomy":"product_tag","embeddable":true,"href":"https:\/\/latatoueuse.paris\/index.php\/wp-json\/wp\/v2\/product_tag?post=1927"}],"curies":[{"name":"wp","href":"https:\/\/api.w.org\/{rel}","templated":true}]}}