{"id":14901,"date":"2025-10-16T15:00:45","date_gmt":"2025-10-16T13:00:45","guid":{"rendered":"https:\/\/latatoueuse.paris\/?post_type=product&#038;p=14901"},"modified":"2025-10-16T15:04:57","modified_gmt":"2025-10-16T13:04:57","slug":"creoles-avec-earcuff-chaine-lisse-et-coeur-blanc","status":"publish","type":"product","link":"https:\/\/latatoueuse.paris\/index.php\/produit\/creoles-avec-earcuff-chaine-lisse-et-coeur-blanc\/","title":{"rendered":"CR\u00c9OLES AVEC EARCUFF CHAINE LISSE ET C\u0152UR BLANC"},"content":{"rendered":"<p>PAIRE DE CR\u00c9OLES AVEC EARCUFF 2 RANGS DE CHAINE\u00a0 LISSE ET C\u0152UR BLANC<\/p>\n<p>&nbsp;<\/p>\n<p>La Tatoueuse Bijoux&#8230;Le Bijou Tattoo!<\/p>\n<p><a href=\"https:\/\/www.google.fr\/url?sa=t&amp;rct=j&amp;q=&amp;esrc=s&amp;source=web&amp;cd=&amp;cad=rja&amp;uact=8&amp;ved=2ahUKEwjh-9Od3Y_xAhVnDGMBHVMhCEsQFjAGegQIAxAD&amp;url=https%3A%2F%2Fsignification-tatouage.fr%2Fsignification-tatouage-coeur%2F&amp;usg=AOvVaw0q6zwogC6fkr_kU2b0O0wb\"><span style=\"font-weight: 400;\">La signification du c\u0153ur<\/span><\/a><span style=\"font-weight: 400;\"> : Ce sont les soldats am\u00e9ricains qui ont import\u00e9 ce symbole typique de l\u2019iconographie Old School. Ils se faisaient tatouer leur nom sur une banni\u00e8re orn\u00e9e d\u2019un c\u0153ur. Le caract\u00e8re ind\u00e9l\u00e9bile du tatouage refl\u00e8te un amour infini pour la personne dont le pr\u00e9nom est inscrit.<\/span><\/p>\n<p>La Fougueuse est une femme enti\u00e8re, au caract\u00e8re fort qui n\u2019h\u00e9sitera pas \u00e0 se battre pour ceux qui lui sont chers. Elle vit chacune de ses aventures avec sinc\u00e9rit\u00e9 et passion. Joyeuse et ind\u00e9pendante, elle croque la vie \u00e0 pleines dents et profite de chaque instant.<\/p>\n<p><span style=\"font-weight: 400;\">La Tatoueuse Bijoux propose une large gamme de bijoux personnalisables et raffin\u00e9s, inspir\u00e9e de l\u2019iconographie du tatouage Old School. Nos bijoux sont r\u00e9alis\u00e9s en acier chirurgical pour une tenue irr\u00e9prochable, puis tremp\u00e9s dans un bain d\u2019or fin ou d\u2019argent. Ils sont waterproof, water-r\u00e9sistants et vous accompagneront longtemps !<\/span><\/p>\n<p><span style=\"font-weight: 400;\">C&#8217;est pourquoi, la marque s\u2019adresse \u00e0 toutes les ind\u00e9cises du tatouage qui repoussent inlassablement le jour o\u00f9 elles mettront les pieds dans un salon de tatouage. Mais aussi \u00e0 celles, d\u00e9j\u00e0 tatou\u00e9es, qui souhaitent agr\u00e9menter leurs tatouages par une symbolique suppl\u00e9mentaire. Et enfin, celles, plus novices en la mati\u00e8re, qui se d\u00e9couvriront un nouvel int\u00e9r\u00eat pour la signification des symboles figuratifs du tatouage.<\/span><\/p>\n<p><span style=\"font-weight: 400;\">Si vous aimez les cr\u00e9oles double accroche c\u0153ur , d\u00e9couvrez l&#8217;ensemble des bijoux coeur dans la collection La Fougueuse\u00a0<\/span><\/p>\n","protected":false},"excerpt":{"rendered":"<p>Mini cr\u00e9oles avec pendentif c\u0153ur, reli\u00e9es par une cha\u00eene dor\u00e9e ou argent\u00e9e et d\u00e9cor\u00e9e de petites gouttes de r\u00e9sine rouge. Boucle d&#8217;oreille vendue \u00e0 l&#8217;unit\u00e9.<\/p>\n<ul>\n<li>Diam\u00e8tre 1 cm<\/li>\n<li>Charm 0,9 cm<\/li>\n<li>cha\u00eene 5cm et 7 cm avec perles en acrylique<\/li>\n<li>Composition acier chirurgical<\/li>\n<\/ul>\n","protected":false},"featured_media":14906,"template":"","meta":{"inline_featured_image":false},"product_cat":[77,32,137,78,38,111,92],"product_tag":[80],"yoast_head":"<!-- This site is optimized with the Yoast SEO plugin v19.8 - https:\/\/yoast.com\/wordpress\/plugins\/seo\/ -->\n<title>CR\u00c9OLES AVEC EARCUFF CHAINE LISSE ET C\u0152UR BLANC - LA TATOUEUSE<\/title>\n<meta name=\"description\" content=\"Cr\u00e9oles double accroche coeur en acier chirurgical. Nos bijoux sont inspir\u00e9s du tatouage Old School. Ils r\u00e9sistent \u00e0 l&#039;eau et au temps!\" \/>\n<meta name=\"robots\" content=\"index, follow, max-snippet:-1, max-image-preview:large, max-video-preview:-1\" \/>\n<link rel=\"canonical\" href=\"https:\/\/latatoueuse.paris\/index.php\/produit\/creoles-avec-earcuff-chaine-lisse-et-coeur-blanc\/\" \/>\n<meta property=\"og:locale\" content=\"fr_FR\" \/>\n<meta property=\"og:type\" content=\"article\" \/>\n<meta property=\"og:title\" content=\"CR\u00c9OLES AVEC EARCUFF CHAINE LISSE ET C\u0152UR BLANC - LA TATOUEUSE\" \/>\n<meta property=\"og:description\" content=\"Cr\u00e9oles double accroche coeur en acier chirurgical. Nos bijoux sont inspir\u00e9s du tatouage Old School. Ils r\u00e9sistent \u00e0 l&#039;eau et au temps!\" \/>\n<meta property=\"og:url\" content=\"https:\/\/latatoueuse.paris\/index.php\/produit\/creoles-avec-earcuff-chaine-lisse-et-coeur-blanc\/\" \/>\n<meta property=\"og:site_name\" content=\"LA TATOUEUSE\" \/>\n<meta property=\"article:publisher\" content=\"https:\/\/www.facebook.com\/LaTatoueuseBijoux\" \/>\n<meta property=\"article:modified_time\" content=\"2025-10-16T13:04:57+00:00\" \/>\n<meta property=\"og:image\" content=\"https:\/\/latatoueuse.paris\/wp-content\/uploads\/2025\/10\/IMG_8190.jpeg\" \/>\n\t<meta property=\"og:image:width\" content=\"970\" \/>\n\t<meta property=\"og:image:height\" content=\"1365\" \/>\n\t<meta property=\"og:image:type\" content=\"image\/jpeg\" \/>\n<meta name=\"twitter:card\" content=\"summary_large_image\" \/>\n<meta name=\"twitter:label1\" content=\"Dur\u00e9e de lecture estim\u00e9e\" \/>\n\t<meta name=\"twitter:data1\" content=\"2 minutes\" \/>\n<script type=\"application\/ld+json\" class=\"yoast-schema-graph\">{\"@context\":\"https:\/\/schema.org\",\"@graph\":[{\"@type\":\"WebPage\",\"@id\":\"https:\/\/latatoueuse.paris\/index.php\/produit\/creoles-avec-earcuff-chaine-lisse-et-coeur-blanc\/\",\"url\":\"https:\/\/latatoueuse.paris\/index.php\/produit\/creoles-avec-earcuff-chaine-lisse-et-coeur-blanc\/\",\"name\":\"CR\u00c9OLES AVEC EARCUFF CHAINE LISSE ET C\u0152UR BLANC - LA TATOUEUSE\",\"isPartOf\":{\"@id\":\"https:\/\/latatoueuse.paris\/#website\"},\"datePublished\":\"2025-10-16T13:00:45+00:00\",\"dateModified\":\"2025-10-16T13:04:57+00:00\",\"description\":\"Cr\u00e9oles double accroche coeur en acier chirurgical. Nos bijoux sont inspir\u00e9s du tatouage Old School. Ils r\u00e9sistent \u00e0 l'eau et au temps!\",\"breadcrumb\":{\"@id\":\"https:\/\/latatoueuse.paris\/index.php\/produit\/creoles-avec-earcuff-chaine-lisse-et-coeur-blanc\/#breadcrumb\"},\"inLanguage\":\"fr-FR\",\"potentialAction\":[{\"@type\":\"ReadAction\",\"target\":[\"https:\/\/latatoueuse.paris\/index.php\/produit\/creoles-avec-earcuff-chaine-lisse-et-coeur-blanc\/\"]}]},{\"@type\":\"BreadcrumbList\",\"@id\":\"https:\/\/latatoueuse.paris\/index.php\/produit\/creoles-avec-earcuff-chaine-lisse-et-coeur-blanc\/#breadcrumb\",\"itemListElement\":[{\"@type\":\"ListItem\",\"position\":1,\"name\":\"Accueil\",\"item\":\"https:\/\/latatoueuse.paris\/\"},{\"@type\":\"ListItem\",\"position\":2,\"name\":\"Nos Bijoux\",\"item\":\"https:\/\/latatoueuse.paris\/index.php\/nos-bijoux\/\"},{\"@type\":\"ListItem\",\"position\":3,\"name\":\"CR\u00c9OLES AVEC EARCUFF CHAINE LISSE ET C\u0152UR BLANC\"}]},{\"@type\":\"WebSite\",\"@id\":\"https:\/\/latatoueuse.paris\/#website\",\"url\":\"https:\/\/latatoueuse.paris\/\",\"name\":\"LA TATOUEUSE.PARIS\",\"description\":\"BIJOUX ACIER INOXYDABLE\",\"publisher\":{\"@id\":\"https:\/\/latatoueuse.paris\/#organization\"},\"potentialAction\":[{\"@type\":\"SearchAction\",\"target\":{\"@type\":\"EntryPoint\",\"urlTemplate\":\"https:\/\/latatoueuse.paris\/?s={search_term_string}\"},\"query-input\":\"required name=search_term_string\"}],\"inLanguage\":\"fr-FR\"},{\"@type\":\"Organization\",\"@id\":\"https:\/\/latatoueuse.paris\/#organization\",\"name\":\"LA TATOUEUSE BIJOUX\",\"url\":\"https:\/\/latatoueuse.paris\/\",\"sameAs\":[\"https:\/\/www.instagram.com\/latatoueusebijoux\/\",\"https:\/\/www.facebook.com\/LaTatoueuseBijoux\"],\"logo\":{\"@type\":\"ImageObject\",\"inLanguage\":\"fr-FR\",\"@id\":\"https:\/\/latatoueuse.paris\/#\/schema\/logo\/image\/\",\"url\":\"https:\/\/latatoueuse.paris\/wp-content\/uploads\/2021\/06\/coeur-rouge-_by-CA_-noir.png\",\"contentUrl\":\"https:\/\/latatoueuse.paris\/wp-content\/uploads\/2021\/06\/coeur-rouge-_by-CA_-noir.png\",\"width\":1417,\"height\":1417,\"caption\":\"LA TATOUEUSE BIJOUX\"},\"image\":{\"@id\":\"https:\/\/latatoueuse.paris\/#\/schema\/logo\/image\/\"}}]}<\/script>\n<!-- \/ Yoast SEO plugin. -->","yoast_head_json":{"title":"CR\u00c9OLES AVEC EARCUFF CHAINE LISSE ET C\u0152UR BLANC - LA TATOUEUSE","description":"Cr\u00e9oles double accroche coeur en acier chirurgical. Nos bijoux sont inspir\u00e9s du tatouage Old School. Ils r\u00e9sistent \u00e0 l'eau et au temps!","robots":{"index":"index","follow":"follow","max-snippet":"max-snippet:-1","max-image-preview":"max-image-preview:large","max-video-preview":"max-video-preview:-1"},"canonical":"https:\/\/latatoueuse.paris\/index.php\/produit\/creoles-avec-earcuff-chaine-lisse-et-coeur-blanc\/","og_locale":"fr_FR","og_type":"article","og_title":"CR\u00c9OLES AVEC EARCUFF CHAINE LISSE ET C\u0152UR BLANC - LA TATOUEUSE","og_description":"Cr\u00e9oles double accroche coeur en acier chirurgical. Nos bijoux sont inspir\u00e9s du tatouage Old School. Ils r\u00e9sistent \u00e0 l'eau et au temps!","og_url":"https:\/\/latatoueuse.paris\/index.php\/produit\/creoles-avec-earcuff-chaine-lisse-et-coeur-blanc\/","og_site_name":"LA TATOUEUSE","article_publisher":"https:\/\/www.facebook.com\/LaTatoueuseBijoux","article_modified_time":"2025-10-16T13:04:57+00:00","og_image":[{"width":970,"height":1365,"url":"https:\/\/latatoueuse.paris\/wp-content\/uploads\/2025\/10\/IMG_8190.jpeg","type":"image\/jpeg"}],"twitter_card":"summary_large_image","twitter_misc":{"Dur\u00e9e de lecture estim\u00e9e":"2 minutes"},"schema":{"@context":"https:\/\/schema.org","@graph":[{"@type":"WebPage","@id":"https:\/\/latatoueuse.paris\/index.php\/produit\/creoles-avec-earcuff-chaine-lisse-et-coeur-blanc\/","url":"https:\/\/latatoueuse.paris\/index.php\/produit\/creoles-avec-earcuff-chaine-lisse-et-coeur-blanc\/","name":"CR\u00c9OLES AVEC EARCUFF CHAINE LISSE ET C\u0152UR BLANC - LA TATOUEUSE","isPartOf":{"@id":"https:\/\/latatoueuse.paris\/#website"},"datePublished":"2025-10-16T13:00:45+00:00","dateModified":"2025-10-16T13:04:57+00:00","description":"Cr\u00e9oles double accroche coeur en acier chirurgical. Nos bijoux sont inspir\u00e9s du tatouage Old School. Ils r\u00e9sistent \u00e0 l'eau et au temps!","breadcrumb":{"@id":"https:\/\/latatoueuse.paris\/index.php\/produit\/creoles-avec-earcuff-chaine-lisse-et-coeur-blanc\/#breadcrumb"},"inLanguage":"fr-FR","potentialAction":[{"@type":"ReadAction","target":["https:\/\/latatoueuse.paris\/index.php\/produit\/creoles-avec-earcuff-chaine-lisse-et-coeur-blanc\/"]}]},{"@type":"BreadcrumbList","@id":"https:\/\/latatoueuse.paris\/index.php\/produit\/creoles-avec-earcuff-chaine-lisse-et-coeur-blanc\/#breadcrumb","itemListElement":[{"@type":"ListItem","position":1,"name":"Accueil","item":"https:\/\/latatoueuse.paris\/"},{"@type":"ListItem","position":2,"name":"Nos Bijoux","item":"https:\/\/latatoueuse.paris\/index.php\/nos-bijoux\/"},{"@type":"ListItem","position":3,"name":"CR\u00c9OLES AVEC EARCUFF CHAINE LISSE ET C\u0152UR BLANC"}]},{"@type":"WebSite","@id":"https:\/\/latatoueuse.paris\/#website","url":"https:\/\/latatoueuse.paris\/","name":"LA TATOUEUSE.PARIS","description":"BIJOUX ACIER INOXYDABLE","publisher":{"@id":"https:\/\/latatoueuse.paris\/#organization"},"potentialAction":[{"@type":"SearchAction","target":{"@type":"EntryPoint","urlTemplate":"https:\/\/latatoueuse.paris\/?s={search_term_string}"},"query-input":"required name=search_term_string"}],"inLanguage":"fr-FR"},{"@type":"Organization","@id":"https:\/\/latatoueuse.paris\/#organization","name":"LA TATOUEUSE BIJOUX","url":"https:\/\/latatoueuse.paris\/","sameAs":["https:\/\/www.instagram.com\/latatoueusebijoux\/","https:\/\/www.facebook.com\/LaTatoueuseBijoux"],"logo":{"@type":"ImageObject","inLanguage":"fr-FR","@id":"https:\/\/latatoueuse.paris\/#\/schema\/logo\/image\/","url":"https:\/\/latatoueuse.paris\/wp-content\/uploads\/2021\/06\/coeur-rouge-_by-CA_-noir.png","contentUrl":"https:\/\/latatoueuse.paris\/wp-content\/uploads\/2021\/06\/coeur-rouge-_by-CA_-noir.png","width":1417,"height":1417,"caption":"LA TATOUEUSE BIJOUX"},"image":{"@id":"https:\/\/latatoueuse.paris\/#\/schema\/logo\/image\/"}}]}},"_links":{"self":[{"href":"https:\/\/latatoueuse.paris\/index.php\/wp-json\/wp\/v2\/product\/14901"}],"collection":[{"href":"https:\/\/latatoueuse.paris\/index.php\/wp-json\/wp\/v2\/product"}],"about":[{"href":"https:\/\/latatoueuse.paris\/index.php\/wp-json\/wp\/v2\/types\/product"}],"wp:featuredmedia":[{"embeddable":true,"href":"https:\/\/latatoueuse.paris\/index.php\/wp-json\/wp\/v2\/media\/14906"}],"wp:attachment":[{"href":"https:\/\/latatoueuse.paris\/index.php\/wp-json\/wp\/v2\/media?parent=14901"}],"wp:term":[{"taxonomy":"product_cat","embeddable":true,"href":"https:\/\/latatoueuse.paris\/index.php\/wp-json\/wp\/v2\/product_cat?post=14901"},{"taxonomy":"product_tag","embeddable":true,"href":"https:\/\/latatoueuse.paris\/index.php\/wp-json\/wp\/v2\/product_tag?post=14901"}],"curies":[{"name":"wp","href":"https:\/\/api.w.org\/{rel}","templated":true}]}}