{"id":14511,"date":"2025-02-27T14:32:15","date_gmt":"2025-02-27T13:32:15","guid":{"rendered":"https:\/\/latatoueuse.paris\/?post_type=product&#038;p=14511"},"modified":"2025-12-01T17:50:48","modified_gmt":"2025-12-01T16:50:48","slug":"collier-chaine-gourmette","status":"publish","type":"product","link":"https:\/\/latatoueuse.paris\/index.php\/produit\/collier-chaine-gourmette\/","title":{"rendered":"COLLIER CHAINE GOURMETTE DOR\u00c9"},"content":{"rendered":"<p>Collier cha\u00eene gourmette dor\u00e9 en acier.<\/p>\n<p>Longueur 39 cm + 5 cm chaine de r\u00e9glage.<\/p>\n<p>Le Bijou Tattoo.<\/p>\n<p>Le collier appartient \u00e0 la collection Les Intemporels.<\/p>\n<p>Les intemporels, les classiques incontournables du Bijou Tattoo, des pi\u00e8ces con\u00e7ues pour traverser le temps avec style, pens\u00e9es pour<span style=\"font-family: 'Arial',sans-serif; color: #1f1f1f; background: white;\">\u00a0<\/span><span style=\"color: #1f1f1f; background: white;\">\u00eatre<\/span> port\u00e9es chaque jour et sublimer toutes vos tenues.<\/p>\n<p>La Tatoueuse Bijoux propose une large gamme de bijoux personnalisables et raffin\u00e9s, inspir\u00e9e de l\u2019iconographie du tatouage Old School. Nos bijoux sont r\u00e9alis\u00e9s en acier chirurgical pour une tenue irr\u00e9prochable, puis tremp\u00e9s dans un bain d\u2019or fin ou d\u2019argent. Ils sont waterproof, water-r\u00e9sistants et vous accompagneront longtemps !<\/p>\n<p>C&#8217;est pourquoi, la marque s\u2019adresse \u00e0 toutes les ind\u00e9cises du tatouage qui repoussent inlassablement le jour o\u00f9 elles mettront les pieds dans un salon de tatouage. Mais aussi \u00e0 celles, d\u00e9j\u00e0 tatou\u00e9es, qui souhaitent agr\u00e9menter leurs tatouages par une symbolique suppl\u00e9mentaire. Et enfin, celles, plus novices en la mati\u00e8re, qui se d\u00e9couvriront un nouvel int\u00e9r\u00eat pour la signification des symboles figuratifs du tatouage.<\/p>\n<p>Si vous aimez le collier cha\u00eene gourmette dor\u00e9 en acier, d\u00e9couvrez l&#8217;ensemble des bijoux dans la collection Les Intemporels.<\/p>\n","protected":false},"excerpt":{"rendered":"<p>Collier cha\u00eene gourmette dor\u00e9 en acier.<\/p>\n<ul>\n<li>Longueur cha\u00eene 39 cm<\/li>\n<li>Longueur cha\u00eene fermoir 5 cm<\/li>\n<li>Fermoir 0.9 cm<\/li>\n<li>Charm 1 cm<\/li>\n<li>Composition acier chirurgical<\/li>\n<\/ul>\n","protected":false},"featured_media":14514,"template":"","meta":{"inline_featured_image":false},"product_cat":[31,78,156],"product_tag":[81,80],"yoast_head":"<!-- This site is optimized with the Yoast SEO plugin v19.8 - https:\/\/yoast.com\/wordpress\/plugins\/seo\/ -->\n<title>COLLIER CHAINE GOURMETTE DOR\u00c9 - LA TATOUEUSE BIJOUX<\/title>\n<meta name=\"description\" content=\"Collier m\u00e9daille coeur en acier chirurgical. Nos bijoux sont inspir\u00e9s du tatouage Old School. Ils r\u00e9sistent \u00e0 l&#039;eau et au temps!\" \/>\n<meta name=\"robots\" content=\"index, follow, max-snippet:-1, max-image-preview:large, max-video-preview:-1\" \/>\n<link rel=\"canonical\" href=\"https:\/\/latatoueuse.paris\/index.php\/produit\/collier-chaine-gourmette\/\" \/>\n<meta property=\"og:locale\" content=\"fr_FR\" \/>\n<meta property=\"og:type\" content=\"article\" \/>\n<meta property=\"og:title\" content=\"COLLIER CHAINE GOURMETTE DOR\u00c9 - LA TATOUEUSE BIJOUX\" \/>\n<meta property=\"og:description\" content=\"Collier m\u00e9daille coeur en acier chirurgical. Nos bijoux sont inspir\u00e9s du tatouage Old School. Ils r\u00e9sistent \u00e0 l&#039;eau et au temps!\" \/>\n<meta property=\"og:url\" content=\"https:\/\/latatoueuse.paris\/index.php\/produit\/collier-chaine-gourmette\/\" \/>\n<meta property=\"og:site_name\" content=\"LA TATOUEUSE\" \/>\n<meta property=\"article:publisher\" content=\"https:\/\/www.facebook.com\/LaTatoueuseBijoux\" \/>\n<meta property=\"article:modified_time\" content=\"2025-12-01T16:50:48+00:00\" \/>\n<meta property=\"og:image\" content=\"https:\/\/latatoueuse.paris\/wp-content\/uploads\/2025\/02\/IMG_4932-scaled.jpg\" \/>\n\t<meta property=\"og:image:width\" content=\"2174\" \/>\n\t<meta property=\"og:image:height\" content=\"2560\" \/>\n\t<meta property=\"og:image:type\" content=\"image\/jpeg\" \/>\n<meta name=\"twitter:card\" content=\"summary_large_image\" \/>\n<meta name=\"twitter:label1\" content=\"Dur\u00e9e de lecture estim\u00e9e\" \/>\n\t<meta name=\"twitter:data1\" content=\"1 minute\" \/>\n<script type=\"application\/ld+json\" class=\"yoast-schema-graph\">{\"@context\":\"https:\/\/schema.org\",\"@graph\":[{\"@type\":\"WebPage\",\"@id\":\"https:\/\/latatoueuse.paris\/index.php\/produit\/collier-chaine-gourmette\/\",\"url\":\"https:\/\/latatoueuse.paris\/index.php\/produit\/collier-chaine-gourmette\/\",\"name\":\"COLLIER CHAINE GOURMETTE DOR\u00c9 - LA TATOUEUSE BIJOUX\",\"isPartOf\":{\"@id\":\"https:\/\/latatoueuse.paris\/#website\"},\"datePublished\":\"2025-02-27T13:32:15+00:00\",\"dateModified\":\"2025-12-01T16:50:48+00:00\",\"description\":\"Collier m\u00e9daille coeur en acier chirurgical. Nos bijoux sont inspir\u00e9s du tatouage Old School. Ils r\u00e9sistent \u00e0 l'eau et au temps!\",\"breadcrumb\":{\"@id\":\"https:\/\/latatoueuse.paris\/index.php\/produit\/collier-chaine-gourmette\/#breadcrumb\"},\"inLanguage\":\"fr-FR\",\"potentialAction\":[{\"@type\":\"ReadAction\",\"target\":[\"https:\/\/latatoueuse.paris\/index.php\/produit\/collier-chaine-gourmette\/\"]}]},{\"@type\":\"BreadcrumbList\",\"@id\":\"https:\/\/latatoueuse.paris\/index.php\/produit\/collier-chaine-gourmette\/#breadcrumb\",\"itemListElement\":[{\"@type\":\"ListItem\",\"position\":1,\"name\":\"Accueil\",\"item\":\"https:\/\/latatoueuse.paris\/\"},{\"@type\":\"ListItem\",\"position\":2,\"name\":\"Nos Bijoux\",\"item\":\"https:\/\/latatoueuse.paris\/index.php\/nos-bijoux\/\"},{\"@type\":\"ListItem\",\"position\":3,\"name\":\"COLLIER CHAINE GOURMETTE DOR\u00c9\"}]},{\"@type\":\"WebSite\",\"@id\":\"https:\/\/latatoueuse.paris\/#website\",\"url\":\"https:\/\/latatoueuse.paris\/\",\"name\":\"LA TATOUEUSE.PARIS\",\"description\":\"BIJOUX ACIER INOXYDABLE\",\"publisher\":{\"@id\":\"https:\/\/latatoueuse.paris\/#organization\"},\"potentialAction\":[{\"@type\":\"SearchAction\",\"target\":{\"@type\":\"EntryPoint\",\"urlTemplate\":\"https:\/\/latatoueuse.paris\/?s={search_term_string}\"},\"query-input\":\"required name=search_term_string\"}],\"inLanguage\":\"fr-FR\"},{\"@type\":\"Organization\",\"@id\":\"https:\/\/latatoueuse.paris\/#organization\",\"name\":\"LA TATOUEUSE BIJOUX\",\"url\":\"https:\/\/latatoueuse.paris\/\",\"sameAs\":[\"https:\/\/www.instagram.com\/latatoueusebijoux\/\",\"https:\/\/www.facebook.com\/LaTatoueuseBijoux\"],\"logo\":{\"@type\":\"ImageObject\",\"inLanguage\":\"fr-FR\",\"@id\":\"https:\/\/latatoueuse.paris\/#\/schema\/logo\/image\/\",\"url\":\"https:\/\/latatoueuse.paris\/wp-content\/uploads\/2021\/06\/coeur-rouge-_by-CA_-noir.png\",\"contentUrl\":\"https:\/\/latatoueuse.paris\/wp-content\/uploads\/2021\/06\/coeur-rouge-_by-CA_-noir.png\",\"width\":1417,\"height\":1417,\"caption\":\"LA TATOUEUSE BIJOUX\"},\"image\":{\"@id\":\"https:\/\/latatoueuse.paris\/#\/schema\/logo\/image\/\"}}]}<\/script>\n<!-- \/ Yoast SEO plugin. -->","yoast_head_json":{"title":"COLLIER CHAINE GOURMETTE DOR\u00c9 - LA TATOUEUSE BIJOUX","description":"Collier m\u00e9daille coeur en acier chirurgical. Nos bijoux sont inspir\u00e9s du tatouage Old School. Ils r\u00e9sistent \u00e0 l'eau et au temps!","robots":{"index":"index","follow":"follow","max-snippet":"max-snippet:-1","max-image-preview":"max-image-preview:large","max-video-preview":"max-video-preview:-1"},"canonical":"https:\/\/latatoueuse.paris\/index.php\/produit\/collier-chaine-gourmette\/","og_locale":"fr_FR","og_type":"article","og_title":"COLLIER CHAINE GOURMETTE DOR\u00c9 - LA TATOUEUSE BIJOUX","og_description":"Collier m\u00e9daille coeur en acier chirurgical. Nos bijoux sont inspir\u00e9s du tatouage Old School. Ils r\u00e9sistent \u00e0 l'eau et au temps!","og_url":"https:\/\/latatoueuse.paris\/index.php\/produit\/collier-chaine-gourmette\/","og_site_name":"LA TATOUEUSE","article_publisher":"https:\/\/www.facebook.com\/LaTatoueuseBijoux","article_modified_time":"2025-12-01T16:50:48+00:00","og_image":[{"width":2174,"height":2560,"url":"https:\/\/latatoueuse.paris\/wp-content\/uploads\/2025\/02\/IMG_4932-scaled.jpg","type":"image\/jpeg"}],"twitter_card":"summary_large_image","twitter_misc":{"Dur\u00e9e de lecture estim\u00e9e":"1 minute"},"schema":{"@context":"https:\/\/schema.org","@graph":[{"@type":"WebPage","@id":"https:\/\/latatoueuse.paris\/index.php\/produit\/collier-chaine-gourmette\/","url":"https:\/\/latatoueuse.paris\/index.php\/produit\/collier-chaine-gourmette\/","name":"COLLIER CHAINE GOURMETTE DOR\u00c9 - LA TATOUEUSE BIJOUX","isPartOf":{"@id":"https:\/\/latatoueuse.paris\/#website"},"datePublished":"2025-02-27T13:32:15+00:00","dateModified":"2025-12-01T16:50:48+00:00","description":"Collier m\u00e9daille coeur en acier chirurgical. Nos bijoux sont inspir\u00e9s du tatouage Old School. Ils r\u00e9sistent \u00e0 l'eau et au temps!","breadcrumb":{"@id":"https:\/\/latatoueuse.paris\/index.php\/produit\/collier-chaine-gourmette\/#breadcrumb"},"inLanguage":"fr-FR","potentialAction":[{"@type":"ReadAction","target":["https:\/\/latatoueuse.paris\/index.php\/produit\/collier-chaine-gourmette\/"]}]},{"@type":"BreadcrumbList","@id":"https:\/\/latatoueuse.paris\/index.php\/produit\/collier-chaine-gourmette\/#breadcrumb","itemListElement":[{"@type":"ListItem","position":1,"name":"Accueil","item":"https:\/\/latatoueuse.paris\/"},{"@type":"ListItem","position":2,"name":"Nos Bijoux","item":"https:\/\/latatoueuse.paris\/index.php\/nos-bijoux\/"},{"@type":"ListItem","position":3,"name":"COLLIER CHAINE GOURMETTE DOR\u00c9"}]},{"@type":"WebSite","@id":"https:\/\/latatoueuse.paris\/#website","url":"https:\/\/latatoueuse.paris\/","name":"LA TATOUEUSE.PARIS","description":"BIJOUX ACIER INOXYDABLE","publisher":{"@id":"https:\/\/latatoueuse.paris\/#organization"},"potentialAction":[{"@type":"SearchAction","target":{"@type":"EntryPoint","urlTemplate":"https:\/\/latatoueuse.paris\/?s={search_term_string}"},"query-input":"required name=search_term_string"}],"inLanguage":"fr-FR"},{"@type":"Organization","@id":"https:\/\/latatoueuse.paris\/#organization","name":"LA TATOUEUSE BIJOUX","url":"https:\/\/latatoueuse.paris\/","sameAs":["https:\/\/www.instagram.com\/latatoueusebijoux\/","https:\/\/www.facebook.com\/LaTatoueuseBijoux"],"logo":{"@type":"ImageObject","inLanguage":"fr-FR","@id":"https:\/\/latatoueuse.paris\/#\/schema\/logo\/image\/","url":"https:\/\/latatoueuse.paris\/wp-content\/uploads\/2021\/06\/coeur-rouge-_by-CA_-noir.png","contentUrl":"https:\/\/latatoueuse.paris\/wp-content\/uploads\/2021\/06\/coeur-rouge-_by-CA_-noir.png","width":1417,"height":1417,"caption":"LA TATOUEUSE BIJOUX"},"image":{"@id":"https:\/\/latatoueuse.paris\/#\/schema\/logo\/image\/"}}]}},"_links":{"self":[{"href":"https:\/\/latatoueuse.paris\/index.php\/wp-json\/wp\/v2\/product\/14511"}],"collection":[{"href":"https:\/\/latatoueuse.paris\/index.php\/wp-json\/wp\/v2\/product"}],"about":[{"href":"https:\/\/latatoueuse.paris\/index.php\/wp-json\/wp\/v2\/types\/product"}],"wp:featuredmedia":[{"embeddable":true,"href":"https:\/\/latatoueuse.paris\/index.php\/wp-json\/wp\/v2\/media\/14514"}],"wp:attachment":[{"href":"https:\/\/latatoueuse.paris\/index.php\/wp-json\/wp\/v2\/media?parent=14511"}],"wp:term":[{"taxonomy":"product_cat","embeddable":true,"href":"https:\/\/latatoueuse.paris\/index.php\/wp-json\/wp\/v2\/product_cat?post=14511"},{"taxonomy":"product_tag","embeddable":true,"href":"https:\/\/latatoueuse.paris\/index.php\/wp-json\/wp\/v2\/product_tag?post=14511"}],"curies":[{"name":"wp","href":"https:\/\/api.w.org\/{rel}","templated":true}]}}