{"id":14084,"date":"2024-10-28T12:48:33","date_gmt":"2024-10-28T11:48:33","guid":{"rendered":"https:\/\/latatoueuse.paris\/?post_type=product&#038;p=14084"},"modified":"2025-11-22T15:45:38","modified_gmt":"2025-11-22T14:45:38","slug":"collier-long-forme-y-rose-des-vents","status":"publish","type":"product","link":"https:\/\/latatoueuse.paris\/index.php\/produit\/collier-long-forme-y-rose-des-vents\/","title":{"rendered":"COLLIER  LONG FORME Y ROSE DES VENTS"},"content":{"rendered":"<p>Collier\u00a0 pendentif long avec rose des vents en acier .<\/p>\n<p>Longueur chaine :45 cm et 8 cm de chaine avec le pendentif.<\/p>\n<p>Attention,la version dor\u00e9e se ferme par le fermoir devant.<\/p>\n<p>La Version argent\u00e9e se ferme par un fermoir traditionnel \u00e0 l&#8217;arri\u00e8re du cou.<\/p>\n<p>Le Bijou Tattoo.<\/p>\n<p><span class=\"s1\">La rose des vents, \u00e9galement appel\u00e9e boussole ou compas, est l\u2019outil qu\u2019utilisaient les marins en mer pour se diriger. Elle indique l\u2019\u00e9toile polaire, astre qui leur servait de point de rep\u00e8re lors de leurs longues travers\u00e9es. Telle leur bonne \u00e9toile, elle les prot\u00e9geait et les conduisait jusqu\u2019\u00e0 bon port. On lui attribue une fonction de guide.<\/span><\/p>\n<p>&nbsp;<\/p>\n","protected":false},"excerpt":{"rendered":"<p>Collier cha\u00eene avec m\u00e9daille dor\u00e9e ou argent\u00e9e et charm le tout en acier \u00e9maill\u00e9.<\/p>\n<ul>\n<li>Longueur cha\u00eene 45 cm et 8 cm de chaine pendentif.<\/li>\n<li>Fermoir 1.2 cm<\/li>\n<li>M\u00e9daille 1.5 cm<\/li>\n<li>Composition acier chirurgical<\/li>\n<\/ul>\n","protected":false},"featured_media":14719,"template":"","meta":{"inline_featured_image":false},"product_cat":[77,82,31,78,41,145,92],"product_tag":[81,80],"yoast_head":"<!-- This site is optimized with the Yoast SEO plugin v19.8 - https:\/\/yoast.com\/wordpress\/plugins\/seo\/ -->\n<title>COLLIER LONG FORME Y ROSE DES VENTS - LA TATOUEUSE BIJOUX<\/title>\n<meta name=\"description\" content=\"Collier m\u00e9daille coeur en acier chirurgical. Nos bijoux sont inspir\u00e9s du tatouage Old School. Ils r\u00e9sistent \u00e0 l&#039;eau et au temps!\" \/>\n<meta name=\"robots\" content=\"index, follow, max-snippet:-1, max-image-preview:large, max-video-preview:-1\" \/>\n<link rel=\"canonical\" href=\"https:\/\/latatoueuse.paris\/index.php\/produit\/collier-long-forme-y-rose-des-vents\/\" \/>\n<meta property=\"og:locale\" content=\"fr_FR\" \/>\n<meta property=\"og:type\" content=\"article\" \/>\n<meta property=\"og:title\" content=\"COLLIER LONG FORME Y ROSE DES VENTS - LA TATOUEUSE BIJOUX\" \/>\n<meta property=\"og:description\" content=\"Collier m\u00e9daille coeur en acier chirurgical. Nos bijoux sont inspir\u00e9s du tatouage Old School. Ils r\u00e9sistent \u00e0 l&#039;eau et au temps!\" \/>\n<meta property=\"og:url\" content=\"https:\/\/latatoueuse.paris\/index.php\/produit\/collier-long-forme-y-rose-des-vents\/\" \/>\n<meta property=\"og:site_name\" content=\"LA TATOUEUSE\" \/>\n<meta property=\"article:publisher\" content=\"https:\/\/www.facebook.com\/LaTatoueuseBijoux\" \/>\n<meta property=\"article:modified_time\" content=\"2025-11-22T14:45:38+00:00\" \/>\n<meta property=\"og:image\" content=\"https:\/\/latatoueuse.paris\/wp-content\/uploads\/2024\/10\/Y-boussole-ok-844x1024.png\" \/>\n\t<meta property=\"og:image:width\" content=\"844\" \/>\n\t<meta property=\"og:image:height\" content=\"1024\" \/>\n\t<meta property=\"og:image:type\" content=\"image\/png\" \/>\n<meta name=\"twitter:card\" content=\"summary_large_image\" \/>\n<meta name=\"twitter:label1\" content=\"Dur\u00e9e de lecture estim\u00e9e\" \/>\n\t<meta name=\"twitter:data1\" content=\"1 minute\" \/>\n<script type=\"application\/ld+json\" class=\"yoast-schema-graph\">{\"@context\":\"https:\/\/schema.org\",\"@graph\":[{\"@type\":\"WebPage\",\"@id\":\"https:\/\/latatoueuse.paris\/index.php\/produit\/collier-long-forme-y-rose-des-vents\/\",\"url\":\"https:\/\/latatoueuse.paris\/index.php\/produit\/collier-long-forme-y-rose-des-vents\/\",\"name\":\"COLLIER LONG FORME Y ROSE DES VENTS - LA TATOUEUSE BIJOUX\",\"isPartOf\":{\"@id\":\"https:\/\/latatoueuse.paris\/#website\"},\"datePublished\":\"2024-10-28T11:48:33+00:00\",\"dateModified\":\"2025-11-22T14:45:38+00:00\",\"description\":\"Collier m\u00e9daille coeur en acier chirurgical. Nos bijoux sont inspir\u00e9s du tatouage Old School. Ils r\u00e9sistent \u00e0 l'eau et au temps!\",\"breadcrumb\":{\"@id\":\"https:\/\/latatoueuse.paris\/index.php\/produit\/collier-long-forme-y-rose-des-vents\/#breadcrumb\"},\"inLanguage\":\"fr-FR\",\"potentialAction\":[{\"@type\":\"ReadAction\",\"target\":[\"https:\/\/latatoueuse.paris\/index.php\/produit\/collier-long-forme-y-rose-des-vents\/\"]}]},{\"@type\":\"BreadcrumbList\",\"@id\":\"https:\/\/latatoueuse.paris\/index.php\/produit\/collier-long-forme-y-rose-des-vents\/#breadcrumb\",\"itemListElement\":[{\"@type\":\"ListItem\",\"position\":1,\"name\":\"Accueil\",\"item\":\"https:\/\/latatoueuse.paris\/\"},{\"@type\":\"ListItem\",\"position\":2,\"name\":\"Nos Bijoux\",\"item\":\"https:\/\/latatoueuse.paris\/index.php\/nos-bijoux\/\"},{\"@type\":\"ListItem\",\"position\":3,\"name\":\"COLLIER LONG FORME Y ROSE DES VENTS\"}]},{\"@type\":\"WebSite\",\"@id\":\"https:\/\/latatoueuse.paris\/#website\",\"url\":\"https:\/\/latatoueuse.paris\/\",\"name\":\"LA TATOUEUSE.PARIS\",\"description\":\"BIJOUX ACIER INOXYDABLE\",\"publisher\":{\"@id\":\"https:\/\/latatoueuse.paris\/#organization\"},\"potentialAction\":[{\"@type\":\"SearchAction\",\"target\":{\"@type\":\"EntryPoint\",\"urlTemplate\":\"https:\/\/latatoueuse.paris\/?s={search_term_string}\"},\"query-input\":\"required name=search_term_string\"}],\"inLanguage\":\"fr-FR\"},{\"@type\":\"Organization\",\"@id\":\"https:\/\/latatoueuse.paris\/#organization\",\"name\":\"LA TATOUEUSE BIJOUX\",\"url\":\"https:\/\/latatoueuse.paris\/\",\"sameAs\":[\"https:\/\/www.instagram.com\/latatoueusebijoux\/\",\"https:\/\/www.facebook.com\/LaTatoueuseBijoux\"],\"logo\":{\"@type\":\"ImageObject\",\"inLanguage\":\"fr-FR\",\"@id\":\"https:\/\/latatoueuse.paris\/#\/schema\/logo\/image\/\",\"url\":\"https:\/\/latatoueuse.paris\/wp-content\/uploads\/2021\/06\/coeur-rouge-_by-CA_-noir.png\",\"contentUrl\":\"https:\/\/latatoueuse.paris\/wp-content\/uploads\/2021\/06\/coeur-rouge-_by-CA_-noir.png\",\"width\":1417,\"height\":1417,\"caption\":\"LA TATOUEUSE BIJOUX\"},\"image\":{\"@id\":\"https:\/\/latatoueuse.paris\/#\/schema\/logo\/image\/\"}}]}<\/script>\n<!-- \/ Yoast SEO plugin. -->","yoast_head_json":{"title":"COLLIER LONG FORME Y ROSE DES VENTS - LA TATOUEUSE BIJOUX","description":"Collier m\u00e9daille coeur en acier chirurgical. Nos bijoux sont inspir\u00e9s du tatouage Old School. Ils r\u00e9sistent \u00e0 l'eau et au temps!","robots":{"index":"index","follow":"follow","max-snippet":"max-snippet:-1","max-image-preview":"max-image-preview:large","max-video-preview":"max-video-preview:-1"},"canonical":"https:\/\/latatoueuse.paris\/index.php\/produit\/collier-long-forme-y-rose-des-vents\/","og_locale":"fr_FR","og_type":"article","og_title":"COLLIER LONG FORME Y ROSE DES VENTS - LA TATOUEUSE BIJOUX","og_description":"Collier m\u00e9daille coeur en acier chirurgical. Nos bijoux sont inspir\u00e9s du tatouage Old School. Ils r\u00e9sistent \u00e0 l'eau et au temps!","og_url":"https:\/\/latatoueuse.paris\/index.php\/produit\/collier-long-forme-y-rose-des-vents\/","og_site_name":"LA TATOUEUSE","article_publisher":"https:\/\/www.facebook.com\/LaTatoueuseBijoux","article_modified_time":"2025-11-22T14:45:38+00:00","og_image":[{"width":844,"height":1024,"url":"https:\/\/latatoueuse.paris\/wp-content\/uploads\/2024\/10\/Y-boussole-ok-844x1024.png","type":"image\/png"}],"twitter_card":"summary_large_image","twitter_misc":{"Dur\u00e9e de lecture estim\u00e9e":"1 minute"},"schema":{"@context":"https:\/\/schema.org","@graph":[{"@type":"WebPage","@id":"https:\/\/latatoueuse.paris\/index.php\/produit\/collier-long-forme-y-rose-des-vents\/","url":"https:\/\/latatoueuse.paris\/index.php\/produit\/collier-long-forme-y-rose-des-vents\/","name":"COLLIER LONG FORME Y ROSE DES VENTS - LA TATOUEUSE BIJOUX","isPartOf":{"@id":"https:\/\/latatoueuse.paris\/#website"},"datePublished":"2024-10-28T11:48:33+00:00","dateModified":"2025-11-22T14:45:38+00:00","description":"Collier m\u00e9daille coeur en acier chirurgical. Nos bijoux sont inspir\u00e9s du tatouage Old School. Ils r\u00e9sistent \u00e0 l'eau et au temps!","breadcrumb":{"@id":"https:\/\/latatoueuse.paris\/index.php\/produit\/collier-long-forme-y-rose-des-vents\/#breadcrumb"},"inLanguage":"fr-FR","potentialAction":[{"@type":"ReadAction","target":["https:\/\/latatoueuse.paris\/index.php\/produit\/collier-long-forme-y-rose-des-vents\/"]}]},{"@type":"BreadcrumbList","@id":"https:\/\/latatoueuse.paris\/index.php\/produit\/collier-long-forme-y-rose-des-vents\/#breadcrumb","itemListElement":[{"@type":"ListItem","position":1,"name":"Accueil","item":"https:\/\/latatoueuse.paris\/"},{"@type":"ListItem","position":2,"name":"Nos Bijoux","item":"https:\/\/latatoueuse.paris\/index.php\/nos-bijoux\/"},{"@type":"ListItem","position":3,"name":"COLLIER LONG FORME Y ROSE DES VENTS"}]},{"@type":"WebSite","@id":"https:\/\/latatoueuse.paris\/#website","url":"https:\/\/latatoueuse.paris\/","name":"LA TATOUEUSE.PARIS","description":"BIJOUX ACIER INOXYDABLE","publisher":{"@id":"https:\/\/latatoueuse.paris\/#organization"},"potentialAction":[{"@type":"SearchAction","target":{"@type":"EntryPoint","urlTemplate":"https:\/\/latatoueuse.paris\/?s={search_term_string}"},"query-input":"required name=search_term_string"}],"inLanguage":"fr-FR"},{"@type":"Organization","@id":"https:\/\/latatoueuse.paris\/#organization","name":"LA TATOUEUSE BIJOUX","url":"https:\/\/latatoueuse.paris\/","sameAs":["https:\/\/www.instagram.com\/latatoueusebijoux\/","https:\/\/www.facebook.com\/LaTatoueuseBijoux"],"logo":{"@type":"ImageObject","inLanguage":"fr-FR","@id":"https:\/\/latatoueuse.paris\/#\/schema\/logo\/image\/","url":"https:\/\/latatoueuse.paris\/wp-content\/uploads\/2021\/06\/coeur-rouge-_by-CA_-noir.png","contentUrl":"https:\/\/latatoueuse.paris\/wp-content\/uploads\/2021\/06\/coeur-rouge-_by-CA_-noir.png","width":1417,"height":1417,"caption":"LA TATOUEUSE BIJOUX"},"image":{"@id":"https:\/\/latatoueuse.paris\/#\/schema\/logo\/image\/"}}]}},"_links":{"self":[{"href":"https:\/\/latatoueuse.paris\/index.php\/wp-json\/wp\/v2\/product\/14084"}],"collection":[{"href":"https:\/\/latatoueuse.paris\/index.php\/wp-json\/wp\/v2\/product"}],"about":[{"href":"https:\/\/latatoueuse.paris\/index.php\/wp-json\/wp\/v2\/types\/product"}],"wp:featuredmedia":[{"embeddable":true,"href":"https:\/\/latatoueuse.paris\/index.php\/wp-json\/wp\/v2\/media\/14719"}],"wp:attachment":[{"href":"https:\/\/latatoueuse.paris\/index.php\/wp-json\/wp\/v2\/media?parent=14084"}],"wp:term":[{"taxonomy":"product_cat","embeddable":true,"href":"https:\/\/latatoueuse.paris\/index.php\/wp-json\/wp\/v2\/product_cat?post=14084"},{"taxonomy":"product_tag","embeddable":true,"href":"https:\/\/latatoueuse.paris\/index.php\/wp-json\/wp\/v2\/product_tag?post=14084"}],"curies":[{"name":"wp","href":"https:\/\/api.w.org\/{rel}","templated":true}]}}