{"id":13957,"date":"2024-09-11T14:34:41","date_gmt":"2024-09-11T12:34:41","guid":{"rendered":"https:\/\/latatoueuse.paris\/?post_type=product&#038;p=13957"},"modified":"2025-10-09T17:46:50","modified_gmt":"2025-10-09T15:46:50","slug":"creoles-avec-earcuff-non-percee-arbre-de-vie","status":"publish","type":"product","link":"https:\/\/latatoueuse.paris\/index.php\/produit\/creoles-avec-earcuff-non-percee-arbre-de-vie\/","title":{"rendered":"CREOLES AVEC EARCUFF NON PERC\u00c9E ARBRE DE VIE"},"content":{"rendered":"<p>Le Bijou Tattoo!<\/p>\n<p>Paire de cr\u00e9oles avec earcuff non perc\u00e9e avec arbre de vie .<\/p>\n<p><span class=\"ILfuVd\" lang=\"fr\"><span class=\"hgKElc\"><b>L&#8217;arbre de vie symbolise souvent la croissance, le renouveau et la r\u00e9g\u00e9n\u00e9ration<\/b>.<\/span><\/span><\/p>\n<p><strong>Il symbolise \u00e9galement la sagesse et le cycle perp\u00e9tuel de la vie. Se faire tatouer un arbre de vie sur la peau signifie que vous acceptez votre place dans le monde et l&#8217;univers avec humilit\u00e9. V\u00e9ritable symbole de renaissance et d\u2019\u00e9veil spirituel, cet embl\u00e8me t\u00e9moigne de votre respect, votre tol\u00e9rance et votre amour envers la nature et tous les \u00eatres qui la composent.<\/strong><\/p>\n<p>La Tatoueuse Bijoux propose une large gamme de bijoux personnalisables et raffin\u00e9s, inspir\u00e9e de l\u2019iconographie du tatouage Old School. R\u00e9alis\u00e9s en acier chirurgical pour une tenue irr\u00e9prochable, les bijoux sont tremp\u00e9s dans un bain d\u2019or fin ou d\u2019argent. Ils sont waterproof, water-r\u00e9sistants et vous dureront toute votre vie !<\/p>\n<p>C&#8217;est pourquoi, la marque s\u2019adresse \u00e0 toutes les ind\u00e9cises du tatouage qui repoussent inlassablement le jour o\u00f9 elles mettront les pieds dans un salon de tatouage. Mais aussi \u00e0 celles, d\u00e9j\u00e0 tatou\u00e9es, qui souhaitent agr\u00e9menter leurs tatouages par une symbolique suppl\u00e9mentaire. Et enfin, celles, plus novices en la mati\u00e8re, qui se d\u00e9couvriront un nouvel int\u00e9r\u00eat pour la signification des symboles figuratifs du tatouage.<\/p>\n<p>&nbsp;<\/p>\n","protected":false},"excerpt":{"rendered":"<p>Mini cr\u00e9oles avec pendentif mini \u00e9toile, et earcuff reli\u00e9e par 2 chaines \u00e0 une cr\u00e9ole.<\/p>\n<ul>\n<li>Diam\u00e8tre 1 cm<\/li>\n<li>Charm 1.5 cm<\/li>\n<li>cha\u00eene 5 et 7 cm<\/li>\n<li>Composition acier chirurgical<\/li>\n<\/ul>\n","protected":false},"featured_media":13960,"template":"","meta":{"inline_featured_image":false},"product_cat":[155,77,32,78,39,92],"product_tag":[],"yoast_head":"<!-- This site is optimized with the Yoast SEO plugin v19.8 - https:\/\/yoast.com\/wordpress\/plugins\/seo\/ -->\n<title>CREOLES AVEC EARCUFF NON PERC\u00c9E ARBRE DE VIE - LA TATOUEUSE<\/title>\n<meta name=\"robots\" content=\"index, follow, max-snippet:-1, max-image-preview:large, max-video-preview:-1\" \/>\n<link rel=\"canonical\" href=\"https:\/\/latatoueuse.paris\/index.php\/produit\/creoles-avec-earcuff-non-percee-arbre-de-vie\/\" \/>\n<meta property=\"og:locale\" content=\"fr_FR\" \/>\n<meta property=\"og:type\" content=\"article\" \/>\n<meta property=\"og:title\" content=\"CREOLES AVEC EARCUFF NON PERC\u00c9E ARBRE DE VIE - LA TATOUEUSE\" \/>\n<meta property=\"og:description\" content=\"Mini cr\u00e9oles avec pendentif mini \u00e9toile, et earcuff reli\u00e9e par 2 chaines \u00e0 une cr\u00e9ole.   Diam\u00e8tre 1 cm  Charm 1.5 cm  cha\u00eene 5 et 7 cm  Composition acier chirurgical\" \/>\n<meta property=\"og:url\" content=\"https:\/\/latatoueuse.paris\/index.php\/produit\/creoles-avec-earcuff-non-percee-arbre-de-vie\/\" \/>\n<meta property=\"og:site_name\" content=\"LA TATOUEUSE\" \/>\n<meta property=\"article:publisher\" content=\"https:\/\/www.facebook.com\/LaTatoueuseBijoux\" \/>\n<meta property=\"article:modified_time\" content=\"2025-10-09T15:46:50+00:00\" \/>\n<meta property=\"og:image\" content=\"https:\/\/latatoueuse.paris\/wp-content\/uploads\/2024\/09\/IMG_2638.jpeg\" \/>\n\t<meta property=\"og:image:width\" content=\"1491\" \/>\n\t<meta property=\"og:image:height\" content=\"2120\" \/>\n\t<meta property=\"og:image:type\" content=\"image\/jpeg\" \/>\n<meta name=\"twitter:card\" content=\"summary_large_image\" \/>\n<meta name=\"twitter:label1\" content=\"Dur\u00e9e de lecture estim\u00e9e\" \/>\n\t<meta name=\"twitter:data1\" content=\"2 minutes\" \/>\n<script type=\"application\/ld+json\" class=\"yoast-schema-graph\">{\"@context\":\"https:\/\/schema.org\",\"@graph\":[{\"@type\":\"WebPage\",\"@id\":\"https:\/\/latatoueuse.paris\/index.php\/produit\/creoles-avec-earcuff-non-percee-arbre-de-vie\/\",\"url\":\"https:\/\/latatoueuse.paris\/index.php\/produit\/creoles-avec-earcuff-non-percee-arbre-de-vie\/\",\"name\":\"CREOLES AVEC EARCUFF NON PERC\u00c9E ARBRE DE VIE - LA TATOUEUSE\",\"isPartOf\":{\"@id\":\"https:\/\/latatoueuse.paris\/#website\"},\"datePublished\":\"2024-09-11T12:34:41+00:00\",\"dateModified\":\"2025-10-09T15:46:50+00:00\",\"breadcrumb\":{\"@id\":\"https:\/\/latatoueuse.paris\/index.php\/produit\/creoles-avec-earcuff-non-percee-arbre-de-vie\/#breadcrumb\"},\"inLanguage\":\"fr-FR\",\"potentialAction\":[{\"@type\":\"ReadAction\",\"target\":[\"https:\/\/latatoueuse.paris\/index.php\/produit\/creoles-avec-earcuff-non-percee-arbre-de-vie\/\"]}]},{\"@type\":\"BreadcrumbList\",\"@id\":\"https:\/\/latatoueuse.paris\/index.php\/produit\/creoles-avec-earcuff-non-percee-arbre-de-vie\/#breadcrumb\",\"itemListElement\":[{\"@type\":\"ListItem\",\"position\":1,\"name\":\"Accueil\",\"item\":\"https:\/\/latatoueuse.paris\/\"},{\"@type\":\"ListItem\",\"position\":2,\"name\":\"Nos Bijoux\",\"item\":\"https:\/\/latatoueuse.paris\/index.php\/nos-bijoux\/\"},{\"@type\":\"ListItem\",\"position\":3,\"name\":\"CREOLES AVEC EARCUFF NON PERC\u00c9E ARBRE DE VIE\"}]},{\"@type\":\"WebSite\",\"@id\":\"https:\/\/latatoueuse.paris\/#website\",\"url\":\"https:\/\/latatoueuse.paris\/\",\"name\":\"LA TATOUEUSE.PARIS\",\"description\":\"BIJOUX ACIER INOXYDABLE\",\"publisher\":{\"@id\":\"https:\/\/latatoueuse.paris\/#organization\"},\"potentialAction\":[{\"@type\":\"SearchAction\",\"target\":{\"@type\":\"EntryPoint\",\"urlTemplate\":\"https:\/\/latatoueuse.paris\/?s={search_term_string}\"},\"query-input\":\"required name=search_term_string\"}],\"inLanguage\":\"fr-FR\"},{\"@type\":\"Organization\",\"@id\":\"https:\/\/latatoueuse.paris\/#organization\",\"name\":\"LA TATOUEUSE BIJOUX\",\"url\":\"https:\/\/latatoueuse.paris\/\",\"sameAs\":[\"https:\/\/www.instagram.com\/latatoueusebijoux\/\",\"https:\/\/www.facebook.com\/LaTatoueuseBijoux\"],\"logo\":{\"@type\":\"ImageObject\",\"inLanguage\":\"fr-FR\",\"@id\":\"https:\/\/latatoueuse.paris\/#\/schema\/logo\/image\/\",\"url\":\"https:\/\/latatoueuse.paris\/wp-content\/uploads\/2021\/06\/coeur-rouge-_by-CA_-noir.png\",\"contentUrl\":\"https:\/\/latatoueuse.paris\/wp-content\/uploads\/2021\/06\/coeur-rouge-_by-CA_-noir.png\",\"width\":1417,\"height\":1417,\"caption\":\"LA TATOUEUSE BIJOUX\"},\"image\":{\"@id\":\"https:\/\/latatoueuse.paris\/#\/schema\/logo\/image\/\"}}]}<\/script>\n<!-- \/ Yoast SEO plugin. -->","yoast_head_json":{"title":"CREOLES AVEC EARCUFF NON PERC\u00c9E ARBRE DE VIE - LA TATOUEUSE","robots":{"index":"index","follow":"follow","max-snippet":"max-snippet:-1","max-image-preview":"max-image-preview:large","max-video-preview":"max-video-preview:-1"},"canonical":"https:\/\/latatoueuse.paris\/index.php\/produit\/creoles-avec-earcuff-non-percee-arbre-de-vie\/","og_locale":"fr_FR","og_type":"article","og_title":"CREOLES AVEC EARCUFF NON PERC\u00c9E ARBRE DE VIE - LA TATOUEUSE","og_description":"Mini cr\u00e9oles avec pendentif mini \u00e9toile, et earcuff reli\u00e9e par 2 chaines \u00e0 une cr\u00e9ole.   Diam\u00e8tre 1 cm  Charm 1.5 cm  cha\u00eene 5 et 7 cm  Composition acier chirurgical","og_url":"https:\/\/latatoueuse.paris\/index.php\/produit\/creoles-avec-earcuff-non-percee-arbre-de-vie\/","og_site_name":"LA TATOUEUSE","article_publisher":"https:\/\/www.facebook.com\/LaTatoueuseBijoux","article_modified_time":"2025-10-09T15:46:50+00:00","og_image":[{"width":1491,"height":2120,"url":"https:\/\/latatoueuse.paris\/wp-content\/uploads\/2024\/09\/IMG_2638.jpeg","type":"image\/jpeg"}],"twitter_card":"summary_large_image","twitter_misc":{"Dur\u00e9e de lecture estim\u00e9e":"2 minutes"},"schema":{"@context":"https:\/\/schema.org","@graph":[{"@type":"WebPage","@id":"https:\/\/latatoueuse.paris\/index.php\/produit\/creoles-avec-earcuff-non-percee-arbre-de-vie\/","url":"https:\/\/latatoueuse.paris\/index.php\/produit\/creoles-avec-earcuff-non-percee-arbre-de-vie\/","name":"CREOLES AVEC EARCUFF NON PERC\u00c9E ARBRE DE VIE - LA TATOUEUSE","isPartOf":{"@id":"https:\/\/latatoueuse.paris\/#website"},"datePublished":"2024-09-11T12:34:41+00:00","dateModified":"2025-10-09T15:46:50+00:00","breadcrumb":{"@id":"https:\/\/latatoueuse.paris\/index.php\/produit\/creoles-avec-earcuff-non-percee-arbre-de-vie\/#breadcrumb"},"inLanguage":"fr-FR","potentialAction":[{"@type":"ReadAction","target":["https:\/\/latatoueuse.paris\/index.php\/produit\/creoles-avec-earcuff-non-percee-arbre-de-vie\/"]}]},{"@type":"BreadcrumbList","@id":"https:\/\/latatoueuse.paris\/index.php\/produit\/creoles-avec-earcuff-non-percee-arbre-de-vie\/#breadcrumb","itemListElement":[{"@type":"ListItem","position":1,"name":"Accueil","item":"https:\/\/latatoueuse.paris\/"},{"@type":"ListItem","position":2,"name":"Nos Bijoux","item":"https:\/\/latatoueuse.paris\/index.php\/nos-bijoux\/"},{"@type":"ListItem","position":3,"name":"CREOLES AVEC EARCUFF NON PERC\u00c9E ARBRE DE VIE"}]},{"@type":"WebSite","@id":"https:\/\/latatoueuse.paris\/#website","url":"https:\/\/latatoueuse.paris\/","name":"LA TATOUEUSE.PARIS","description":"BIJOUX ACIER INOXYDABLE","publisher":{"@id":"https:\/\/latatoueuse.paris\/#organization"},"potentialAction":[{"@type":"SearchAction","target":{"@type":"EntryPoint","urlTemplate":"https:\/\/latatoueuse.paris\/?s={search_term_string}"},"query-input":"required name=search_term_string"}],"inLanguage":"fr-FR"},{"@type":"Organization","@id":"https:\/\/latatoueuse.paris\/#organization","name":"LA TATOUEUSE BIJOUX","url":"https:\/\/latatoueuse.paris\/","sameAs":["https:\/\/www.instagram.com\/latatoueusebijoux\/","https:\/\/www.facebook.com\/LaTatoueuseBijoux"],"logo":{"@type":"ImageObject","inLanguage":"fr-FR","@id":"https:\/\/latatoueuse.paris\/#\/schema\/logo\/image\/","url":"https:\/\/latatoueuse.paris\/wp-content\/uploads\/2021\/06\/coeur-rouge-_by-CA_-noir.png","contentUrl":"https:\/\/latatoueuse.paris\/wp-content\/uploads\/2021\/06\/coeur-rouge-_by-CA_-noir.png","width":1417,"height":1417,"caption":"LA TATOUEUSE BIJOUX"},"image":{"@id":"https:\/\/latatoueuse.paris\/#\/schema\/logo\/image\/"}}]}},"_links":{"self":[{"href":"https:\/\/latatoueuse.paris\/index.php\/wp-json\/wp\/v2\/product\/13957"}],"collection":[{"href":"https:\/\/latatoueuse.paris\/index.php\/wp-json\/wp\/v2\/product"}],"about":[{"href":"https:\/\/latatoueuse.paris\/index.php\/wp-json\/wp\/v2\/types\/product"}],"wp:featuredmedia":[{"embeddable":true,"href":"https:\/\/latatoueuse.paris\/index.php\/wp-json\/wp\/v2\/media\/13960"}],"wp:attachment":[{"href":"https:\/\/latatoueuse.paris\/index.php\/wp-json\/wp\/v2\/media?parent=13957"}],"wp:term":[{"taxonomy":"product_cat","embeddable":true,"href":"https:\/\/latatoueuse.paris\/index.php\/wp-json\/wp\/v2\/product_cat?post=13957"},{"taxonomy":"product_tag","embeddable":true,"href":"https:\/\/latatoueuse.paris\/index.php\/wp-json\/wp\/v2\/product_tag?post=13957"}],"curies":[{"name":"wp","href":"https:\/\/api.w.org\/{rel}","templated":true}]}}