{"id":13495,"date":"2024-06-05T10:41:49","date_gmt":"2024-06-05T08:41:49","guid":{"rendered":"https:\/\/latatoueuse.paris\/?post_type=product&#038;p=13495"},"modified":"2025-08-26T14:26:48","modified_gmt":"2025-08-26T12:26:48","slug":"bracelet-multi-rangs-diamant-2","status":"publish","type":"product","link":"https:\/\/latatoueuse.paris\/index.php\/produit\/bracelet-multi-rangs-diamant-2\/","title":{"rendered":"BRACELET Multi-Rangs DIAMANT"},"content":{"rendered":"<p><img loading=\"lazy\" class=\"alignnone size-medium wp-image-13498\" src=\"https:\/\/latatoueuse.paris\/wp-content\/uploads\/2024\/06\/TATOUEUSE36-e1717577106283-257x300.png\" alt=\"\" width=\"257\" height=\"300\" srcset=\"https:\/\/latatoueuse.paris\/wp-content\/uploads\/2024\/06\/TATOUEUSE36-e1717577106283-257x300.png 257w, https:\/\/latatoueuse.paris\/wp-content\/uploads\/2024\/06\/TATOUEUSE36-e1717577106283-768x895.png 768w, https:\/\/latatoueuse.paris\/wp-content\/uploads\/2024\/06\/TATOUEUSE36-e1717577106283-600x700.png 600w, https:\/\/latatoueuse.paris\/wp-content\/uploads\/2024\/06\/TATOUEUSE36-e1717577106283-64x75.png 64w, https:\/\/latatoueuse.paris\/wp-content\/uploads\/2024\/06\/TATOUEUSE36-e1717577106283.png 826w\" sizes=\"(max-width: 257px) 100vw, 257px\" \/>Bracelet 4 rangs diamant en acier \u00e9maill\u00e9<\/p>\n<p><a href=\"https:\/\/autourdelafrance.com\/signification-tatouage-diamant\/#:~:text=Un%20tatouage%20de%20diamant%20d%C3%A9montre,difficiles%20ou%20face%20aux%20adversit%C3%A9s.\">La signification du diamant<\/a> : Le mot diamant puise sont \u00e9tymologie du grec adamas qui signifie \u00ab invincible \u00bb. Ses multiples facettes renvoient des reflets infinis, illuminant tout ce qui se trouve autour de lui. Sa solidit\u00e9 et son caract\u00e8re inalt\u00e9rable sont les raisons pour lesquelles il est g\u00e9n\u00e9ralement choisi pour orner les alliances. Il est le symbole d\u2019un amour \u00e9ternel.<\/p>\n<p>L\u2019audacieuse est une collection pour une femme d\u00e9termin\u00e9e et forte, pr\u00eate \u00e0 lutter pour d\u00e9fendre ses id\u00e9aux et ses valeurs. Son ind\u00e9pendance et sa force de volont\u00e9 sont ses plus grands atouts.\u00a0 Intr\u00e9pide et surprenante, elle est signe de grands changements pour tous ceux qui croiseront sa route.<\/p>\n<p>La Tatoueuse Bijoux propose une large gamme de bijoux personnalisables et raffin\u00e9s, inspir\u00e9e de l\u2019iconographie du tatouage Old School. Nos bijoux sont r\u00e9alis\u00e9s en acier chirurgical pour une tenue irr\u00e9prochable, puis tremp\u00e9s dans un bain d\u2019or fin ou d\u2019argent. Ils sont waterproof, water-r\u00e9sistants et vous accompagneront longtemps !<\/p>\n<p>C&#8217;est pourquoi, la marque s\u2019adresse \u00e0 toutes les ind\u00e9cises du tatouage qui repoussent inlassablement le jour o\u00f9 elles mettront les pieds dans un salon de tatouage. Mais aussi \u00e0 celles, d\u00e9j\u00e0 tatou\u00e9es, qui souhaitent agr\u00e9menter leurs tatouages par une symbolique suppl\u00e9mentaire. Et enfin, celles, plus novices en la mati\u00e8re, qui se d\u00e9couvriront un nouvel int\u00e9r\u00eat pour la signification des symboles figuratifs du tatouage.<\/p>\n<p>Si vous aimez le collier bi-chaine diamant, d\u00e9couvrez l&#8217;ensemble des bijoux diamant dans la collection<a href=\"https:\/\/latatoueuse.paris\/index.php\/laudacieuse-or\/\"> L&#8217;Audacieuse<\/a><\/p>\n<p>&nbsp;<\/p>\n","protected":false},"excerpt":{"rendered":"<p>Bracelet cha\u00eene dor\u00e9 ou argent\u00e9 en acier \u00e9maill\u00e9.<\/p>\n<ul>\n<li>Longueur cha\u00eene 16 cm<\/li>\n<li>Longueur cha\u00eene fermoir 4 cm<\/li>\n<li>Fermoir 0.9 cm<\/li>\n<li>Charm 1 cm<\/li>\n<li>Composition acier chirurgical<\/li>\n<\/ul>\n","protected":false},"featured_media":13498,"template":"","meta":{"inline_featured_image":false},"product_cat":[77,29,139,78,37,92],"product_tag":[],"yoast_head":"<!-- This site is optimized with the Yoast SEO plugin v19.8 - https:\/\/yoast.com\/wordpress\/plugins\/seo\/ -->\n<title>BRACELET Multi-Rangs DIAMANT - LA TATOUEUSE<\/title>\n<meta name=\"robots\" content=\"index, follow, max-snippet:-1, max-image-preview:large, max-video-preview:-1\" \/>\n<link rel=\"canonical\" href=\"https:\/\/latatoueuse.paris\/index.php\/produit\/bracelet-multi-rangs-diamant-2\/\" \/>\n<meta property=\"og:locale\" content=\"fr_FR\" \/>\n<meta property=\"og:type\" content=\"article\" \/>\n<meta property=\"og:title\" content=\"BRACELET Multi-Rangs DIAMANT - LA TATOUEUSE\" \/>\n<meta property=\"og:description\" content=\"Bracelet cha\u00eene dor\u00e9 ou argent\u00e9 en acier \u00e9maill\u00e9.   Longueur cha\u00eene 16 cm  Longueur cha\u00eene fermoir 4 cm  Fermoir 0.9 cm  Charm 1 cm  Composition acier chirurgical\" \/>\n<meta property=\"og:url\" content=\"https:\/\/latatoueuse.paris\/index.php\/produit\/bracelet-multi-rangs-diamant-2\/\" \/>\n<meta property=\"og:site_name\" content=\"LA TATOUEUSE\" \/>\n<meta property=\"article:publisher\" content=\"https:\/\/www.facebook.com\/LaTatoueuseBijoux\" \/>\n<meta property=\"article:modified_time\" content=\"2025-08-26T12:26:48+00:00\" \/>\n<meta property=\"og:image\" content=\"https:\/\/latatoueuse.paris\/wp-content\/uploads\/2024\/06\/TATOUEUSE36-e1717577106283.png\" \/>\n\t<meta property=\"og:image:width\" content=\"826\" \/>\n\t<meta property=\"og:image:height\" content=\"963\" \/>\n\t<meta property=\"og:image:type\" content=\"image\/png\" \/>\n<meta name=\"twitter:card\" content=\"summary_large_image\" \/>\n<meta name=\"twitter:label1\" content=\"Dur\u00e9e de lecture estim\u00e9e\" \/>\n\t<meta name=\"twitter:data1\" content=\"2 minutes\" \/>\n<script type=\"application\/ld+json\" class=\"yoast-schema-graph\">{\"@context\":\"https:\/\/schema.org\",\"@graph\":[{\"@type\":\"WebPage\",\"@id\":\"https:\/\/latatoueuse.paris\/index.php\/produit\/bracelet-multi-rangs-diamant-2\/\",\"url\":\"https:\/\/latatoueuse.paris\/index.php\/produit\/bracelet-multi-rangs-diamant-2\/\",\"name\":\"BRACELET Multi-Rangs DIAMANT - LA TATOUEUSE\",\"isPartOf\":{\"@id\":\"https:\/\/latatoueuse.paris\/#website\"},\"datePublished\":\"2024-06-05T08:41:49+00:00\",\"dateModified\":\"2025-08-26T12:26:48+00:00\",\"breadcrumb\":{\"@id\":\"https:\/\/latatoueuse.paris\/index.php\/produit\/bracelet-multi-rangs-diamant-2\/#breadcrumb\"},\"inLanguage\":\"fr-FR\",\"potentialAction\":[{\"@type\":\"ReadAction\",\"target\":[\"https:\/\/latatoueuse.paris\/index.php\/produit\/bracelet-multi-rangs-diamant-2\/\"]}]},{\"@type\":\"BreadcrumbList\",\"@id\":\"https:\/\/latatoueuse.paris\/index.php\/produit\/bracelet-multi-rangs-diamant-2\/#breadcrumb\",\"itemListElement\":[{\"@type\":\"ListItem\",\"position\":1,\"name\":\"Accueil\",\"item\":\"https:\/\/latatoueuse.paris\/\"},{\"@type\":\"ListItem\",\"position\":2,\"name\":\"Nos Bijoux\",\"item\":\"https:\/\/latatoueuse.paris\/index.php\/nos-bijoux\/\"},{\"@type\":\"ListItem\",\"position\":3,\"name\":\"BRACELET Multi-Rangs DIAMANT\"}]},{\"@type\":\"WebSite\",\"@id\":\"https:\/\/latatoueuse.paris\/#website\",\"url\":\"https:\/\/latatoueuse.paris\/\",\"name\":\"LA TATOUEUSE.PARIS\",\"description\":\"BIJOUX ACIER INOXYDABLE\",\"publisher\":{\"@id\":\"https:\/\/latatoueuse.paris\/#organization\"},\"potentialAction\":[{\"@type\":\"SearchAction\",\"target\":{\"@type\":\"EntryPoint\",\"urlTemplate\":\"https:\/\/latatoueuse.paris\/?s={search_term_string}\"},\"query-input\":\"required name=search_term_string\"}],\"inLanguage\":\"fr-FR\"},{\"@type\":\"Organization\",\"@id\":\"https:\/\/latatoueuse.paris\/#organization\",\"name\":\"LA TATOUEUSE BIJOUX\",\"url\":\"https:\/\/latatoueuse.paris\/\",\"sameAs\":[\"https:\/\/www.instagram.com\/latatoueusebijoux\/\",\"https:\/\/www.facebook.com\/LaTatoueuseBijoux\"],\"logo\":{\"@type\":\"ImageObject\",\"inLanguage\":\"fr-FR\",\"@id\":\"https:\/\/latatoueuse.paris\/#\/schema\/logo\/image\/\",\"url\":\"https:\/\/latatoueuse.paris\/wp-content\/uploads\/2021\/06\/coeur-rouge-_by-CA_-noir.png\",\"contentUrl\":\"https:\/\/latatoueuse.paris\/wp-content\/uploads\/2021\/06\/coeur-rouge-_by-CA_-noir.png\",\"width\":1417,\"height\":1417,\"caption\":\"LA TATOUEUSE BIJOUX\"},\"image\":{\"@id\":\"https:\/\/latatoueuse.paris\/#\/schema\/logo\/image\/\"}}]}<\/script>\n<!-- \/ Yoast SEO plugin. -->","yoast_head_json":{"title":"BRACELET Multi-Rangs DIAMANT - LA TATOUEUSE","robots":{"index":"index","follow":"follow","max-snippet":"max-snippet:-1","max-image-preview":"max-image-preview:large","max-video-preview":"max-video-preview:-1"},"canonical":"https:\/\/latatoueuse.paris\/index.php\/produit\/bracelet-multi-rangs-diamant-2\/","og_locale":"fr_FR","og_type":"article","og_title":"BRACELET Multi-Rangs DIAMANT - LA TATOUEUSE","og_description":"Bracelet cha\u00eene dor\u00e9 ou argent\u00e9 en acier \u00e9maill\u00e9.   Longueur cha\u00eene 16 cm  Longueur cha\u00eene fermoir 4 cm  Fermoir 0.9 cm  Charm 1 cm  Composition acier chirurgical","og_url":"https:\/\/latatoueuse.paris\/index.php\/produit\/bracelet-multi-rangs-diamant-2\/","og_site_name":"LA TATOUEUSE","article_publisher":"https:\/\/www.facebook.com\/LaTatoueuseBijoux","article_modified_time":"2025-08-26T12:26:48+00:00","og_image":[{"width":826,"height":963,"url":"https:\/\/latatoueuse.paris\/wp-content\/uploads\/2024\/06\/TATOUEUSE36-e1717577106283.png","type":"image\/png"}],"twitter_card":"summary_large_image","twitter_misc":{"Dur\u00e9e de lecture estim\u00e9e":"2 minutes"},"schema":{"@context":"https:\/\/schema.org","@graph":[{"@type":"WebPage","@id":"https:\/\/latatoueuse.paris\/index.php\/produit\/bracelet-multi-rangs-diamant-2\/","url":"https:\/\/latatoueuse.paris\/index.php\/produit\/bracelet-multi-rangs-diamant-2\/","name":"BRACELET Multi-Rangs DIAMANT - LA TATOUEUSE","isPartOf":{"@id":"https:\/\/latatoueuse.paris\/#website"},"datePublished":"2024-06-05T08:41:49+00:00","dateModified":"2025-08-26T12:26:48+00:00","breadcrumb":{"@id":"https:\/\/latatoueuse.paris\/index.php\/produit\/bracelet-multi-rangs-diamant-2\/#breadcrumb"},"inLanguage":"fr-FR","potentialAction":[{"@type":"ReadAction","target":["https:\/\/latatoueuse.paris\/index.php\/produit\/bracelet-multi-rangs-diamant-2\/"]}]},{"@type":"BreadcrumbList","@id":"https:\/\/latatoueuse.paris\/index.php\/produit\/bracelet-multi-rangs-diamant-2\/#breadcrumb","itemListElement":[{"@type":"ListItem","position":1,"name":"Accueil","item":"https:\/\/latatoueuse.paris\/"},{"@type":"ListItem","position":2,"name":"Nos Bijoux","item":"https:\/\/latatoueuse.paris\/index.php\/nos-bijoux\/"},{"@type":"ListItem","position":3,"name":"BRACELET Multi-Rangs DIAMANT"}]},{"@type":"WebSite","@id":"https:\/\/latatoueuse.paris\/#website","url":"https:\/\/latatoueuse.paris\/","name":"LA TATOUEUSE.PARIS","description":"BIJOUX ACIER INOXYDABLE","publisher":{"@id":"https:\/\/latatoueuse.paris\/#organization"},"potentialAction":[{"@type":"SearchAction","target":{"@type":"EntryPoint","urlTemplate":"https:\/\/latatoueuse.paris\/?s={search_term_string}"},"query-input":"required name=search_term_string"}],"inLanguage":"fr-FR"},{"@type":"Organization","@id":"https:\/\/latatoueuse.paris\/#organization","name":"LA TATOUEUSE BIJOUX","url":"https:\/\/latatoueuse.paris\/","sameAs":["https:\/\/www.instagram.com\/latatoueusebijoux\/","https:\/\/www.facebook.com\/LaTatoueuseBijoux"],"logo":{"@type":"ImageObject","inLanguage":"fr-FR","@id":"https:\/\/latatoueuse.paris\/#\/schema\/logo\/image\/","url":"https:\/\/latatoueuse.paris\/wp-content\/uploads\/2021\/06\/coeur-rouge-_by-CA_-noir.png","contentUrl":"https:\/\/latatoueuse.paris\/wp-content\/uploads\/2021\/06\/coeur-rouge-_by-CA_-noir.png","width":1417,"height":1417,"caption":"LA TATOUEUSE BIJOUX"},"image":{"@id":"https:\/\/latatoueuse.paris\/#\/schema\/logo\/image\/"}}]}},"_links":{"self":[{"href":"https:\/\/latatoueuse.paris\/index.php\/wp-json\/wp\/v2\/product\/13495"}],"collection":[{"href":"https:\/\/latatoueuse.paris\/index.php\/wp-json\/wp\/v2\/product"}],"about":[{"href":"https:\/\/latatoueuse.paris\/index.php\/wp-json\/wp\/v2\/types\/product"}],"wp:featuredmedia":[{"embeddable":true,"href":"https:\/\/latatoueuse.paris\/index.php\/wp-json\/wp\/v2\/media\/13498"}],"wp:attachment":[{"href":"https:\/\/latatoueuse.paris\/index.php\/wp-json\/wp\/v2\/media?parent=13495"}],"wp:term":[{"taxonomy":"product_cat","embeddable":true,"href":"https:\/\/latatoueuse.paris\/index.php\/wp-json\/wp\/v2\/product_cat?post=13495"},{"taxonomy":"product_tag","embeddable":true,"href":"https:\/\/latatoueuse.paris\/index.php\/wp-json\/wp\/v2\/product_tag?post=13495"}],"curies":[{"name":"wp","href":"https:\/\/api.w.org\/{rel}","templated":true}]}}