{"id":13450,"date":"2024-06-04T15:37:48","date_gmt":"2024-06-04T13:37:48","guid":{"rendered":"https:\/\/latatoueuse.paris\/?post_type=product&#038;p=13450"},"modified":"2025-11-22T15:45:46","modified_gmt":"2025-11-22T14:45:46","slug":"collier-diamant-et-perles-de-verre","status":"publish","type":"product","link":"https:\/\/latatoueuse.paris\/index.php\/produit\/collier-diamant-et-perles-de-verre\/","title":{"rendered":"COLLIER DIAMANT et PERLES de VERRE"},"content":{"rendered":"<p>Collier chaine et diamant Sacr\u00e9 en acier \u00e9maill\u00e9 avec perles de verre noires facett\u00e9es.<\/p>\n<p>Longueur 40 cm + 5 cm de chaine de r\u00e9glage.<\/p>\n<p>Le Bijou Tattoo.<\/p>\n<p><a href=\"https:\/\/www.google.fr\/url?sa=t&amp;rct=j&amp;q=&amp;esrc=s&amp;source=web&amp;cd=&amp;cad=rja&amp;uact=8&amp;ved=2ahUKEwjh-9Od3Y_xAhVnDGMBHVMhCEsQFjAGegQIAxAD&amp;url=https%3A%2F%2Fsignification-tatouage.fr%2Fsignification-tatouage-coeur%2F&amp;usg=AOvVaw0q6zwogC6fkr_kU2b0O0wb\"><span style=\"font-weight: 400;\">La signification du diamant<\/span><\/a><span style=\"font-weight: 400;\"> :Le mot diamant puise sont \u00e9tymologie du grec adamas qui signifie\u00a0\u00ab\u00a0invincible\u00a0\u00bb. Ses multiples facettes renvoient des reflets infinis, illuminant tout ce qui se trouve autour de lui. Sa solidit\u00e9 et son caract\u00e8re inalt\u00e9rable sont les raisons pour lesquelles il est g\u00e9n\u00e9ralement choisi pour orner les alliances\u00a0; il est le symbole d\u2019un amour \u00e9ternel.<\/span><\/p>\n","protected":false},"excerpt":{"rendered":"<p>&nbsp;<\/p>\n<p>Collier cha\u00eene avec m\u00e9daille dor\u00e9e ou argent\u00e9e et charm le tout en acier \u00e9maill\u00e9.<\/p>\n<ul>\n<li>Longueur cha\u00eene 40.5 cm<\/li>\n<li>Longueur cha\u00eene fermoir 6 cm<\/li>\n<li>Fermoir 0.9 cm<\/li>\n<li>M\u00e9daille 1.3 cm<\/li>\n<li>Charm 1 cm<\/li>\n<li>Composition acier chirurgical<\/li>\n<\/ul>\n","protected":false},"featured_media":13501,"template":"","meta":{"inline_featured_image":false},"product_cat":[77,31,139,78,37,92],"product_tag":[80],"yoast_head":"<!-- This site is optimized with the Yoast SEO plugin v19.8 - https:\/\/yoast.com\/wordpress\/plugins\/seo\/ -->\n<title>COLLIER DIAMANT et PERLES de VERRE - LA TATOUEUSE BIJOUX<\/title>\n<meta name=\"description\" content=\"Collier m\u00e9daille coeur en acier chirurgical. Nos bijoux sont inspir\u00e9s du tatouage Old School. Ils r\u00e9sistent \u00e0 l&#039;eau et au temps!\" \/>\n<meta name=\"robots\" content=\"index, follow, max-snippet:-1, max-image-preview:large, max-video-preview:-1\" \/>\n<link rel=\"canonical\" href=\"https:\/\/latatoueuse.paris\/index.php\/produit\/collier-diamant-et-perles-de-verre\/\" \/>\n<meta property=\"og:locale\" content=\"fr_FR\" \/>\n<meta property=\"og:type\" content=\"article\" \/>\n<meta property=\"og:title\" content=\"COLLIER DIAMANT et PERLES de VERRE - LA TATOUEUSE BIJOUX\" \/>\n<meta property=\"og:description\" content=\"Collier m\u00e9daille coeur en acier chirurgical. Nos bijoux sont inspir\u00e9s du tatouage Old School. Ils r\u00e9sistent \u00e0 l&#039;eau et au temps!\" \/>\n<meta property=\"og:url\" content=\"https:\/\/latatoueuse.paris\/index.php\/produit\/collier-diamant-et-perles-de-verre\/\" \/>\n<meta property=\"og:site_name\" content=\"LA TATOUEUSE\" \/>\n<meta property=\"article:publisher\" content=\"https:\/\/www.facebook.com\/LaTatoueuseBijoux\" \/>\n<meta property=\"article:modified_time\" content=\"2025-11-22T14:45:46+00:00\" \/>\n<meta property=\"og:image\" content=\"https:\/\/latatoueuse.paris\/wp-content\/uploads\/2024\/06\/IMG_2376-1-scaled.jpg\" \/>\n\t<meta property=\"og:image:width\" content=\"2015\" \/>\n\t<meta property=\"og:image:height\" content=\"2560\" \/>\n\t<meta property=\"og:image:type\" content=\"image\/jpeg\" \/>\n<meta name=\"twitter:card\" content=\"summary_large_image\" \/>\n<meta name=\"twitter:label1\" content=\"Dur\u00e9e de lecture estim\u00e9e\" \/>\n\t<meta name=\"twitter:data1\" content=\"1 minute\" \/>\n<script type=\"application\/ld+json\" class=\"yoast-schema-graph\">{\"@context\":\"https:\/\/schema.org\",\"@graph\":[{\"@type\":\"WebPage\",\"@id\":\"https:\/\/latatoueuse.paris\/index.php\/produit\/collier-diamant-et-perles-de-verre\/\",\"url\":\"https:\/\/latatoueuse.paris\/index.php\/produit\/collier-diamant-et-perles-de-verre\/\",\"name\":\"COLLIER DIAMANT et PERLES de VERRE - LA TATOUEUSE BIJOUX\",\"isPartOf\":{\"@id\":\"https:\/\/latatoueuse.paris\/#website\"},\"datePublished\":\"2024-06-04T13:37:48+00:00\",\"dateModified\":\"2025-11-22T14:45:46+00:00\",\"description\":\"Collier m\u00e9daille coeur en acier chirurgical. Nos bijoux sont inspir\u00e9s du tatouage Old School. Ils r\u00e9sistent \u00e0 l'eau et au temps!\",\"breadcrumb\":{\"@id\":\"https:\/\/latatoueuse.paris\/index.php\/produit\/collier-diamant-et-perles-de-verre\/#breadcrumb\"},\"inLanguage\":\"fr-FR\",\"potentialAction\":[{\"@type\":\"ReadAction\",\"target\":[\"https:\/\/latatoueuse.paris\/index.php\/produit\/collier-diamant-et-perles-de-verre\/\"]}]},{\"@type\":\"BreadcrumbList\",\"@id\":\"https:\/\/latatoueuse.paris\/index.php\/produit\/collier-diamant-et-perles-de-verre\/#breadcrumb\",\"itemListElement\":[{\"@type\":\"ListItem\",\"position\":1,\"name\":\"Accueil\",\"item\":\"https:\/\/latatoueuse.paris\/\"},{\"@type\":\"ListItem\",\"position\":2,\"name\":\"Nos Bijoux\",\"item\":\"https:\/\/latatoueuse.paris\/index.php\/nos-bijoux\/\"},{\"@type\":\"ListItem\",\"position\":3,\"name\":\"COLLIER DIAMANT et PERLES de VERRE\"}]},{\"@type\":\"WebSite\",\"@id\":\"https:\/\/latatoueuse.paris\/#website\",\"url\":\"https:\/\/latatoueuse.paris\/\",\"name\":\"LA TATOUEUSE.PARIS\",\"description\":\"BIJOUX ACIER INOXYDABLE\",\"publisher\":{\"@id\":\"https:\/\/latatoueuse.paris\/#organization\"},\"potentialAction\":[{\"@type\":\"SearchAction\",\"target\":{\"@type\":\"EntryPoint\",\"urlTemplate\":\"https:\/\/latatoueuse.paris\/?s={search_term_string}\"},\"query-input\":\"required name=search_term_string\"}],\"inLanguage\":\"fr-FR\"},{\"@type\":\"Organization\",\"@id\":\"https:\/\/latatoueuse.paris\/#organization\",\"name\":\"LA TATOUEUSE BIJOUX\",\"url\":\"https:\/\/latatoueuse.paris\/\",\"sameAs\":[\"https:\/\/www.instagram.com\/latatoueusebijoux\/\",\"https:\/\/www.facebook.com\/LaTatoueuseBijoux\"],\"logo\":{\"@type\":\"ImageObject\",\"inLanguage\":\"fr-FR\",\"@id\":\"https:\/\/latatoueuse.paris\/#\/schema\/logo\/image\/\",\"url\":\"https:\/\/latatoueuse.paris\/wp-content\/uploads\/2021\/06\/coeur-rouge-_by-CA_-noir.png\",\"contentUrl\":\"https:\/\/latatoueuse.paris\/wp-content\/uploads\/2021\/06\/coeur-rouge-_by-CA_-noir.png\",\"width\":1417,\"height\":1417,\"caption\":\"LA TATOUEUSE BIJOUX\"},\"image\":{\"@id\":\"https:\/\/latatoueuse.paris\/#\/schema\/logo\/image\/\"}}]}<\/script>\n<!-- \/ Yoast SEO plugin. -->","yoast_head_json":{"title":"COLLIER DIAMANT et PERLES de VERRE - LA TATOUEUSE BIJOUX","description":"Collier m\u00e9daille coeur en acier chirurgical. Nos bijoux sont inspir\u00e9s du tatouage Old School. Ils r\u00e9sistent \u00e0 l'eau et au temps!","robots":{"index":"index","follow":"follow","max-snippet":"max-snippet:-1","max-image-preview":"max-image-preview:large","max-video-preview":"max-video-preview:-1"},"canonical":"https:\/\/latatoueuse.paris\/index.php\/produit\/collier-diamant-et-perles-de-verre\/","og_locale":"fr_FR","og_type":"article","og_title":"COLLIER DIAMANT et PERLES de VERRE - LA TATOUEUSE BIJOUX","og_description":"Collier m\u00e9daille coeur en acier chirurgical. Nos bijoux sont inspir\u00e9s du tatouage Old School. Ils r\u00e9sistent \u00e0 l'eau et au temps!","og_url":"https:\/\/latatoueuse.paris\/index.php\/produit\/collier-diamant-et-perles-de-verre\/","og_site_name":"LA TATOUEUSE","article_publisher":"https:\/\/www.facebook.com\/LaTatoueuseBijoux","article_modified_time":"2025-11-22T14:45:46+00:00","og_image":[{"width":2015,"height":2560,"url":"https:\/\/latatoueuse.paris\/wp-content\/uploads\/2024\/06\/IMG_2376-1-scaled.jpg","type":"image\/jpeg"}],"twitter_card":"summary_large_image","twitter_misc":{"Dur\u00e9e de lecture estim\u00e9e":"1 minute"},"schema":{"@context":"https:\/\/schema.org","@graph":[{"@type":"WebPage","@id":"https:\/\/latatoueuse.paris\/index.php\/produit\/collier-diamant-et-perles-de-verre\/","url":"https:\/\/latatoueuse.paris\/index.php\/produit\/collier-diamant-et-perles-de-verre\/","name":"COLLIER DIAMANT et PERLES de VERRE - LA TATOUEUSE BIJOUX","isPartOf":{"@id":"https:\/\/latatoueuse.paris\/#website"},"datePublished":"2024-06-04T13:37:48+00:00","dateModified":"2025-11-22T14:45:46+00:00","description":"Collier m\u00e9daille coeur en acier chirurgical. Nos bijoux sont inspir\u00e9s du tatouage Old School. Ils r\u00e9sistent \u00e0 l'eau et au temps!","breadcrumb":{"@id":"https:\/\/latatoueuse.paris\/index.php\/produit\/collier-diamant-et-perles-de-verre\/#breadcrumb"},"inLanguage":"fr-FR","potentialAction":[{"@type":"ReadAction","target":["https:\/\/latatoueuse.paris\/index.php\/produit\/collier-diamant-et-perles-de-verre\/"]}]},{"@type":"BreadcrumbList","@id":"https:\/\/latatoueuse.paris\/index.php\/produit\/collier-diamant-et-perles-de-verre\/#breadcrumb","itemListElement":[{"@type":"ListItem","position":1,"name":"Accueil","item":"https:\/\/latatoueuse.paris\/"},{"@type":"ListItem","position":2,"name":"Nos Bijoux","item":"https:\/\/latatoueuse.paris\/index.php\/nos-bijoux\/"},{"@type":"ListItem","position":3,"name":"COLLIER DIAMANT et PERLES de VERRE"}]},{"@type":"WebSite","@id":"https:\/\/latatoueuse.paris\/#website","url":"https:\/\/latatoueuse.paris\/","name":"LA TATOUEUSE.PARIS","description":"BIJOUX ACIER INOXYDABLE","publisher":{"@id":"https:\/\/latatoueuse.paris\/#organization"},"potentialAction":[{"@type":"SearchAction","target":{"@type":"EntryPoint","urlTemplate":"https:\/\/latatoueuse.paris\/?s={search_term_string}"},"query-input":"required name=search_term_string"}],"inLanguage":"fr-FR"},{"@type":"Organization","@id":"https:\/\/latatoueuse.paris\/#organization","name":"LA TATOUEUSE BIJOUX","url":"https:\/\/latatoueuse.paris\/","sameAs":["https:\/\/www.instagram.com\/latatoueusebijoux\/","https:\/\/www.facebook.com\/LaTatoueuseBijoux"],"logo":{"@type":"ImageObject","inLanguage":"fr-FR","@id":"https:\/\/latatoueuse.paris\/#\/schema\/logo\/image\/","url":"https:\/\/latatoueuse.paris\/wp-content\/uploads\/2021\/06\/coeur-rouge-_by-CA_-noir.png","contentUrl":"https:\/\/latatoueuse.paris\/wp-content\/uploads\/2021\/06\/coeur-rouge-_by-CA_-noir.png","width":1417,"height":1417,"caption":"LA TATOUEUSE BIJOUX"},"image":{"@id":"https:\/\/latatoueuse.paris\/#\/schema\/logo\/image\/"}}]}},"_links":{"self":[{"href":"https:\/\/latatoueuse.paris\/index.php\/wp-json\/wp\/v2\/product\/13450"}],"collection":[{"href":"https:\/\/latatoueuse.paris\/index.php\/wp-json\/wp\/v2\/product"}],"about":[{"href":"https:\/\/latatoueuse.paris\/index.php\/wp-json\/wp\/v2\/types\/product"}],"wp:featuredmedia":[{"embeddable":true,"href":"https:\/\/latatoueuse.paris\/index.php\/wp-json\/wp\/v2\/media\/13501"}],"wp:attachment":[{"href":"https:\/\/latatoueuse.paris\/index.php\/wp-json\/wp\/v2\/media?parent=13450"}],"wp:term":[{"taxonomy":"product_cat","embeddable":true,"href":"https:\/\/latatoueuse.paris\/index.php\/wp-json\/wp\/v2\/product_cat?post=13450"},{"taxonomy":"product_tag","embeddable":true,"href":"https:\/\/latatoueuse.paris\/index.php\/wp-json\/wp\/v2\/product_tag?post=13450"}],"curies":[{"name":"wp","href":"https:\/\/api.w.org\/{rel}","templated":true}]}}