{"id":13285,"date":"2024-04-17T16:25:39","date_gmt":"2024-04-17T14:25:39","guid":{"rendered":"https:\/\/latatoueuse.paris\/?post_type=product&#038;p=13285"},"modified":"2024-09-11T12:44:59","modified_gmt":"2024-09-11T10:44:59","slug":"creole-avec-earcuff-non-percee-ancre","status":"publish","type":"product","link":"https:\/\/latatoueuse.paris\/index.php\/produit\/creole-avec-earcuff-non-percee-ancre\/","title":{"rendered":"CREOLE AVEC EARCUFF NON PERCEE ANCRE"},"content":{"rendered":"<p><a href=\"https:\/\/www.google.fr\/url?sa=t&amp;rct=j&amp;q=&amp;esrc=s&amp;source=web&amp;cd=&amp;cad=rja&amp;uact=8&amp;ved=2ahUKEwjd78eX24_xAhUE8xQKHaiSCksQFjACegQIBRAD&amp;url=https%3A%2F%2Fwww.journaldesfemmes.fr%2Fbeaute%2Fconseils-tatouage-et-piercing%2F2613345-tatouage-ancre-marine-signification-prix%2F%23%3A~%3Atext%3DCar%2520sa%2520signification%2520va%2520plus%2Cmanque%2520peut%252D%25C3%25AAtre%2520un%2520peu.&amp;usg=AOvVaw1r5UxwVdj--MtogbX1Y4Vk\">La signification de l\u2019ancre<\/a>\u00a0: L\u2019ancre, est le symbole ultime du marin voyageur. Comme pour le bateau, l\u2019ancre conf\u00e8re stabilit\u00e9, calme et solidit\u00e9 \u00e0 celui qui se la tatoue sur la peau. Elle symbolise le d\u00e9sir des navigateurs de retourner au port sains et saufs. De plus, elle r\u00e9v\u00e8le d\u2019une grande attache sentimentale envers un lieu ou une personne.<\/p>\n<p>La Voyageuse est collection pour une femme ind\u00e9pendante qui n\u2019attend qu\u2019une chose, prendre son envol.\u00a0 Cette soif de libert\u00e9 l\u2019entra\u00eene sans cesse \u00e0 relever de nouveaux d\u00e9fis. Telle une hirondelle, elle parcourt le monde mais reste fid\u00e8le \u00e0 ses origines, revenant toujours aupr\u00e8s des siens.<\/p>\n<p>La Tatoueuse Bijoux propose une large gamme de bijoux personnalisables et raffin\u00e9s, inspir\u00e9e de l\u2019iconographie du tatouage Old School. Nos bijoux sont r\u00e9alis\u00e9s en acier chirurgical pour une tenue irr\u00e9prochable, puis tremp\u00e9s dans un bain d\u2019or fin ou d\u2019argent. Ils sont waterproof, water-r\u00e9sistants et\u00a0 vous accompagneront longtemps !<\/p>\n<p>C\u2019est pourquoi, la marque s\u2019adresse \u00e0 toutes les ind\u00e9cises du tatouage qui repoussent inlassablement le jour o\u00f9 elles mettront les pieds dans un salon de tatouage. Mais aussi \u00e0 celles, d\u00e9j\u00e0 tatou\u00e9es, qui souhaitent agr\u00e9menter leurs tatouages par une symbolique suppl\u00e9mentaire. Et enfin, celles, plus novices en la mati\u00e8re, qui se d\u00e9couvriront un nouvel int\u00e9r\u00eat pour la signification des symboles figuratifs du tatouage.<\/p>\n<p>Si vous aimez les cr\u00e9oles avec earcuff non perc\u00e9e, d\u00e9couvrez l\u2019ensemble des bijoux ancre dans la collection La Voyageuse<\/p>\n","protected":false},"excerpt":{"rendered":"<p>&nbsp;<\/p>\n<ul>\n<li>Composition acier chirurgical<\/li>\n<\/ul>\n","protected":false},"featured_media":13861,"template":"","meta":{"inline_featured_image":false},"product_cat":[143,77,32,78,41,92],"product_tag":[],"yoast_head":"<!-- This site is optimized with the Yoast SEO plugin v19.8 - https:\/\/yoast.com\/wordpress\/plugins\/seo\/ -->\n<title>CREOLE AVEC EARCUFF NON PERCEE ANCRE - LA TATOUEUSE<\/title>\n<meta name=\"robots\" content=\"index, follow, max-snippet:-1, max-image-preview:large, max-video-preview:-1\" \/>\n<link rel=\"canonical\" href=\"https:\/\/latatoueuse.paris\/index.php\/produit\/creole-avec-earcuff-non-percee-ancre\/\" \/>\n<meta property=\"og:locale\" content=\"fr_FR\" \/>\n<meta property=\"og:type\" content=\"article\" \/>\n<meta property=\"og:title\" content=\"CREOLE AVEC EARCUFF NON PERCEE ANCRE - LA TATOUEUSE\" \/>\n<meta property=\"og:description\" content=\"&nbsp;   Composition acier chirurgical\" \/>\n<meta property=\"og:url\" content=\"https:\/\/latatoueuse.paris\/index.php\/produit\/creole-avec-earcuff-non-percee-ancre\/\" \/>\n<meta property=\"og:site_name\" content=\"LA TATOUEUSE\" \/>\n<meta property=\"article:publisher\" content=\"https:\/\/www.facebook.com\/LaTatoueuseBijoux\" \/>\n<meta property=\"article:modified_time\" content=\"2024-09-11T10:44:59+00:00\" \/>\n<meta property=\"og:image\" content=\"https:\/\/latatoueuse.paris\/wp-content\/uploads\/2024\/04\/IMG_2573.jpeg\" \/>\n\t<meta property=\"og:image:width\" content=\"1367\" \/>\n\t<meta property=\"og:image:height\" content=\"2054\" \/>\n\t<meta property=\"og:image:type\" content=\"image\/jpeg\" \/>\n<meta name=\"twitter:card\" content=\"summary_large_image\" \/>\n<meta name=\"twitter:label1\" content=\"Dur\u00e9e de lecture estim\u00e9e\" \/>\n\t<meta name=\"twitter:data1\" content=\"2 minutes\" \/>\n<script type=\"application\/ld+json\" class=\"yoast-schema-graph\">{\"@context\":\"https:\/\/schema.org\",\"@graph\":[{\"@type\":\"WebPage\",\"@id\":\"https:\/\/latatoueuse.paris\/index.php\/produit\/creole-avec-earcuff-non-percee-ancre\/\",\"url\":\"https:\/\/latatoueuse.paris\/index.php\/produit\/creole-avec-earcuff-non-percee-ancre\/\",\"name\":\"CREOLE AVEC EARCUFF NON PERCEE ANCRE - LA TATOUEUSE\",\"isPartOf\":{\"@id\":\"https:\/\/latatoueuse.paris\/#website\"},\"datePublished\":\"2024-04-17T14:25:39+00:00\",\"dateModified\":\"2024-09-11T10:44:59+00:00\",\"breadcrumb\":{\"@id\":\"https:\/\/latatoueuse.paris\/index.php\/produit\/creole-avec-earcuff-non-percee-ancre\/#breadcrumb\"},\"inLanguage\":\"fr-FR\",\"potentialAction\":[{\"@type\":\"ReadAction\",\"target\":[\"https:\/\/latatoueuse.paris\/index.php\/produit\/creole-avec-earcuff-non-percee-ancre\/\"]}]},{\"@type\":\"BreadcrumbList\",\"@id\":\"https:\/\/latatoueuse.paris\/index.php\/produit\/creole-avec-earcuff-non-percee-ancre\/#breadcrumb\",\"itemListElement\":[{\"@type\":\"ListItem\",\"position\":1,\"name\":\"Accueil\",\"item\":\"https:\/\/latatoueuse.paris\/\"},{\"@type\":\"ListItem\",\"position\":2,\"name\":\"Nos Bijoux\",\"item\":\"https:\/\/latatoueuse.paris\/index.php\/nos-bijoux\/\"},{\"@type\":\"ListItem\",\"position\":3,\"name\":\"CREOLE AVEC EARCUFF NON PERCEE ANCRE\"}]},{\"@type\":\"WebSite\",\"@id\":\"https:\/\/latatoueuse.paris\/#website\",\"url\":\"https:\/\/latatoueuse.paris\/\",\"name\":\"LA TATOUEUSE.PARIS\",\"description\":\"BIJOUX ACIER INOXYDABLE\",\"publisher\":{\"@id\":\"https:\/\/latatoueuse.paris\/#organization\"},\"potentialAction\":[{\"@type\":\"SearchAction\",\"target\":{\"@type\":\"EntryPoint\",\"urlTemplate\":\"https:\/\/latatoueuse.paris\/?s={search_term_string}\"},\"query-input\":\"required name=search_term_string\"}],\"inLanguage\":\"fr-FR\"},{\"@type\":\"Organization\",\"@id\":\"https:\/\/latatoueuse.paris\/#organization\",\"name\":\"LA TATOUEUSE BIJOUX\",\"url\":\"https:\/\/latatoueuse.paris\/\",\"sameAs\":[\"https:\/\/www.instagram.com\/latatoueusebijoux\/\",\"https:\/\/www.facebook.com\/LaTatoueuseBijoux\"],\"logo\":{\"@type\":\"ImageObject\",\"inLanguage\":\"fr-FR\",\"@id\":\"https:\/\/latatoueuse.paris\/#\/schema\/logo\/image\/\",\"url\":\"https:\/\/latatoueuse.paris\/wp-content\/uploads\/2021\/06\/coeur-rouge-_by-CA_-noir.png\",\"contentUrl\":\"https:\/\/latatoueuse.paris\/wp-content\/uploads\/2021\/06\/coeur-rouge-_by-CA_-noir.png\",\"width\":1417,\"height\":1417,\"caption\":\"LA TATOUEUSE BIJOUX\"},\"image\":{\"@id\":\"https:\/\/latatoueuse.paris\/#\/schema\/logo\/image\/\"}}]}<\/script>\n<!-- \/ Yoast SEO plugin. -->","yoast_head_json":{"title":"CREOLE AVEC EARCUFF NON PERCEE ANCRE - LA TATOUEUSE","robots":{"index":"index","follow":"follow","max-snippet":"max-snippet:-1","max-image-preview":"max-image-preview:large","max-video-preview":"max-video-preview:-1"},"canonical":"https:\/\/latatoueuse.paris\/index.php\/produit\/creole-avec-earcuff-non-percee-ancre\/","og_locale":"fr_FR","og_type":"article","og_title":"CREOLE AVEC EARCUFF NON PERCEE ANCRE - LA TATOUEUSE","og_description":"&nbsp;   Composition acier chirurgical","og_url":"https:\/\/latatoueuse.paris\/index.php\/produit\/creole-avec-earcuff-non-percee-ancre\/","og_site_name":"LA TATOUEUSE","article_publisher":"https:\/\/www.facebook.com\/LaTatoueuseBijoux","article_modified_time":"2024-09-11T10:44:59+00:00","og_image":[{"width":1367,"height":2054,"url":"https:\/\/latatoueuse.paris\/wp-content\/uploads\/2024\/04\/IMG_2573.jpeg","type":"image\/jpeg"}],"twitter_card":"summary_large_image","twitter_misc":{"Dur\u00e9e de lecture estim\u00e9e":"2 minutes"},"schema":{"@context":"https:\/\/schema.org","@graph":[{"@type":"WebPage","@id":"https:\/\/latatoueuse.paris\/index.php\/produit\/creole-avec-earcuff-non-percee-ancre\/","url":"https:\/\/latatoueuse.paris\/index.php\/produit\/creole-avec-earcuff-non-percee-ancre\/","name":"CREOLE AVEC EARCUFF NON PERCEE ANCRE - LA TATOUEUSE","isPartOf":{"@id":"https:\/\/latatoueuse.paris\/#website"},"datePublished":"2024-04-17T14:25:39+00:00","dateModified":"2024-09-11T10:44:59+00:00","breadcrumb":{"@id":"https:\/\/latatoueuse.paris\/index.php\/produit\/creole-avec-earcuff-non-percee-ancre\/#breadcrumb"},"inLanguage":"fr-FR","potentialAction":[{"@type":"ReadAction","target":["https:\/\/latatoueuse.paris\/index.php\/produit\/creole-avec-earcuff-non-percee-ancre\/"]}]},{"@type":"BreadcrumbList","@id":"https:\/\/latatoueuse.paris\/index.php\/produit\/creole-avec-earcuff-non-percee-ancre\/#breadcrumb","itemListElement":[{"@type":"ListItem","position":1,"name":"Accueil","item":"https:\/\/latatoueuse.paris\/"},{"@type":"ListItem","position":2,"name":"Nos Bijoux","item":"https:\/\/latatoueuse.paris\/index.php\/nos-bijoux\/"},{"@type":"ListItem","position":3,"name":"CREOLE AVEC EARCUFF NON PERCEE ANCRE"}]},{"@type":"WebSite","@id":"https:\/\/latatoueuse.paris\/#website","url":"https:\/\/latatoueuse.paris\/","name":"LA TATOUEUSE.PARIS","description":"BIJOUX ACIER INOXYDABLE","publisher":{"@id":"https:\/\/latatoueuse.paris\/#organization"},"potentialAction":[{"@type":"SearchAction","target":{"@type":"EntryPoint","urlTemplate":"https:\/\/latatoueuse.paris\/?s={search_term_string}"},"query-input":"required name=search_term_string"}],"inLanguage":"fr-FR"},{"@type":"Organization","@id":"https:\/\/latatoueuse.paris\/#organization","name":"LA TATOUEUSE BIJOUX","url":"https:\/\/latatoueuse.paris\/","sameAs":["https:\/\/www.instagram.com\/latatoueusebijoux\/","https:\/\/www.facebook.com\/LaTatoueuseBijoux"],"logo":{"@type":"ImageObject","inLanguage":"fr-FR","@id":"https:\/\/latatoueuse.paris\/#\/schema\/logo\/image\/","url":"https:\/\/latatoueuse.paris\/wp-content\/uploads\/2021\/06\/coeur-rouge-_by-CA_-noir.png","contentUrl":"https:\/\/latatoueuse.paris\/wp-content\/uploads\/2021\/06\/coeur-rouge-_by-CA_-noir.png","width":1417,"height":1417,"caption":"LA TATOUEUSE BIJOUX"},"image":{"@id":"https:\/\/latatoueuse.paris\/#\/schema\/logo\/image\/"}}]}},"_links":{"self":[{"href":"https:\/\/latatoueuse.paris\/index.php\/wp-json\/wp\/v2\/product\/13285"}],"collection":[{"href":"https:\/\/latatoueuse.paris\/index.php\/wp-json\/wp\/v2\/product"}],"about":[{"href":"https:\/\/latatoueuse.paris\/index.php\/wp-json\/wp\/v2\/types\/product"}],"wp:featuredmedia":[{"embeddable":true,"href":"https:\/\/latatoueuse.paris\/index.php\/wp-json\/wp\/v2\/media\/13861"}],"wp:attachment":[{"href":"https:\/\/latatoueuse.paris\/index.php\/wp-json\/wp\/v2\/media?parent=13285"}],"wp:term":[{"taxonomy":"product_cat","embeddable":true,"href":"https:\/\/latatoueuse.paris\/index.php\/wp-json\/wp\/v2\/product_cat?post=13285"},{"taxonomy":"product_tag","embeddable":true,"href":"https:\/\/latatoueuse.paris\/index.php\/wp-json\/wp\/v2\/product_tag?post=13285"}],"curies":[{"name":"wp","href":"https:\/\/api.w.org\/{rel}","templated":true}]}}