{"id":13254,"date":"2024-04-17T10:37:37","date_gmt":"2024-04-17T08:37:37","guid":{"rendered":"https:\/\/latatoueuse.paris\/?post_type=product&#038;p=13254"},"modified":"2024-09-06T15:19:39","modified_gmt":"2024-09-06T13:19:39","slug":"creoles-avec-earcuff-non-percee-rose-rouge","status":"publish","type":"product","link":"https:\/\/latatoueuse.paris\/index.php\/produit\/creoles-avec-earcuff-non-percee-rose-rouge\/","title":{"rendered":"CREOLES AVEC EARCUFF NON PERCEE ROSE ROUGE"},"content":{"rendered":"<p><a href=\"https:\/\/www.cosmopolitan.fr\/,la-fine-fleur-des-tatouages-de-roses,1991850.asp#:~:text=La%20rose%2C%20c'est%20la,beaut%C3%A9%2C%20du%20d%C3%A9sir...&amp;text=Quand%20la%20rose%20blanche%20repr%C3%A9sente,%C3%A0%20la%20Rom%C3%A9o%20et%20Juliette.\">La signification de la rose<\/a>\u00a0: La rose par son symbole de la f\u00e9minit\u00e9 a travers\u00e9 les civilisations. Effectivement, saviez-vous qu\u2019\u00e0 l\u2019\u00e9poque des Egyptiens, la rose servait \u00e0 honorer la d\u00e9esse Isis? Plus tard, la rose est devenue le symbole sacr\u00e9 de V\u00e9nus, de la s\u00e9duction et de la beaut\u00e9 f\u00e9minine.<\/p>\n<p>La Majestueuse est une collection pour une femme puissante et bienveillante, guidant son entourage vers une aube nouvelle et positive. La Majestueuse est toujours l\u00e0 pour aider ses amis. Elle propage autour d\u2019elle amour, joie, chance et compassion.<\/p>\n<p>La Tatoueuse Bijoux propose une large gamme de bijoux personnalisables et raffin\u00e9s, inspir\u00e9e de l\u2019iconographie du tatouage Old School. Nos bijoux sont r\u00e9alis\u00e9s en acier chirurgical pour une tenue irr\u00e9prochable, puis tremp\u00e9s dans un bain d\u2019or fin ou d\u2019argent. Ils sont waterproof, water-r\u00e9sistants et\u00a0 vous accompagneront longtemps !<\/p>\n<p>C\u2019est pourquoi, la marque s\u2019adresse \u00e0 toutes les ind\u00e9cises du tatouage qui repoussent inlassablement le jour o\u00f9 elles mettront les pieds dans un salon de tatouage. Mais aussi \u00e0 celles, d\u00e9j\u00e0 tatou\u00e9es, qui souhaitent agr\u00e9menter leurs tatouages par une symbolique suppl\u00e9mentaire. Et enfin, celles, plus novices en la mati\u00e8re, qui se d\u00e9couvriront un nouvel int\u00e9r\u00eat pour la signification des symboles figuratifs du tatouage.<\/p>\n<p>Si vous aimez les cr\u00e9oles avec earcuff non perc\u00e9e rose rouge, d\u00e9couvrez l\u2019ensemble des bijoux rose dans la collection<a href=\"https:\/\/latatoueuse.paris\/index.php\/collection-la-majestueuse\/\">\u00a0La Majestueuse<\/a><\/p>\n","protected":false},"excerpt":{"rendered":"<p>&nbsp;<\/p>\n<ul>\n<li>Composition acier chirurgical<\/li>\n<\/ul>\n","protected":false},"featured_media":13773,"template":"","meta":{"inline_featured_image":false},"product_cat":[77,32,78,40,138,92],"product_tag":[],"yoast_head":"<!-- This site is optimized with the Yoast SEO plugin v19.8 - https:\/\/yoast.com\/wordpress\/plugins\/seo\/ -->\n<title>CREOLES AVEC EARCUFF NON PERCEE ROSE ROUGE - LA TATOUEUSE<\/title>\n<meta name=\"robots\" content=\"index, follow, max-snippet:-1, max-image-preview:large, max-video-preview:-1\" \/>\n<link rel=\"canonical\" href=\"https:\/\/latatoueuse.paris\/index.php\/produit\/creoles-avec-earcuff-non-percee-rose-rouge\/\" \/>\n<meta property=\"og:locale\" content=\"fr_FR\" \/>\n<meta property=\"og:type\" content=\"article\" \/>\n<meta property=\"og:title\" content=\"CREOLES AVEC EARCUFF NON PERCEE ROSE ROUGE - LA TATOUEUSE\" \/>\n<meta property=\"og:description\" content=\"&nbsp;   Composition acier chirurgical\" \/>\n<meta property=\"og:url\" content=\"https:\/\/latatoueuse.paris\/index.php\/produit\/creoles-avec-earcuff-non-percee-rose-rouge\/\" \/>\n<meta property=\"og:site_name\" content=\"LA TATOUEUSE\" \/>\n<meta property=\"article:publisher\" content=\"https:\/\/www.facebook.com\/LaTatoueuseBijoux\" \/>\n<meta property=\"article:modified_time\" content=\"2024-09-06T13:19:39+00:00\" \/>\n<meta property=\"og:image\" content=\"https:\/\/latatoueuse.paris\/wp-content\/uploads\/2024\/04\/IMG_2490.jpeg\" \/>\n\t<meta property=\"og:image:width\" content=\"1575\" \/>\n\t<meta property=\"og:image:height\" content=\"2384\" \/>\n\t<meta property=\"og:image:type\" content=\"image\/jpeg\" \/>\n<meta name=\"twitter:card\" content=\"summary_large_image\" \/>\n<meta name=\"twitter:label1\" content=\"Dur\u00e9e de lecture estim\u00e9e\" \/>\n\t<meta name=\"twitter:data1\" content=\"2 minutes\" \/>\n<script type=\"application\/ld+json\" class=\"yoast-schema-graph\">{\"@context\":\"https:\/\/schema.org\",\"@graph\":[{\"@type\":\"WebPage\",\"@id\":\"https:\/\/latatoueuse.paris\/index.php\/produit\/creoles-avec-earcuff-non-percee-rose-rouge\/\",\"url\":\"https:\/\/latatoueuse.paris\/index.php\/produit\/creoles-avec-earcuff-non-percee-rose-rouge\/\",\"name\":\"CREOLES AVEC EARCUFF NON PERCEE ROSE ROUGE - LA TATOUEUSE\",\"isPartOf\":{\"@id\":\"https:\/\/latatoueuse.paris\/#website\"},\"datePublished\":\"2024-04-17T08:37:37+00:00\",\"dateModified\":\"2024-09-06T13:19:39+00:00\",\"breadcrumb\":{\"@id\":\"https:\/\/latatoueuse.paris\/index.php\/produit\/creoles-avec-earcuff-non-percee-rose-rouge\/#breadcrumb\"},\"inLanguage\":\"fr-FR\",\"potentialAction\":[{\"@type\":\"ReadAction\",\"target\":[\"https:\/\/latatoueuse.paris\/index.php\/produit\/creoles-avec-earcuff-non-percee-rose-rouge\/\"]}]},{\"@type\":\"BreadcrumbList\",\"@id\":\"https:\/\/latatoueuse.paris\/index.php\/produit\/creoles-avec-earcuff-non-percee-rose-rouge\/#breadcrumb\",\"itemListElement\":[{\"@type\":\"ListItem\",\"position\":1,\"name\":\"Accueil\",\"item\":\"https:\/\/latatoueuse.paris\/\"},{\"@type\":\"ListItem\",\"position\":2,\"name\":\"Nos Bijoux\",\"item\":\"https:\/\/latatoueuse.paris\/index.php\/nos-bijoux\/\"},{\"@type\":\"ListItem\",\"position\":3,\"name\":\"CREOLES AVEC EARCUFF NON PERCEE ROSE ROUGE\"}]},{\"@type\":\"WebSite\",\"@id\":\"https:\/\/latatoueuse.paris\/#website\",\"url\":\"https:\/\/latatoueuse.paris\/\",\"name\":\"LA TATOUEUSE.PARIS\",\"description\":\"BIJOUX ACIER INOXYDABLE\",\"publisher\":{\"@id\":\"https:\/\/latatoueuse.paris\/#organization\"},\"potentialAction\":[{\"@type\":\"SearchAction\",\"target\":{\"@type\":\"EntryPoint\",\"urlTemplate\":\"https:\/\/latatoueuse.paris\/?s={search_term_string}\"},\"query-input\":\"required name=search_term_string\"}],\"inLanguage\":\"fr-FR\"},{\"@type\":\"Organization\",\"@id\":\"https:\/\/latatoueuse.paris\/#organization\",\"name\":\"LA TATOUEUSE BIJOUX\",\"url\":\"https:\/\/latatoueuse.paris\/\",\"sameAs\":[\"https:\/\/www.instagram.com\/latatoueusebijoux\/\",\"https:\/\/www.facebook.com\/LaTatoueuseBijoux\"],\"logo\":{\"@type\":\"ImageObject\",\"inLanguage\":\"fr-FR\",\"@id\":\"https:\/\/latatoueuse.paris\/#\/schema\/logo\/image\/\",\"url\":\"https:\/\/latatoueuse.paris\/wp-content\/uploads\/2021\/06\/coeur-rouge-_by-CA_-noir.png\",\"contentUrl\":\"https:\/\/latatoueuse.paris\/wp-content\/uploads\/2021\/06\/coeur-rouge-_by-CA_-noir.png\",\"width\":1417,\"height\":1417,\"caption\":\"LA TATOUEUSE BIJOUX\"},\"image\":{\"@id\":\"https:\/\/latatoueuse.paris\/#\/schema\/logo\/image\/\"}}]}<\/script>\n<!-- \/ Yoast SEO plugin. -->","yoast_head_json":{"title":"CREOLES AVEC EARCUFF NON PERCEE ROSE ROUGE - LA TATOUEUSE","robots":{"index":"index","follow":"follow","max-snippet":"max-snippet:-1","max-image-preview":"max-image-preview:large","max-video-preview":"max-video-preview:-1"},"canonical":"https:\/\/latatoueuse.paris\/index.php\/produit\/creoles-avec-earcuff-non-percee-rose-rouge\/","og_locale":"fr_FR","og_type":"article","og_title":"CREOLES AVEC EARCUFF NON PERCEE ROSE ROUGE - LA TATOUEUSE","og_description":"&nbsp;   Composition acier chirurgical","og_url":"https:\/\/latatoueuse.paris\/index.php\/produit\/creoles-avec-earcuff-non-percee-rose-rouge\/","og_site_name":"LA TATOUEUSE","article_publisher":"https:\/\/www.facebook.com\/LaTatoueuseBijoux","article_modified_time":"2024-09-06T13:19:39+00:00","og_image":[{"width":1575,"height":2384,"url":"https:\/\/latatoueuse.paris\/wp-content\/uploads\/2024\/04\/IMG_2490.jpeg","type":"image\/jpeg"}],"twitter_card":"summary_large_image","twitter_misc":{"Dur\u00e9e de lecture estim\u00e9e":"2 minutes"},"schema":{"@context":"https:\/\/schema.org","@graph":[{"@type":"WebPage","@id":"https:\/\/latatoueuse.paris\/index.php\/produit\/creoles-avec-earcuff-non-percee-rose-rouge\/","url":"https:\/\/latatoueuse.paris\/index.php\/produit\/creoles-avec-earcuff-non-percee-rose-rouge\/","name":"CREOLES AVEC EARCUFF NON PERCEE ROSE ROUGE - LA TATOUEUSE","isPartOf":{"@id":"https:\/\/latatoueuse.paris\/#website"},"datePublished":"2024-04-17T08:37:37+00:00","dateModified":"2024-09-06T13:19:39+00:00","breadcrumb":{"@id":"https:\/\/latatoueuse.paris\/index.php\/produit\/creoles-avec-earcuff-non-percee-rose-rouge\/#breadcrumb"},"inLanguage":"fr-FR","potentialAction":[{"@type":"ReadAction","target":["https:\/\/latatoueuse.paris\/index.php\/produit\/creoles-avec-earcuff-non-percee-rose-rouge\/"]}]},{"@type":"BreadcrumbList","@id":"https:\/\/latatoueuse.paris\/index.php\/produit\/creoles-avec-earcuff-non-percee-rose-rouge\/#breadcrumb","itemListElement":[{"@type":"ListItem","position":1,"name":"Accueil","item":"https:\/\/latatoueuse.paris\/"},{"@type":"ListItem","position":2,"name":"Nos Bijoux","item":"https:\/\/latatoueuse.paris\/index.php\/nos-bijoux\/"},{"@type":"ListItem","position":3,"name":"CREOLES AVEC EARCUFF NON PERCEE ROSE ROUGE"}]},{"@type":"WebSite","@id":"https:\/\/latatoueuse.paris\/#website","url":"https:\/\/latatoueuse.paris\/","name":"LA TATOUEUSE.PARIS","description":"BIJOUX ACIER INOXYDABLE","publisher":{"@id":"https:\/\/latatoueuse.paris\/#organization"},"potentialAction":[{"@type":"SearchAction","target":{"@type":"EntryPoint","urlTemplate":"https:\/\/latatoueuse.paris\/?s={search_term_string}"},"query-input":"required name=search_term_string"}],"inLanguage":"fr-FR"},{"@type":"Organization","@id":"https:\/\/latatoueuse.paris\/#organization","name":"LA TATOUEUSE BIJOUX","url":"https:\/\/latatoueuse.paris\/","sameAs":["https:\/\/www.instagram.com\/latatoueusebijoux\/","https:\/\/www.facebook.com\/LaTatoueuseBijoux"],"logo":{"@type":"ImageObject","inLanguage":"fr-FR","@id":"https:\/\/latatoueuse.paris\/#\/schema\/logo\/image\/","url":"https:\/\/latatoueuse.paris\/wp-content\/uploads\/2021\/06\/coeur-rouge-_by-CA_-noir.png","contentUrl":"https:\/\/latatoueuse.paris\/wp-content\/uploads\/2021\/06\/coeur-rouge-_by-CA_-noir.png","width":1417,"height":1417,"caption":"LA TATOUEUSE BIJOUX"},"image":{"@id":"https:\/\/latatoueuse.paris\/#\/schema\/logo\/image\/"}}]}},"_links":{"self":[{"href":"https:\/\/latatoueuse.paris\/index.php\/wp-json\/wp\/v2\/product\/13254"}],"collection":[{"href":"https:\/\/latatoueuse.paris\/index.php\/wp-json\/wp\/v2\/product"}],"about":[{"href":"https:\/\/latatoueuse.paris\/index.php\/wp-json\/wp\/v2\/types\/product"}],"wp:featuredmedia":[{"embeddable":true,"href":"https:\/\/latatoueuse.paris\/index.php\/wp-json\/wp\/v2\/media\/13773"}],"wp:attachment":[{"href":"https:\/\/latatoueuse.paris\/index.php\/wp-json\/wp\/v2\/media?parent=13254"}],"wp:term":[{"taxonomy":"product_cat","embeddable":true,"href":"https:\/\/latatoueuse.paris\/index.php\/wp-json\/wp\/v2\/product_cat?post=13254"},{"taxonomy":"product_tag","embeddable":true,"href":"https:\/\/latatoueuse.paris\/index.php\/wp-json\/wp\/v2\/product_tag?post=13254"}],"curies":[{"name":"wp","href":"https:\/\/api.w.org\/{rel}","templated":true}]}}