{"id":10739,"date":"2023-02-07T13:01:11","date_gmt":"2023-02-07T12:01:11","guid":{"rendered":"https:\/\/latatoueuse.paris\/?post_type=product&#038;p=10739"},"modified":"2024-09-12T14:42:39","modified_gmt":"2024-09-12T12:42:39","slug":"creole-double-accroche-ailes","status":"publish","type":"product","link":"https:\/\/latatoueuse.paris\/index.php\/produit\/creole-double-accroche-ailes\/","title":{"rendered":"CREOLE DOUBLE ACCROCHE AILES"},"content":{"rendered":"<p>Collier ailes dor\u00e9es en acier \u00e9maill\u00e9<\/p>\n<p><a href=\"https:\/\/www.google.fr\/url?sa=t&amp;rct=j&amp;q=&amp;esrc=s&amp;source=web&amp;cd=&amp;cad=rja&amp;uact=8&amp;ved=2ahUKEwjXkdf53I_xAhVfBGMBHaV2CykQFjAJegQIAhAE&amp;url=https%3A%2F%2Fbeaute.toutcomment.com%2Farticle%2Fquelle-est-la-signification-des-tatouages-ailes-13956.html&amp;usg=AOvVaw0CGJpojENGX4e1Ow2yC8tU\"><span style=\"font-weight: 400;\">La signification de l\u2019aile<\/span><\/a><span style=\"font-weight: 400;\"> : Le symbole de l\u2019aile a toujours \u00e9t\u00e9 associ\u00e9 \u00e0 la protection. Le saviez-vous, en Egypte, la d\u00e9esse ail\u00e9e Nekhbet veillait sur le pharaon. Dans le christianisme, les ailes repr\u00e9sentent l\u2019ange gardien. Egalement, on le retrouve chez des personnages imaginaires, pour offrir une vie de bonheur au nouveau-n\u00e9.<\/span><\/p>\n<p><span style=\"font-weight: 400;\">La Voyageuse est collection pour une femme ind\u00e9pendante qui n\u2019attend qu\u2019une chose, prendre son envol.\u00a0 Cette soif de libert\u00e9 l\u2019entra\u00eene sans cesse \u00e0 relever de nouveaux d\u00e9fis. Telle une hirondelle, elle parcourt le monde mais reste fid\u00e8le \u00e0 ses origines, revenant toujours aupr\u00e8s des siens.<\/span><\/p>\n<p><span style=\"font-weight: 400;\">La Tatoueuse Bijoux propose une large gamme de bijoux personnalisables et raffin\u00e9s, inspir\u00e9e de l\u2019iconographie du tatouage Old School. Nos bijoux sont r\u00e9alis\u00e9s en acier chirurgical pour une tenue irr\u00e9prochable, puis tremp\u00e9s dans un bain d\u2019or fin ou d\u2019argent. Ils sont waterproof, water-r\u00e9sistants et\u00a0 vous accompagneront longtemps !<\/span><\/p>\n<p><span style=\"font-weight: 400;\">C&#8217;est pourquoi, la marque s\u2019adresse \u00e0 toutes les ind\u00e9cises du tatouage qui repoussent inlassablement le jour o\u00f9 elles mettront les pieds dans un salon de tatouage. Mais aussi \u00e0 celles, d\u00e9j\u00e0 tatou\u00e9es, qui souhaitent agr\u00e9menter leurs tatouages par une symbolique suppl\u00e9mentaire. Et enfin, celles, plus novices en la mati\u00e8re, qui se d\u00e9couvriront un nouvel int\u00e9r\u00eat pour la signification des symboles figuratifs du tatouage.<\/span><\/p>\n<p><span style=\"font-weight: 400;\">Si vous aimez les puces ailes dor\u00e9es, d\u00e9couvrez l&#8217;ensemble des bijoux ailes dans la collection La Voyageuse<\/span><\/p>\n<h5><\/h5>\n","protected":false},"excerpt":{"rendered":"<p>Colliers 3 rangs en acier \u00e9maill\u00e9 dor\u00e9 et charm aile turquoise.<\/p>\n<ul>\n<li>Charm 0.9 cm<\/li>\n<li>Composition acier chirurgical<\/li>\n<\/ul>\n","protected":false},"featured_media":13884,"template":"","meta":{"inline_featured_image":false},"product_cat":[150,32,78,41],"product_tag":[80],"yoast_head":"<!-- This site is optimized with the Yoast SEO plugin v19.8 - https:\/\/yoast.com\/wordpress\/plugins\/seo\/ -->\n<title>CREOLE DOUBLE ACCROCHE AILES - LA TATOUEUSE BIJOUX<\/title>\n<meta name=\"description\" content=\"Puces ailes dor\u00e9es en acier chirurgical. Nos bijoux sont inspir\u00e9s du tatouage Old School. Ils r\u00e9sistent \u00e0 l&#039;eau et au temps!\" \/>\n<meta name=\"robots\" content=\"index, follow, max-snippet:-1, max-image-preview:large, max-video-preview:-1\" \/>\n<link rel=\"canonical\" href=\"https:\/\/latatoueuse.paris\/index.php\/produit\/creole-double-accroche-ailes\/\" \/>\n<meta property=\"og:locale\" content=\"fr_FR\" \/>\n<meta property=\"og:type\" content=\"article\" \/>\n<meta property=\"og:title\" content=\"CREOLE DOUBLE ACCROCHE AILES - LA TATOUEUSE BIJOUX\" \/>\n<meta property=\"og:description\" content=\"Puces ailes dor\u00e9es en acier chirurgical. Nos bijoux sont inspir\u00e9s du tatouage Old School. Ils r\u00e9sistent \u00e0 l&#039;eau et au temps!\" \/>\n<meta property=\"og:url\" content=\"https:\/\/latatoueuse.paris\/index.php\/produit\/creole-double-accroche-ailes\/\" \/>\n<meta property=\"og:site_name\" content=\"LA TATOUEUSE\" \/>\n<meta property=\"article:publisher\" content=\"https:\/\/www.facebook.com\/LaTatoueuseBijoux\" \/>\n<meta property=\"article:modified_time\" content=\"2024-09-12T12:42:39+00:00\" \/>\n<meta property=\"og:image\" content=\"https:\/\/latatoueuse.paris\/wp-content\/uploads\/2023\/02\/IMG_2647.jpg\" \/>\n\t<meta property=\"og:image:width\" content=\"1064\" \/>\n\t<meta property=\"og:image:height\" content=\"1597\" \/>\n\t<meta property=\"og:image:type\" content=\"image\/jpeg\" \/>\n<meta name=\"twitter:card\" content=\"summary_large_image\" \/>\n<meta name=\"twitter:label1\" content=\"Dur\u00e9e de lecture estim\u00e9e\" \/>\n\t<meta name=\"twitter:data1\" content=\"2 minutes\" \/>\n<script type=\"application\/ld+json\" class=\"yoast-schema-graph\">{\"@context\":\"https:\/\/schema.org\",\"@graph\":[{\"@type\":\"WebPage\",\"@id\":\"https:\/\/latatoueuse.paris\/index.php\/produit\/creole-double-accroche-ailes\/\",\"url\":\"https:\/\/latatoueuse.paris\/index.php\/produit\/creole-double-accroche-ailes\/\",\"name\":\"CREOLE DOUBLE ACCROCHE AILES - LA TATOUEUSE BIJOUX\",\"isPartOf\":{\"@id\":\"https:\/\/latatoueuse.paris\/#website\"},\"datePublished\":\"2023-02-07T12:01:11+00:00\",\"dateModified\":\"2024-09-12T12:42:39+00:00\",\"description\":\"Puces ailes dor\u00e9es en acier chirurgical. Nos bijoux sont inspir\u00e9s du tatouage Old School. Ils r\u00e9sistent \u00e0 l'eau et au temps!\",\"breadcrumb\":{\"@id\":\"https:\/\/latatoueuse.paris\/index.php\/produit\/creole-double-accroche-ailes\/#breadcrumb\"},\"inLanguage\":\"fr-FR\",\"potentialAction\":[{\"@type\":\"ReadAction\",\"target\":[\"https:\/\/latatoueuse.paris\/index.php\/produit\/creole-double-accroche-ailes\/\"]}]},{\"@type\":\"BreadcrumbList\",\"@id\":\"https:\/\/latatoueuse.paris\/index.php\/produit\/creole-double-accroche-ailes\/#breadcrumb\",\"itemListElement\":[{\"@type\":\"ListItem\",\"position\":1,\"name\":\"Accueil\",\"item\":\"https:\/\/latatoueuse.paris\/\"},{\"@type\":\"ListItem\",\"position\":2,\"name\":\"Nos Bijoux\",\"item\":\"https:\/\/latatoueuse.paris\/index.php\/nos-bijoux\/\"},{\"@type\":\"ListItem\",\"position\":3,\"name\":\"CREOLE DOUBLE ACCROCHE AILES\"}]},{\"@type\":\"WebSite\",\"@id\":\"https:\/\/latatoueuse.paris\/#website\",\"url\":\"https:\/\/latatoueuse.paris\/\",\"name\":\"LA TATOUEUSE.PARIS\",\"description\":\"BIJOUX ACIER INOXYDABLE\",\"publisher\":{\"@id\":\"https:\/\/latatoueuse.paris\/#organization\"},\"potentialAction\":[{\"@type\":\"SearchAction\",\"target\":{\"@type\":\"EntryPoint\",\"urlTemplate\":\"https:\/\/latatoueuse.paris\/?s={search_term_string}\"},\"query-input\":\"required name=search_term_string\"}],\"inLanguage\":\"fr-FR\"},{\"@type\":\"Organization\",\"@id\":\"https:\/\/latatoueuse.paris\/#organization\",\"name\":\"LA TATOUEUSE BIJOUX\",\"url\":\"https:\/\/latatoueuse.paris\/\",\"sameAs\":[\"https:\/\/www.instagram.com\/latatoueusebijoux\/\",\"https:\/\/www.facebook.com\/LaTatoueuseBijoux\"],\"logo\":{\"@type\":\"ImageObject\",\"inLanguage\":\"fr-FR\",\"@id\":\"https:\/\/latatoueuse.paris\/#\/schema\/logo\/image\/\",\"url\":\"https:\/\/latatoueuse.paris\/wp-content\/uploads\/2021\/06\/coeur-rouge-_by-CA_-noir.png\",\"contentUrl\":\"https:\/\/latatoueuse.paris\/wp-content\/uploads\/2021\/06\/coeur-rouge-_by-CA_-noir.png\",\"width\":1417,\"height\":1417,\"caption\":\"LA TATOUEUSE BIJOUX\"},\"image\":{\"@id\":\"https:\/\/latatoueuse.paris\/#\/schema\/logo\/image\/\"}}]}<\/script>\n<!-- \/ Yoast SEO plugin. -->","yoast_head_json":{"title":"CREOLE DOUBLE ACCROCHE AILES - LA TATOUEUSE BIJOUX","description":"Puces ailes dor\u00e9es en acier chirurgical. Nos bijoux sont inspir\u00e9s du tatouage Old School. Ils r\u00e9sistent \u00e0 l'eau et au temps!","robots":{"index":"index","follow":"follow","max-snippet":"max-snippet:-1","max-image-preview":"max-image-preview:large","max-video-preview":"max-video-preview:-1"},"canonical":"https:\/\/latatoueuse.paris\/index.php\/produit\/creole-double-accroche-ailes\/","og_locale":"fr_FR","og_type":"article","og_title":"CREOLE DOUBLE ACCROCHE AILES - LA TATOUEUSE BIJOUX","og_description":"Puces ailes dor\u00e9es en acier chirurgical. Nos bijoux sont inspir\u00e9s du tatouage Old School. Ils r\u00e9sistent \u00e0 l'eau et au temps!","og_url":"https:\/\/latatoueuse.paris\/index.php\/produit\/creole-double-accroche-ailes\/","og_site_name":"LA TATOUEUSE","article_publisher":"https:\/\/www.facebook.com\/LaTatoueuseBijoux","article_modified_time":"2024-09-12T12:42:39+00:00","og_image":[{"width":1064,"height":1597,"url":"https:\/\/latatoueuse.paris\/wp-content\/uploads\/2023\/02\/IMG_2647.jpg","type":"image\/jpeg"}],"twitter_card":"summary_large_image","twitter_misc":{"Dur\u00e9e de lecture estim\u00e9e":"2 minutes"},"schema":{"@context":"https:\/\/schema.org","@graph":[{"@type":"WebPage","@id":"https:\/\/latatoueuse.paris\/index.php\/produit\/creole-double-accroche-ailes\/","url":"https:\/\/latatoueuse.paris\/index.php\/produit\/creole-double-accroche-ailes\/","name":"CREOLE DOUBLE ACCROCHE AILES - LA TATOUEUSE BIJOUX","isPartOf":{"@id":"https:\/\/latatoueuse.paris\/#website"},"datePublished":"2023-02-07T12:01:11+00:00","dateModified":"2024-09-12T12:42:39+00:00","description":"Puces ailes dor\u00e9es en acier chirurgical. Nos bijoux sont inspir\u00e9s du tatouage Old School. Ils r\u00e9sistent \u00e0 l'eau et au temps!","breadcrumb":{"@id":"https:\/\/latatoueuse.paris\/index.php\/produit\/creole-double-accroche-ailes\/#breadcrumb"},"inLanguage":"fr-FR","potentialAction":[{"@type":"ReadAction","target":["https:\/\/latatoueuse.paris\/index.php\/produit\/creole-double-accroche-ailes\/"]}]},{"@type":"BreadcrumbList","@id":"https:\/\/latatoueuse.paris\/index.php\/produit\/creole-double-accroche-ailes\/#breadcrumb","itemListElement":[{"@type":"ListItem","position":1,"name":"Accueil","item":"https:\/\/latatoueuse.paris\/"},{"@type":"ListItem","position":2,"name":"Nos Bijoux","item":"https:\/\/latatoueuse.paris\/index.php\/nos-bijoux\/"},{"@type":"ListItem","position":3,"name":"CREOLE DOUBLE ACCROCHE AILES"}]},{"@type":"WebSite","@id":"https:\/\/latatoueuse.paris\/#website","url":"https:\/\/latatoueuse.paris\/","name":"LA TATOUEUSE.PARIS","description":"BIJOUX ACIER INOXYDABLE","publisher":{"@id":"https:\/\/latatoueuse.paris\/#organization"},"potentialAction":[{"@type":"SearchAction","target":{"@type":"EntryPoint","urlTemplate":"https:\/\/latatoueuse.paris\/?s={search_term_string}"},"query-input":"required name=search_term_string"}],"inLanguage":"fr-FR"},{"@type":"Organization","@id":"https:\/\/latatoueuse.paris\/#organization","name":"LA TATOUEUSE BIJOUX","url":"https:\/\/latatoueuse.paris\/","sameAs":["https:\/\/www.instagram.com\/latatoueusebijoux\/","https:\/\/www.facebook.com\/LaTatoueuseBijoux"],"logo":{"@type":"ImageObject","inLanguage":"fr-FR","@id":"https:\/\/latatoueuse.paris\/#\/schema\/logo\/image\/","url":"https:\/\/latatoueuse.paris\/wp-content\/uploads\/2021\/06\/coeur-rouge-_by-CA_-noir.png","contentUrl":"https:\/\/latatoueuse.paris\/wp-content\/uploads\/2021\/06\/coeur-rouge-_by-CA_-noir.png","width":1417,"height":1417,"caption":"LA TATOUEUSE BIJOUX"},"image":{"@id":"https:\/\/latatoueuse.paris\/#\/schema\/logo\/image\/"}}]}},"_links":{"self":[{"href":"https:\/\/latatoueuse.paris\/index.php\/wp-json\/wp\/v2\/product\/10739"}],"collection":[{"href":"https:\/\/latatoueuse.paris\/index.php\/wp-json\/wp\/v2\/product"}],"about":[{"href":"https:\/\/latatoueuse.paris\/index.php\/wp-json\/wp\/v2\/types\/product"}],"wp:featuredmedia":[{"embeddable":true,"href":"https:\/\/latatoueuse.paris\/index.php\/wp-json\/wp\/v2\/media\/13884"}],"wp:attachment":[{"href":"https:\/\/latatoueuse.paris\/index.php\/wp-json\/wp\/v2\/media?parent=10739"}],"wp:term":[{"taxonomy":"product_cat","embeddable":true,"href":"https:\/\/latatoueuse.paris\/index.php\/wp-json\/wp\/v2\/product_cat?post=10739"},{"taxonomy":"product_tag","embeddable":true,"href":"https:\/\/latatoueuse.paris\/index.php\/wp-json\/wp\/v2\/product_tag?post=10739"}],"curies":[{"name":"wp","href":"https:\/\/api.w.org\/{rel}","templated":true}]}}