{"id":10362,"date":"2022-10-24T14:52:55","date_gmt":"2022-10-24T12:52:55","guid":{"rendered":"https:\/\/latatoueuse.paris\/?post_type=product&#038;p=10362"},"modified":"2024-02-24T12:12:33","modified_gmt":"2024-02-24T11:12:33","slug":"box-la-majestueuse-rose-noire","status":"publish","type":"product","link":"https:\/\/latatoueuse.paris\/index.php\/produit\/box-la-majestueuse-rose-noire\/","title":{"rendered":"BOX LA MAJESTUEUSE ROSE NOIRE"},"content":{"rendered":"<p>Box La Majestueuse rose noire en acier \u00e9maill\u00e9<\/p>\n<p><span style=\"font-weight: 400;\">La signification de la rose : L\u2019illustration de la f\u00e9minit\u00e9 par le symbole de <\/span><span style=\"font-weight: 400;\">la rose<\/span><span style=\"font-weight: 400;\"> a travers\u00e9 les civilisations. A l\u2019\u00e9poque des Egyptiens d\u00e9j\u00e0, la rose servait \u00e0 honorer la d\u00e9esse Isis, symbole de la m\u00e8re et de la femme id\u00e9ale. Plus tard, la rose est \u00e9galement devenue le symbole sacr\u00e9 de V\u00e9nus, d\u00e9esse romaine de l\u2019amour, de la s\u00e9duction et de la beaut\u00e9 f\u00e9minine.<\/span><\/p>\n<p><span style=\"font-weight: 400;\">La Majestueuse est une collection pour une femme puissante et bienveillante, guidant son entourage vers une aube nouvelle et positive. La Majestueuse est toujours l\u00e0 pour aider ses amis. Elle propage autour d\u2019elle amour, joie, chance et compassion.<\/span><\/p>\n<p><span style=\"font-weight: 400;\">La Tatoueuse Bijoux propose une large gamme de bijoux personnalisables et raffin\u00e9s, inspir\u00e9e de l\u2019iconographie du tatouage Old School. Nos bijoux sont r\u00e9alis\u00e9s en acier chirurgical pour une tenue irr\u00e9prochable, puis tremp\u00e9s dans un bain d\u2019or fin ou d\u2019argent. Ils sont waterproof, water-r\u00e9sistants et\u00a0 vous accompagneront longtemps !<\/span><\/p>\n<p><span style=\"font-weight: 400;\">C&#8217;est pourquoi, la marque s\u2019adresse \u00e0 toutes les ind\u00e9cises du tatouage qui repoussent inlassablement le jour o\u00f9 elles mettront les pieds dans un salon de tatouage. Mais aussi \u00e0 celles, d\u00e9j\u00e0 tatou\u00e9es, qui souhaitent agr\u00e9menter leurs tatouages par une symbolique suppl\u00e9mentaire. Et enfin, celles, plus novices en la mati\u00e8re, qui se d\u00e9couvriront un nouvel int\u00e9r\u00eat pour la signification des symboles figuratifs du tatouage.<\/span><\/p>\n<p><span style=\"font-weight: 400;\">Si vous aimez la box La Majestueuse rose noire d\u00e9couvrez l&#8217;ensemble des bijoux rose dans la collection<\/span><a href=\"https:\/\/latatoueuse.paris\/index.php\/la-majestueuse-or\/\"><span style=\"font-weight: 400;\"> La Majestueuse<\/span><\/a><\/p>\n","protected":false},"excerpt":{"rendered":"<p>Set rose rouge, ensemble bague + puces.<br \/>\nBague r\u00e9glable en acier \u00e9maill\u00e9 dor\u00e9 ou argent\u00e9<br \/>\n\u2022 Diam\u00e8tre 1,8 cm<br \/>\n\u2022 Charm 1 cm<br \/>\n\u2022 Composition acier chirurgical<br \/>\nPuces en acier \u00e9maill\u00e9 dor\u00e9 ou argent\u00e9<br \/>\n\u2022 Charm 1 cm<br \/>\n\u2022 Composition acier chirurgical<\/p>\n","protected":false},"featured_media":10370,"template":"","meta":{"inline_featured_image":false},"product_cat":[77,78,40,47,92],"product_tag":[81,80],"yoast_head":"<!-- This site is optimized with the Yoast SEO plugin v19.8 - https:\/\/yoast.com\/wordpress\/plugins\/seo\/ -->\n<title>BOX LA MAJESTUEUSE ROSE NOIRE - LA TATOUEUSE<\/title>\n<meta name=\"description\" content=\"Box La Majestueuse rose rouge en acier chirurgical. Nos bijoux sont inspir\u00e9s du tatouage Old School r\u00e9sistant \u00e0 l&#039;eau et au temps.\" \/>\n<meta name=\"robots\" content=\"index, follow, max-snippet:-1, max-image-preview:large, max-video-preview:-1\" \/>\n<link rel=\"canonical\" href=\"https:\/\/latatoueuse.paris\/index.php\/produit\/box-la-majestueuse-rose-noire\/\" \/>\n<meta property=\"og:locale\" content=\"fr_FR\" \/>\n<meta property=\"og:type\" content=\"article\" \/>\n<meta property=\"og:title\" content=\"BOX LA MAJESTUEUSE ROSE NOIRE - LA TATOUEUSE\" \/>\n<meta property=\"og:description\" content=\"Box La Majestueuse rose rouge en acier chirurgical. Nos bijoux sont inspir\u00e9s du tatouage Old School r\u00e9sistant \u00e0 l&#039;eau et au temps.\" \/>\n<meta property=\"og:url\" content=\"https:\/\/latatoueuse.paris\/index.php\/produit\/box-la-majestueuse-rose-noire\/\" \/>\n<meta property=\"og:site_name\" content=\"LA TATOUEUSE\" \/>\n<meta property=\"article:publisher\" content=\"https:\/\/www.facebook.com\/LaTatoueuseBijoux\" \/>\n<meta property=\"article:modified_time\" content=\"2024-02-24T11:12:33+00:00\" \/>\n<meta property=\"og:image\" content=\"https:\/\/latatoueuse.paris\/wp-content\/uploads\/2022\/10\/roses-noires-dore-scaled.jpg\" \/>\n\t<meta property=\"og:image:width\" content=\"2030\" \/>\n\t<meta property=\"og:image:height\" content=\"2560\" \/>\n\t<meta property=\"og:image:type\" content=\"image\/jpeg\" \/>\n<meta name=\"twitter:card\" content=\"summary_large_image\" \/>\n<meta name=\"twitter:label1\" content=\"Dur\u00e9e de lecture estim\u00e9e\" \/>\n\t<meta name=\"twitter:data1\" content=\"2 minutes\" \/>\n<script type=\"application\/ld+json\" class=\"yoast-schema-graph\">{\"@context\":\"https:\/\/schema.org\",\"@graph\":[{\"@type\":\"WebPage\",\"@id\":\"https:\/\/latatoueuse.paris\/index.php\/produit\/box-la-majestueuse-rose-noire\/\",\"url\":\"https:\/\/latatoueuse.paris\/index.php\/produit\/box-la-majestueuse-rose-noire\/\",\"name\":\"BOX LA MAJESTUEUSE ROSE NOIRE - LA TATOUEUSE\",\"isPartOf\":{\"@id\":\"https:\/\/latatoueuse.paris\/#website\"},\"datePublished\":\"2022-10-24T12:52:55+00:00\",\"dateModified\":\"2024-02-24T11:12:33+00:00\",\"description\":\"Box La Majestueuse rose rouge en acier chirurgical. Nos bijoux sont inspir\u00e9s du tatouage Old School r\u00e9sistant \u00e0 l'eau et au temps.\",\"breadcrumb\":{\"@id\":\"https:\/\/latatoueuse.paris\/index.php\/produit\/box-la-majestueuse-rose-noire\/#breadcrumb\"},\"inLanguage\":\"fr-FR\",\"potentialAction\":[{\"@type\":\"ReadAction\",\"target\":[\"https:\/\/latatoueuse.paris\/index.php\/produit\/box-la-majestueuse-rose-noire\/\"]}]},{\"@type\":\"BreadcrumbList\",\"@id\":\"https:\/\/latatoueuse.paris\/index.php\/produit\/box-la-majestueuse-rose-noire\/#breadcrumb\",\"itemListElement\":[{\"@type\":\"ListItem\",\"position\":1,\"name\":\"Accueil\",\"item\":\"https:\/\/latatoueuse.paris\/\"},{\"@type\":\"ListItem\",\"position\":2,\"name\":\"Nos Bijoux\",\"item\":\"https:\/\/latatoueuse.paris\/index.php\/nos-bijoux\/\"},{\"@type\":\"ListItem\",\"position\":3,\"name\":\"BOX LA MAJESTUEUSE ROSE NOIRE\"}]},{\"@type\":\"WebSite\",\"@id\":\"https:\/\/latatoueuse.paris\/#website\",\"url\":\"https:\/\/latatoueuse.paris\/\",\"name\":\"LA TATOUEUSE.PARIS\",\"description\":\"BIJOUX ACIER INOXYDABLE\",\"publisher\":{\"@id\":\"https:\/\/latatoueuse.paris\/#organization\"},\"potentialAction\":[{\"@type\":\"SearchAction\",\"target\":{\"@type\":\"EntryPoint\",\"urlTemplate\":\"https:\/\/latatoueuse.paris\/?s={search_term_string}\"},\"query-input\":\"required name=search_term_string\"}],\"inLanguage\":\"fr-FR\"},{\"@type\":\"Organization\",\"@id\":\"https:\/\/latatoueuse.paris\/#organization\",\"name\":\"LA TATOUEUSE BIJOUX\",\"url\":\"https:\/\/latatoueuse.paris\/\",\"sameAs\":[\"https:\/\/www.instagram.com\/latatoueusebijoux\/\",\"https:\/\/www.facebook.com\/LaTatoueuseBijoux\"],\"logo\":{\"@type\":\"ImageObject\",\"inLanguage\":\"fr-FR\",\"@id\":\"https:\/\/latatoueuse.paris\/#\/schema\/logo\/image\/\",\"url\":\"https:\/\/latatoueuse.paris\/wp-content\/uploads\/2021\/06\/coeur-rouge-_by-CA_-noir.png\",\"contentUrl\":\"https:\/\/latatoueuse.paris\/wp-content\/uploads\/2021\/06\/coeur-rouge-_by-CA_-noir.png\",\"width\":1417,\"height\":1417,\"caption\":\"LA TATOUEUSE BIJOUX\"},\"image\":{\"@id\":\"https:\/\/latatoueuse.paris\/#\/schema\/logo\/image\/\"}}]}<\/script>\n<!-- \/ Yoast SEO plugin. -->","yoast_head_json":{"title":"BOX LA MAJESTUEUSE ROSE NOIRE - LA TATOUEUSE","description":"Box La Majestueuse rose rouge en acier chirurgical. Nos bijoux sont inspir\u00e9s du tatouage Old School r\u00e9sistant \u00e0 l'eau et au temps.","robots":{"index":"index","follow":"follow","max-snippet":"max-snippet:-1","max-image-preview":"max-image-preview:large","max-video-preview":"max-video-preview:-1"},"canonical":"https:\/\/latatoueuse.paris\/index.php\/produit\/box-la-majestueuse-rose-noire\/","og_locale":"fr_FR","og_type":"article","og_title":"BOX LA MAJESTUEUSE ROSE NOIRE - LA TATOUEUSE","og_description":"Box La Majestueuse rose rouge en acier chirurgical. Nos bijoux sont inspir\u00e9s du tatouage Old School r\u00e9sistant \u00e0 l'eau et au temps.","og_url":"https:\/\/latatoueuse.paris\/index.php\/produit\/box-la-majestueuse-rose-noire\/","og_site_name":"LA TATOUEUSE","article_publisher":"https:\/\/www.facebook.com\/LaTatoueuseBijoux","article_modified_time":"2024-02-24T11:12:33+00:00","og_image":[{"width":2030,"height":2560,"url":"https:\/\/latatoueuse.paris\/wp-content\/uploads\/2022\/10\/roses-noires-dore-scaled.jpg","type":"image\/jpeg"}],"twitter_card":"summary_large_image","twitter_misc":{"Dur\u00e9e de lecture estim\u00e9e":"2 minutes"},"schema":{"@context":"https:\/\/schema.org","@graph":[{"@type":"WebPage","@id":"https:\/\/latatoueuse.paris\/index.php\/produit\/box-la-majestueuse-rose-noire\/","url":"https:\/\/latatoueuse.paris\/index.php\/produit\/box-la-majestueuse-rose-noire\/","name":"BOX LA MAJESTUEUSE ROSE NOIRE - LA TATOUEUSE","isPartOf":{"@id":"https:\/\/latatoueuse.paris\/#website"},"datePublished":"2022-10-24T12:52:55+00:00","dateModified":"2024-02-24T11:12:33+00:00","description":"Box La Majestueuse rose rouge en acier chirurgical. Nos bijoux sont inspir\u00e9s du tatouage Old School r\u00e9sistant \u00e0 l'eau et au temps.","breadcrumb":{"@id":"https:\/\/latatoueuse.paris\/index.php\/produit\/box-la-majestueuse-rose-noire\/#breadcrumb"},"inLanguage":"fr-FR","potentialAction":[{"@type":"ReadAction","target":["https:\/\/latatoueuse.paris\/index.php\/produit\/box-la-majestueuse-rose-noire\/"]}]},{"@type":"BreadcrumbList","@id":"https:\/\/latatoueuse.paris\/index.php\/produit\/box-la-majestueuse-rose-noire\/#breadcrumb","itemListElement":[{"@type":"ListItem","position":1,"name":"Accueil","item":"https:\/\/latatoueuse.paris\/"},{"@type":"ListItem","position":2,"name":"Nos Bijoux","item":"https:\/\/latatoueuse.paris\/index.php\/nos-bijoux\/"},{"@type":"ListItem","position":3,"name":"BOX LA MAJESTUEUSE ROSE NOIRE"}]},{"@type":"WebSite","@id":"https:\/\/latatoueuse.paris\/#website","url":"https:\/\/latatoueuse.paris\/","name":"LA TATOUEUSE.PARIS","description":"BIJOUX ACIER INOXYDABLE","publisher":{"@id":"https:\/\/latatoueuse.paris\/#organization"},"potentialAction":[{"@type":"SearchAction","target":{"@type":"EntryPoint","urlTemplate":"https:\/\/latatoueuse.paris\/?s={search_term_string}"},"query-input":"required name=search_term_string"}],"inLanguage":"fr-FR"},{"@type":"Organization","@id":"https:\/\/latatoueuse.paris\/#organization","name":"LA TATOUEUSE BIJOUX","url":"https:\/\/latatoueuse.paris\/","sameAs":["https:\/\/www.instagram.com\/latatoueusebijoux\/","https:\/\/www.facebook.com\/LaTatoueuseBijoux"],"logo":{"@type":"ImageObject","inLanguage":"fr-FR","@id":"https:\/\/latatoueuse.paris\/#\/schema\/logo\/image\/","url":"https:\/\/latatoueuse.paris\/wp-content\/uploads\/2021\/06\/coeur-rouge-_by-CA_-noir.png","contentUrl":"https:\/\/latatoueuse.paris\/wp-content\/uploads\/2021\/06\/coeur-rouge-_by-CA_-noir.png","width":1417,"height":1417,"caption":"LA TATOUEUSE BIJOUX"},"image":{"@id":"https:\/\/latatoueuse.paris\/#\/schema\/logo\/image\/"}}]}},"_links":{"self":[{"href":"https:\/\/latatoueuse.paris\/index.php\/wp-json\/wp\/v2\/product\/10362"}],"collection":[{"href":"https:\/\/latatoueuse.paris\/index.php\/wp-json\/wp\/v2\/product"}],"about":[{"href":"https:\/\/latatoueuse.paris\/index.php\/wp-json\/wp\/v2\/types\/product"}],"wp:featuredmedia":[{"embeddable":true,"href":"https:\/\/latatoueuse.paris\/index.php\/wp-json\/wp\/v2\/media\/10370"}],"wp:attachment":[{"href":"https:\/\/latatoueuse.paris\/index.php\/wp-json\/wp\/v2\/media?parent=10362"}],"wp:term":[{"taxonomy":"product_cat","embeddable":true,"href":"https:\/\/latatoueuse.paris\/index.php\/wp-json\/wp\/v2\/product_cat?post=10362"},{"taxonomy":"product_tag","embeddable":true,"href":"https:\/\/latatoueuse.paris\/index.php\/wp-json\/wp\/v2\/product_tag?post=10362"}],"curies":[{"name":"wp","href":"https:\/\/api.w.org\/{rel}","templated":true}]}}