{"id":4209,"date":"2020-06-16T16:27:05","date_gmt":"2020-06-16T14:27:05","guid":{"rendered":"https:\/\/latatoueuse.paris\/?page_id=4209"},"modified":"2024-02-08T17:25:15","modified_gmt":"2024-02-08T16:25:15","slug":"mix-match","status":"publish","type":"page","link":"https:\/\/latatoueuse.paris\/index.php\/mix-match\/","title":{"rendered":"Mix&#038;Match"},"content":{"rendered":"\n<h2>\n\t\tCarte Cadeau\n\t<\/h2>\n\t\t\t\t<img loading=\"lazy\" src=\"https:\/\/latatoueuse.paris\/wp-content\/uploads\/2024\/02\/packshot-54.jpg\" alt=\"packshot-54\" itemprop=\"image\" height=\"1978\" width=\"2029\" title=\"packshot-54\" onerror=\"this.style.display='none'\"  \/>\n\t<p>Peur de vous tromper?<\/p>\n<p>Facilitez-vous la vie avec la carte cadeau!<\/p>\n<p>Disponible pour un montant de 30\u20ac ou de 60\u20ac, vous \u00eates s\u00fbr de faire plaisir!<\/p>\n\t\t\t\t<img loading=\"lazy\" src=\"https:\/\/latatoueuse.paris\/wp-content\/uploads\/2018\/12\/la-tatoueuse-bijoux-precieux-symboles-concept-oeil-small.png\" alt=\"la tatoueuse bijoux precieux symboles concept oeil small\" itemprop=\"image\" height=\"43\" width=\"68\" title=\"la tatoueuse bijoux precieux symboles concept oeil small\" onerror=\"this.style.display='none'\"  \/>\n\t\t\t\t<img loading=\"lazy\" src=\"https:\/\/latatoueuse.paris\/wp-content\/uploads\/2018\/12\/hirondelle.png\" alt=\"hirondelle\" itemprop=\"image\" height=\"56\" width=\"58\" title=\"hirondelle\" onerror=\"this.style.display='none'\"  \/>\n\t\t\t\t<img loading=\"lazy\" src=\"https:\/\/latatoueuse.paris\/wp-content\/uploads\/2024\/02\/1.jpg\" alt=\"1\" itemprop=\"image\" height=\"2462\" width=\"2462\" title=\"1\" onerror=\"this.style.display='none'\"  \/>\n        Couleurs :\n    <ul>\n\t\t        <li data-filter=\"*\" tabindex=\"0\">Couleurs :<\/li>\n        <li data-filter=\"product_tag-argent\" data-term=\"argent\" data-item-count=\"74\" tabindex=\"0\" aria-label=\"ARGENT\u00c9E\">ARGENT\u00c9E<\/li><li data-filter=\"product_tag-or\" data-term=\"or\" data-item-count=\"101\" tabindex=\"0\" aria-label=\"DOR\u00c9E\">DOR\u00c9E<\/li><li data-filter=\"product_tag-gold\" data-term=\"gold\" data-item-count=\"1\" tabindex=\"0\" aria-label=\"GOLD\">GOLD<\/li><li data-filter=\"product_tag-rose-gold\" data-term=\"rose-gold\" data-item-count=\"6\" tabindex=\"0\" aria-label=\"ROSE GOLD\">ROSE GOLD<\/li>    <\/ul>\n\t\t\t<ul>\n<li id=\"woopack-product-8890\"  data-product-id=\"8890\">\n\t<a href=\"https:\/\/latatoueuse.paris\/index.php\/produit\/carte-cadeau-offrir-30-60\/\" rel=\"bookmark\" title=\"Carte Cadeau 30\u20ac\">\n\t\t\t<img width=\"382\" height=\"241\" src=\"https:\/\/latatoueuse.paris\/wp-content\/uploads\/2021\/12\/Visuel-carte-cadeau-2.jpg\" alt=\"carte cadeau\" loading=\"lazy\" data-no-lazy=\"1\" srcset=\"https:\/\/latatoueuse.paris\/wp-content\/uploads\/2021\/12\/Visuel-carte-cadeau-2.jpg 382w, https:\/\/latatoueuse.paris\/wp-content\/uploads\/2021\/12\/Visuel-carte-cadeau-2-300x189.jpg 300w\" sizes=\"(max-width: 382px) 100vw, 382px\" \/>\n\t\t\t\t\t<\/a>\n<h3>\n\t<a href=\"https:\/\/latatoueuse.paris\/index.php\/produit\/carte-cadeau-offrir-30-60\/\" rel=\"bookmark\" title=\"Carte Cadeau 30\u20ac\">\n\t\tCarte Cadeau 30\u20ac\t<\/a>\n<\/h3>\n\t<bdi>30,00&euro;<\/bdi>\n\t\t\t\t<input type=\"number\" id=\"quantity_8890\" step=\"1\" min=\"1\" max=\"\" name=\"quantity\" value=\"1\" title=\"Quantity\" size=\"4\" pattern=\"[0-9]*\" inputmode=\"numeric\" \/>\n\t\t<a rel=\"nofollow noopener\" href=\"?add-to-cart=8890\" target=\"_self\" data-quantity=\"1\" data-product_id=\"8890\" data-product_sku=\"\" data-woopack=\"true\" aria-label=\"Ajouter &ldquo;Carte Cadeau 30\u20ac&rdquo; \u00e0 votre panier\">Ajouter au panier<\/a>\n<\/li>\n<li id=\"woopack-product-11895\"  data-product-id=\"11895\">\n\t<a href=\"https:\/\/latatoueuse.paris\/index.php\/produit\/carte-cadeau\/\" rel=\"bookmark\" title=\"Carte Cadeau 60\u20ac\">\n\t\t\t<img width=\"382\" height=\"241\" src=\"https:\/\/latatoueuse.paris\/wp-content\/uploads\/2021\/12\/Visuel-carte-cadeau-2.jpg\" alt=\"carte cadeau\" loading=\"lazy\" data-no-lazy=\"1\" srcset=\"https:\/\/latatoueuse.paris\/wp-content\/uploads\/2021\/12\/Visuel-carte-cadeau-2.jpg 382w, https:\/\/latatoueuse.paris\/wp-content\/uploads\/2021\/12\/Visuel-carte-cadeau-2-300x189.jpg 300w\" sizes=\"(max-width: 382px) 100vw, 382px\" \/>\n\t\t\t\t\t<\/a>\n<h3>\n\t<a href=\"https:\/\/latatoueuse.paris\/index.php\/produit\/carte-cadeau\/\" rel=\"bookmark\" title=\"Carte Cadeau 60\u20ac\">\n\t\tCarte Cadeau 60\u20ac\t<\/a>\n<\/h3>\n\t<bdi>60,00&euro;<\/bdi>\n\t\t\t\t<input type=\"number\" id=\"quantity_11895\" step=\"1\" min=\"1\" max=\"\" name=\"quantity\" value=\"1\" title=\"Quantity\" size=\"4\" pattern=\"[0-9]*\" inputmode=\"numeric\" \/>\n\t\t<a rel=\"nofollow noopener\" href=\"?add-to-cart=11895\" target=\"_self\" data-quantity=\"1\" data-product_id=\"11895\" data-product_sku=\"\" data-woopack=\"true\" aria-label=\"Ajouter &ldquo;Carte Cadeau 60\u20ac&rdquo; \u00e0 votre panier\">Ajouter au panier<\/a>\n<\/li>\n\t\t\t\t\n\t\t\t<\/ul>\n\n","protected":false},"excerpt":{"rendered":"<p>Carte Cadeau Peur de vous tromper? Facilitez-vous la vie avec la carte cadeau! Disponible pour un montant de 30\u20ac ou de 60\u20ac, vous \u00eates s\u00fbr de faire plaisir! Couleurs : Couleurs : ARGENT\u00c9E DOR\u00c9E GOLD ROSE GOLD Carte Cadeau 30\u20ac 30,00&euro; Ajouter au panier Carte Cadeau 60\u20ac 60,00&euro; Ajouter au panier<\/p>\n","protected":false},"author":1,"featured_media":0,"parent":0,"menu_order":0,"comment_status":"closed","ping_status":"closed","template":"","meta":{"inline_featured_image":false},"yoast_head":"<!-- This site is optimized with the Yoast SEO plugin v19.8 - https:\/\/yoast.com\/wordpress\/plugins\/seo\/ -->\n<title>Mix&amp;Match - LA TATOUEUSE BIJOUX<\/title>\n<meta name=\"description\" content=\"D\u00e9couvrez ici notre mix &amp; match, vous y trouverez ici toutes les boucles et bagues de votre choix vendues \u00e0 l&#039;unit\u00e9. Faites vous plaisir !\" \/>\n<meta name=\"robots\" content=\"index, follow, max-snippet:-1, max-image-preview:large, max-video-preview:-1\" \/>\n<link rel=\"canonical\" href=\"https:\/\/latatoueuse.paris\/index.php\/mix-match\/\" \/>\n<meta property=\"og:locale\" content=\"fr_FR\" \/>\n<meta property=\"og:type\" content=\"article\" \/>\n<meta property=\"og:title\" content=\"Mix&amp;Match - LA TATOUEUSE BIJOUX\" \/>\n<meta property=\"og:description\" content=\"D\u00e9couvrez ici notre mix &amp; match, vous y trouverez ici toutes les boucles et bagues de votre choix vendues \u00e0 l&#039;unit\u00e9. Faites vous plaisir !\" \/>\n<meta property=\"og:url\" content=\"https:\/\/latatoueuse.paris\/index.php\/mix-match\/\" \/>\n<meta property=\"og:site_name\" content=\"LA TATOUEUSE\" \/>\n<meta property=\"article:publisher\" content=\"https:\/\/www.facebook.com\/LaTatoueuseBijoux\" \/>\n<meta property=\"article:modified_time\" content=\"2024-02-08T16:25:15+00:00\" \/>\n<meta property=\"og:image\" content=\"https:\/\/latatoueuse.paris\/wp-content\/uploads\/2024\/02\/packshot-54.jpg\" \/>\n<meta name=\"twitter:card\" content=\"summary_large_image\" \/>\n<meta name=\"twitter:label1\" content=\"Dur\u00e9e de lecture estim\u00e9e\" \/>\n\t<meta name=\"twitter:data1\" content=\"2 minutes\" \/>\n<script type=\"application\/ld+json\" class=\"yoast-schema-graph\">{\"@context\":\"https:\/\/schema.org\",\"@graph\":[{\"@type\":\"WebPage\",\"@id\":\"https:\/\/latatoueuse.paris\/index.php\/mix-match\/\",\"url\":\"https:\/\/latatoueuse.paris\/index.php\/mix-match\/\",\"name\":\"Mix&Match - LA TATOUEUSE BIJOUX\",\"isPartOf\":{\"@id\":\"https:\/\/latatoueuse.paris\/#website\"},\"datePublished\":\"2020-06-16T14:27:05+00:00\",\"dateModified\":\"2024-02-08T16:25:15+00:00\",\"description\":\"D\u00e9couvrez ici notre mix & match, vous y trouverez ici toutes les boucles et bagues de votre choix vendues \u00e0 l'unit\u00e9. Faites vous plaisir !\",\"breadcrumb\":{\"@id\":\"https:\/\/latatoueuse.paris\/index.php\/mix-match\/#breadcrumb\"},\"inLanguage\":\"fr-FR\",\"potentialAction\":[{\"@type\":\"ReadAction\",\"target\":[\"https:\/\/latatoueuse.paris\/index.php\/mix-match\/\"]}]},{\"@type\":\"BreadcrumbList\",\"@id\":\"https:\/\/latatoueuse.paris\/index.php\/mix-match\/#breadcrumb\",\"itemListElement\":[{\"@type\":\"ListItem\",\"position\":1,\"name\":\"Accueil\",\"item\":\"https:\/\/latatoueuse.paris\/\"},{\"@type\":\"ListItem\",\"position\":2,\"name\":\"Mix&#038;Match\"}]},{\"@type\":\"WebSite\",\"@id\":\"https:\/\/latatoueuse.paris\/#website\",\"url\":\"https:\/\/latatoueuse.paris\/\",\"name\":\"LA TATOUEUSE.PARIS\",\"description\":\"BIJOUX ACIER INOXYDABLE\",\"publisher\":{\"@id\":\"https:\/\/latatoueuse.paris\/#organization\"},\"potentialAction\":[{\"@type\":\"SearchAction\",\"target\":{\"@type\":\"EntryPoint\",\"urlTemplate\":\"https:\/\/latatoueuse.paris\/?s={search_term_string}\"},\"query-input\":\"required name=search_term_string\"}],\"inLanguage\":\"fr-FR\"},{\"@type\":\"Organization\",\"@id\":\"https:\/\/latatoueuse.paris\/#organization\",\"name\":\"LA TATOUEUSE BIJOUX\",\"url\":\"https:\/\/latatoueuse.paris\/\",\"sameAs\":[\"https:\/\/www.instagram.com\/latatoueusebijoux\/\",\"https:\/\/www.facebook.com\/LaTatoueuseBijoux\"],\"logo\":{\"@type\":\"ImageObject\",\"inLanguage\":\"fr-FR\",\"@id\":\"https:\/\/latatoueuse.paris\/#\/schema\/logo\/image\/\",\"url\":\"https:\/\/latatoueuse.paris\/wp-content\/uploads\/2021\/06\/coeur-rouge-_by-CA_-noir.png\",\"contentUrl\":\"https:\/\/latatoueuse.paris\/wp-content\/uploads\/2021\/06\/coeur-rouge-_by-CA_-noir.png\",\"width\":1417,\"height\":1417,\"caption\":\"LA TATOUEUSE BIJOUX\"},\"image\":{\"@id\":\"https:\/\/latatoueuse.paris\/#\/schema\/logo\/image\/\"}}]}<\/script>\n<!-- \/ Yoast SEO plugin. -->","yoast_head_json":{"title":"Mix&Match - LA TATOUEUSE BIJOUX","description":"D\u00e9couvrez ici notre mix & match, vous y trouverez ici toutes les boucles et bagues de votre choix vendues \u00e0 l'unit\u00e9. Faites vous plaisir !","robots":{"index":"index","follow":"follow","max-snippet":"max-snippet:-1","max-image-preview":"max-image-preview:large","max-video-preview":"max-video-preview:-1"},"canonical":"https:\/\/latatoueuse.paris\/index.php\/mix-match\/","og_locale":"fr_FR","og_type":"article","og_title":"Mix&Match - LA TATOUEUSE BIJOUX","og_description":"D\u00e9couvrez ici notre mix & match, vous y trouverez ici toutes les boucles et bagues de votre choix vendues \u00e0 l'unit\u00e9. Faites vous plaisir !","og_url":"https:\/\/latatoueuse.paris\/index.php\/mix-match\/","og_site_name":"LA TATOUEUSE","article_publisher":"https:\/\/www.facebook.com\/LaTatoueuseBijoux","article_modified_time":"2024-02-08T16:25:15+00:00","og_image":[{"url":"https:\/\/latatoueuse.paris\/wp-content\/uploads\/2024\/02\/packshot-54.jpg"}],"twitter_card":"summary_large_image","twitter_misc":{"Dur\u00e9e de lecture estim\u00e9e":"2 minutes"},"schema":{"@context":"https:\/\/schema.org","@graph":[{"@type":"WebPage","@id":"https:\/\/latatoueuse.paris\/index.php\/mix-match\/","url":"https:\/\/latatoueuse.paris\/index.php\/mix-match\/","name":"Mix&Match - LA TATOUEUSE BIJOUX","isPartOf":{"@id":"https:\/\/latatoueuse.paris\/#website"},"datePublished":"2020-06-16T14:27:05+00:00","dateModified":"2024-02-08T16:25:15+00:00","description":"D\u00e9couvrez ici notre mix & match, vous y trouverez ici toutes les boucles et bagues de votre choix vendues \u00e0 l'unit\u00e9. Faites vous plaisir !","breadcrumb":{"@id":"https:\/\/latatoueuse.paris\/index.php\/mix-match\/#breadcrumb"},"inLanguage":"fr-FR","potentialAction":[{"@type":"ReadAction","target":["https:\/\/latatoueuse.paris\/index.php\/mix-match\/"]}]},{"@type":"BreadcrumbList","@id":"https:\/\/latatoueuse.paris\/index.php\/mix-match\/#breadcrumb","itemListElement":[{"@type":"ListItem","position":1,"name":"Accueil","item":"https:\/\/latatoueuse.paris\/"},{"@type":"ListItem","position":2,"name":"Mix&#038;Match"}]},{"@type":"WebSite","@id":"https:\/\/latatoueuse.paris\/#website","url":"https:\/\/latatoueuse.paris\/","name":"LA TATOUEUSE.PARIS","description":"BIJOUX ACIER INOXYDABLE","publisher":{"@id":"https:\/\/latatoueuse.paris\/#organization"},"potentialAction":[{"@type":"SearchAction","target":{"@type":"EntryPoint","urlTemplate":"https:\/\/latatoueuse.paris\/?s={search_term_string}"},"query-input":"required name=search_term_string"}],"inLanguage":"fr-FR"},{"@type":"Organization","@id":"https:\/\/latatoueuse.paris\/#organization","name":"LA TATOUEUSE BIJOUX","url":"https:\/\/latatoueuse.paris\/","sameAs":["https:\/\/www.instagram.com\/latatoueusebijoux\/","https:\/\/www.facebook.com\/LaTatoueuseBijoux"],"logo":{"@type":"ImageObject","inLanguage":"fr-FR","@id":"https:\/\/latatoueuse.paris\/#\/schema\/logo\/image\/","url":"https:\/\/latatoueuse.paris\/wp-content\/uploads\/2021\/06\/coeur-rouge-_by-CA_-noir.png","contentUrl":"https:\/\/latatoueuse.paris\/wp-content\/uploads\/2021\/06\/coeur-rouge-_by-CA_-noir.png","width":1417,"height":1417,"caption":"LA TATOUEUSE BIJOUX"},"image":{"@id":"https:\/\/latatoueuse.paris\/#\/schema\/logo\/image\/"}}]}},"_links":{"self":[{"href":"https:\/\/latatoueuse.paris\/index.php\/wp-json\/wp\/v2\/pages\/4209"}],"collection":[{"href":"https:\/\/latatoueuse.paris\/index.php\/wp-json\/wp\/v2\/pages"}],"about":[{"href":"https:\/\/latatoueuse.paris\/index.php\/wp-json\/wp\/v2\/types\/page"}],"author":[{"embeddable":true,"href":"https:\/\/latatoueuse.paris\/index.php\/wp-json\/wp\/v2\/users\/1"}],"replies":[{"embeddable":true,"href":"https:\/\/latatoueuse.paris\/index.php\/wp-json\/wp\/v2\/comments?post=4209"}],"version-history":[{"count":10,"href":"https:\/\/latatoueuse.paris\/index.php\/wp-json\/wp\/v2\/pages\/4209\/revisions"}],"predecessor-version":[{"id":12082,"href":"https:\/\/latatoueuse.paris\/index.php\/wp-json\/wp\/v2\/pages\/4209\/revisions\/12082"}],"wp:attachment":[{"href":"https:\/\/latatoueuse.paris\/index.php\/wp-json\/wp\/v2\/media?parent=4209"}],"curies":[{"name":"wp","href":"https:\/\/api.w.org\/{rel}","templated":true}]}}