{"id":2463,"date":"2019-03-27T16:11:03","date_gmt":"2019-03-27T15:11:03","guid":{"rendered":"https:\/\/latatoueuse.paris\/?page_id=2463"},"modified":"2024-11-21T15:56:22","modified_gmt":"2024-11-21T14:56:22","slug":"nos-boutiques","status":"publish","type":"page","link":"https:\/\/latatoueuse.paris\/index.php\/nos-boutiques\/","title":{"rendered":"NOS BOUTIQUES"},"content":{"rendered":"\n<h2>\n\t\tPARIS\n\t<\/h2>\n\t75002 Tricote-Moi Un Tattoo<br>\n75011 Tata Gilda\n\n<p>&nbsp;<\/p>\n<h2>\n\t\t\u00ceLE DE FRANCE\n\t<\/h2>\n\t<p>60 Senlis Ad Vitam<\/p>\n<p>77 L\u00e9signy Doudou&#8217;s Needles<\/p>\n<p>92 St Cloud Nouveau Jour<\/p>\n92 Neuilly Les D\u00e9cos de Bruma<br>\n93 Les Lilas La Java des Tatas<br>\n93 Montreuil Saperlipopette<br>\n93 Le Raincy Atelier Micheline<br>\n\n<p>&nbsp;<\/p>\n<h2>\n\t\tR\u00c9GIONS\n\t<\/h2>\n\t03 Vichy L&#8217;Unique<br>\n13 Marseille Undartground<br>\n13 Marseille Parh\u00e9lie<br>\n19 Ussel Un Jardin dans la Ville<br>\n20 Melrose Bazar Ajaccio<br>\n24 Perigueux Le Boudoir du 9<br>\n28 Chartres Lily &amp;Co<br>\n29 Pont-Aven Les Sir\u00e8nes<br>\n30 Uz\u00e8s Le Boudoir de Camille<br>\n31 Tournefeuille Les filles d&#8217;\u00e0 c\u00f4t\u00e9 <br>\n44 Nort sur Erdre Lili Rose<br>\n51 Beine-Nauroy Elfervescence<br>\n53 Nona bis Laval\n<p>55 Bar-le-Duc Antipode Tattoos<\/p>\n59 Cambrai Les Sens Motard<br>\n61 Alen\u00e7on Polamaya<br>\n61 Domfront en Poiraie L&#8217;Ecrin<br>\n62 Arras La Petite Boh\u00e8me&nbsp; <br>\n63 Clermont-Ferrand Un Jardin ds la Ville<br>\n<br>\n69 Lyon Bijouterie Stella Stellina<br>\n69 Oullins Billie&amp;June<br>\n76 Regarde-moi Notre dame de Gravenchon<br>\n80 Amiens Wanderlust\n<h2>\n\t\tEUROPE\n\t<\/h2>\n\t<p><strong>Belgique<\/strong><\/p>\nBlankenberge Amster&#8217;Madam<br>\nHonnelles Mon Truc en Plus<br>\nFauroeulx Bali By Emilie\n<p>&nbsp;<\/p>\n<p>&nbsp;<\/p>\n<p>&nbsp;<\/p>\n<p>&nbsp;<\/p>\n","protected":false},"excerpt":{"rendered":"<p>PARIS 75002 Tricote-Moi Un Tattoo 75011 Tata Gilda &nbsp; \u00ceLE DE FRANCE 60 Senlis Ad Vitam 77 L\u00e9signy Doudou&#8217;s Needles 92 St Cloud Nouveau Jour 92 Neuilly Les D\u00e9cos de Bruma 93 Les Lilas La Java des Tatas 93 Montreuil Saperlipopette 93 Le Raincy Atelier Micheline &nbsp; R\u00c9GIONS 03 Vichy L&#8217;Unique 13 Marseille Undartground 13&hellip;<\/p>\n","protected":false},"author":1,"featured_media":0,"parent":0,"menu_order":0,"comment_status":"closed","ping_status":"closed","template":"","meta":{"inline_featured_image":false},"yoast_head":"<!-- This site is optimized with the Yoast SEO plugin v19.8 - https:\/\/yoast.com\/wordpress\/plugins\/seo\/ -->\n<title>NOS BOUTIQUES - LA TATOUEUSE BIJOUX<\/title>\n<meta name=\"description\" content=\"Retrouvez ici les boutiques de la tatoueuse bijoux. Nous proposons une large gamme de bijoux personnalisables et raffin\u00e9s.\" \/>\n<meta name=\"robots\" content=\"index, follow, max-snippet:-1, max-image-preview:large, max-video-preview:-1\" \/>\n<link rel=\"canonical\" href=\"https:\/\/latatoueuse.paris\/index.php\/nos-boutiques\/\" \/>\n<meta property=\"og:locale\" content=\"fr_FR\" \/>\n<meta property=\"og:type\" content=\"article\" \/>\n<meta property=\"og:title\" content=\"NOS BOUTIQUES - LA TATOUEUSE BIJOUX\" \/>\n<meta property=\"og:description\" content=\"Retrouvez ici les boutiques de la tatoueuse bijoux. Nous proposons une large gamme de bijoux personnalisables et raffin\u00e9s.\" \/>\n<meta property=\"og:url\" content=\"https:\/\/latatoueuse.paris\/index.php\/nos-boutiques\/\" \/>\n<meta property=\"og:site_name\" content=\"LA TATOUEUSE\" \/>\n<meta property=\"article:publisher\" content=\"https:\/\/www.facebook.com\/LaTatoueuseBijoux\" \/>\n<meta property=\"article:modified_time\" content=\"2024-11-21T14:56:22+00:00\" \/>\n<meta name=\"twitter:card\" content=\"summary_large_image\" \/>\n<meta name=\"twitter:label1\" content=\"Dur\u00e9e de lecture estim\u00e9e\" \/>\n\t<meta name=\"twitter:data1\" content=\"1 minute\" \/>\n<script type=\"application\/ld+json\" class=\"yoast-schema-graph\">{\"@context\":\"https:\/\/schema.org\",\"@graph\":[{\"@type\":\"WebPage\",\"@id\":\"https:\/\/latatoueuse.paris\/index.php\/nos-boutiques\/\",\"url\":\"https:\/\/latatoueuse.paris\/index.php\/nos-boutiques\/\",\"name\":\"NOS BOUTIQUES - LA TATOUEUSE BIJOUX\",\"isPartOf\":{\"@id\":\"https:\/\/latatoueuse.paris\/#website\"},\"datePublished\":\"2019-03-27T15:11:03+00:00\",\"dateModified\":\"2024-11-21T14:56:22+00:00\",\"description\":\"Retrouvez ici les boutiques de la tatoueuse bijoux. Nous proposons une large gamme de bijoux personnalisables et raffin\u00e9s.\",\"breadcrumb\":{\"@id\":\"https:\/\/latatoueuse.paris\/index.php\/nos-boutiques\/#breadcrumb\"},\"inLanguage\":\"fr-FR\",\"potentialAction\":[{\"@type\":\"ReadAction\",\"target\":[\"https:\/\/latatoueuse.paris\/index.php\/nos-boutiques\/\"]}]},{\"@type\":\"BreadcrumbList\",\"@id\":\"https:\/\/latatoueuse.paris\/index.php\/nos-boutiques\/#breadcrumb\",\"itemListElement\":[{\"@type\":\"ListItem\",\"position\":1,\"name\":\"Accueil\",\"item\":\"https:\/\/latatoueuse.paris\/\"},{\"@type\":\"ListItem\",\"position\":2,\"name\":\"NOS BOUTIQUES\"}]},{\"@type\":\"WebSite\",\"@id\":\"https:\/\/latatoueuse.paris\/#website\",\"url\":\"https:\/\/latatoueuse.paris\/\",\"name\":\"LA TATOUEUSE.PARIS\",\"description\":\"BIJOUX ACIER INOXYDABLE\",\"publisher\":{\"@id\":\"https:\/\/latatoueuse.paris\/#organization\"},\"potentialAction\":[{\"@type\":\"SearchAction\",\"target\":{\"@type\":\"EntryPoint\",\"urlTemplate\":\"https:\/\/latatoueuse.paris\/?s={search_term_string}\"},\"query-input\":\"required name=search_term_string\"}],\"inLanguage\":\"fr-FR\"},{\"@type\":\"Organization\",\"@id\":\"https:\/\/latatoueuse.paris\/#organization\",\"name\":\"LA TATOUEUSE BIJOUX\",\"url\":\"https:\/\/latatoueuse.paris\/\",\"sameAs\":[\"https:\/\/www.instagram.com\/latatoueusebijoux\/\",\"https:\/\/www.facebook.com\/LaTatoueuseBijoux\"],\"logo\":{\"@type\":\"ImageObject\",\"inLanguage\":\"fr-FR\",\"@id\":\"https:\/\/latatoueuse.paris\/#\/schema\/logo\/image\/\",\"url\":\"https:\/\/latatoueuse.paris\/wp-content\/uploads\/2021\/06\/coeur-rouge-_by-CA_-noir.png\",\"contentUrl\":\"https:\/\/latatoueuse.paris\/wp-content\/uploads\/2021\/06\/coeur-rouge-_by-CA_-noir.png\",\"width\":1417,\"height\":1417,\"caption\":\"LA TATOUEUSE BIJOUX\"},\"image\":{\"@id\":\"https:\/\/latatoueuse.paris\/#\/schema\/logo\/image\/\"}}]}<\/script>\n<!-- \/ Yoast SEO plugin. -->","yoast_head_json":{"title":"NOS BOUTIQUES - LA TATOUEUSE BIJOUX","description":"Retrouvez ici les boutiques de la tatoueuse bijoux. Nous proposons une large gamme de bijoux personnalisables et raffin\u00e9s.","robots":{"index":"index","follow":"follow","max-snippet":"max-snippet:-1","max-image-preview":"max-image-preview:large","max-video-preview":"max-video-preview:-1"},"canonical":"https:\/\/latatoueuse.paris\/index.php\/nos-boutiques\/","og_locale":"fr_FR","og_type":"article","og_title":"NOS BOUTIQUES - LA TATOUEUSE BIJOUX","og_description":"Retrouvez ici les boutiques de la tatoueuse bijoux. Nous proposons une large gamme de bijoux personnalisables et raffin\u00e9s.","og_url":"https:\/\/latatoueuse.paris\/index.php\/nos-boutiques\/","og_site_name":"LA TATOUEUSE","article_publisher":"https:\/\/www.facebook.com\/LaTatoueuseBijoux","article_modified_time":"2024-11-21T14:56:22+00:00","twitter_card":"summary_large_image","twitter_misc":{"Dur\u00e9e de lecture estim\u00e9e":"1 minute"},"schema":{"@context":"https:\/\/schema.org","@graph":[{"@type":"WebPage","@id":"https:\/\/latatoueuse.paris\/index.php\/nos-boutiques\/","url":"https:\/\/latatoueuse.paris\/index.php\/nos-boutiques\/","name":"NOS BOUTIQUES - LA TATOUEUSE BIJOUX","isPartOf":{"@id":"https:\/\/latatoueuse.paris\/#website"},"datePublished":"2019-03-27T15:11:03+00:00","dateModified":"2024-11-21T14:56:22+00:00","description":"Retrouvez ici les boutiques de la tatoueuse bijoux. Nous proposons une large gamme de bijoux personnalisables et raffin\u00e9s.","breadcrumb":{"@id":"https:\/\/latatoueuse.paris\/index.php\/nos-boutiques\/#breadcrumb"},"inLanguage":"fr-FR","potentialAction":[{"@type":"ReadAction","target":["https:\/\/latatoueuse.paris\/index.php\/nos-boutiques\/"]}]},{"@type":"BreadcrumbList","@id":"https:\/\/latatoueuse.paris\/index.php\/nos-boutiques\/#breadcrumb","itemListElement":[{"@type":"ListItem","position":1,"name":"Accueil","item":"https:\/\/latatoueuse.paris\/"},{"@type":"ListItem","position":2,"name":"NOS BOUTIQUES"}]},{"@type":"WebSite","@id":"https:\/\/latatoueuse.paris\/#website","url":"https:\/\/latatoueuse.paris\/","name":"LA TATOUEUSE.PARIS","description":"BIJOUX ACIER INOXYDABLE","publisher":{"@id":"https:\/\/latatoueuse.paris\/#organization"},"potentialAction":[{"@type":"SearchAction","target":{"@type":"EntryPoint","urlTemplate":"https:\/\/latatoueuse.paris\/?s={search_term_string}"},"query-input":"required name=search_term_string"}],"inLanguage":"fr-FR"},{"@type":"Organization","@id":"https:\/\/latatoueuse.paris\/#organization","name":"LA TATOUEUSE BIJOUX","url":"https:\/\/latatoueuse.paris\/","sameAs":["https:\/\/www.instagram.com\/latatoueusebijoux\/","https:\/\/www.facebook.com\/LaTatoueuseBijoux"],"logo":{"@type":"ImageObject","inLanguage":"fr-FR","@id":"https:\/\/latatoueuse.paris\/#\/schema\/logo\/image\/","url":"https:\/\/latatoueuse.paris\/wp-content\/uploads\/2021\/06\/coeur-rouge-_by-CA_-noir.png","contentUrl":"https:\/\/latatoueuse.paris\/wp-content\/uploads\/2021\/06\/coeur-rouge-_by-CA_-noir.png","width":1417,"height":1417,"caption":"LA TATOUEUSE BIJOUX"},"image":{"@id":"https:\/\/latatoueuse.paris\/#\/schema\/logo\/image\/"}}]}},"_links":{"self":[{"href":"https:\/\/latatoueuse.paris\/index.php\/wp-json\/wp\/v2\/pages\/2463"}],"collection":[{"href":"https:\/\/latatoueuse.paris\/index.php\/wp-json\/wp\/v2\/pages"}],"about":[{"href":"https:\/\/latatoueuse.paris\/index.php\/wp-json\/wp\/v2\/types\/page"}],"author":[{"embeddable":true,"href":"https:\/\/latatoueuse.paris\/index.php\/wp-json\/wp\/v2\/users\/1"}],"replies":[{"embeddable":true,"href":"https:\/\/latatoueuse.paris\/index.php\/wp-json\/wp\/v2\/comments?post=2463"}],"version-history":[{"count":23,"href":"https:\/\/latatoueuse.paris\/index.php\/wp-json\/wp\/v2\/pages\/2463\/revisions"}],"predecessor-version":[{"id":14336,"href":"https:\/\/latatoueuse.paris\/index.php\/wp-json\/wp\/v2\/pages\/2463\/revisions\/14336"}],"wp:attachment":[{"href":"https:\/\/latatoueuse.paris\/index.php\/wp-json\/wp\/v2\/media?parent=2463"}],"curies":[{"name":"wp","href":"https:\/\/api.w.org\/{rel}","templated":true}]}}