{"id":1664,"date":"2018-12-11T18:40:15","date_gmt":"2018-12-11T17:40:15","guid":{"rendered":"https:\/\/latatoueuse.paris\/?page_id=1664"},"modified":"2024-05-15T12:44:41","modified_gmt":"2024-05-15T10:44:41","slug":"cgv","status":"publish","type":"page","link":"https:\/\/latatoueuse.paris\/index.php\/cgv\/","title":{"rendered":"CGV"},"content":{"rendered":"\n\n\t<p><b>RETOUR ET <\/b><strong>\u00c9<\/strong><b>CHANGE DE VOS BIJOUX<\/b><\/p>\nChez La Tatoueuse Bijoux, nous souhaitons que vous soyez enti\u00e8rement satisfait de votre achat. Si, pour une raison quelconque, vous n&#8217;\u00eates pas pleinement satisfait de votre bijou en acier inoxydable, nous vous offrons la possibilit\u00e9 de retourner ou d&#8217;\u00e9changer votre article dans un d\u00e9lai de 14 jours \u00e0 compter de la date d&#8217;achat.\n<p><strong>PROCESSUS DE RETOUR SIMPLE<\/strong><\/p>\n<p>&nbsp;<\/p>\nSi vous souhaitez retourner un bijou pour un remboursement ou un \u00e9change, veuillez suivre ces \u00e9tapes simples :\n<ol>\n<li>Contactez notre service client\u00e8le \u00e0 l&#8217;adresse : <a href=\"mailto:contact@latatoueuse.paris\" target=\"_blank\" rel=\"noopener\">contact@latatoueuse.paris<\/a> ou au +33(0)6 60 97 26 50, et informez-nous de votre intention de retourner ou d&#8217;\u00e9changer votre article.Veuillez noter que les frais de retour seront \u00e0 votre charge.<\/li>\n<\/ol>\n<ol start=\"2\">\n<li>Emballez soigneusement votre bijou dans son emballage d&#8217;origine, avec tous les accessoires et documents inclus, et assurez-vous qu&#8217;il est bien prot\u00e9g\u00e9 pour le transport.<\/li>\n<\/ol>\n<ol start=\"3\">\n<li>Incluez une note avec votre nom, votre num\u00e9ro de commande et la raison du retour ou de l&#8217;\u00e9change.<\/li>\n<\/ol>\n<ol start=\"4\">\n<li>Envoyez votre colis \u00e0 l&#8217;adresse de retour suivante : Charlotte Vermeil &#8211; La Tatoueuse Bijoux &#8211; 37 boulevard Murat 75016, Paris.<br \/>\n<\/li>\n<li>La\u00a0 soci\u00e9t\u00e9 Charlotte&amp;Alexandre n&#8217;accepte pas les colis adress\u00e9s en port d\u00fb. Tout risque li\u00e9 au retour du produit est \u00e0 la charge de l&#8217;Acheteur.<\/li>\n<\/ol>\n<p>&nbsp;<\/p>\n<b>\u00c9CHANGE DE TAILLE OU MODELE<br \/>\n<\/b>\nSi vous souhaitez \u00e9changer votre bijou en acier inoxydable contre une taille diff\u00e9rente ou un mod\u00e8le alternatif, veuillez indiquer clairement votre pr\u00e9f\u00e9rence dans votre note de retour. Une fois que nous aurons re\u00e7u votre article retourn\u00e9, nous traiterons rapidement votre \u00e9change et vous enverrons le nouvel article.\n<b>REMBOURSEMENT RAPIDE<br \/>\n<\/b>\nUne fois que nous aurons re\u00e7u votre bijou retourn\u00e9 et v\u00e9rifi\u00e9 son \u00e9tat, nous proc\u00e9derons au remboursement de votre paiement initial selon le mode de paiement utilis\u00e9 lors de l&#8217;achat. Veuillez noter que les frais de retour seront \u00e0 votre charge.\nChez La Tatoueuse Bijoux, nous nous engageons \u00e0 garantir votre enti\u00e8re satisfaction. Si vous avez des questions ou des pr\u00e9occupations concernant le processus de retour ou d&#8217;\u00e9change, n&#8217;h\u00e9sitez pas \u00e0 contacter me contacter au 06.60.97.26.50.Nous sommes l\u00e0 pour vous aider \u00e0 chaque \u00e9tape du processus.\n<p><strong>LIVRAISON OFFERTE EN FRANCE METROPOLITAINE A PARTIR DE 50\u20ac D&#8217;ACHAT.<\/strong><\/p>\n<b>LIVRAISON DE VOS BIJOUX EN ACIER INOXYDABLE<br \/>\n<\/b>\n<p>Chez La Tatoueuse Bijoux, nous comprenons l&#8217;importance de recevoir vos bijoux rapidement et en parfait \u00e9tat. C&#8217;est pourquoi nous nous engageons \u00e0 vous offrir une exp\u00e9rience de livraison transparente, fiable et s\u00e9curis\u00e9e pour chacune de vos commandes de bijoux en acier inoxydable.<\/p>\n<strong>EXP\u00c9DITION RAPIDE<\/strong><b><br \/>\n<\/b>\nD\u00e8s que votre commande est pass\u00e9e, notre \u00e9quipe d\u00e9vou\u00e9e se met au travail pour pr\u00e9parer votre colis avec soin. Nous nous effor\u00e7ons de traiter et d&#8217;exp\u00e9dier toutes les commandes le plus rapidement possible,sous 3 jours ouvr\u00e9s afin que vous puissiez profiter de vos nouveaux bijoux sans attendre.\n<b>EMBALLAGE<\/b><strong> S\u00c9CURIS\u00c9<\/strong><b><br \/>\n<\/b>\nChaque bijou en acier inoxydable est emball\u00e9 avec le plus grand soin pour garantir qu&#8217;il vous parvienne en parfait \u00e9tat. Nous utilisons des mat\u00e9riaux d&#8217;emballage de haute qualit\u00e9 pour prot\u00e9ger vos bijoux contre les chocs, les rayures et tout autre dommage pendant le transport.\n<strong>SUIVI EN TEMPS R\u00c9EL<\/strong><b><br \/>\n<\/b>\nD\u00e8s que votre commande est exp\u00e9di\u00e9e, vous recevrez un num\u00e9ro de suivi par sms ou e-mail, vous permettant de suivre votre colis en temps r\u00e9el jusqu&#8217;\u00e0 ce qu&#8217;il vous soit livr\u00e9. Vous saurez toujours o\u00f9 se trouve votre commande et quand vous pouvez vous attendre \u00e0 la recevoir.\n<b>LIVRAISON INTERNATIONALE<br \/>\n<\/b>\nQue vous soyez \u00e0 quelques pas de notre atelier ou \u00e0 l&#8217;autre bout du monde, nous livrons nos bijoux en acier inoxydable dans le monde entier avec un num\u00e9ro de suivi.\n<b>SERVICE CLIENT D\u00c9DI\u00c9<br \/>\n<\/b>\nSi vous avez des questions ou des pr\u00e9occupations concernant votre livraison, notre \u00e9quipe de service client\u00e8le est l\u00e0 pour vous aider. N&#8217;h\u00e9sitez pas \u00e0 nous contacter \u00e0 tout moment, et nous ferons tout notre possible pour r\u00e9soudre rapidement tout probl\u00e8me que vous pourriez rencontrer.\n<strong>Chez La Tatoueuse Bijoux, notre objectif est de vous offrir une exp\u00e9rience d&#8217;achat en ligne sans souci, de la commande \u00e0 la livraison. Nous esp\u00e9rons que vous appr\u00e9cierez votre nouveau bijou en acier inoxydable et que vous reviendrez bient\u00f4t pour d\u00e9couvrir d&#8217;autres pi\u00e8ces de notre collection.<\/strong>\n<h1><strong>CONDITIONS G\u00c9N\u00c9RALES<\/strong><\/h1>\n<p>Les conditions g\u00e9n\u00e9rales de vente d\u00e9crites ci-apr\u00e8s d\u00e9finissent les conditions applicables \u00e0 tout achat effectu\u00e9 sur le site marchand www.latatoueuse.paris (ci-apr\u00e8s d\u00e9nomm\u00e9 le &#8221; vendeur &#8220;) et de son client (ci-apr\u00e8s d\u00e9nomm\u00e9 l&#8217; &#8221; acheteur &#8220;).<\/p>\n<p>Toute commande pass\u00e9e sur le site www.latatoueuse.paris implique donc l&#8217;adh\u00e9sion sans r\u00e9serve de l&#8217;acheteur aux pr\u00e9sentes conditions g\u00e9n\u00e9rales de vente.<\/p>\n<p>Le vendeur se r\u00e9serve le droit de modifier ses conditions de vente \u00e0 tout moment. Dans ce cas, les conditions applicables seront celles en vigueur \u00e0 la date de la commande par l&#8217;acheteur.<\/p>\n<p>Les bijoux re\u00e7us d\u00e9j\u00e0 port\u00e9s ou abim\u00e9s ne seront pas rembours\u00e9s.<\/p>\n<p>Les retours des bijoux personnalis\u00e9s ne sont pas accept\u00e9s.<\/p>\n<p>&nbsp;<\/p>\n<p><strong>PRIX<\/strong><\/p>\n<p>Les prix des produits vendus sont ceux en vigueur le jour de la prise de commande. Ils sont libell\u00e9s en euros.<\/p>\n<p>Ils ne comprennent pas les frais d&#8217;exp\u00e9dition, factur\u00e9s en suppl\u00e9ment du prix des articles achet\u00e9s. Les frais d&#8217;exp\u00e9dition seront indiqu\u00e9s avant l&#8217;enregistrement de la commande par l&#8217;acheteur.<\/p>\n<p>Le vendeur s&#8217;accorde le droit de modifier ses tarifs \u00e0 tout moment. Toutefois, il s&#8217;engage \u00e0 facturer les marchandises command\u00e9es au prix indiqu\u00e9 lors de l&#8217;enregistrement de la commande.<\/p>\n<p>Les prix sont pr\u00e9sent\u00e9s en Euros Toutes Taxes Comprises (TTC) incluant la Taxe sur la Valeur Ajout\u00e9e (TVA) et hors participation aux frais de livraison, ces derniers seront indiqu\u00e9s lors de la validation de la commande.<\/p>\n<p>&nbsp;<\/p>\n<p><strong>PRISE DE COMMANDE<\/strong><\/p>\n<p>Les informations \u00e9nonc\u00e9es par l&#8217;acheteur, lors de la prise de commande engagent celui-ci.<\/p>\n<p>En cas d&#8217;erreur dans le libell\u00e9 des coordonn\u00e9es du destinataire, le vendeur ne saurait \u00eatre tenu responsable de l&#8217;impossibilit\u00e9 dans laquelle il pouvait \u00eatre de livrer le produit.<\/p>\n<p>Les commandes ne sont d\u00e9finitives que lorsqu&#8217;elles ont \u00e9t\u00e9 confirm\u00e9es par le r\u00e8glement du prix par l&#8217;acheteur.<\/p>\n<p>&nbsp;<\/p>\n<p><strong>MODALIT\u00c9S DE PAIEMENT<\/strong><\/p>\n<p>Le r\u00e8glement des commandes s&#8217;effectue par carte bancaire via un paiement s\u00e9curis\u00e9. Suite \u00e0 l&#8217;enregistrement de la commande, l&#8217;acheteur devra r\u00e9gler l&#8217;int\u00e9gralit\u00e9 du montant de la commande, qui ne sera envoy\u00e9e qu&#8217;\u00e0 r\u00e9ception du r\u00e8glement et de sa validation.<\/p>\n<p>&nbsp;<\/p>\n<p><strong>RETARD DE PAIEMENT<\/strong><\/p>\n<p>Le vendeur se r\u00e9serve le droit d&#8217;annuler toute commande d&#8217;un acheteur avec lequel il existerait un litige de paiement ant\u00e9rieur.<\/p>\n<p>&nbsp;<\/p>\n<strong>RESPONSABILIT\u00c9S ET MENTIONS L\u00c9GALES<br \/>\n<\/strong>\n<p>La responsabilit\u00e9 du vendeur ne pourra \u00eatre mise en \u0153uvre si la non-ex\u00e9cution ou le retard dans l&#8217;ex\u00e9cution de l&#8217;une de ses obligations d\u00e9crites dans les pr\u00e9sentes conditions g\u00e9n\u00e9rales de vente d\u00e9coule d&#8217;un cas de force majeure.<\/p>\n<p>A ce titre, la force majeure s&#8217;entend de tout \u00e9v\u00e9nement ext\u00e9rieur, impr\u00e9visible et irr\u00e9sistible au sens de l&#8217;article 1148 du Code Civil.<\/p>\n<p>La responsabilit\u00e9 du vendeur ne pourra \u00e9galement pas \u00eatre mise en \u0153uvre dans le cas de perturbation ou de gr\u00e8ve totale ou partielle des services postaux.<\/p>\n<p>&nbsp;<\/p>\n<p><strong>DROIT DE R\u00c9TRACTATION<\/strong><\/p>\n<p>Conform\u00e9ment \u00e0 l&#8217;article L.121-16 du Code de la Consommation, pour toutes op\u00e9rations de ventes \u00e0 distances, l&#8217;acheteur dispose d&#8217;un d\u00e9lai de sept jours \u00e0 compter de la livraison de sa commande pour faire retour de ce produit au vendeur pour \u00e9change ou remboursement, sans p\u00e9nalit\u00e9s \u00e0 l&#8217;exception des frais de retour.<\/p>\n<p>&nbsp;<\/p>\n<p><strong>DONN\u00c9ES PERSONNELLES<\/strong><\/p>\n<p>Conform\u00e9ment \u00e0 la Loi Informatique et Libert\u00e9 du 6 janvier 1978, vous b\u00e9n\u00e9ficiez d&#8217;un droit d&#8217;acc\u00e8s, de modification ou de suppression des donn\u00e9es vous concernant. Vous pouvez les exercer en nous contactant par email ou via le formulaire de contact mis \u00e0 disposition sur le site www.latatoueuse.paris.<\/p>\n<p>&nbsp;<\/p>\n<p><strong>PROPRI\u00c9T\u00c9 INTELLECTUELLE<\/strong><\/p>\n<p>Tous les \u00e9l\u00e9ments du site www.latatoueuse.paris sont et restent la propri\u00e9t\u00e9 intellectuelle et exclusive de Charlotte&amp;Alexandre.<\/p>\n<p>Tous les mod\u00e8les pr\u00e9sent\u00e9s dans ce site sont prot\u00e9g\u00e9s par la loi sur la propri\u00e9t\u00e9 intellectuelle (articles L111-1 et suivants du code de la propri\u00e9t\u00e9 intellectuelle).<\/p>\n<p>Aucune reproduction, m\u00eame partielle, autres que celles pr\u00e9vues \u00e0 l&#8217;article L122-5 du code de la propri\u00e9t\u00e9 intellectuelle ne peut \u00eatre faite de ce site sans l&#8217;autorisation expresse de l&#8217;auteur.<\/p>\n<p>Mod\u00e8les d\u00e9pos\u00e9s chez Huissier.<\/p>\n<p>\u00a0<\/p>\n<p>\u00a0<\/p>\n<strong>EDITEUR<br \/>\n<\/strong>\n<p><strong>La Tatoueuse Bijoux<\/strong><\/p>\n<p><strong>St\u00e9 Charlotte&amp;Alexandre<\/strong><\/p>\n<strong>http:\/\/charlotte-alexandre.com.<br \/>\nContact: contact@latatoueuse.paris<br \/>\nTel\u00a0: 0660972650<\/strong>\n<p><strong>La Tatoueuse Bijoux reste \u00e0 votre \u00e9coute du lundi au vendredi de 10h a 17h au 06.60.97.26.50<\/strong><\/p>\n<p><strong>SARL Charlotte&amp;Alexandre <\/strong><\/p>\n<p><strong>Si\u00e8ge Social\u00a0: 37 boulevard Murat 75016 Paris<\/strong><\/p>\n<p><strong>N\u00b0 SIREN : 511 578\u00a0023<\/strong><\/p>\n<p><strong>511\u00a0578\u00a0023 RCS Paris <\/strong><\/p>\n<p><strong>Immatriculation\u00a0 date\u00a0: 02\/04\/2009<\/strong><\/p>\n\n","protected":false},"excerpt":{"rendered":"<p>RETOUR ET \u00c9CHANGE DE VOS BIJOUX Chez La Tatoueuse Bijoux, nous souhaitons que vous soyez enti\u00e8rement satisfait de votre achat. Si, pour une raison quelconque, vous n&#8217;\u00eates pas pleinement satisfait de votre bijou en acier inoxydable, nous vous offrons la possibilit\u00e9 de retourner ou d&#8217;\u00e9changer votre article dans un d\u00e9lai de 14 jours \u00e0 compter&hellip;<\/p>\n","protected":false},"author":1,"featured_media":0,"parent":0,"menu_order":0,"comment_status":"closed","ping_status":"closed","template":"","meta":{"inline_featured_image":false},"yoast_head":"<!-- This site is optimized with the Yoast SEO plugin v19.8 - https:\/\/yoast.com\/wordpress\/plugins\/seo\/ -->\n<title>CGV - LA TATOUEUSE BIJOUX<\/title>\n<meta name=\"description\" content=\"Les CGV sont un ensemble de clauses \u00e9crites qui visent \u00e0 encadrer vos relations contractuelles avec vos clients\" \/>\n<meta name=\"robots\" content=\"index, follow, max-snippet:-1, max-image-preview:large, max-video-preview:-1\" \/>\n<link rel=\"canonical\" href=\"https:\/\/latatoueuse.paris\/index.php\/cgv\/\" \/>\n<meta property=\"og:locale\" content=\"fr_FR\" \/>\n<meta property=\"og:type\" content=\"article\" \/>\n<meta property=\"og:title\" content=\"CGV - LA TATOUEUSE BIJOUX\" \/>\n<meta property=\"og:description\" content=\"Les CGV sont un ensemble de clauses \u00e9crites qui visent \u00e0 encadrer vos relations contractuelles avec vos clients\" \/>\n<meta property=\"og:url\" content=\"https:\/\/latatoueuse.paris\/index.php\/cgv\/\" \/>\n<meta property=\"og:site_name\" content=\"LA TATOUEUSE\" \/>\n<meta property=\"article:publisher\" content=\"https:\/\/www.facebook.com\/LaTatoueuseBijoux\" \/>\n<meta property=\"article:modified_time\" content=\"2024-05-15T10:44:41+00:00\" \/>\n<meta name=\"twitter:card\" content=\"summary_large_image\" \/>\n<meta name=\"twitter:label1\" content=\"Dur\u00e9e de lecture estim\u00e9e\" \/>\n\t<meta name=\"twitter:data1\" content=\"7 minutes\" \/>\n<script type=\"application\/ld+json\" class=\"yoast-schema-graph\">{\"@context\":\"https:\/\/schema.org\",\"@graph\":[{\"@type\":\"WebPage\",\"@id\":\"https:\/\/latatoueuse.paris\/index.php\/cgv\/\",\"url\":\"https:\/\/latatoueuse.paris\/index.php\/cgv\/\",\"name\":\"CGV - LA TATOUEUSE BIJOUX\",\"isPartOf\":{\"@id\":\"https:\/\/latatoueuse.paris\/#website\"},\"datePublished\":\"2018-12-11T17:40:15+00:00\",\"dateModified\":\"2024-05-15T10:44:41+00:00\",\"description\":\"Les CGV sont un ensemble de clauses \u00e9crites qui visent \u00e0 encadrer vos relations contractuelles avec vos clients\",\"breadcrumb\":{\"@id\":\"https:\/\/latatoueuse.paris\/index.php\/cgv\/#breadcrumb\"},\"inLanguage\":\"fr-FR\",\"potentialAction\":[{\"@type\":\"ReadAction\",\"target\":[\"https:\/\/latatoueuse.paris\/index.php\/cgv\/\"]}]},{\"@type\":\"BreadcrumbList\",\"@id\":\"https:\/\/latatoueuse.paris\/index.php\/cgv\/#breadcrumb\",\"itemListElement\":[{\"@type\":\"ListItem\",\"position\":1,\"name\":\"Accueil\",\"item\":\"https:\/\/latatoueuse.paris\/\"},{\"@type\":\"ListItem\",\"position\":2,\"name\":\"CGV\"}]},{\"@type\":\"WebSite\",\"@id\":\"https:\/\/latatoueuse.paris\/#website\",\"url\":\"https:\/\/latatoueuse.paris\/\",\"name\":\"LA TATOUEUSE.PARIS\",\"description\":\"BIJOUX ACIER INOXYDABLE\",\"publisher\":{\"@id\":\"https:\/\/latatoueuse.paris\/#organization\"},\"potentialAction\":[{\"@type\":\"SearchAction\",\"target\":{\"@type\":\"EntryPoint\",\"urlTemplate\":\"https:\/\/latatoueuse.paris\/?s={search_term_string}\"},\"query-input\":\"required name=search_term_string\"}],\"inLanguage\":\"fr-FR\"},{\"@type\":\"Organization\",\"@id\":\"https:\/\/latatoueuse.paris\/#organization\",\"name\":\"LA TATOUEUSE BIJOUX\",\"url\":\"https:\/\/latatoueuse.paris\/\",\"sameAs\":[\"https:\/\/www.instagram.com\/latatoueusebijoux\/\",\"https:\/\/www.facebook.com\/LaTatoueuseBijoux\"],\"logo\":{\"@type\":\"ImageObject\",\"inLanguage\":\"fr-FR\",\"@id\":\"https:\/\/latatoueuse.paris\/#\/schema\/logo\/image\/\",\"url\":\"https:\/\/latatoueuse.paris\/wp-content\/uploads\/2021\/06\/coeur-rouge-_by-CA_-noir.png\",\"contentUrl\":\"https:\/\/latatoueuse.paris\/wp-content\/uploads\/2021\/06\/coeur-rouge-_by-CA_-noir.png\",\"width\":1417,\"height\":1417,\"caption\":\"LA TATOUEUSE BIJOUX\"},\"image\":{\"@id\":\"https:\/\/latatoueuse.paris\/#\/schema\/logo\/image\/\"}}]}<\/script>\n<!-- \/ Yoast SEO plugin. -->","yoast_head_json":{"title":"CGV - LA TATOUEUSE BIJOUX","description":"Les CGV sont un ensemble de clauses \u00e9crites qui visent \u00e0 encadrer vos relations contractuelles avec vos clients","robots":{"index":"index","follow":"follow","max-snippet":"max-snippet:-1","max-image-preview":"max-image-preview:large","max-video-preview":"max-video-preview:-1"},"canonical":"https:\/\/latatoueuse.paris\/index.php\/cgv\/","og_locale":"fr_FR","og_type":"article","og_title":"CGV - LA TATOUEUSE BIJOUX","og_description":"Les CGV sont un ensemble de clauses \u00e9crites qui visent \u00e0 encadrer vos relations contractuelles avec vos clients","og_url":"https:\/\/latatoueuse.paris\/index.php\/cgv\/","og_site_name":"LA TATOUEUSE","article_publisher":"https:\/\/www.facebook.com\/LaTatoueuseBijoux","article_modified_time":"2024-05-15T10:44:41+00:00","twitter_card":"summary_large_image","twitter_misc":{"Dur\u00e9e de lecture estim\u00e9e":"7 minutes"},"schema":{"@context":"https:\/\/schema.org","@graph":[{"@type":"WebPage","@id":"https:\/\/latatoueuse.paris\/index.php\/cgv\/","url":"https:\/\/latatoueuse.paris\/index.php\/cgv\/","name":"CGV - LA TATOUEUSE BIJOUX","isPartOf":{"@id":"https:\/\/latatoueuse.paris\/#website"},"datePublished":"2018-12-11T17:40:15+00:00","dateModified":"2024-05-15T10:44:41+00:00","description":"Les CGV sont un ensemble de clauses \u00e9crites qui visent \u00e0 encadrer vos relations contractuelles avec vos clients","breadcrumb":{"@id":"https:\/\/latatoueuse.paris\/index.php\/cgv\/#breadcrumb"},"inLanguage":"fr-FR","potentialAction":[{"@type":"ReadAction","target":["https:\/\/latatoueuse.paris\/index.php\/cgv\/"]}]},{"@type":"BreadcrumbList","@id":"https:\/\/latatoueuse.paris\/index.php\/cgv\/#breadcrumb","itemListElement":[{"@type":"ListItem","position":1,"name":"Accueil","item":"https:\/\/latatoueuse.paris\/"},{"@type":"ListItem","position":2,"name":"CGV"}]},{"@type":"WebSite","@id":"https:\/\/latatoueuse.paris\/#website","url":"https:\/\/latatoueuse.paris\/","name":"LA TATOUEUSE.PARIS","description":"BIJOUX ACIER INOXYDABLE","publisher":{"@id":"https:\/\/latatoueuse.paris\/#organization"},"potentialAction":[{"@type":"SearchAction","target":{"@type":"EntryPoint","urlTemplate":"https:\/\/latatoueuse.paris\/?s={search_term_string}"},"query-input":"required name=search_term_string"}],"inLanguage":"fr-FR"},{"@type":"Organization","@id":"https:\/\/latatoueuse.paris\/#organization","name":"LA TATOUEUSE BIJOUX","url":"https:\/\/latatoueuse.paris\/","sameAs":["https:\/\/www.instagram.com\/latatoueusebijoux\/","https:\/\/www.facebook.com\/LaTatoueuseBijoux"],"logo":{"@type":"ImageObject","inLanguage":"fr-FR","@id":"https:\/\/latatoueuse.paris\/#\/schema\/logo\/image\/","url":"https:\/\/latatoueuse.paris\/wp-content\/uploads\/2021\/06\/coeur-rouge-_by-CA_-noir.png","contentUrl":"https:\/\/latatoueuse.paris\/wp-content\/uploads\/2021\/06\/coeur-rouge-_by-CA_-noir.png","width":1417,"height":1417,"caption":"LA TATOUEUSE BIJOUX"},"image":{"@id":"https:\/\/latatoueuse.paris\/#\/schema\/logo\/image\/"}}]}},"_links":{"self":[{"href":"https:\/\/latatoueuse.paris\/index.php\/wp-json\/wp\/v2\/pages\/1664"}],"collection":[{"href":"https:\/\/latatoueuse.paris\/index.php\/wp-json\/wp\/v2\/pages"}],"about":[{"href":"https:\/\/latatoueuse.paris\/index.php\/wp-json\/wp\/v2\/types\/page"}],"author":[{"embeddable":true,"href":"https:\/\/latatoueuse.paris\/index.php\/wp-json\/wp\/v2\/users\/1"}],"replies":[{"embeddable":true,"href":"https:\/\/latatoueuse.paris\/index.php\/wp-json\/wp\/v2\/comments?post=1664"}],"version-history":[{"count":11,"href":"https:\/\/latatoueuse.paris\/index.php\/wp-json\/wp\/v2\/pages\/1664\/revisions"}],"predecessor-version":[{"id":13416,"href":"https:\/\/latatoueuse.paris\/index.php\/wp-json\/wp\/v2\/pages\/1664\/revisions\/13416"}],"wp:attachment":[{"href":"https:\/\/latatoueuse.paris\/index.php\/wp-json\/wp\/v2\/media?parent=1664"}],"curies":[{"name":"wp","href":"https:\/\/api.w.org\/{rel}","templated":true}]}}