{"id":14013,"date":"2024-09-12T15:09:40","date_gmt":"2024-09-12T13:09:40","guid":{"rendered":"https:\/\/latatoueuse.paris\/?page_id=14013"},"modified":"2024-09-12T15:09:40","modified_gmt":"2024-09-12T13:09:40","slug":"arbre-de-vie","status":"publish","type":"page","link":"https:\/\/latatoueuse.paris\/index.php\/arbre-de-vie\/","title":{"rendered":"ARBRE DE VIE"},"content":{"rendered":"\n\n        Couleurs :\n    <ul>\n\t\t        <li data-filter=\"*\" tabindex=\"0\">Couleurs :<\/li>\n        <li data-filter=\"product_tag-argent\" data-term=\"argent\" data-item-count=\"81\" tabindex=\"0\" aria-label=\"ARGENT\u00c9E\">ARGENT\u00c9E<\/li><li data-filter=\"product_tag-or\" data-term=\"or\" data-item-count=\"119\" tabindex=\"0\" aria-label=\"DOR\u00c9E\">DOR\u00c9E<\/li><li data-filter=\"product_tag-gold\" data-term=\"gold\" data-item-count=\"1\" tabindex=\"0\" aria-label=\"GOLD\">GOLD<\/li><li data-filter=\"product_tag-rose-gold\" data-term=\"rose-gold\" data-item-count=\"5\" tabindex=\"0\" aria-label=\"ROSE GOLD\">ROSE GOLD<\/li>    <\/ul>\n\t\t\t<ul>\n<li id=\"woopack-product-13965\"  data-product-id=\"13965\">\n\t<a href=\"https:\/\/latatoueuse.paris\/index.php\/produit\/creole-double-accroche-arbre-de-vie\/\" rel=\"bookmark\" title=\"CREOLE DOUBLE ACCROCHE ARBRE DE VIE\">\n\t\t\t<img width=\"300\" height=\"300\" src=\"https:\/\/latatoueuse.paris\/wp-content\/uploads\/2024\/09\/IMG_2629-300x300.jpeg\" alt=\"\" loading=\"lazy\" data-no-lazy=\"1\" srcset=\"https:\/\/latatoueuse.paris\/wp-content\/uploads\/2024\/09\/IMG_2629-300x300.jpeg 300w, https:\/\/latatoueuse.paris\/wp-content\/uploads\/2024\/09\/IMG_2629-150x150.jpeg 150w, https:\/\/latatoueuse.paris\/wp-content\/uploads\/2024\/09\/IMG_2629-32x32.jpeg 32w, https:\/\/latatoueuse.paris\/wp-content\/uploads\/2024\/09\/IMG_2629-100x100.jpeg 100w, https:\/\/latatoueuse.paris\/wp-content\/uploads\/2024\/09\/IMG_2629-50x50.jpeg 50w\" sizes=\"(max-width: 300px) 100vw, 300px\" \/>\n\t\t\t\t\t<\/a>\n<h3>\n\t<a href=\"https:\/\/latatoueuse.paris\/index.php\/produit\/creole-double-accroche-arbre-de-vie\/\" rel=\"bookmark\" title=\"CREOLE DOUBLE ACCROCHE ARBRE DE VIE\">\n\t\tCREOLE DOUBLE ACCROCHE ARBRE DE VIE\t<\/a>\n<\/h3>\n\t<bdi>27,00&euro;<\/bdi>\n<form action=\"https:\/\/latatoueuse.paris\/index.php\/produit\/creole-double-accroche-arbre-de-vie\/\" method=\"post\" enctype='multipart\/form-data' data-product_id=\"13965\" data-product_variations=\"[{&quot;attributes&quot;:{&quot;attribute_pa_metal&quot;:&quot;argent&quot;},&quot;availability_html&quot;:&quot;&quot;,&quot;backorders_allowed&quot;:false,&quot;dimensions&quot;:{&quot;length&quot;:&quot;&quot;,&quot;width&quot;:&quot;&quot;,&quot;height&quot;:&quot;&quot;},&quot;dimensions_html&quot;:&quot;ND&quot;,&quot;display_price&quot;:27,&quot;display_regular_price&quot;:27,&quot;image&quot;:{&quot;title&quot;:&quot;IMG_2629&quot;,&quot;caption&quot;:&quot;&quot;,&quot;url&quot;:&quot;https:\/\/latatoueuse.paris\/wp-content\/uploads\/2024\/09\/IMG_2629-1.jpeg&quot;,&quot;alt&quot;:&quot;IMG_2629&quot;,&quot;src&quot;:&quot;https:\/\/latatoueuse.paris\/wp-content\/uploads\/2024\/09\/IMG_2629-1-600x926.jpeg&quot;,&quot;srcset&quot;:&quot;https:\/\/latatoueuse.paris\/wp-content\/uploads\/2024\/09\/IMG_2629-1-600x926.jpeg 600w, https:\/\/latatoueuse.paris\/wp-content\/uploads\/2024\/09\/IMG_2629-1-194x300.jpeg 194w, https:\/\/latatoueuse.paris\/wp-content\/uploads\/2024\/09\/IMG_2629-1-663x1024.jpeg 663w, https:\/\/latatoueuse.paris\/wp-content\/uploads\/2024\/09\/IMG_2629-1-768x1185.jpeg 768w, https:\/\/latatoueuse.paris\/wp-content\/uploads\/2024\/09\/IMG_2629-1-995x1536.jpeg 995w, https:\/\/latatoueuse.paris\/wp-content\/uploads\/2024\/09\/IMG_2629-1-64x99.jpeg 64w, https:\/\/latatoueuse.paris\/wp-content\/uploads\/2024\/09\/IMG_2629-1.jpeg 1067w&quot;,&quot;sizes&quot;:&quot;(max-width: 600px) 100vw, 600px&quot;,&quot;full_src&quot;:&quot;https:\/\/latatoueuse.paris\/wp-content\/uploads\/2024\/09\/IMG_2629-1.jpeg&quot;,&quot;full_src_w&quot;:1067,&quot;full_src_h&quot;:1647,&quot;gallery_thumbnail_src&quot;:&quot;https:\/\/latatoueuse.paris\/wp-content\/uploads\/2024\/09\/IMG_2629-1-100x100.jpeg&quot;,&quot;gallery_thumbnail_src_w&quot;:100,&quot;gallery_thumbnail_src_h&quot;:100,&quot;thumb_src&quot;:&quot;https:\/\/latatoueuse.paris\/wp-content\/uploads\/2024\/09\/IMG_2629-1-300x300.jpeg&quot;,&quot;thumb_src_w&quot;:300,&quot;thumb_src_h&quot;:300,&quot;src_w&quot;:600,&quot;src_h&quot;:926},&quot;image_id&quot;:13972,&quot;is_downloadable&quot;:false,&quot;is_in_stock&quot;:true,&quot;is_purchasable&quot;:true,&quot;is_sold_individually&quot;:&quot;no&quot;,&quot;is_virtual&quot;:false,&quot;max_qty&quot;:&quot;&quot;,&quot;min_qty&quot;:1,&quot;price_html&quot;:&quot;&quot;,&quot;sku&quot;:&quot;&quot;,&quot;variation_description&quot;:&quot;&quot;,&quot;variation_id&quot;:13966,&quot;variation_is_active&quot;:true,&quot;variation_is_visible&quot;:true,&quot;weight&quot;:&quot;&quot;,&quot;weight_html&quot;:&quot;ND&quot;},{&quot;attributes&quot;:{&quot;attribute_pa_metal&quot;:&quot;or&quot;},&quot;availability_html&quot;:&quot;&quot;,&quot;backorders_allowed&quot;:false,&quot;dimensions&quot;:{&quot;length&quot;:&quot;&quot;,&quot;width&quot;:&quot;&quot;,&quot;height&quot;:&quot;&quot;},&quot;dimensions_html&quot;:&quot;ND&quot;,&quot;display_price&quot;:27,&quot;display_regular_price&quot;:27,&quot;image&quot;:{&quot;title&quot;:&quot;IMG_2634&quot;,&quot;caption&quot;:&quot;&quot;,&quot;url&quot;:&quot;https:\/\/latatoueuse.paris\/wp-content\/uploads\/2024\/09\/IMG_2634.jpeg&quot;,&quot;alt&quot;:&quot;IMG_2634&quot;,&quot;src&quot;:&quot;https:\/\/latatoueuse.paris\/wp-content\/uploads\/2024\/09\/IMG_2634-600x902.jpeg&quot;,&quot;srcset&quot;:&quot;https:\/\/latatoueuse.paris\/wp-content\/uploads\/2024\/09\/IMG_2634-600x902.jpeg 600w, https:\/\/latatoueuse.paris\/wp-content\/uploads\/2024\/09\/IMG_2634-200x300.jpeg 200w, https:\/\/latatoueuse.paris\/wp-content\/uploads\/2024\/09\/IMG_2634-681x1024.jpeg 681w, https:\/\/latatoueuse.paris\/wp-content\/uploads\/2024\/09\/IMG_2634-768x1154.jpeg 768w, https:\/\/latatoueuse.paris\/wp-content\/uploads\/2024\/09\/IMG_2634-64x96.jpeg 64w, https:\/\/latatoueuse.paris\/wp-content\/uploads\/2024\/09\/IMG_2634.jpeg 956w&quot;,&quot;sizes&quot;:&quot;(max-width: 600px) 100vw, 600px&quot;,&quot;full_src&quot;:&quot;https:\/\/latatoueuse.paris\/wp-content\/uploads\/2024\/09\/IMG_2634.jpeg&quot;,&quot;full_src_w&quot;:956,&quot;full_src_h&quot;:1437,&quot;gallery_thumbnail_src&quot;:&quot;https:\/\/latatoueuse.paris\/wp-content\/uploads\/2024\/09\/IMG_2634-100x100.jpeg&quot;,&quot;gallery_thumbnail_src_w&quot;:100,&quot;gallery_thumbnail_src_h&quot;:100,&quot;thumb_src&quot;:&quot;https:\/\/latatoueuse.paris\/wp-content\/uploads\/2024\/09\/IMG_2634-300x300.jpeg&quot;,&quot;thumb_src_w&quot;:300,&quot;thumb_src_h&quot;:300,&quot;src_w&quot;:600,&quot;src_h&quot;:902},&quot;image_id&quot;:13970,&quot;is_downloadable&quot;:false,&quot;is_in_stock&quot;:true,&quot;is_purchasable&quot;:true,&quot;is_sold_individually&quot;:&quot;no&quot;,&quot;is_virtual&quot;:false,&quot;max_qty&quot;:&quot;&quot;,&quot;min_qty&quot;:1,&quot;price_html&quot;:&quot;&quot;,&quot;sku&quot;:&quot;&quot;,&quot;variation_description&quot;:&quot;&quot;,&quot;variation_id&quot;:13967,&quot;variation_is_active&quot;:true,&quot;variation_is_visible&quot;:true,&quot;weight&quot;:&quot;&quot;,&quot;weight_html&quot;:&quot;ND&quot;}]\">\n\t\t\t<table cellspacing=\"0\" role=\"presentation\">\n\t\t\t<tbody>\n\t\t\t\t\t\t\t\t\t<tr>\n\t\t\t\t\t\t<th><label for=\"pa_metal\">METAL<\/label><\/th>\n\t\t\t\t\t\t<td>\n\t\t\t\t\t\t\t<select id=\"pa_metal\" name=\"attribute_pa_metal\" data-attribute_name=\"attribute_pa_metal\" data-show_option_none=\"yes\"><option value=\"\">Choisir une option<\/option><option value=\"argent\">ARGENT<\/option><option value=\"or\">OR<\/option><\/select><ul role=\"radiogroup\" aria-label=\"METAL\" data-attribute_name=\"attribute_pa_metal\" data-attribute_values=\"[&quot;argent&quot;,&quot;or&quot;]\"><li aria-checked=\"false\" tabindex=\"0\" data-wvstooltip=\"ARGENT\" title=\"ARGENT\" data-title=\"ARGENT\" data-value=\"argent\" role=\"radio\" tabindex=\"0\"><\/li><li aria-checked=\"false\" tabindex=\"0\" data-wvstooltip=\"OR\" title=\"OR\" data-title=\"OR\" data-value=\"or\" role=\"radio\" tabindex=\"0\"><\/li><\/ul><a href=\"#\">Effacer<\/a>\t\t\t\t\t\t<\/td>\n\t\t\t\t\t<\/tr>\n\t\t\t\t\t\t\t<\/tbody>\n\t\t<\/table>\n\t\t<label for=\"quantity_66e2e81488df4\">quantit\u00e9 de CREOLE DOUBLE ACCROCHE ARBRE DE VIE<\/label>\n\t<input type=\"number\"\n\t\t\t\tid=\"quantity_66e2e81488df4\"\n\t\tclass=\"input-text qty text\"\n\t\tname=\"quantity\"\n\t\tvalue=\"1\"\n\t\ttitle=\"Qt\u00e9\"\n\t\tsize=\"4\"\n\t\tmin=\"1\"\n\t\tmax=\"\"\n\t\t\t\t\tstep=\"1\"\n\t\t\tplaceholder=\"\"\n\t\t\tinputmode=\"numeric\"\n\t\t\tautocomplete=\"off\"\n\t\t\t\/>\n\t<button type=\"submit\">Ajouter au panier<\/button>\n\t<input type=\"hidden\" name=\"add-to-cart\" value=\"13965\" \/>\n\t<input type=\"hidden\" name=\"product_id\" value=\"13965\" \/>\n\t<input type=\"hidden\" name=\"variation_id\" value=\"0\" \/>\n\t<\/form>\n<\/li>\n<li id=\"woopack-product-13957\"  data-product-id=\"13957\">\n\t<a href=\"https:\/\/latatoueuse.paris\/index.php\/produit\/creoles-avec-earcuff-non-percee-arbre-de-vie\/\" rel=\"bookmark\" title=\"CREOLES AVEC EARCUFF NON PERC\u00c9E ARBRE DE VIE\">\n\t\t\t<img width=\"300\" height=\"300\" src=\"https:\/\/latatoueuse.paris\/wp-content\/uploads\/2024\/09\/IMG_2638-300x300.jpeg\" alt=\"\" loading=\"lazy\" data-no-lazy=\"1\" srcset=\"https:\/\/latatoueuse.paris\/wp-content\/uploads\/2024\/09\/IMG_2638-300x300.jpeg 300w, https:\/\/latatoueuse.paris\/wp-content\/uploads\/2024\/09\/IMG_2638-150x150.jpeg 150w, https:\/\/latatoueuse.paris\/wp-content\/uploads\/2024\/09\/IMG_2638-32x32.jpeg 32w, https:\/\/latatoueuse.paris\/wp-content\/uploads\/2024\/09\/IMG_2638-100x100.jpeg 100w, https:\/\/latatoueuse.paris\/wp-content\/uploads\/2024\/09\/IMG_2638-50x50.jpeg 50w\" sizes=\"(max-width: 300px) 100vw, 300px\" \/>\n\t\t\t\t\t<\/a>\n<h3>\n\t<a href=\"https:\/\/latatoueuse.paris\/index.php\/produit\/creoles-avec-earcuff-non-percee-arbre-de-vie\/\" rel=\"bookmark\" title=\"CREOLES AVEC EARCUFF NON PERC\u00c9E ARBRE DE VIE\">\n\t\tCREOLES AVEC EARCUFF NON PERC\u00c9E ARBRE DE VIE\t<\/a>\n<\/h3>\n\t<bdi>35,00&euro;<\/bdi>\n<form action=\"https:\/\/latatoueuse.paris\/index.php\/produit\/creoles-avec-earcuff-non-percee-arbre-de-vie\/\" method=\"post\" enctype='multipart\/form-data' data-product_id=\"13957\" data-product_variations=\"[{&quot;attributes&quot;:{&quot;attribute_pa_metal&quot;:&quot;argent&quot;},&quot;availability_html&quot;:&quot;&quot;,&quot;backorders_allowed&quot;:false,&quot;dimensions&quot;:{&quot;length&quot;:&quot;&quot;,&quot;width&quot;:&quot;&quot;,&quot;height&quot;:&quot;&quot;},&quot;dimensions_html&quot;:&quot;ND&quot;,&quot;display_price&quot;:35,&quot;display_regular_price&quot;:35,&quot;image&quot;:{&quot;title&quot;:&quot;IMG_2630&quot;,&quot;caption&quot;:&quot;&quot;,&quot;url&quot;:&quot;https:\/\/latatoueuse.paris\/wp-content\/uploads\/2024\/09\/IMG_2630.jpeg&quot;,&quot;alt&quot;:&quot;IMG_2630&quot;,&quot;src&quot;:&quot;https:\/\/latatoueuse.paris\/wp-content\/uploads\/2024\/09\/IMG_2630-600x851.jpeg&quot;,&quot;srcset&quot;:&quot;https:\/\/latatoueuse.paris\/wp-content\/uploads\/2024\/09\/IMG_2630-600x851.jpeg 600w, https:\/\/latatoueuse.paris\/wp-content\/uploads\/2024\/09\/IMG_2630-212x300.jpeg 212w, https:\/\/latatoueuse.paris\/wp-content\/uploads\/2024\/09\/IMG_2630-722x1024.jpeg 722w, https:\/\/latatoueuse.paris\/wp-content\/uploads\/2024\/09\/IMG_2630-768x1089.jpeg 768w, https:\/\/latatoueuse.paris\/wp-content\/uploads\/2024\/09\/IMG_2630-1084x1536.jpeg 1084w, https:\/\/latatoueuse.paris\/wp-content\/uploads\/2024\/09\/IMG_2630-1445x2048.jpeg 1445w, https:\/\/latatoueuse.paris\/wp-content\/uploads\/2024\/09\/IMG_2630-64x91.jpeg 64w, https:\/\/latatoueuse.paris\/wp-content\/uploads\/2024\/09\/IMG_2630.jpeg 1480w&quot;,&quot;sizes&quot;:&quot;(max-width: 600px) 100vw, 600px&quot;,&quot;full_src&quot;:&quot;https:\/\/latatoueuse.paris\/wp-content\/uploads\/2024\/09\/IMG_2630.jpeg&quot;,&quot;full_src_w&quot;:1480,&quot;full_src_h&quot;:2098,&quot;gallery_thumbnail_src&quot;:&quot;https:\/\/latatoueuse.paris\/wp-content\/uploads\/2024\/09\/IMG_2630-100x100.jpeg&quot;,&quot;gallery_thumbnail_src_w&quot;:100,&quot;gallery_thumbnail_src_h&quot;:100,&quot;thumb_src&quot;:&quot;https:\/\/latatoueuse.paris\/wp-content\/uploads\/2024\/09\/IMG_2630-300x300.jpeg&quot;,&quot;thumb_src_w&quot;:300,&quot;thumb_src_h&quot;:300,&quot;src_w&quot;:600,&quot;src_h&quot;:851},&quot;image_id&quot;:13962,&quot;is_downloadable&quot;:false,&quot;is_in_stock&quot;:true,&quot;is_purchasable&quot;:true,&quot;is_sold_individually&quot;:&quot;no&quot;,&quot;is_virtual&quot;:false,&quot;max_qty&quot;:&quot;&quot;,&quot;min_qty&quot;:1,&quot;price_html&quot;:&quot;&quot;,&quot;sku&quot;:&quot;&quot;,&quot;variation_description&quot;:&quot;&quot;,&quot;variation_id&quot;:13958,&quot;variation_is_active&quot;:true,&quot;variation_is_visible&quot;:true,&quot;weight&quot;:&quot;&quot;,&quot;weight_html&quot;:&quot;ND&quot;},{&quot;attributes&quot;:{&quot;attribute_pa_metal&quot;:&quot;or&quot;},&quot;availability_html&quot;:&quot;&quot;,&quot;backorders_allowed&quot;:false,&quot;dimensions&quot;:{&quot;length&quot;:&quot;&quot;,&quot;width&quot;:&quot;&quot;,&quot;height&quot;:&quot;&quot;},&quot;dimensions_html&quot;:&quot;ND&quot;,&quot;display_price&quot;:35,&quot;display_regular_price&quot;:35,&quot;image&quot;:{&quot;title&quot;:&quot;IMG_2638&quot;,&quot;caption&quot;:&quot;&quot;,&quot;url&quot;:&quot;https:\/\/latatoueuse.paris\/wp-content\/uploads\/2024\/09\/IMG_2638.jpeg&quot;,&quot;alt&quot;:&quot;IMG_2638&quot;,&quot;src&quot;:&quot;https:\/\/latatoueuse.paris\/wp-content\/uploads\/2024\/09\/IMG_2638-600x853.jpeg&quot;,&quot;srcset&quot;:&quot;https:\/\/latatoueuse.paris\/wp-content\/uploads\/2024\/09\/IMG_2638-600x853.jpeg 600w, https:\/\/latatoueuse.paris\/wp-content\/uploads\/2024\/09\/IMG_2638-211x300.jpeg 211w, https:\/\/latatoueuse.paris\/wp-content\/uploads\/2024\/09\/IMG_2638-720x1024.jpeg 720w, https:\/\/latatoueuse.paris\/wp-content\/uploads\/2024\/09\/IMG_2638-768x1092.jpeg 768w, https:\/\/latatoueuse.paris\/wp-content\/uploads\/2024\/09\/IMG_2638-1080x1536.jpeg 1080w, https:\/\/latatoueuse.paris\/wp-content\/uploads\/2024\/09\/IMG_2638-1440x2048.jpeg 1440w, https:\/\/latatoueuse.paris\/wp-content\/uploads\/2024\/09\/IMG_2638-64x91.jpeg 64w, https:\/\/latatoueuse.paris\/wp-content\/uploads\/2024\/09\/IMG_2638.jpeg 1491w&quot;,&quot;sizes&quot;:&quot;(max-width: 600px) 100vw, 600px&quot;,&quot;full_src&quot;:&quot;https:\/\/latatoueuse.paris\/wp-content\/uploads\/2024\/09\/IMG_2638.jpeg&quot;,&quot;full_src_w&quot;:1491,&quot;full_src_h&quot;:2120,&quot;gallery_thumbnail_src&quot;:&quot;https:\/\/latatoueuse.paris\/wp-content\/uploads\/2024\/09\/IMG_2638-100x100.jpeg&quot;,&quot;gallery_thumbnail_src_w&quot;:100,&quot;gallery_thumbnail_src_h&quot;:100,&quot;thumb_src&quot;:&quot;https:\/\/latatoueuse.paris\/wp-content\/uploads\/2024\/09\/IMG_2638-300x300.jpeg&quot;,&quot;thumb_src_w&quot;:300,&quot;thumb_src_h&quot;:300,&quot;src_w&quot;:600,&quot;src_h&quot;:853},&quot;image_id&quot;:13960,&quot;is_downloadable&quot;:false,&quot;is_in_stock&quot;:true,&quot;is_purchasable&quot;:true,&quot;is_sold_individually&quot;:&quot;no&quot;,&quot;is_virtual&quot;:false,&quot;max_qty&quot;:&quot;&quot;,&quot;min_qty&quot;:1,&quot;price_html&quot;:&quot;&quot;,&quot;sku&quot;:&quot;&quot;,&quot;variation_description&quot;:&quot;&quot;,&quot;variation_id&quot;:13959,&quot;variation_is_active&quot;:true,&quot;variation_is_visible&quot;:true,&quot;weight&quot;:&quot;&quot;,&quot;weight_html&quot;:&quot;ND&quot;}]\">\n\t\t\t<table cellspacing=\"0\" role=\"presentation\">\n\t\t\t<tbody>\n\t\t\t\t\t\t\t\t\t<tr>\n\t\t\t\t\t\t<th><label for=\"pa_metal\">METAL<\/label><\/th>\n\t\t\t\t\t\t<td>\n\t\t\t\t\t\t\t<select id=\"pa_metal\" name=\"attribute_pa_metal\" data-attribute_name=\"attribute_pa_metal\" data-show_option_none=\"yes\"><option value=\"\">Choisir une option<\/option><option value=\"argent\">ARGENT<\/option><option value=\"or\">OR<\/option><\/select><ul role=\"radiogroup\" aria-label=\"METAL\" data-attribute_name=\"attribute_pa_metal\" data-attribute_values=\"[&quot;argent&quot;,&quot;or&quot;]\"><li aria-checked=\"false\" tabindex=\"0\" data-wvstooltip=\"ARGENT\" title=\"ARGENT\" data-title=\"ARGENT\" data-value=\"argent\" role=\"radio\" tabindex=\"0\"><\/li><li aria-checked=\"false\" tabindex=\"0\" data-wvstooltip=\"OR\" title=\"OR\" data-title=\"OR\" data-value=\"or\" role=\"radio\" tabindex=\"0\"><\/li><\/ul><a href=\"#\">Effacer<\/a>\t\t\t\t\t\t<\/td>\n\t\t\t\t\t<\/tr>\n\t\t\t\t\t\t\t<\/tbody>\n\t\t<\/table>\n\t\t<label for=\"quantity_66e2e8148e4c6\">quantit\u00e9 de CREOLES AVEC EARCUFF NON PERC\u00c9E ARBRE DE VIE<\/label>\n\t<input type=\"number\"\n\t\t\t\tid=\"quantity_66e2e8148e4c6\"\n\t\tclass=\"input-text qty text\"\n\t\tname=\"quantity\"\n\t\tvalue=\"1\"\n\t\ttitle=\"Qt\u00e9\"\n\t\tsize=\"4\"\n\t\tmin=\"1\"\n\t\tmax=\"\"\n\t\t\t\t\tstep=\"1\"\n\t\t\tplaceholder=\"\"\n\t\t\tinputmode=\"numeric\"\n\t\t\tautocomplete=\"off\"\n\t\t\t\/>\n\t<button type=\"submit\">Ajouter au panier<\/button>\n\t<input type=\"hidden\" name=\"add-to-cart\" value=\"13957\" \/>\n\t<input type=\"hidden\" name=\"product_id\" value=\"13957\" \/>\n\t<input type=\"hidden\" name=\"variation_id\" value=\"0\" \/>\n\t<\/form>\n<\/li>\n\t\t\t\t\n\t\t\t<\/ul>\n\n","protected":false},"excerpt":{"rendered":"<p>Couleurs : Couleurs : ARGENT\u00c9E DOR\u00c9E GOLD ROSE GOLD CREOLE DOUBLE ACCROCHE ARBRE DE VIE 27,00&euro; METAL Choisir une optionARGENTOR Effacer quantit\u00e9 de CREOLE DOUBLE ACCROCHE ARBRE DE VIE Ajouter au panier CREOLES AVEC EARCUFF NON PERC\u00c9E ARBRE DE VIE 35,00&euro; METAL Choisir une optionARGENTOR Effacer quantit\u00e9 de CREOLES AVEC EARCUFF NON PERC\u00c9E ARBRE DE&hellip;<\/p>\n","protected":false},"author":1,"featured_media":0,"parent":0,"menu_order":0,"comment_status":"closed","ping_status":"closed","template":"","meta":{"inline_featured_image":false},"yoast_head":"<!-- This site is optimized with the Yoast SEO plugin v19.8 - https:\/\/yoast.com\/wordpress\/plugins\/seo\/ -->\n<title>ARBRE DE VIE - LA TATOUEUSE<\/title>\n<meta name=\"robots\" content=\"index, follow, max-snippet:-1, max-image-preview:large, max-video-preview:-1\" \/>\n<link rel=\"canonical\" href=\"https:\/\/latatoueuse.paris\/index.php\/arbre-de-vie\/\" \/>\n<meta property=\"og:locale\" content=\"fr_FR\" \/>\n<meta property=\"og:type\" content=\"article\" \/>\n<meta property=\"og:title\" content=\"ARBRE DE VIE - LA TATOUEUSE\" \/>\n<meta property=\"og:description\" content=\"Couleurs : Couleurs : ARGENT\u00c9E DOR\u00c9E GOLD ROSE GOLD CREOLE DOUBLE ACCROCHE ARBRE DE VIE 27,00&euro; METAL Choisir une optionARGENTOR Effacer quantit\u00e9 de CREOLE DOUBLE ACCROCHE ARBRE DE VIE Ajouter au panier CREOLES AVEC EARCUFF NON PERC\u00c9E ARBRE DE VIE 35,00&euro; METAL Choisir une optionARGENTOR Effacer quantit\u00e9 de CREOLES AVEC EARCUFF NON PERC\u00c9E ARBRE DE&hellip;\" \/>\n<meta property=\"og:url\" content=\"https:\/\/latatoueuse.paris\/index.php\/arbre-de-vie\/\" \/>\n<meta property=\"og:site_name\" content=\"LA TATOUEUSE\" \/>\n<meta property=\"article:publisher\" content=\"https:\/\/www.facebook.com\/LaTatoueuseBijoux\" \/>\n<meta property=\"og:image\" content=\"https:\/\/latatoueuse.paris\/wp-content\/uploads\/2024\/09\/IMG_2629-300x300.jpeg\" \/>\n<meta name=\"twitter:card\" content=\"summary_large_image\" \/>\n<script type=\"application\/ld+json\" class=\"yoast-schema-graph\">{\"@context\":\"https:\/\/schema.org\",\"@graph\":[{\"@type\":\"WebPage\",\"@id\":\"https:\/\/latatoueuse.paris\/index.php\/arbre-de-vie\/\",\"url\":\"https:\/\/latatoueuse.paris\/index.php\/arbre-de-vie\/\",\"name\":\"ARBRE DE VIE - LA TATOUEUSE\",\"isPartOf\":{\"@id\":\"https:\/\/latatoueuse.paris\/#website\"},\"datePublished\":\"2024-09-12T13:09:40+00:00\",\"dateModified\":\"2024-09-12T13:09:40+00:00\",\"breadcrumb\":{\"@id\":\"https:\/\/latatoueuse.paris\/index.php\/arbre-de-vie\/#breadcrumb\"},\"inLanguage\":\"fr-FR\",\"potentialAction\":[{\"@type\":\"ReadAction\",\"target\":[\"https:\/\/latatoueuse.paris\/index.php\/arbre-de-vie\/\"]}]},{\"@type\":\"BreadcrumbList\",\"@id\":\"https:\/\/latatoueuse.paris\/index.php\/arbre-de-vie\/#breadcrumb\",\"itemListElement\":[{\"@type\":\"ListItem\",\"position\":1,\"name\":\"Accueil\",\"item\":\"https:\/\/latatoueuse.paris\/\"},{\"@type\":\"ListItem\",\"position\":2,\"name\":\"ARBRE DE VIE\"}]},{\"@type\":\"WebSite\",\"@id\":\"https:\/\/latatoueuse.paris\/#website\",\"url\":\"https:\/\/latatoueuse.paris\/\",\"name\":\"LA TATOUEUSE.PARIS\",\"description\":\"BIJOUX ACIER INOXYDABLE\",\"publisher\":{\"@id\":\"https:\/\/latatoueuse.paris\/#organization\"},\"potentialAction\":[{\"@type\":\"SearchAction\",\"target\":{\"@type\":\"EntryPoint\",\"urlTemplate\":\"https:\/\/latatoueuse.paris\/?s={search_term_string}\"},\"query-input\":\"required name=search_term_string\"}],\"inLanguage\":\"fr-FR\"},{\"@type\":\"Organization\",\"@id\":\"https:\/\/latatoueuse.paris\/#organization\",\"name\":\"LA TATOUEUSE BIJOUX\",\"url\":\"https:\/\/latatoueuse.paris\/\",\"sameAs\":[\"https:\/\/www.instagram.com\/latatoueusebijoux\/\",\"https:\/\/www.facebook.com\/LaTatoueuseBijoux\"],\"logo\":{\"@type\":\"ImageObject\",\"inLanguage\":\"fr-FR\",\"@id\":\"https:\/\/latatoueuse.paris\/#\/schema\/logo\/image\/\",\"url\":\"https:\/\/latatoueuse.paris\/wp-content\/uploads\/2021\/06\/coeur-rouge-_by-CA_-noir.png\",\"contentUrl\":\"https:\/\/latatoueuse.paris\/wp-content\/uploads\/2021\/06\/coeur-rouge-_by-CA_-noir.png\",\"width\":1417,\"height\":1417,\"caption\":\"LA TATOUEUSE BIJOUX\"},\"image\":{\"@id\":\"https:\/\/latatoueuse.paris\/#\/schema\/logo\/image\/\"}}]}<\/script>\n<!-- \/ Yoast SEO plugin. -->","yoast_head_json":{"title":"ARBRE DE VIE - LA TATOUEUSE","robots":{"index":"index","follow":"follow","max-snippet":"max-snippet:-1","max-image-preview":"max-image-preview:large","max-video-preview":"max-video-preview:-1"},"canonical":"https:\/\/latatoueuse.paris\/index.php\/arbre-de-vie\/","og_locale":"fr_FR","og_type":"article","og_title":"ARBRE DE VIE - LA TATOUEUSE","og_description":"Couleurs : Couleurs : ARGENT\u00c9E DOR\u00c9E GOLD ROSE GOLD CREOLE DOUBLE ACCROCHE ARBRE DE VIE 27,00&euro; METAL Choisir une optionARGENTOR Effacer quantit\u00e9 de CREOLE DOUBLE ACCROCHE ARBRE DE VIE Ajouter au panier CREOLES AVEC EARCUFF NON PERC\u00c9E ARBRE DE VIE 35,00&euro; METAL Choisir une optionARGENTOR Effacer quantit\u00e9 de CREOLES AVEC EARCUFF NON PERC\u00c9E ARBRE DE&hellip;","og_url":"https:\/\/latatoueuse.paris\/index.php\/arbre-de-vie\/","og_site_name":"LA TATOUEUSE","article_publisher":"https:\/\/www.facebook.com\/LaTatoueuseBijoux","og_image":[{"url":"https:\/\/latatoueuse.paris\/wp-content\/uploads\/2024\/09\/IMG_2629-300x300.jpeg"}],"twitter_card":"summary_large_image","schema":{"@context":"https:\/\/schema.org","@graph":[{"@type":"WebPage","@id":"https:\/\/latatoueuse.paris\/index.php\/arbre-de-vie\/","url":"https:\/\/latatoueuse.paris\/index.php\/arbre-de-vie\/","name":"ARBRE DE VIE - LA TATOUEUSE","isPartOf":{"@id":"https:\/\/latatoueuse.paris\/#website"},"datePublished":"2024-09-12T13:09:40+00:00","dateModified":"2024-09-12T13:09:40+00:00","breadcrumb":{"@id":"https:\/\/latatoueuse.paris\/index.php\/arbre-de-vie\/#breadcrumb"},"inLanguage":"fr-FR","potentialAction":[{"@type":"ReadAction","target":["https:\/\/latatoueuse.paris\/index.php\/arbre-de-vie\/"]}]},{"@type":"BreadcrumbList","@id":"https:\/\/latatoueuse.paris\/index.php\/arbre-de-vie\/#breadcrumb","itemListElement":[{"@type":"ListItem","position":1,"name":"Accueil","item":"https:\/\/latatoueuse.paris\/"},{"@type":"ListItem","position":2,"name":"ARBRE DE VIE"}]},{"@type":"WebSite","@id":"https:\/\/latatoueuse.paris\/#website","url":"https:\/\/latatoueuse.paris\/","name":"LA TATOUEUSE.PARIS","description":"BIJOUX ACIER INOXYDABLE","publisher":{"@id":"https:\/\/latatoueuse.paris\/#organization"},"potentialAction":[{"@type":"SearchAction","target":{"@type":"EntryPoint","urlTemplate":"https:\/\/latatoueuse.paris\/?s={search_term_string}"},"query-input":"required name=search_term_string"}],"inLanguage":"fr-FR"},{"@type":"Organization","@id":"https:\/\/latatoueuse.paris\/#organization","name":"LA TATOUEUSE BIJOUX","url":"https:\/\/latatoueuse.paris\/","sameAs":["https:\/\/www.instagram.com\/latatoueusebijoux\/","https:\/\/www.facebook.com\/LaTatoueuseBijoux"],"logo":{"@type":"ImageObject","inLanguage":"fr-FR","@id":"https:\/\/latatoueuse.paris\/#\/schema\/logo\/image\/","url":"https:\/\/latatoueuse.paris\/wp-content\/uploads\/2021\/06\/coeur-rouge-_by-CA_-noir.png","contentUrl":"https:\/\/latatoueuse.paris\/wp-content\/uploads\/2021\/06\/coeur-rouge-_by-CA_-noir.png","width":1417,"height":1417,"caption":"LA TATOUEUSE BIJOUX"},"image":{"@id":"https:\/\/latatoueuse.paris\/#\/schema\/logo\/image\/"}}]}},"_links":{"self":[{"href":"https:\/\/latatoueuse.paris\/index.php\/wp-json\/wp\/v2\/pages\/14013"}],"collection":[{"href":"https:\/\/latatoueuse.paris\/index.php\/wp-json\/wp\/v2\/pages"}],"about":[{"href":"https:\/\/latatoueuse.paris\/index.php\/wp-json\/wp\/v2\/types\/page"}],"author":[{"embeddable":true,"href":"https:\/\/latatoueuse.paris\/index.php\/wp-json\/wp\/v2\/users\/1"}],"replies":[{"embeddable":true,"href":"https:\/\/latatoueuse.paris\/index.php\/wp-json\/wp\/v2\/comments?post=14013"}],"version-history":[{"count":2,"href":"https:\/\/latatoueuse.paris\/index.php\/wp-json\/wp\/v2\/pages\/14013\/revisions"}],"predecessor-version":[{"id":14015,"href":"https:\/\/latatoueuse.paris\/index.php\/wp-json\/wp\/v2\/pages\/14013\/revisions\/14015"}],"wp:attachment":[{"href":"https:\/\/latatoueuse.paris\/index.php\/wp-json\/wp\/v2\/media?parent=14013"}],"curies":[{"name":"wp","href":"https:\/\/api.w.org\/{rel}","templated":true}]}}