{"id":14010,"date":"2024-09-12T15:08:07","date_gmt":"2024-09-12T13:08:07","guid":{"rendered":"https:\/\/latatoueuse.paris\/?page_id=14010"},"modified":"2024-09-12T15:08:07","modified_gmt":"2024-09-12T13:08:07","slug":"papillon","status":"publish","type":"page","link":"https:\/\/latatoueuse.paris\/index.php\/papillon\/","title":{"rendered":"PAPILLON"},"content":{"rendered":"\n\n        Couleurs :\n    <ul>\n\t\t        <li data-filter=\"*\" tabindex=\"0\">Couleurs :<\/li>\n        <li data-filter=\"product_tag-argent\" data-term=\"argent\" data-item-count=\"81\" tabindex=\"0\" aria-label=\"ARGENT\u00c9E\">ARGENT\u00c9E<\/li><li data-filter=\"product_tag-or\" data-term=\"or\" data-item-count=\"119\" tabindex=\"0\" aria-label=\"DOR\u00c9E\">DOR\u00c9E<\/li><li data-filter=\"product_tag-gold\" data-term=\"gold\" data-item-count=\"1\" tabindex=\"0\" aria-label=\"GOLD\">GOLD<\/li><li data-filter=\"product_tag-rose-gold\" data-term=\"rose-gold\" data-item-count=\"5\" tabindex=\"0\" aria-label=\"ROSE GOLD\">ROSE GOLD<\/li>    <\/ul>\n\t\t\t<ul>\n<li id=\"woopack-product-13936\"  data-product-id=\"13936\">\n\t<a href=\"https:\/\/latatoueuse.paris\/index.php\/produit\/creole-double-accroche-papillon\/\" rel=\"bookmark\" title=\"CREOLE DOUBLE ACCROCHE PAPILLON\">\n\t\t\t<img width=\"300\" height=\"300\" src=\"https:\/\/latatoueuse.paris\/wp-content\/uploads\/2024\/09\/IMG_2604-300x300.jpeg\" alt=\"\" loading=\"lazy\" data-no-lazy=\"1\" srcset=\"https:\/\/latatoueuse.paris\/wp-content\/uploads\/2024\/09\/IMG_2604-300x300.jpeg 300w, https:\/\/latatoueuse.paris\/wp-content\/uploads\/2024\/09\/IMG_2604-150x150.jpeg 150w, https:\/\/latatoueuse.paris\/wp-content\/uploads\/2024\/09\/IMG_2604-32x32.jpeg 32w, https:\/\/latatoueuse.paris\/wp-content\/uploads\/2024\/09\/IMG_2604-100x100.jpeg 100w, https:\/\/latatoueuse.paris\/wp-content\/uploads\/2024\/09\/IMG_2604-50x50.jpeg 50w\" sizes=\"(max-width: 300px) 100vw, 300px\" \/>\n\t\t\t\t\t<\/a>\n<h3>\n\t<a href=\"https:\/\/latatoueuse.paris\/index.php\/produit\/creole-double-accroche-papillon\/\" rel=\"bookmark\" title=\"CREOLE DOUBLE ACCROCHE PAPILLON\">\n\t\tCREOLE DOUBLE ACCROCHE PAPILLON\t<\/a>\n<\/h3>\n\t<bdi>25,00&euro;<\/bdi>\n<form action=\"https:\/\/latatoueuse.paris\/index.php\/produit\/creole-double-accroche-papillon\/\" method=\"post\" enctype='multipart\/form-data' data-product_id=\"13936\" data-product_variations=\"[{&quot;attributes&quot;:{&quot;attribute_pa_metal&quot;:&quot;argent&quot;},&quot;availability_html&quot;:&quot;&quot;,&quot;backorders_allowed&quot;:false,&quot;dimensions&quot;:{&quot;length&quot;:&quot;&quot;,&quot;width&quot;:&quot;&quot;,&quot;height&quot;:&quot;&quot;},&quot;dimensions_html&quot;:&quot;ND&quot;,&quot;display_price&quot;:25,&quot;display_regular_price&quot;:25,&quot;image&quot;:{&quot;title&quot;:&quot;IMG_2602&quot;,&quot;caption&quot;:&quot;&quot;,&quot;url&quot;:&quot;https:\/\/latatoueuse.paris\/wp-content\/uploads\/2024\/09\/IMG_2602.jpeg&quot;,&quot;alt&quot;:&quot;IMG_2602&quot;,&quot;src&quot;:&quot;https:\/\/latatoueuse.paris\/wp-content\/uploads\/2024\/09\/IMG_2602-600x856.jpeg&quot;,&quot;srcset&quot;:&quot;https:\/\/latatoueuse.paris\/wp-content\/uploads\/2024\/09\/IMG_2602-600x856.jpeg 600w, https:\/\/latatoueuse.paris\/wp-content\/uploads\/2024\/09\/IMG_2602-210x300.jpeg 210w, https:\/\/latatoueuse.paris\/wp-content\/uploads\/2024\/09\/IMG_2602-718x1024.jpeg 718w, https:\/\/latatoueuse.paris\/wp-content\/uploads\/2024\/09\/IMG_2602-768x1095.jpeg 768w, https:\/\/latatoueuse.paris\/wp-content\/uploads\/2024\/09\/IMG_2602-1077x1536.jpeg 1077w, https:\/\/latatoueuse.paris\/wp-content\/uploads\/2024\/09\/IMG_2602-64x91.jpeg 64w, https:\/\/latatoueuse.paris\/wp-content\/uploads\/2024\/09\/IMG_2602.jpeg 1218w&quot;,&quot;sizes&quot;:&quot;(max-width: 600px) 100vw, 600px&quot;,&quot;full_src&quot;:&quot;https:\/\/latatoueuse.paris\/wp-content\/uploads\/2024\/09\/IMG_2602.jpeg&quot;,&quot;full_src_w&quot;:1218,&quot;full_src_h&quot;:1737,&quot;gallery_thumbnail_src&quot;:&quot;https:\/\/latatoueuse.paris\/wp-content\/uploads\/2024\/09\/IMG_2602-100x100.jpeg&quot;,&quot;gallery_thumbnail_src_w&quot;:100,&quot;gallery_thumbnail_src_h&quot;:100,&quot;thumb_src&quot;:&quot;https:\/\/latatoueuse.paris\/wp-content\/uploads\/2024\/09\/IMG_2602-300x300.jpeg&quot;,&quot;thumb_src_w&quot;:300,&quot;thumb_src_h&quot;:300,&quot;src_w&quot;:600,&quot;src_h&quot;:856},&quot;image_id&quot;:13941,&quot;is_downloadable&quot;:false,&quot;is_in_stock&quot;:true,&quot;is_purchasable&quot;:true,&quot;is_sold_individually&quot;:&quot;no&quot;,&quot;is_virtual&quot;:false,&quot;max_qty&quot;:&quot;&quot;,&quot;min_qty&quot;:1,&quot;price_html&quot;:&quot;&quot;,&quot;sku&quot;:&quot;&quot;,&quot;variation_description&quot;:&quot;&quot;,&quot;variation_id&quot;:13937,&quot;variation_is_active&quot;:true,&quot;variation_is_visible&quot;:true,&quot;weight&quot;:&quot;&quot;,&quot;weight_html&quot;:&quot;ND&quot;},{&quot;attributes&quot;:{&quot;attribute_pa_metal&quot;:&quot;or&quot;},&quot;availability_html&quot;:&quot;&quot;,&quot;backorders_allowed&quot;:false,&quot;dimensions&quot;:{&quot;length&quot;:&quot;&quot;,&quot;width&quot;:&quot;&quot;,&quot;height&quot;:&quot;&quot;},&quot;dimensions_html&quot;:&quot;ND&quot;,&quot;display_price&quot;:25,&quot;display_regular_price&quot;:25,&quot;image&quot;:{&quot;title&quot;:&quot;IMG_2604&quot;,&quot;caption&quot;:&quot;&quot;,&quot;url&quot;:&quot;https:\/\/latatoueuse.paris\/wp-content\/uploads\/2024\/09\/IMG_2604.jpeg&quot;,&quot;alt&quot;:&quot;IMG_2604&quot;,&quot;src&quot;:&quot;https:\/\/latatoueuse.paris\/wp-content\/uploads\/2024\/09\/IMG_2604-600x912.jpeg&quot;,&quot;srcset&quot;:&quot;https:\/\/latatoueuse.paris\/wp-content\/uploads\/2024\/09\/IMG_2604-600x912.jpeg 600w, https:\/\/latatoueuse.paris\/wp-content\/uploads\/2024\/09\/IMG_2604-197x300.jpeg 197w, https:\/\/latatoueuse.paris\/wp-content\/uploads\/2024\/09\/IMG_2604-673x1024.jpeg 673w, https:\/\/latatoueuse.paris\/wp-content\/uploads\/2024\/09\/IMG_2604-768x1168.jpeg 768w, https:\/\/latatoueuse.paris\/wp-content\/uploads\/2024\/09\/IMG_2604-1010x1536.jpeg 1010w, https:\/\/latatoueuse.paris\/wp-content\/uploads\/2024\/09\/IMG_2604-64x97.jpeg 64w, https:\/\/latatoueuse.paris\/wp-content\/uploads\/2024\/09\/IMG_2604.jpeg 1197w&quot;,&quot;sizes&quot;:&quot;(max-width: 600px) 100vw, 600px&quot;,&quot;full_src&quot;:&quot;https:\/\/latatoueuse.paris\/wp-content\/uploads\/2024\/09\/IMG_2604.jpeg&quot;,&quot;full_src_w&quot;:1197,&quot;full_src_h&quot;:1820,&quot;gallery_thumbnail_src&quot;:&quot;https:\/\/latatoueuse.paris\/wp-content\/uploads\/2024\/09\/IMG_2604-100x100.jpeg&quot;,&quot;gallery_thumbnail_src_w&quot;:100,&quot;gallery_thumbnail_src_h&quot;:100,&quot;thumb_src&quot;:&quot;https:\/\/latatoueuse.paris\/wp-content\/uploads\/2024\/09\/IMG_2604-300x300.jpeg&quot;,&quot;thumb_src_w&quot;:300,&quot;thumb_src_h&quot;:300,&quot;src_w&quot;:600,&quot;src_h&quot;:912},&quot;image_id&quot;:13939,&quot;is_downloadable&quot;:false,&quot;is_in_stock&quot;:true,&quot;is_purchasable&quot;:true,&quot;is_sold_individually&quot;:&quot;no&quot;,&quot;is_virtual&quot;:false,&quot;max_qty&quot;:&quot;&quot;,&quot;min_qty&quot;:1,&quot;price_html&quot;:&quot;&quot;,&quot;sku&quot;:&quot;&quot;,&quot;variation_description&quot;:&quot;&quot;,&quot;variation_id&quot;:13938,&quot;variation_is_active&quot;:true,&quot;variation_is_visible&quot;:true,&quot;weight&quot;:&quot;&quot;,&quot;weight_html&quot;:&quot;ND&quot;}]\">\n\t\t\t<table cellspacing=\"0\" role=\"presentation\">\n\t\t\t<tbody>\n\t\t\t\t\t\t\t\t\t<tr>\n\t\t\t\t\t\t<th><label for=\"pa_metal\">METAL<\/label><\/th>\n\t\t\t\t\t\t<td>\n\t\t\t\t\t\t\t<select id=\"pa_metal\" name=\"attribute_pa_metal\" data-attribute_name=\"attribute_pa_metal\" data-show_option_none=\"yes\"><option value=\"\">Choisir une option<\/option><option value=\"argent\">ARGENT<\/option><option value=\"or\">OR<\/option><\/select><ul role=\"radiogroup\" aria-label=\"METAL\" data-attribute_name=\"attribute_pa_metal\" data-attribute_values=\"[&quot;argent&quot;,&quot;or&quot;]\"><li aria-checked=\"false\" tabindex=\"0\" data-wvstooltip=\"ARGENT\" title=\"ARGENT\" data-title=\"ARGENT\" data-value=\"argent\" role=\"radio\" tabindex=\"0\"><\/li><li aria-checked=\"false\" tabindex=\"0\" data-wvstooltip=\"OR\" title=\"OR\" data-title=\"OR\" data-value=\"or\" role=\"radio\" tabindex=\"0\"><\/li><\/ul><a href=\"#\">Effacer<\/a>\t\t\t\t\t\t<\/td>\n\t\t\t\t\t<\/tr>\n\t\t\t\t\t\t\t<\/tbody>\n\t\t<\/table>\n\t\t<label for=\"quantity_66e2e7b7cba92\">quantit\u00e9 de CREOLE DOUBLE ACCROCHE PAPILLON<\/label>\n\t<input type=\"number\"\n\t\t\t\tid=\"quantity_66e2e7b7cba92\"\n\t\tclass=\"input-text qty text\"\n\t\tname=\"quantity\"\n\t\tvalue=\"1\"\n\t\ttitle=\"Qt\u00e9\"\n\t\tsize=\"4\"\n\t\tmin=\"1\"\n\t\tmax=\"\"\n\t\t\t\t\tstep=\"1\"\n\t\t\tplaceholder=\"\"\n\t\t\tinputmode=\"numeric\"\n\t\t\tautocomplete=\"off\"\n\t\t\t\/>\n\t<button type=\"submit\">Ajouter au panier<\/button>\n\t<input type=\"hidden\" name=\"add-to-cart\" value=\"13936\" \/>\n\t<input type=\"hidden\" name=\"product_id\" value=\"13936\" \/>\n\t<input type=\"hidden\" name=\"variation_id\" value=\"0\" \/>\n\t<\/form>\n<\/li>\n<li id=\"woopack-product-13929\"  data-product-id=\"13929\">\n\t<a href=\"https:\/\/latatoueuse.paris\/index.php\/produit\/creoles-avec-earcuff-non-percee-papillon\/\" rel=\"bookmark\" title=\"CREOLES AVEC EARCUFF NON PERC\u00c9E PAPILLON\">\n\t\t\t<img width=\"300\" height=\"300\" src=\"https:\/\/latatoueuse.paris\/wp-content\/uploads\/2024\/09\/IMG_2605-300x300.jpeg\" alt=\"\" loading=\"lazy\" data-no-lazy=\"1\" srcset=\"https:\/\/latatoueuse.paris\/wp-content\/uploads\/2024\/09\/IMG_2605-300x300.jpeg 300w, https:\/\/latatoueuse.paris\/wp-content\/uploads\/2024\/09\/IMG_2605-150x150.jpeg 150w, https:\/\/latatoueuse.paris\/wp-content\/uploads\/2024\/09\/IMG_2605-32x32.jpeg 32w, https:\/\/latatoueuse.paris\/wp-content\/uploads\/2024\/09\/IMG_2605-100x100.jpeg 100w, https:\/\/latatoueuse.paris\/wp-content\/uploads\/2024\/09\/IMG_2605-50x50.jpeg 50w\" sizes=\"(max-width: 300px) 100vw, 300px\" \/>\n\t\t\t\t\t<\/a>\n<h3>\n\t<a href=\"https:\/\/latatoueuse.paris\/index.php\/produit\/creoles-avec-earcuff-non-percee-papillon\/\" rel=\"bookmark\" title=\"CREOLES AVEC EARCUFF NON PERC\u00c9E PAPILLON\">\n\t\tCREOLES AVEC EARCUFF NON PERC\u00c9E PAPILLON\t<\/a>\n<\/h3>\n\t<bdi>32,00&euro;<\/bdi>\n<form action=\"https:\/\/latatoueuse.paris\/index.php\/produit\/creoles-avec-earcuff-non-percee-papillon\/\" method=\"post\" enctype='multipart\/form-data' data-product_id=\"13929\" data-product_variations=\"[{&quot;attributes&quot;:{&quot;attribute_pa_metal&quot;:&quot;argent&quot;},&quot;availability_html&quot;:&quot;&quot;,&quot;backorders_allowed&quot;:false,&quot;dimensions&quot;:{&quot;length&quot;:&quot;&quot;,&quot;width&quot;:&quot;&quot;,&quot;height&quot;:&quot;&quot;},&quot;dimensions_html&quot;:&quot;ND&quot;,&quot;display_price&quot;:32,&quot;display_regular_price&quot;:32,&quot;image&quot;:{&quot;title&quot;:&quot;IMG_2599&quot;,&quot;caption&quot;:&quot;&quot;,&quot;url&quot;:&quot;https:\/\/latatoueuse.paris\/wp-content\/uploads\/2024\/09\/IMG_2599.jpeg&quot;,&quot;alt&quot;:&quot;IMG_2599&quot;,&quot;src&quot;:&quot;https:\/\/latatoueuse.paris\/wp-content\/uploads\/2024\/09\/IMG_2599-600x898.jpeg&quot;,&quot;srcset&quot;:&quot;https:\/\/latatoueuse.paris\/wp-content\/uploads\/2024\/09\/IMG_2599-600x898.jpeg 600w, https:\/\/latatoueuse.paris\/wp-content\/uploads\/2024\/09\/IMG_2599-201x300.jpeg 201w, https:\/\/latatoueuse.paris\/wp-content\/uploads\/2024\/09\/IMG_2599-685x1024.jpeg 685w, https:\/\/latatoueuse.paris\/wp-content\/uploads\/2024\/09\/IMG_2599-768x1149.jpeg 768w, https:\/\/latatoueuse.paris\/wp-content\/uploads\/2024\/09\/IMG_2599-1027x1536.jpeg 1027w, https:\/\/latatoueuse.paris\/wp-content\/uploads\/2024\/09\/IMG_2599-1369x2048.jpeg 1369w, https:\/\/latatoueuse.paris\/wp-content\/uploads\/2024\/09\/IMG_2599-64x96.jpeg 64w, https:\/\/latatoueuse.paris\/wp-content\/uploads\/2024\/09\/IMG_2599.jpeg 1466w&quot;,&quot;sizes&quot;:&quot;(max-width: 600px) 100vw, 600px&quot;,&quot;full_src&quot;:&quot;https:\/\/latatoueuse.paris\/wp-content\/uploads\/2024\/09\/IMG_2599.jpeg&quot;,&quot;full_src_w&quot;:1466,&quot;full_src_h&quot;:2193,&quot;gallery_thumbnail_src&quot;:&quot;https:\/\/latatoueuse.paris\/wp-content\/uploads\/2024\/09\/IMG_2599-100x100.jpeg&quot;,&quot;gallery_thumbnail_src_w&quot;:100,&quot;gallery_thumbnail_src_h&quot;:100,&quot;thumb_src&quot;:&quot;https:\/\/latatoueuse.paris\/wp-content\/uploads\/2024\/09\/IMG_2599-300x300.jpeg&quot;,&quot;thumb_src_w&quot;:300,&quot;thumb_src_h&quot;:300,&quot;src_w&quot;:600,&quot;src_h&quot;:898},&quot;image_id&quot;:13934,&quot;is_downloadable&quot;:false,&quot;is_in_stock&quot;:true,&quot;is_purchasable&quot;:true,&quot;is_sold_individually&quot;:&quot;no&quot;,&quot;is_virtual&quot;:false,&quot;max_qty&quot;:&quot;&quot;,&quot;min_qty&quot;:1,&quot;price_html&quot;:&quot;&quot;,&quot;sku&quot;:&quot;&quot;,&quot;variation_description&quot;:&quot;&quot;,&quot;variation_id&quot;:13930,&quot;variation_is_active&quot;:true,&quot;variation_is_visible&quot;:true,&quot;weight&quot;:&quot;&quot;,&quot;weight_html&quot;:&quot;ND&quot;},{&quot;attributes&quot;:{&quot;attribute_pa_metal&quot;:&quot;or&quot;},&quot;availability_html&quot;:&quot;&quot;,&quot;backorders_allowed&quot;:false,&quot;dimensions&quot;:{&quot;length&quot;:&quot;&quot;,&quot;width&quot;:&quot;&quot;,&quot;height&quot;:&quot;&quot;},&quot;dimensions_html&quot;:&quot;ND&quot;,&quot;display_price&quot;:32,&quot;display_regular_price&quot;:32,&quot;image&quot;:{&quot;title&quot;:&quot;IMG_2605&quot;,&quot;caption&quot;:&quot;&quot;,&quot;url&quot;:&quot;https:\/\/latatoueuse.paris\/wp-content\/uploads\/2024\/09\/IMG_2605.jpeg&quot;,&quot;alt&quot;:&quot;IMG_2605&quot;,&quot;src&quot;:&quot;https:\/\/latatoueuse.paris\/wp-content\/uploads\/2024\/09\/IMG_2605-600x838.jpeg&quot;,&quot;srcset&quot;:&quot;https:\/\/latatoueuse.paris\/wp-content\/uploads\/2024\/09\/IMG_2605-600x838.jpeg 600w, https:\/\/latatoueuse.paris\/wp-content\/uploads\/2024\/09\/IMG_2605-215x300.jpeg 215w, https:\/\/latatoueuse.paris\/wp-content\/uploads\/2024\/09\/IMG_2605-733x1024.jpeg 733w, https:\/\/latatoueuse.paris\/wp-content\/uploads\/2024\/09\/IMG_2605-768x1073.jpeg 768w, https:\/\/latatoueuse.paris\/wp-content\/uploads\/2024\/09\/IMG_2605-1100x1536.jpeg 1100w, https:\/\/latatoueuse.paris\/wp-content\/uploads\/2024\/09\/IMG_2605-1466x2048.jpeg 1466w, https:\/\/latatoueuse.paris\/wp-content\/uploads\/2024\/09\/IMG_2605-64x89.jpeg 64w, https:\/\/latatoueuse.paris\/wp-content\/uploads\/2024\/09\/IMG_2605.jpeg 1603w&quot;,&quot;sizes&quot;:&quot;(max-width: 600px) 100vw, 600px&quot;,&quot;full_src&quot;:&quot;https:\/\/latatoueuse.paris\/wp-content\/uploads\/2024\/09\/IMG_2605.jpeg&quot;,&quot;full_src_w&quot;:1603,&quot;full_src_h&quot;:2239,&quot;gallery_thumbnail_src&quot;:&quot;https:\/\/latatoueuse.paris\/wp-content\/uploads\/2024\/09\/IMG_2605-100x100.jpeg&quot;,&quot;gallery_thumbnail_src_w&quot;:100,&quot;gallery_thumbnail_src_h&quot;:100,&quot;thumb_src&quot;:&quot;https:\/\/latatoueuse.paris\/wp-content\/uploads\/2024\/09\/IMG_2605-300x300.jpeg&quot;,&quot;thumb_src_w&quot;:300,&quot;thumb_src_h&quot;:300,&quot;src_w&quot;:600,&quot;src_h&quot;:838},&quot;image_id&quot;:13932,&quot;is_downloadable&quot;:false,&quot;is_in_stock&quot;:true,&quot;is_purchasable&quot;:true,&quot;is_sold_individually&quot;:&quot;no&quot;,&quot;is_virtual&quot;:false,&quot;max_qty&quot;:&quot;&quot;,&quot;min_qty&quot;:1,&quot;price_html&quot;:&quot;&quot;,&quot;sku&quot;:&quot;&quot;,&quot;variation_description&quot;:&quot;&quot;,&quot;variation_id&quot;:13931,&quot;variation_is_active&quot;:true,&quot;variation_is_visible&quot;:true,&quot;weight&quot;:&quot;&quot;,&quot;weight_html&quot;:&quot;ND&quot;}]\">\n\t\t\t<table cellspacing=\"0\" role=\"presentation\">\n\t\t\t<tbody>\n\t\t\t\t\t\t\t\t\t<tr>\n\t\t\t\t\t\t<th><label for=\"pa_metal\">METAL<\/label><\/th>\n\t\t\t\t\t\t<td>\n\t\t\t\t\t\t\t<select id=\"pa_metal\" name=\"attribute_pa_metal\" data-attribute_name=\"attribute_pa_metal\" data-show_option_none=\"yes\"><option value=\"\">Choisir une option<\/option><option value=\"argent\">ARGENT<\/option><option value=\"or\">OR<\/option><\/select><ul role=\"radiogroup\" aria-label=\"METAL\" data-attribute_name=\"attribute_pa_metal\" data-attribute_values=\"[&quot;argent&quot;,&quot;or&quot;]\"><li aria-checked=\"false\" tabindex=\"0\" data-wvstooltip=\"ARGENT\" title=\"ARGENT\" data-title=\"ARGENT\" data-value=\"argent\" role=\"radio\" tabindex=\"0\"><\/li><li aria-checked=\"false\" tabindex=\"0\" data-wvstooltip=\"OR\" title=\"OR\" data-title=\"OR\" data-value=\"or\" role=\"radio\" tabindex=\"0\"><\/li><\/ul><a href=\"#\">Effacer<\/a>\t\t\t\t\t\t<\/td>\n\t\t\t\t\t<\/tr>\n\t\t\t\t\t\t\t<\/tbody>\n\t\t<\/table>\n\t\t<label for=\"quantity_66e2e7b7d072c\">quantit\u00e9 de CREOLES AVEC EARCUFF NON PERC\u00c9E PAPILLON<\/label>\n\t<input type=\"number\"\n\t\t\t\tid=\"quantity_66e2e7b7d072c\"\n\t\tclass=\"input-text qty text\"\n\t\tname=\"quantity\"\n\t\tvalue=\"1\"\n\t\ttitle=\"Qt\u00e9\"\n\t\tsize=\"4\"\n\t\tmin=\"1\"\n\t\tmax=\"\"\n\t\t\t\t\tstep=\"1\"\n\t\t\tplaceholder=\"\"\n\t\t\tinputmode=\"numeric\"\n\t\t\tautocomplete=\"off\"\n\t\t\t\/>\n\t<button type=\"submit\">Ajouter au panier<\/button>\n\t<input type=\"hidden\" name=\"add-to-cart\" value=\"13929\" \/>\n\t<input type=\"hidden\" name=\"product_id\" value=\"13929\" \/>\n\t<input type=\"hidden\" name=\"variation_id\" value=\"0\" \/>\n\t<\/form>\n<\/li>\n\t\t\t\t\n\t\t\t<\/ul>\n\n","protected":false},"excerpt":{"rendered":"<p>Couleurs : Couleurs : ARGENT\u00c9E DOR\u00c9E GOLD ROSE GOLD CREOLE DOUBLE ACCROCHE PAPILLON 25,00&euro; METAL Choisir une optionARGENTOR Effacer quantit\u00e9 de CREOLE DOUBLE ACCROCHE PAPILLON Ajouter au panier CREOLES AVEC EARCUFF NON PERC\u00c9E PAPILLON 32,00&euro; METAL Choisir une optionARGENTOR Effacer quantit\u00e9 de CREOLES AVEC EARCUFF NON PERC\u00c9E PAPILLON Ajouter au panier<\/p>\n","protected":false},"author":1,"featured_media":0,"parent":0,"menu_order":0,"comment_status":"closed","ping_status":"closed","template":"","meta":{"inline_featured_image":false},"yoast_head":"<!-- This site is optimized with the Yoast SEO plugin v19.8 - https:\/\/yoast.com\/wordpress\/plugins\/seo\/ -->\n<title>PAPILLON - LA TATOUEUSE<\/title>\n<meta name=\"robots\" content=\"index, follow, max-snippet:-1, max-image-preview:large, max-video-preview:-1\" \/>\n<link rel=\"canonical\" href=\"https:\/\/latatoueuse.paris\/index.php\/papillon\/\" \/>\n<meta property=\"og:locale\" content=\"fr_FR\" \/>\n<meta property=\"og:type\" content=\"article\" \/>\n<meta property=\"og:title\" content=\"PAPILLON - LA TATOUEUSE\" \/>\n<meta property=\"og:description\" content=\"Couleurs : Couleurs : ARGENT\u00c9E DOR\u00c9E GOLD ROSE GOLD CREOLE DOUBLE ACCROCHE PAPILLON 25,00&euro; METAL Choisir une optionARGENTOR Effacer quantit\u00e9 de CREOLE DOUBLE ACCROCHE PAPILLON Ajouter au panier CREOLES AVEC EARCUFF NON PERC\u00c9E PAPILLON 32,00&euro; METAL Choisir une optionARGENTOR Effacer quantit\u00e9 de CREOLES AVEC EARCUFF NON PERC\u00c9E PAPILLON Ajouter au panier\" \/>\n<meta property=\"og:url\" content=\"https:\/\/latatoueuse.paris\/index.php\/papillon\/\" \/>\n<meta property=\"og:site_name\" content=\"LA TATOUEUSE\" \/>\n<meta property=\"article:publisher\" content=\"https:\/\/www.facebook.com\/LaTatoueuseBijoux\" \/>\n<meta property=\"og:image\" content=\"https:\/\/latatoueuse.paris\/wp-content\/uploads\/2024\/09\/IMG_2604-300x300.jpeg\" \/>\n<meta name=\"twitter:card\" content=\"summary_large_image\" \/>\n<script type=\"application\/ld+json\" class=\"yoast-schema-graph\">{\"@context\":\"https:\/\/schema.org\",\"@graph\":[{\"@type\":\"WebPage\",\"@id\":\"https:\/\/latatoueuse.paris\/index.php\/papillon\/\",\"url\":\"https:\/\/latatoueuse.paris\/index.php\/papillon\/\",\"name\":\"PAPILLON - LA TATOUEUSE\",\"isPartOf\":{\"@id\":\"https:\/\/latatoueuse.paris\/#website\"},\"datePublished\":\"2024-09-12T13:08:07+00:00\",\"dateModified\":\"2024-09-12T13:08:07+00:00\",\"breadcrumb\":{\"@id\":\"https:\/\/latatoueuse.paris\/index.php\/papillon\/#breadcrumb\"},\"inLanguage\":\"fr-FR\",\"potentialAction\":[{\"@type\":\"ReadAction\",\"target\":[\"https:\/\/latatoueuse.paris\/index.php\/papillon\/\"]}]},{\"@type\":\"BreadcrumbList\",\"@id\":\"https:\/\/latatoueuse.paris\/index.php\/papillon\/#breadcrumb\",\"itemListElement\":[{\"@type\":\"ListItem\",\"position\":1,\"name\":\"Accueil\",\"item\":\"https:\/\/latatoueuse.paris\/\"},{\"@type\":\"ListItem\",\"position\":2,\"name\":\"PAPILLON\"}]},{\"@type\":\"WebSite\",\"@id\":\"https:\/\/latatoueuse.paris\/#website\",\"url\":\"https:\/\/latatoueuse.paris\/\",\"name\":\"LA TATOUEUSE.PARIS\",\"description\":\"BIJOUX ACIER INOXYDABLE\",\"publisher\":{\"@id\":\"https:\/\/latatoueuse.paris\/#organization\"},\"potentialAction\":[{\"@type\":\"SearchAction\",\"target\":{\"@type\":\"EntryPoint\",\"urlTemplate\":\"https:\/\/latatoueuse.paris\/?s={search_term_string}\"},\"query-input\":\"required name=search_term_string\"}],\"inLanguage\":\"fr-FR\"},{\"@type\":\"Organization\",\"@id\":\"https:\/\/latatoueuse.paris\/#organization\",\"name\":\"LA TATOUEUSE BIJOUX\",\"url\":\"https:\/\/latatoueuse.paris\/\",\"sameAs\":[\"https:\/\/www.instagram.com\/latatoueusebijoux\/\",\"https:\/\/www.facebook.com\/LaTatoueuseBijoux\"],\"logo\":{\"@type\":\"ImageObject\",\"inLanguage\":\"fr-FR\",\"@id\":\"https:\/\/latatoueuse.paris\/#\/schema\/logo\/image\/\",\"url\":\"https:\/\/latatoueuse.paris\/wp-content\/uploads\/2021\/06\/coeur-rouge-_by-CA_-noir.png\",\"contentUrl\":\"https:\/\/latatoueuse.paris\/wp-content\/uploads\/2021\/06\/coeur-rouge-_by-CA_-noir.png\",\"width\":1417,\"height\":1417,\"caption\":\"LA TATOUEUSE BIJOUX\"},\"image\":{\"@id\":\"https:\/\/latatoueuse.paris\/#\/schema\/logo\/image\/\"}}]}<\/script>\n<!-- \/ Yoast SEO plugin. -->","yoast_head_json":{"title":"PAPILLON - LA TATOUEUSE","robots":{"index":"index","follow":"follow","max-snippet":"max-snippet:-1","max-image-preview":"max-image-preview:large","max-video-preview":"max-video-preview:-1"},"canonical":"https:\/\/latatoueuse.paris\/index.php\/papillon\/","og_locale":"fr_FR","og_type":"article","og_title":"PAPILLON - LA TATOUEUSE","og_description":"Couleurs : Couleurs : ARGENT\u00c9E DOR\u00c9E GOLD ROSE GOLD CREOLE DOUBLE ACCROCHE PAPILLON 25,00&euro; METAL Choisir une optionARGENTOR Effacer quantit\u00e9 de CREOLE DOUBLE ACCROCHE PAPILLON Ajouter au panier CREOLES AVEC EARCUFF NON PERC\u00c9E PAPILLON 32,00&euro; METAL Choisir une optionARGENTOR Effacer quantit\u00e9 de CREOLES AVEC EARCUFF NON PERC\u00c9E PAPILLON Ajouter au panier","og_url":"https:\/\/latatoueuse.paris\/index.php\/papillon\/","og_site_name":"LA TATOUEUSE","article_publisher":"https:\/\/www.facebook.com\/LaTatoueuseBijoux","og_image":[{"url":"https:\/\/latatoueuse.paris\/wp-content\/uploads\/2024\/09\/IMG_2604-300x300.jpeg"}],"twitter_card":"summary_large_image","schema":{"@context":"https:\/\/schema.org","@graph":[{"@type":"WebPage","@id":"https:\/\/latatoueuse.paris\/index.php\/papillon\/","url":"https:\/\/latatoueuse.paris\/index.php\/papillon\/","name":"PAPILLON - LA TATOUEUSE","isPartOf":{"@id":"https:\/\/latatoueuse.paris\/#website"},"datePublished":"2024-09-12T13:08:07+00:00","dateModified":"2024-09-12T13:08:07+00:00","breadcrumb":{"@id":"https:\/\/latatoueuse.paris\/index.php\/papillon\/#breadcrumb"},"inLanguage":"fr-FR","potentialAction":[{"@type":"ReadAction","target":["https:\/\/latatoueuse.paris\/index.php\/papillon\/"]}]},{"@type":"BreadcrumbList","@id":"https:\/\/latatoueuse.paris\/index.php\/papillon\/#breadcrumb","itemListElement":[{"@type":"ListItem","position":1,"name":"Accueil","item":"https:\/\/latatoueuse.paris\/"},{"@type":"ListItem","position":2,"name":"PAPILLON"}]},{"@type":"WebSite","@id":"https:\/\/latatoueuse.paris\/#website","url":"https:\/\/latatoueuse.paris\/","name":"LA TATOUEUSE.PARIS","description":"BIJOUX ACIER INOXYDABLE","publisher":{"@id":"https:\/\/latatoueuse.paris\/#organization"},"potentialAction":[{"@type":"SearchAction","target":{"@type":"EntryPoint","urlTemplate":"https:\/\/latatoueuse.paris\/?s={search_term_string}"},"query-input":"required name=search_term_string"}],"inLanguage":"fr-FR"},{"@type":"Organization","@id":"https:\/\/latatoueuse.paris\/#organization","name":"LA TATOUEUSE BIJOUX","url":"https:\/\/latatoueuse.paris\/","sameAs":["https:\/\/www.instagram.com\/latatoueusebijoux\/","https:\/\/www.facebook.com\/LaTatoueuseBijoux"],"logo":{"@type":"ImageObject","inLanguage":"fr-FR","@id":"https:\/\/latatoueuse.paris\/#\/schema\/logo\/image\/","url":"https:\/\/latatoueuse.paris\/wp-content\/uploads\/2021\/06\/coeur-rouge-_by-CA_-noir.png","contentUrl":"https:\/\/latatoueuse.paris\/wp-content\/uploads\/2021\/06\/coeur-rouge-_by-CA_-noir.png","width":1417,"height":1417,"caption":"LA TATOUEUSE BIJOUX"},"image":{"@id":"https:\/\/latatoueuse.paris\/#\/schema\/logo\/image\/"}}]}},"_links":{"self":[{"href":"https:\/\/latatoueuse.paris\/index.php\/wp-json\/wp\/v2\/pages\/14010"}],"collection":[{"href":"https:\/\/latatoueuse.paris\/index.php\/wp-json\/wp\/v2\/pages"}],"about":[{"href":"https:\/\/latatoueuse.paris\/index.php\/wp-json\/wp\/v2\/types\/page"}],"author":[{"embeddable":true,"href":"https:\/\/latatoueuse.paris\/index.php\/wp-json\/wp\/v2\/users\/1"}],"replies":[{"embeddable":true,"href":"https:\/\/latatoueuse.paris\/index.php\/wp-json\/wp\/v2\/comments?post=14010"}],"version-history":[{"count":2,"href":"https:\/\/latatoueuse.paris\/index.php\/wp-json\/wp\/v2\/pages\/14010\/revisions"}],"predecessor-version":[{"id":14012,"href":"https:\/\/latatoueuse.paris\/index.php\/wp-json\/wp\/v2\/pages\/14010\/revisions\/14012"}],"wp:attachment":[{"href":"https:\/\/latatoueuse.paris\/index.php\/wp-json\/wp\/v2\/media?parent=14010"}],"curies":[{"name":"wp","href":"https:\/\/api.w.org\/{rel}","templated":true}]}}