{"id":13593,"date":"2024-07-02T15:03:01","date_gmt":"2024-07-02T13:03:01","guid":{"rendered":"https:\/\/latatoueuse.paris\/?page_id=13593"},"modified":"2024-09-12T12:40:39","modified_gmt":"2024-09-12T10:40:39","slug":"couronne","status":"publish","type":"page","link":"https:\/\/latatoueuse.paris\/index.php\/couronne\/","title":{"rendered":"Couronne"},"content":{"rendered":"\n\n        Couleurs :\n    <ul>\n\t\t        <li data-filter=\"*\" tabindex=\"0\">Couleurs :<\/li>\n        <li data-filter=\"product_tag-argent\" data-term=\"argent\" data-item-count=\"81\" tabindex=\"0\" aria-label=\"ARGENT\u00c9E\">ARGENT\u00c9E<\/li><li data-filter=\"product_tag-or\" data-term=\"or\" data-item-count=\"119\" tabindex=\"0\" aria-label=\"DOR\u00c9E\">DOR\u00c9E<\/li><li data-filter=\"product_tag-gold\" data-term=\"gold\" data-item-count=\"1\" tabindex=\"0\" aria-label=\"GOLD\">GOLD<\/li><li data-filter=\"product_tag-rose-gold\" data-term=\"rose-gold\" data-item-count=\"5\" tabindex=\"0\" aria-label=\"ROSE GOLD\">ROSE GOLD<\/li>    <\/ul>\n\t\t\t<ul>\n<li id=\"woopack-product-3819\"  data-product-id=\"3819\">\n\t<a href=\"https:\/\/latatoueuse.paris\/index.php\/produit\/puces-dorees-couronne-rouge\/\" rel=\"bookmark\" title=\"PUCES COURONNE DOR\u00c9ES\">\n\t\t\t<img width=\"300\" height=\"300\" src=\"https:\/\/latatoueuse.paris\/wp-content\/uploads\/2020\/06\/puces-couronnes-dorees-300x300.jpg\" alt=\"\" loading=\"lazy\" data-no-lazy=\"1\" srcset=\"https:\/\/latatoueuse.paris\/wp-content\/uploads\/2020\/06\/puces-couronnes-dorees-300x300.jpg 300w, https:\/\/latatoueuse.paris\/wp-content\/uploads\/2020\/06\/puces-couronnes-dorees-150x150.jpg 150w, https:\/\/latatoueuse.paris\/wp-content\/uploads\/2020\/06\/puces-couronnes-dorees-32x32.jpg 32w, https:\/\/latatoueuse.paris\/wp-content\/uploads\/2020\/06\/puces-couronnes-dorees-100x100.jpg 100w\" sizes=\"(max-width: 300px) 100vw, 300px\" \/>\n\t\t\t\t\t<\/a>\n<h3>\n\t<a href=\"https:\/\/latatoueuse.paris\/index.php\/produit\/puces-dorees-couronne-rouge\/\" rel=\"bookmark\" title=\"PUCES COURONNE DOR\u00c9ES\">\n\t\tPUCES COURONNE DOR\u00c9ES\t<\/a>\n<\/h3>\n\t<bdi>20,00&euro;<\/bdi>\n\t\t\t\t<input type=\"number\" id=\"quantity_3819\" step=\"1\" min=\"1\" max=\"\" name=\"quantity\" value=\"1\" title=\"Quantity\" size=\"4\" pattern=\"[0-9]*\" inputmode=\"numeric\" \/>\n\t\t<a rel=\"nofollow noopener\" href=\"?add-to-cart=3819\" target=\"_self\" data-quantity=\"1\" data-product_id=\"3819\" data-product_sku=\"\" data-woopack=\"true\" aria-label=\"Ajouter &ldquo;PUCES COURONNE DOR\u00c9ES&rdquo; \u00e0 votre panier\">Ajouter au panier<\/a>\n<\/li>\n\t\t\t\t\n\t\t\t<\/ul>\n\n","protected":false},"excerpt":{"rendered":"<p>Couleurs : Couleurs : ARGENT\u00c9E DOR\u00c9E GOLD ROSE GOLD PUCES COURONNE DOR\u00c9ES 20,00&euro; Ajouter au panier<\/p>\n","protected":false},"author":1,"featured_media":0,"parent":0,"menu_order":0,"comment_status":"closed","ping_status":"closed","template":"","meta":{"inline_featured_image":false},"yoast_head":"<!-- This site is optimized with the Yoast SEO plugin v19.8 - https:\/\/yoast.com\/wordpress\/plugins\/seo\/ -->\n<title>Couronne - LA TATOUEUSE<\/title>\n<meta name=\"robots\" content=\"index, follow, max-snippet:-1, max-image-preview:large, max-video-preview:-1\" \/>\n<link rel=\"canonical\" href=\"https:\/\/latatoueuse.paris\/index.php\/couronne\/\" \/>\n<meta property=\"og:locale\" content=\"fr_FR\" \/>\n<meta property=\"og:type\" content=\"article\" \/>\n<meta property=\"og:title\" content=\"Couronne - LA TATOUEUSE\" \/>\n<meta property=\"og:description\" content=\"Couleurs : Couleurs : ARGENT\u00c9E DOR\u00c9E GOLD ROSE GOLD PUCES COURONNE DOR\u00c9ES 20,00&euro; Ajouter au panier\" \/>\n<meta property=\"og:url\" content=\"https:\/\/latatoueuse.paris\/index.php\/couronne\/\" \/>\n<meta property=\"og:site_name\" content=\"LA TATOUEUSE\" \/>\n<meta property=\"article:publisher\" content=\"https:\/\/www.facebook.com\/LaTatoueuseBijoux\" \/>\n<meta property=\"article:modified_time\" content=\"2024-09-12T10:40:39+00:00\" \/>\n<meta property=\"og:image\" content=\"https:\/\/latatoueuse.paris\/wp-content\/uploads\/2020\/06\/puces-couronnes-dorees-300x300.jpg\" \/>\n<meta name=\"twitter:card\" content=\"summary_large_image\" \/>\n<script type=\"application\/ld+json\" class=\"yoast-schema-graph\">{\"@context\":\"https:\/\/schema.org\",\"@graph\":[{\"@type\":\"WebPage\",\"@id\":\"https:\/\/latatoueuse.paris\/index.php\/couronne\/\",\"url\":\"https:\/\/latatoueuse.paris\/index.php\/couronne\/\",\"name\":\"Couronne - LA TATOUEUSE\",\"isPartOf\":{\"@id\":\"https:\/\/latatoueuse.paris\/#website\"},\"datePublished\":\"2024-07-02T13:03:01+00:00\",\"dateModified\":\"2024-09-12T10:40:39+00:00\",\"breadcrumb\":{\"@id\":\"https:\/\/latatoueuse.paris\/index.php\/couronne\/#breadcrumb\"},\"inLanguage\":\"fr-FR\",\"potentialAction\":[{\"@type\":\"ReadAction\",\"target\":[\"https:\/\/latatoueuse.paris\/index.php\/couronne\/\"]}]},{\"@type\":\"BreadcrumbList\",\"@id\":\"https:\/\/latatoueuse.paris\/index.php\/couronne\/#breadcrumb\",\"itemListElement\":[{\"@type\":\"ListItem\",\"position\":1,\"name\":\"Accueil\",\"item\":\"https:\/\/latatoueuse.paris\/\"},{\"@type\":\"ListItem\",\"position\":2,\"name\":\"Couronne\"}]},{\"@type\":\"WebSite\",\"@id\":\"https:\/\/latatoueuse.paris\/#website\",\"url\":\"https:\/\/latatoueuse.paris\/\",\"name\":\"LA TATOUEUSE.PARIS\",\"description\":\"BIJOUX ACIER INOXYDABLE\",\"publisher\":{\"@id\":\"https:\/\/latatoueuse.paris\/#organization\"},\"potentialAction\":[{\"@type\":\"SearchAction\",\"target\":{\"@type\":\"EntryPoint\",\"urlTemplate\":\"https:\/\/latatoueuse.paris\/?s={search_term_string}\"},\"query-input\":\"required name=search_term_string\"}],\"inLanguage\":\"fr-FR\"},{\"@type\":\"Organization\",\"@id\":\"https:\/\/latatoueuse.paris\/#organization\",\"name\":\"LA TATOUEUSE BIJOUX\",\"url\":\"https:\/\/latatoueuse.paris\/\",\"sameAs\":[\"https:\/\/www.instagram.com\/latatoueusebijoux\/\",\"https:\/\/www.facebook.com\/LaTatoueuseBijoux\"],\"logo\":{\"@type\":\"ImageObject\",\"inLanguage\":\"fr-FR\",\"@id\":\"https:\/\/latatoueuse.paris\/#\/schema\/logo\/image\/\",\"url\":\"https:\/\/latatoueuse.paris\/wp-content\/uploads\/2021\/06\/coeur-rouge-_by-CA_-noir.png\",\"contentUrl\":\"https:\/\/latatoueuse.paris\/wp-content\/uploads\/2021\/06\/coeur-rouge-_by-CA_-noir.png\",\"width\":1417,\"height\":1417,\"caption\":\"LA TATOUEUSE BIJOUX\"},\"image\":{\"@id\":\"https:\/\/latatoueuse.paris\/#\/schema\/logo\/image\/\"}}]}<\/script>\n<!-- \/ Yoast SEO plugin. -->","yoast_head_json":{"title":"Couronne - LA TATOUEUSE","robots":{"index":"index","follow":"follow","max-snippet":"max-snippet:-1","max-image-preview":"max-image-preview:large","max-video-preview":"max-video-preview:-1"},"canonical":"https:\/\/latatoueuse.paris\/index.php\/couronne\/","og_locale":"fr_FR","og_type":"article","og_title":"Couronne - LA TATOUEUSE","og_description":"Couleurs : Couleurs : ARGENT\u00c9E DOR\u00c9E GOLD ROSE GOLD PUCES COURONNE DOR\u00c9ES 20,00&euro; Ajouter au panier","og_url":"https:\/\/latatoueuse.paris\/index.php\/couronne\/","og_site_name":"LA TATOUEUSE","article_publisher":"https:\/\/www.facebook.com\/LaTatoueuseBijoux","article_modified_time":"2024-09-12T10:40:39+00:00","og_image":[{"url":"https:\/\/latatoueuse.paris\/wp-content\/uploads\/2020\/06\/puces-couronnes-dorees-300x300.jpg"}],"twitter_card":"summary_large_image","schema":{"@context":"https:\/\/schema.org","@graph":[{"@type":"WebPage","@id":"https:\/\/latatoueuse.paris\/index.php\/couronne\/","url":"https:\/\/latatoueuse.paris\/index.php\/couronne\/","name":"Couronne - LA TATOUEUSE","isPartOf":{"@id":"https:\/\/latatoueuse.paris\/#website"},"datePublished":"2024-07-02T13:03:01+00:00","dateModified":"2024-09-12T10:40:39+00:00","breadcrumb":{"@id":"https:\/\/latatoueuse.paris\/index.php\/couronne\/#breadcrumb"},"inLanguage":"fr-FR","potentialAction":[{"@type":"ReadAction","target":["https:\/\/latatoueuse.paris\/index.php\/couronne\/"]}]},{"@type":"BreadcrumbList","@id":"https:\/\/latatoueuse.paris\/index.php\/couronne\/#breadcrumb","itemListElement":[{"@type":"ListItem","position":1,"name":"Accueil","item":"https:\/\/latatoueuse.paris\/"},{"@type":"ListItem","position":2,"name":"Couronne"}]},{"@type":"WebSite","@id":"https:\/\/latatoueuse.paris\/#website","url":"https:\/\/latatoueuse.paris\/","name":"LA TATOUEUSE.PARIS","description":"BIJOUX ACIER INOXYDABLE","publisher":{"@id":"https:\/\/latatoueuse.paris\/#organization"},"potentialAction":[{"@type":"SearchAction","target":{"@type":"EntryPoint","urlTemplate":"https:\/\/latatoueuse.paris\/?s={search_term_string}"},"query-input":"required name=search_term_string"}],"inLanguage":"fr-FR"},{"@type":"Organization","@id":"https:\/\/latatoueuse.paris\/#organization","name":"LA TATOUEUSE BIJOUX","url":"https:\/\/latatoueuse.paris\/","sameAs":["https:\/\/www.instagram.com\/latatoueusebijoux\/","https:\/\/www.facebook.com\/LaTatoueuseBijoux"],"logo":{"@type":"ImageObject","inLanguage":"fr-FR","@id":"https:\/\/latatoueuse.paris\/#\/schema\/logo\/image\/","url":"https:\/\/latatoueuse.paris\/wp-content\/uploads\/2021\/06\/coeur-rouge-_by-CA_-noir.png","contentUrl":"https:\/\/latatoueuse.paris\/wp-content\/uploads\/2021\/06\/coeur-rouge-_by-CA_-noir.png","width":1417,"height":1417,"caption":"LA TATOUEUSE BIJOUX"},"image":{"@id":"https:\/\/latatoueuse.paris\/#\/schema\/logo\/image\/"}}]}},"_links":{"self":[{"href":"https:\/\/latatoueuse.paris\/index.php\/wp-json\/wp\/v2\/pages\/13593"}],"collection":[{"href":"https:\/\/latatoueuse.paris\/index.php\/wp-json\/wp\/v2\/pages"}],"about":[{"href":"https:\/\/latatoueuse.paris\/index.php\/wp-json\/wp\/v2\/types\/page"}],"author":[{"embeddable":true,"href":"https:\/\/latatoueuse.paris\/index.php\/wp-json\/wp\/v2\/users\/1"}],"replies":[{"embeddable":true,"href":"https:\/\/latatoueuse.paris\/index.php\/wp-json\/wp\/v2\/comments?post=13593"}],"version-history":[{"count":5,"href":"https:\/\/latatoueuse.paris\/index.php\/wp-json\/wp\/v2\/pages\/13593\/revisions"}],"predecessor-version":[{"id":13995,"href":"https:\/\/latatoueuse.paris\/index.php\/wp-json\/wp\/v2\/pages\/13593\/revisions\/13995"}],"wp:attachment":[{"href":"https:\/\/latatoueuse.paris\/index.php\/wp-json\/wp\/v2\/media?parent=13593"}],"curies":[{"name":"wp","href":"https:\/\/api.w.org\/{rel}","templated":true}]}}